{"id":6342,"date":"2023-10-27T18:23:44","date_gmt":"2023-10-27T18:23:44","guid":{"rendered":"https:\/\/pagodenzelt.at\/o-nas\/"},"modified":"2025-04-17T08:30:27","modified_gmt":"2025-04-17T08:30:27","slug":"o-nas","status":"publish","type":"page","link":"https:\/\/pagodenzelt.at\/cs\/o-nas\/","title":{"rendered":"O n\u00e1s"},"content":{"rendered":"\t\t<div data-elementor-type=\"wp-page\" data-elementor-id=\"6342\" class=\"elementor elementor-6342 elementor-35\">\n\t\t\t\t<div class=\"elementor-element elementor-element-d3165ce e-flex e-con-boxed e-con e-parent\" data-id=\"d3165ce\" data-element_type=\"container\" data-e-type=\"container\">\n\t\t\t\t\t<div class=\"e-con-inner\">\n\t\t<div class=\"elementor-element elementor-element-d2cbbf1 e-con-full e-flex elementor-invisible e-con e-child\" data-id=\"d2cbbf1\" data-element_type=\"container\" data-e-type=\"container\" data-settings=\"{&quot;animation&quot;:&quot;fadeInRight&quot;}\">\n\t\t\t\t<div class=\"elementor-element elementor-element-73f9ed4 elementor-widget elementor-widget-text-editor\" data-id=\"73f9ed4\" data-element_type=\"widget\" data-e-type=\"widget\" data-widget_type=\"text-editor.default\">\n\t\t\t\t<div class=\"elementor-widget-container\">\n\t\t\t\t\t\t\t\t\t<h3 style=\"padding-top: 30px;\">NA\u0160E <span style=\"color: #d60404;\">POSL\u00c1N\u00cd<\/span><\/h3>\nJsme nejlep\u0161\u00edm dodavatelem stan\u016f pagoda v Rakousku. Na\u0161e stany zajist\u00ed, \u017ee va\u0161e akce bude bezpe\u010dn\u00e1. Jako organiz\u00e1to\u0159i vlastn\u00edch akc\u00ed na \u0161pi\u010dkov\u00e9 mezin\u00e1rodn\u00ed \u00farovni zn\u00e1me a\u017e p\u0159\u00edli\u0161 dob\u0159e v\u00fdzvy, kter\u00e9 p\u0159in\u00e1\u0161\u00ed v\u00edtr, po\u010das\u00ed a horko.    \n\nNev\u00e1hejte n\u00e1s kontaktovat.  <a href=\"https:\/\/pagodenzelt.at\/cs\/kontaktujte-nas\/\" rel=\"noopener\" target=\"_blank\" style=\"color:red\">Spojte se s n\u00e1mi<\/a>\n<h3>PFEFFER SPORT AKCE<\/h3>\nS na\u0161\u00ed spole\u010dnost\u00ed po\u0159\u00e1d\u00e1me v Rakousku ka\u017edoro\u010dn\u011b \u0159adu \u0161pi\u010dkov\u00fdch sportovn\u00edch akc\u00ed. Zvl\u00e1\u0161tn\u00ed pozornost v\u011bnujeme propagaci okrajov\u00fdch sport\u016f. Po\u0159\u00e1dali jsme nap\u0159\u00edklad turnaj Evropsk\u00e9 ligy nohejbalu, turnaj n\u00e1rod\u016f v pl\u00e1\u017eov\u00e9m fotbale, profesion\u00e1ln\u00ed turnaj v teqballu na pozv\u00e1n\u00ed a mnoho dal\u0161\u00edch akc\u00ed. Uv\u011bdomili jsme si pot\u0159ebu bezpe\u010dn\u00e9ho zast\u0159e\u0161en\u00ed se stany pro v\u0161echny akce a nyn\u00ed bychom je r\u00e1di poskytli i dal\u0161\u00edm organiz\u00e1tor\u016fm. A\u0165 u\u017e m\u00e1te z\u00e1jem o koupi nebo pron\u00e1jem, kontaktujte n\u00e1s.      <a href=\"https:\/\/pagodenzelt.at\/cs\/kontaktujte-nas\/\" rel=\"noopener\" target=\"_blank\" style=\"color:red\">Poptejte nyn\u00ed<\/a>\t\t\t\t\t\t\t\t<\/div>\n\t\t\t\t<\/div>\n\t\t\t\t<\/div>\n\t\t<div class=\"elementor-element elementor-element-05f3fe0 e-con-full e-flex elementor-invisible e-con e-child\" data-id=\"05f3fe0\" data-element_type=\"container\" data-e-type=\"container\" data-settings=\"{&quot;animation&quot;:&quot;fadeInLeft&quot;}\">\n\t\t\t\t<div class=\"elementor-element elementor-element-fd07191 elementor-widget elementor-widget-image\" data-id=\"fd07191\" data-element_type=\"widget\" data-e-type=\"widget\" data-widget_type=\"image.default\">\n\t\t\t\t<div class=\"elementor-widget-container\">\n\t\t\t\t\t\t\t\t\t\t\t\t\t\t\t<img fetchpriority=\"high\" decoding=\"async\" width=\"677\" height=\"1024\" src=\"https:\/\/pagodenzelt.at\/wp-content\/uploads\/2023\/11\/WhatsApp-Image-2023-11-13-at-17.21.48-677x1024.jpeg\" class=\"attachment-large size-large wp-image-6098\" alt=\"\" srcset=\"https:\/\/pagodenzelt.at\/wp-content\/uploads\/2023\/11\/WhatsApp-Image-2023-11-13-at-17.21.48-677x1024.jpeg 677w, https:\/\/pagodenzelt.at\/wp-content\/uploads\/2023\/11\/WhatsApp-Image-2023-11-13-at-17.21.48-198x300.jpeg 198w, https:\/\/pagodenzelt.at\/wp-content\/uploads\/2023\/11\/WhatsApp-Image-2023-11-13-at-17.21.48-600x908.jpeg 600w, https:\/\/pagodenzelt.at\/wp-content\/uploads\/2023\/11\/WhatsApp-Image-2023-11-13-at-17.21.48.jpeg 714w\" sizes=\"(max-width: 677px) 100vw, 677px\" \/>\t\t\t\t\t\t\t\t\t\t\t\t\t\t\t<\/div>\n\t\t\t\t<\/div>\n\t\t\t\t<\/div>\n\t\t\t\t\t<\/div>\n\t\t\t\t<\/div>\n\t\t\t\t<\/div>\n\t\t","protected":false},"excerpt":{"rendered":"<p>NA\u0160E POSL\u00c1N\u00cd Jsme nejlep\u0161\u00edm dodavatelem stan\u016f pagoda v Rakousku. Na\u0161e stany zajist\u00ed, \u017ee va\u0161e akce bude bezpe\u010dn\u00e1. Jako organiz\u00e1to\u0159i vlastn\u00edch akc\u00ed na \u0161pi\u010dkov\u00e9 mezin\u00e1rodn\u00ed \u00farovni zn\u00e1me a\u017e p\u0159\u00edli\u0161 dob\u0159e v\u00fdzvy, kter\u00e9 p\u0159in\u00e1\u0161\u00ed v\u00edtr, po\u010das\u00ed a horko. Nev\u00e1hejte n\u00e1s kontaktovat. Spojte se s n\u00e1mi PFEFFER SPORT AKCE S na\u0161\u00ed spole\u010dnost\u00ed po\u0159\u00e1d\u00e1me v Rakousku ka\u017edoro\u010dn\u011b \u0159adu \u0161pi\u010dkov\u00fdch [&hellip;]<\/p>\n","protected":false},"author":1,"featured_media":0,"parent":0,"menu_order":0,"comment_status":"closed","ping_status":"closed","template":"","meta":{"om_disable_all_campaigns":false,"_monsterinsights_skip_tracking":false,"_monsterinsights_sitenote_active":false,"_monsterinsights_sitenote_note":"","_monsterinsights_sitenote_category":0,"site-sidebar-layout":"no-sidebar","site-content-layout":"page-builder","ast-site-content-layout":"full-width-container","site-content-style":"unboxed","site-sidebar-style":"unboxed","ast-global-header-display":"","ast-banner-title-visibility":"","ast-main-header-display":"","ast-hfb-above-header-display":"","ast-hfb-below-header-display":"","ast-hfb-mobile-header-display":"","site-post-title":"disabled","ast-breadcrumbs-content":"","ast-featured-img":"disabled","footer-sml-layout":"","ast-disable-related-posts":"","theme-transparent-header-meta":"","adv-header-id-meta":"","stick-header-meta":"","header-above-stick-meta":"","header-main-stick-meta":"","header-below-stick-meta":"","astra-migrate-meta-layouts":"default","ast-page-background-enabled":"default","ast-page-background-meta":{"desktop":{"background-color":"","background-image":"","background-repeat":"repeat","background-position":"center center","background-size":"auto","background-attachment":"scroll","background-type":"","background-media":"","overlay-type":"","overlay-color":"","overlay-opacity":"","overlay-gradient":""},"tablet":{"background-color":"","background-image":"","background-repeat":"repeat","background-position":"center center","background-size":"auto","background-attachment":"scroll","background-type":"","background-media":"","overlay-type":"","overlay-color":"","overlay-opacity":"","overlay-gradient":""},"mobile":{"background-color":"","background-image":"","background-repeat":"repeat","background-position":"center center","background-size":"auto","background-attachment":"scroll","background-type":"","background-media":"","overlay-type":"","overlay-color":"","overlay-opacity":"","overlay-gradient":""}},"ast-content-background-meta":{"desktop":{"background-color":"var(--ast-global-color-5)","background-image":"","background-repeat":"repeat","background-position":"center center","background-size":"auto","background-attachment":"scroll","background-type":"","background-media":"","overlay-type":"","overlay-color":"","overlay-opacity":"","overlay-gradient":""},"tablet":{"background-color":"var(--ast-global-color-5)","background-image":"","background-repeat":"repeat","background-position":"center center","background-size":"auto","background-attachment":"scroll","background-type":"","background-media":"","overlay-type":"","overlay-color":"","overlay-opacity":"","overlay-gradient":""},"mobile":{"background-color":"var(--ast-global-color-5)","background-image":"","background-repeat":"repeat","background-position":"center center","background-size":"auto","background-attachment":"scroll","background-type":"","background-media":"","overlay-type":"","overlay-color":"","overlay-opacity":"","overlay-gradient":""}},"footnotes":""},"class_list":["post-6342","page","type-page","status-publish","hentry"],"aioseo_notices":[],"_links":{"self":[{"href":"https:\/\/pagodenzelt.at\/cs\/wp-json\/wp\/v2\/pages\/6342"}],"collection":[{"href":"https:\/\/pagodenzelt.at\/cs\/wp-json\/wp\/v2\/pages"}],"about":[{"href":"https:\/\/pagodenzelt.at\/cs\/wp-json\/wp\/v2\/types\/page"}],"author":[{"embeddable":true,"href":"https:\/\/pagodenzelt.at\/cs\/wp-json\/wp\/v2\/users\/1"}],"replies":[{"embeddable":true,"href":"https:\/\/pagodenzelt.at\/cs\/wp-json\/wp\/v2\/comments?post=6342"}],"version-history":[{"count":6,"href":"https:\/\/pagodenzelt.at\/cs\/wp-json\/wp\/v2\/pages\/6342\/revisions"}],"predecessor-version":[{"id":7724,"href":"https:\/\/pagodenzelt.at\/cs\/wp-json\/wp\/v2\/pages\/6342\/revisions\/7724"}],"wp:attachment":[{"href":"https:\/\/pagodenzelt.at\/cs\/wp-json\/wp\/v2\/media?parent=6342"}],"curies":[{"name":"wp","href":"https:\/\/api.w.org\/{rel}","templated":true}]}}