{"id":6875,"date":"2023-11-13T18:39:57","date_gmt":"2023-11-13T18:39:57","guid":{"rendered":"https:\/\/pagodenzelt.at\/nase-stany-pagoda\/"},"modified":"2024-09-12T12:28:38","modified_gmt":"2024-09-12T12:28:38","slug":"nase-stany-pagoda","status":"publish","type":"page","link":"https:\/\/pagodenzelt.at\/cs\/nase-stany-pagoda\/","title":{"rendered":"Na\u0161e stany pagoda"},"content":{"rendered":"\t\t<div data-elementor-type=\"wp-page\" data-elementor-id=\"6875\" class=\"elementor elementor-6875 elementor-4843\">\n\t\t\t\t<div class=\"elementor-element elementor-element-459a2c4 e-flex e-con-boxed e-con e-parent\" data-id=\"459a2c4\" data-element_type=\"container\" data-e-type=\"container\">\n\t\t\t\t\t<div class=\"e-con-inner\">\n\t\t\t\t<div class=\"elementor-element elementor-element-091d27f elementor-widget__width-inherit elementor-invisible elementor-widget elementor-widget-heading\" data-id=\"091d27f\" data-element_type=\"widget\" data-e-type=\"widget\" data-settings=\"{&quot;_animation&quot;:&quot;fadeInDown&quot;}\" data-widget_type=\"heading.default\">\n\t\t\t\t<div class=\"elementor-widget-container\">\n\t\t\t\t\t<h2 class=\"elementor-heading-title elementor-size-default\">NA\u0160E PAGODA STANY<\/h2>\t\t\t\t<\/div>\n\t\t\t\t<\/div>\n\t\t\t\t\t<\/div>\n\t\t\t\t<\/div>\n\t\t<div class=\"elementor-element elementor-element-c71f2b8 e-flex e-con-boxed e-con e-parent\" data-id=\"c71f2b8\" data-element_type=\"container\" data-e-type=\"container\">\n\t\t\t\t\t<div class=\"e-con-inner\">\n\t\t<div class=\"elementor-element elementor-element-693f25a e-con-full e-flex e-con e-child\" data-id=\"693f25a\" data-element_type=\"container\" data-e-type=\"container\">\n\t\t\t\t<div class=\"elementor-element elementor-element-9565483 elementor-widget elementor-widget-text-editor\" data-id=\"9565483\" data-element_type=\"widget\" data-e-type=\"widget\" data-widget_type=\"text-editor.default\">\n\t\t\t\t<div class=\"elementor-widget-container\">\n\t\t\t\t\t\t\t\t\t<h3>SILN\u00dd PARTNER PRO N\u00c1KUP STANU<\/h3><p>Je pravda, \u017ee n\u00e1kup pagodov\u00e9ho stanu a souvisej\u00edc\u00ed p\u0159edpisy mohou b\u00fdt nep\u0159\u00edjemn\u00e9. R\u00e1di v\u00e1m porad\u00edme a pom\u016f\u017eeme s \u00fa\u0159edn\u00edm povolen\u00edm.<br \/>Na\u0161e stany spl\u0148uj\u00ed nejvy\u0161\u0161\u00ed profesion\u00e1ln\u00ed standardy!<\/p><p>Na t\u00e9to str\u00e1nce bychom v\u00e1s r\u00e1di informovali o technick\u00fdch \u00fadaj\u00edch a rozsahu dod\u00e1vky.<\/p><p>M\u00e1te-li <span style=\"color: #d60404;\">jak\u00e9koli dotazy,<\/span> nev\u00e1hejte <a style=\"color: #d60404;\" href=\"https:\/\/pagodenzelt.at\/cs\/kontaktujte-nas\/\">se obr\u00e1tit na<\/a> n\u00e1\u0161 t\u00fdm !<\/p>\t\t\t\t\t\t\t\t<\/div>\n\t\t\t\t<\/div>\n\t\t\t\t<\/div>\n\t\t<div class=\"elementor-element elementor-element-705745b e-con-full e-flex e-con e-child\" data-id=\"705745b\" data-element_type=\"container\" data-e-type=\"container\">\n\t\t\t\t<div class=\"elementor-element elementor-element-5d30dd7 elementor-widget elementor-widget-image\" data-id=\"5d30dd7\" data-element_type=\"widget\" data-e-type=\"widget\" data-widget_type=\"image.default\">\n\t\t\t\t<div class=\"elementor-widget-container\">\n\t\t\t\t\t\t\t\t\t\t\t\t\t\t\t<img fetchpriority=\"high\" decoding=\"async\" width=\"265\" height=\"226\" src=\"https:\/\/pagodenzelt.at\/wp-content\/uploads\/2023\/12\/tar-team.png\" class=\"attachment-large size-large wp-image-6230\" alt=\"\" \/>\t\t\t\t\t\t\t\t\t\t\t\t\t\t\t<\/div>\n\t\t\t\t<\/div>\n\t\t\t\t<\/div>\n\t\t\t\t\t<\/div>\n\t\t\t\t<\/div>\n\t\t<div class=\"elementor-element elementor-element-b4a9422 e-flex e-con-boxed e-con e-parent\" data-id=\"b4a9422\" data-element_type=\"container\" data-e-type=\"container\">\n\t\t\t\t\t<div class=\"e-con-inner\">\n\t\t\t\t<div class=\"elementor-element elementor-element-f7b52fc elementor-invisible elementor-widget elementor-widget-text-editor\" data-id=\"f7b52fc\" data-element_type=\"widget\" data-e-type=\"widget\" data-settings=\"{&quot;_animation&quot;:&quot;fadeInDown&quot;}\" data-widget_type=\"text-editor.default\">\n\t\t\t\t<div class=\"elementor-widget-container\">\n\t\t\t\t\t\t\t\t\t<h4>TECHNICK\u00c9 \u00daDAJE<\/h4>\n\t\t\t\t\t\t\t\t<\/div>\n\t\t\t\t<\/div>\n\t\t\t\t\t<\/div>\n\t\t\t\t<\/div>\n\t\t<div class=\"elementor-element elementor-element-a34f301 e-flex e-con-boxed e-con e-parent\" data-id=\"a34f301\" data-element_type=\"container\" data-e-type=\"container\">\n\t\t\t\t\t<div class=\"e-con-inner\">\n\t\t\t\t<div class=\"elementor-element elementor-element-a704c33 elementor-widget elementor-widget-text-editor\" data-id=\"a704c33\" data-element_type=\"widget\" data-e-type=\"widget\" data-widget_type=\"text-editor.default\">\n\t\t\t\t<div class=\"elementor-widget-container\">\n\t\t\t\t\t\t\t\t\t<div>\n<table style=\"border: 1px solid black;\">\n<tbody>\n<tr>\n<td style=\"text-align: center; font-weight: bold;\" colspan=\"2\">Technick\u00e1 data pagoda stan 5x5m<\/td>\n<\/tr>\n<tr>\n<td style=\"text-align: center;\">Nastaven\u00ed velikosti<\/td><td style=\"text-align: center;\">5x5m = 25m\u00b2<\/td>\n<\/tr>\n<tr>\n<td style=\"text-align: center;\">Bo\u010dn\u00ed v\u00fd\u0161ka<\/td><td style=\"text-align: center;\">2,5m<\/td>\n<\/tr>\n<tr>\n<td style=\"text-align: center;\">V\u00fd\u0161ka \u0161t\u00edtu<\/td><td style=\"text-align: center;\">5,4m<\/td>\n<\/tr>\n<tr>\n<td style=\"text-align: center;\">Hmotnost<\/td><td style=\"text-align: center;\">190 kg<\/td>\n<\/tr>\n<tr>\n<td style=\"text-align: center;\">Hlin\u00edk<\/td><td style=\"text-align: center;\">eloxovan\u00e9 hlin\u00edkov\u00e9 profily, spojovac\u00ed d\u00edly \u017e\u00e1rov\u011b pozinkovan\u00e9<\/td>\n<\/tr>\n<tr>\n<td style=\"text-align: center;\">Profil r\u00e1mu<\/td><td style=\"text-align: center;\">65 mm x 65 mm x 2 mm 3 dr\u00e1\u017eky<\/td>\n<\/tr>\n<tr>\n<td style=\"text-align: center;\">Plachty<\/td><td style=\"text-align: center;\">Polyesterov\u00e1 tkanina 650 g\/m\u00b2 oboustrann\u011b pota\u017een\u00e1 PVC podle DIN 4102<\/td>\n<\/tr>\n<tr>\n<td style=\"text-align: center;\">Statika<\/td><td style=\"text-align: center;\">EN ISO 5912; EN 13782<\/td>\n<\/tr>\n<\/tbody>\n<\/table>\n<\/div>\t\t\t\t\t\t\t\t<\/div>\n\t\t\t\t<\/div>\n\t\t\t\t\t<\/div>\n\t\t\t\t<\/div>\n\t\t<div class=\"elementor-element elementor-element-f50dbbe e-flex e-con-boxed e-con e-parent\" data-id=\"f50dbbe\" data-element_type=\"container\" data-e-type=\"container\">\n\t\t\t\t\t<div class=\"e-con-inner\">\n\t\t\t\t<div class=\"elementor-element elementor-element-2aef86b elementor-widget elementor-widget-text-editor\" data-id=\"2aef86b\" data-element_type=\"widget\" data-e-type=\"widget\" data-widget_type=\"text-editor.default\">\n\t\t\t\t<div class=\"elementor-widget-container\">\n\t\t\t\t\t\t\t\t\t<h3>ROZSAH DOD\u00c1VKY<\/h3>\n<p><span style=\"color:#d60404;\">\u017d\u00e1dn\u00e9<\/span> skryt\u00e9 n\u00e1klady &#8211; s n\u00e1mi dostanete stan pagoda v\u010detn\u011b <span style=\"color:#d60404;\">v\u0161ech <\/span>pot\u0159ebn\u00fdch <span style=\"color:#d60404;\">sou\u010d\u00e1st\u00ed<\/span> a kol\u00edk\u016f k <span style=\"color:#d60404;\">zaji\u0161t\u011bn\u00ed<\/span> stanu.<\/p>\t\t\t\t\t\t\t\t<\/div>\n\t\t\t\t<\/div>\n\t\t\t\t\t<\/div>\n\t\t\t\t<\/div>\n\t\t<div class=\"elementor-element elementor-element-9f3c528 e-flex e-con-boxed e-con e-parent\" data-id=\"9f3c528\" data-element_type=\"container\" data-e-type=\"container\">\n\t\t\t\t\t<div class=\"e-con-inner\">\n\t\t\t\t<div class=\"elementor-element elementor-element-55e201c elementor-widget elementor-widget-text-editor\" data-id=\"55e201c\" data-element_type=\"widget\" data-e-type=\"widget\" data-widget_type=\"text-editor.default\">\n\t\t\t\t<div class=\"elementor-widget-container\">\n\t\t\t\t\t\t\t\t\t<div>\n<table style=\"border: 1px solid black;\">\n<tbody>\n<tr>\n<td style=\"text-align: center; font-weight: bold;\" colspan=\"2\">Rozsah dod\u00e1vky<\/td>\n<\/tr>\n<tr>\n<td style=\"text-align: center;\">produkt<\/td><td style=\"text-align: center;\">Kus<\/td>\n<\/tr>\n<tr>\n<td style=\"text-align: center;\">Bo\u010dn\u00ed podp\u011bra z hlin\u00edkov\u00fdch profil\u016f 4,90 m<\/td><td style=\"text-align: center;\">4<\/td>\n<\/tr>\n<tr>\n<td style=\"text-align: center;\">Hlin\u00edkov\u00e9 profilov\u00e9 nohy 2,5 m<\/td><td style=\"text-align: center;\">4<\/td>\n<\/tr>\n<tr>\n<td style=\"text-align: center;\">Propojen\u00ed profil\u016f<\/td><td style=\"text-align: center;\">4<\/td>\n<\/tr>\n<tr>\n<td style=\"text-align: center;\">P\u0159ipojovac\u00ed st\u0159ed + uz\u00e1v\u011br<\/td><td style=\"text-align: center;\">1<\/td>\n<\/tr>\n<tr>\n<td style=\"text-align: center;\">Potrub\u00ed stanu<\/td><td style=\"text-align: center;\">4<\/td>\n<\/tr>\n<tr>\n<td style=\"text-align: center;\">Zemn\u00ed kol\u00edky<\/td><td style=\"text-align: center;\">8<\/td>\n<\/tr>\n<tr>\n<td style=\"text-align: center;\">No\u017en\u00ed trubky 5m<\/td><td style=\"text-align: center;\">4<\/td>\n<\/tr>\n<tr>\n<td style=\"text-align: center;\">St\u0159e\u0161n\u00ed plachta 5x5m<\/td><td style=\"text-align: center;\">1<\/td>\n<\/tr>\n<tr>\n<td style=\"text-align: center;\">Bo\u010dn\u00ed plachta 2,5 m x 2,5 m<\/td><td style=\"text-align: center;\">8<\/td>\n<\/tr>\n<\/tbody>\n<\/table>\n<div><\/div>\n<\/div>\t\t\t\t\t\t\t\t<\/div>\n\t\t\t\t<\/div>\n\t\t\t\t\t<\/div>\n\t\t\t\t<\/div>\n\t\t\t\t<\/div>\n\t\t","protected":false},"excerpt":{"rendered":"<p>NA\u0160E PAGODA STANY SILN\u00dd PARTNER PRO N\u00c1KUP STANU Je pravda, \u017ee n\u00e1kup pagodov\u00e9ho stanu a souvisej\u00edc\u00ed p\u0159edpisy mohou b\u00fdt nep\u0159\u00edjemn\u00e9. R\u00e1di v\u00e1m porad\u00edme a pom\u016f\u017eeme s \u00fa\u0159edn\u00edm povolen\u00edm.Na\u0161e stany spl\u0148uj\u00ed nejvy\u0161\u0161\u00ed profesion\u00e1ln\u00ed standardy! Na t\u00e9to str\u00e1nce bychom v\u00e1s r\u00e1di informovali o technick\u00fdch \u00fadaj\u00edch a rozsahu dod\u00e1vky. M\u00e1te-li jak\u00e9koli dotazy, nev\u00e1hejte se obr\u00e1tit na n\u00e1\u0161 t\u00fdm [&hellip;]<\/p>\n","protected":false},"author":1,"featured_media":0,"parent":0,"menu_order":0,"comment_status":"closed","ping_status":"closed","template":"","meta":{"om_disable_all_campaigns":false,"_monsterinsights_skip_tracking":false,"_monsterinsights_sitenote_active":false,"_monsterinsights_sitenote_note":"","_monsterinsights_sitenote_category":0,"site-sidebar-layout":"no-sidebar","site-content-layout":"page-builder","ast-site-content-layout":"full-width-container","site-content-style":"default","site-sidebar-style":"default","ast-global-header-display":"","ast-banner-title-visibility":"","ast-main-header-display":"","ast-hfb-above-header-display":"","ast-hfb-below-header-display":"","ast-hfb-mobile-header-display":"","site-post-title":"disabled","ast-breadcrumbs-content":"","ast-featured-img":"disabled","footer-sml-layout":"","ast-disable-related-posts":"","theme-transparent-header-meta":"","adv-header-id-meta":"","stick-header-meta":"","header-above-stick-meta":"","header-main-stick-meta":"","header-below-stick-meta":"","astra-migrate-meta-layouts":"default","ast-page-background-enabled":"default","ast-page-background-meta":{"desktop":{"background-color":"","background-image":"","background-repeat":"repeat","background-position":"center center","background-size":"auto","background-attachment":"scroll","background-type":"","background-media":"","overlay-type":"","overlay-color":"","overlay-opacity":"","overlay-gradient":""},"tablet":{"background-color":"","background-image":"","background-repeat":"repeat","background-position":"center center","background-size":"auto","background-attachment":"scroll","background-type":"","background-media":"","overlay-type":"","overlay-color":"","overlay-opacity":"","overlay-gradient":""},"mobile":{"background-color":"","background-image":"","background-repeat":"repeat","background-position":"center center","background-size":"auto","background-attachment":"scroll","background-type":"","background-media":"","overlay-type":"","overlay-color":"","overlay-opacity":"","overlay-gradient":""}},"ast-content-background-meta":{"desktop":{"background-color":"var(--ast-global-color-5)","background-image":"","background-repeat":"repeat","background-position":"center center","background-size":"auto","background-attachment":"scroll","background-type":"","background-media":"","overlay-type":"","overlay-color":"","overlay-opacity":"","overlay-gradient":""},"tablet":{"background-color":"var(--ast-global-color-5)","background-image":"","background-repeat":"repeat","background-position":"center center","background-size":"auto","background-attachment":"scroll","background-type":"","background-media":"","overlay-type":"","overlay-color":"","overlay-opacity":"","overlay-gradient":""},"mobile":{"background-color":"var(--ast-global-color-5)","background-image":"","background-repeat":"repeat","background-position":"center center","background-size":"auto","background-attachment":"scroll","background-type":"","background-media":"","overlay-type":"","overlay-color":"","overlay-opacity":"","overlay-gradient":""}},"footnotes":""},"class_list":["post-6875","page","type-page","status-publish","hentry"],"aioseo_notices":[],"_links":{"self":[{"href":"https:\/\/pagodenzelt.at\/cs\/wp-json\/wp\/v2\/pages\/6875"}],"collection":[{"href":"https:\/\/pagodenzelt.at\/cs\/wp-json\/wp\/v2\/pages"}],"about":[{"href":"https:\/\/pagodenzelt.at\/cs\/wp-json\/wp\/v2\/types\/page"}],"author":[{"embeddable":true,"href":"https:\/\/pagodenzelt.at\/cs\/wp-json\/wp\/v2\/users\/1"}],"replies":[{"embeddable":true,"href":"https:\/\/pagodenzelt.at\/cs\/wp-json\/wp\/v2\/comments?post=6875"}],"version-history":[{"count":8,"href":"https:\/\/pagodenzelt.at\/cs\/wp-json\/wp\/v2\/pages\/6875\/revisions"}],"predecessor-version":[{"id":7639,"href":"https:\/\/pagodenzelt.at\/cs\/wp-json\/wp\/v2\/pages\/6875\/revisions\/7639"}],"wp:attachment":[{"href":"https:\/\/pagodenzelt.at\/cs\/wp-json\/wp\/v2\/media?parent=6875"}],"curies":[{"name":"wp","href":"https:\/\/api.w.org\/{rel}","templated":true}]}}