{"id":6950,"date":"2023-11-10T16:45:46","date_gmt":"2023-11-10T16:45:46","guid":{"rendered":"https:\/\/pagodenzelt.at\/zasady-ochrany-osobnich-udaju\/"},"modified":"2024-08-28T07:18:32","modified_gmt":"2024-08-28T07:18:32","slug":"zasady-ochrany-osobnich-udaju","status":"publish","type":"page","link":"https:\/\/pagodenzelt.at\/cs\/zasady-ochrany-osobnich-udaju\/","title":{"rendered":"Z\u00e1sady ochrany osobn\u00edch \u00fadaj\u016f"},"content":{"rendered":"\t\t<div data-elementor-type=\"wp-page\" data-elementor-id=\"6950\" class=\"elementor elementor-6950 elementor-4738\">\n\t\t\t\t<div class=\"elementor-element elementor-element-6e38bc4 e-flex e-con-boxed e-con e-parent\" data-id=\"6e38bc4\" data-element_type=\"container\" data-e-type=\"container\" data-settings=\"{&quot;background_background&quot;:&quot;classic&quot;}\">\n\t\t\t\t\t<div class=\"e-con-inner\">\n\t\t\t\t<div class=\"elementor-element elementor-element-6cd3375 elementor-widget__width-inherit elementor-invisible elementor-widget elementor-widget-image\" data-id=\"6cd3375\" data-element_type=\"widget\" data-e-type=\"widget\" data-settings=\"{&quot;_animation&quot;:&quot;fadeInDown&quot;}\" data-widget_type=\"image.default\">\n\t\t\t\t<div class=\"elementor-widget-container\">\n\t\t\t\t\t\t\t\t\t\t\t\t\t\t\t<img fetchpriority=\"high\" decoding=\"async\" width=\"639\" height=\"425\" src=\"https:\/\/pagodenzelt.at\/wp-content\/uploads\/2023\/11\/data-protection.png\" class=\"attachment-large size-large wp-image-6054\" alt=\"\" srcset=\"https:\/\/pagodenzelt.at\/wp-content\/uploads\/2023\/11\/data-protection.png 639w, https:\/\/pagodenzelt.at\/wp-content\/uploads\/2023\/11\/data-protection-300x200.png 300w, https:\/\/pagodenzelt.at\/wp-content\/uploads\/2023\/11\/data-protection-600x399.png 600w\" sizes=\"(max-width: 639px) 100vw, 639px\" \/>\t\t\t\t\t\t\t\t\t\t\t\t\t\t\t<\/div>\n\t\t\t\t<\/div>\n\t\t\t\t\t<\/div>\n\t\t\t\t<\/div>\n\t\t<div class=\"elementor-element elementor-element-6456d5e e-flex e-con-boxed e-con e-parent\" data-id=\"6456d5e\" data-element_type=\"container\" data-e-type=\"container\">\n\t\t\t\t\t<div class=\"e-con-inner\">\n\t\t\t\t<div class=\"elementor-element elementor-element-402e36d elementor-invisible elementor-widget elementor-widget-heading\" data-id=\"402e36d\" data-element_type=\"widget\" data-e-type=\"widget\" data-settings=\"{&quot;_animation&quot;:&quot;fadeInDown&quot;}\" data-widget_type=\"heading.default\">\n\t\t\t\t<div class=\"elementor-widget-container\">\n\t\t\t\t\t<h2 class=\"elementor-heading-title elementor-size-default\">Z\u00e1sady ochrany osobn\u00edch \u00fadaj\u016f<\/h2>\t\t\t\t<\/div>\n\t\t\t\t<\/div>\n\t\t\t\t\t<\/div>\n\t\t\t\t<\/div>\n\t\t<div class=\"elementor-element elementor-element-0d80fa4 e-flex e-con-boxed e-con e-parent\" data-id=\"0d80fa4\" data-element_type=\"container\" data-e-type=\"container\">\n\t\t\t\t\t<div class=\"e-con-inner\">\n\t\t\t\t<div class=\"elementor-element elementor-element-695c3f7 elementor-widget elementor-widget-text-editor\" data-id=\"695c3f7\" data-element_type=\"widget\" data-e-type=\"widget\" data-widget_type=\"text-editor.default\">\n\t\t\t\t<div class=\"elementor-widget-container\">\n\t\t\t\t\t\t\t\t\t<p>My, spole\u010dnost Nicolas Pfeffer se s\u00eddlem Sch\u00fcttkastenhof 2, 7132 Frauenkirchen, provozujeme tyto webov\u00e9 str\u00e1nky pod dom\u00e9nou Pagodenzelt.at.<br \/>\nVa\u0161e soukrom\u00ed a ochrana va\u0161ich osobn\u00edch \u00fadaj\u016f jsou pro n\u00e1s mimo\u0159\u00e1dn\u011b d\u016fle\u017eit\u00e9.<br \/>\nProto bychom v\u00e1m n\u00ed\u017ee r\u00e1di vysv\u011btlili, jak shroma\u017e\u010fujeme, zpracov\u00e1v\u00e1me a chr\u00e1n\u00edme va\u0161e \u00fadaje.  <\/p>\n<ol>\n<li>\n<h5>Odpov\u011bdn\u00fd org\u00e1n<\/h5>\n<\/li>\n<\/ol>\n<p>Nicolas Pfeffer Sch\u00fcttkastenhof 2 7132 Frauenkirchen Kontakt: +43 660501002 E-mail: info@pagodenzelt.at<\/p>\n<ol start=\"2\">\n<li>\n<h5>Zaznamenan\u00e9 \u00fadaje<\/h5>\n<\/li>\n<\/ol>\n<p>Shroma\u017e\u010fujeme a zpracov\u00e1v\u00e1me osobn\u00ed \u00fadaje, kter\u00e9 n\u00e1m aktivn\u011b poskytnete, nap\u0159\u00edklad p\u0159i vypl\u0148ov\u00e1n\u00ed kontaktn\u00edch formul\u00e1\u0159\u016f nebo p\u0159i objedn\u00e1v\u00e1n\u00ed produkt\u016f.<br \/>\nTyto \u00fadaje mohou zahrnovat va\u0161e jm\u00e9no, e-mailovou adresu, telefonn\u00ed \u010d\u00edslo a dal\u0161\u00ed relevantn\u00ed informace. <\/p>\n<p>Krom\u011b toho automaticky shroma\u017e\u010fujeme ur\u010dit\u00e9 \u00fadaje, kdy\u017e nav\u0161t\u00edv\u00edte na\u0161e webov\u00e9 str\u00e1nky.<br \/>\nJedn\u00e1 se o va\u0161i IP adresu, typ prohl\u00ed\u017ee\u010de, typ za\u0159\u00edzen\u00ed, nav\u0161t\u00edven\u00e9 str\u00e1nky a \u010das p\u0159\u00edstupu.<br \/>\nTyto informace slou\u017e\u00ed ke zlep\u0161en\u00ed na\u0161ich webov\u00fdch str\u00e1nek a anal\u00fdze chov\u00e1n\u00ed u\u017eivatel\u016f, ale nepou\u017e\u00edvaj\u00ed se k identifikaci jednotliv\u00fdch osob.  <\/p>\n<ol start=\"3\">\n<li>\n<h5>Pou\u017eit\u00ed va\u0161ich \u00fadaj\u016f<\/h5>\n<\/li>\n<\/ol>\n<p>Va\u0161e \u00fadaje pou\u017e\u00edv\u00e1me k n\u00e1sleduj\u00edc\u00edm \u00fa\u010del\u016fm:<\/p>\n<p>&#8211; Odpov\u00eddat na va\u0161e dotazy a komunikovat s v\u00e1mi.<br \/>&#8211; Pro zpracov\u00e1n\u00ed objedn\u00e1vek a dod\u00e1vek.<br \/>&#8211; Zlep\u0161en\u00ed na\u0161ich webov\u00fdch str\u00e1nek a na\u0161ich slu\u017eeb.<br \/>&#8211; Dodr\u017eov\u00e1n\u00ed z\u00e1konn\u00fdch povinnost\u00ed.<\/p>\n<ol start=\"4\">\n<li>\n<h5>P\u0159ed\u00e1v\u00e1n\u00ed dat<\/h5>\n<\/li>\n<\/ol>\n<p>Va\u0161e \u00fadaje nebudou p\u0159ed\u00e1v\u00e1ny t\u0159et\u00edm stran\u00e1m, pokud to nebude nutn\u00e9 k pln\u011bn\u00ed na\u0161ich smluvn\u00edch z\u00e1vazk\u016f nebo z d\u016fvodu z\u00e1konn\u00fdch po\u017eadavk\u016f.<\/p>\n<ol start=\"5\">\n<li>\n<h5>Ukl\u00e1d\u00e1n\u00ed va\u0161ich dat<\/h5>\n<\/li>\n<\/ol>\n<p>Va\u0161e \u00fadaje budou uchov\u00e1v\u00e1ny pouze po dobu nezbytn\u011b nutnou pro v\u00fd\u0161e uveden\u00e9 \u00fa\u010dely nebo po dobu, kterou vy\u017eaduj\u00ed z\u00e1konn\u00e9 povinnosti uchov\u00e1v\u00e1n\u00ed.<\/p>\n<ol start=\"6\">\n<li>\n<h5>Va\u0161e pr\u00e1va<\/h5>\n<\/li>\n<\/ol>\n<p>M\u00e1te pr\u00e1vo na informace, opravu, v\u00fdmaz a omezen\u00ed zpracov\u00e1n\u00ed va\u0161ich osobn\u00edch \u00fadaj\u016f.<br \/>\nM\u016f\u017eete tak\u00e9 vzn\u00e9st n\u00e1mitku proti zpracov\u00e1n\u00ed sv\u00fdch \u00fadaj\u016f.<br \/>\nChcete-li uplatnit sv\u00e1 pr\u00e1va nebo m\u00e1te-li jak\u00e9koli dotazy t\u00fdkaj\u00edc\u00ed se postup\u016f ochrany \u00fadaj\u016f na na\u0161ich webov\u00fdch str\u00e1nk\u00e1ch, kontaktujte n\u00e1s prost\u0159ednictv\u00edm v\u00fd\u0161e uveden\u00fdch kontaktn\u00edch \u00fadaj\u016f.  <\/p>\n<ol start=\"7\">\n<li>\n<h5>Pr\u00e1vo na odvol\u00e1n\u00ed<\/h5>\n<\/li>\n<\/ol>\n<p>Pokud se domn\u00edv\u00e1te, \u017ee byla poru\u0161ena va\u0161e pr\u00e1va na ochranu osobn\u00edch \u00fadaj\u016f, m\u00e1te pr\u00e1vo podat st\u00ed\u017enost u \u00fa\u0159adu pro ochranu osobn\u00edch \u00fadaj\u016f.<\/p>\n<ol start=\"8\">\n<li>\n<h5>Aktualizace<\/h5>\n<\/li>\n<\/ol>\n<p>Vyhrazujeme si pr\u00e1vo tyto z\u00e1sady ochrany osobn\u00edch \u00fadaj\u016f v p\u0159\u00edpad\u011b pot\u0159eby aktualizovat.<br \/>\nPravideln\u011b kontrolujte aktualizace. <\/p>\n<p>Stav: 2. listopadu 2023<\/p>\n<p>D\u011bkujeme, \u017ee jste si p\u0159e\u010detli na\u0161e z\u00e1sady ochrany osobn\u00edch \u00fadaj\u016f.<br \/>\nV\u00e1\u017e\u00edme si va\u0161\u00ed d\u016fv\u011bry a ud\u011bl\u00e1me v\u0161e, co je v na\u0161ich sil\u00e1ch, abychom s va\u0161imi \u00fadaji zach\u00e1zeli s maxim\u00e1ln\u00ed p\u00e9\u010d\u00ed. <\/p>\n\t\t\t\t\t\t\t\t<\/div>\n\t\t\t\t<\/div>\n\t\t\t\t\t<\/div>\n\t\t\t\t<\/div>\n\t\t\t\t<\/div>\n\t\t","protected":false},"excerpt":{"rendered":"<p>Z\u00e1sady ochrany osobn\u00edch \u00fadaj\u016f My, spole\u010dnost Nicolas Pfeffer se s\u00eddlem Sch\u00fcttkastenhof 2, 7132 Frauenkirchen, provozujeme tyto webov\u00e9 str\u00e1nky pod dom\u00e9nou Pagodenzelt.at. Va\u0161e soukrom\u00ed a ochrana va\u0161ich osobn\u00edch \u00fadaj\u016f jsou pro n\u00e1s mimo\u0159\u00e1dn\u011b d\u016fle\u017eit\u00e9. Proto bychom v\u00e1m n\u00ed\u017ee r\u00e1di vysv\u011btlili, jak shroma\u017e\u010fujeme, zpracov\u00e1v\u00e1me a chr\u00e1n\u00edme va\u0161e \u00fadaje. Odpov\u011bdn\u00fd org\u00e1n Nicolas Pfeffer Sch\u00fcttkastenhof 2 7132 Frauenkirchen Kontakt: [&hellip;]<\/p>\n","protected":false},"author":1,"featured_media":0,"parent":0,"menu_order":0,"comment_status":"closed","ping_status":"closed","template":"","meta":{"om_disable_all_campaigns":false,"_monsterinsights_skip_tracking":false,"_monsterinsights_sitenote_active":false,"_monsterinsights_sitenote_note":"","_monsterinsights_sitenote_category":0,"site-sidebar-layout":"no-sidebar","site-content-layout":"page-builder","ast-site-content-layout":"full-width-container","site-content-style":"default","site-sidebar-style":"default","ast-global-header-display":"","ast-banner-title-visibility":"","ast-main-header-display":"","ast-hfb-above-header-display":"","ast-hfb-below-header-display":"","ast-hfb-mobile-header-display":"","site-post-title":"disabled","ast-breadcrumbs-content":"","ast-featured-img":"disabled","footer-sml-layout":"","ast-disable-related-posts":"","theme-transparent-header-meta":"","adv-header-id-meta":"","stick-header-meta":"","header-above-stick-meta":"","header-main-stick-meta":"","header-below-stick-meta":"","astra-migrate-meta-layouts":"default","ast-page-background-enabled":"default","ast-page-background-meta":{"desktop":{"background-color":"","background-image":"","background-repeat":"repeat","background-position":"center center","background-size":"auto","background-attachment":"scroll","background-type":"","background-media":"","overlay-type":"","overlay-color":"","overlay-opacity":"","overlay-gradient":""},"tablet":{"background-color":"","background-image":"","background-repeat":"repeat","background-position":"center center","background-size":"auto","background-attachment":"scroll","background-type":"","background-media":"","overlay-type":"","overlay-color":"","overlay-opacity":"","overlay-gradient":""},"mobile":{"background-color":"","background-image":"","background-repeat":"repeat","background-position":"center center","background-size":"auto","background-attachment":"scroll","background-type":"","background-media":"","overlay-type":"","overlay-color":"","overlay-opacity":"","overlay-gradient":""}},"ast-content-background-meta":{"desktop":{"background-color":"var(--ast-global-color-5)","background-image":"","background-repeat":"repeat","background-position":"center center","background-size":"auto","background-attachment":"scroll","background-type":"","background-media":"","overlay-type":"","overlay-color":"","overlay-opacity":"","overlay-gradient":""},"tablet":{"background-color":"var(--ast-global-color-5)","background-image":"","background-repeat":"repeat","background-position":"center center","background-size":"auto","background-attachment":"scroll","background-type":"","background-media":"","overlay-type":"","overlay-color":"","overlay-opacity":"","overlay-gradient":""},"mobile":{"background-color":"var(--ast-global-color-5)","background-image":"","background-repeat":"repeat","background-position":"center center","background-size":"auto","background-attachment":"scroll","background-type":"","background-media":"","overlay-type":"","overlay-color":"","overlay-opacity":"","overlay-gradient":""}},"footnotes":""},"class_list":["post-6950","page","type-page","status-publish","hentry"],"aioseo_notices":[],"_links":{"self":[{"href":"https:\/\/pagodenzelt.at\/cs\/wp-json\/wp\/v2\/pages\/6950"}],"collection":[{"href":"https:\/\/pagodenzelt.at\/cs\/wp-json\/wp\/v2\/pages"}],"about":[{"href":"https:\/\/pagodenzelt.at\/cs\/wp-json\/wp\/v2\/types\/page"}],"author":[{"embeddable":true,"href":"https:\/\/pagodenzelt.at\/cs\/wp-json\/wp\/v2\/users\/1"}],"replies":[{"embeddable":true,"href":"https:\/\/pagodenzelt.at\/cs\/wp-json\/wp\/v2\/comments?post=6950"}],"version-history":[{"count":2,"href":"https:\/\/pagodenzelt.at\/cs\/wp-json\/wp\/v2\/pages\/6950\/revisions"}],"predecessor-version":[{"id":6954,"href":"https:\/\/pagodenzelt.at\/cs\/wp-json\/wp\/v2\/pages\/6950\/revisions\/6954"}],"wp:attachment":[{"href":"https:\/\/pagodenzelt.at\/cs\/wp-json\/wp\/v2\/media?parent=6950"}],"curies":[{"name":"wp","href":"https:\/\/api.w.org\/{rel}","templated":true}]}}