{"id":6987,"date":"2023-11-02T17:56:08","date_gmt":"2023-11-02T17:56:08","guid":{"rendered":"https:\/\/pagodenzelt.at\/prizpusobeni-prihlaseni\/"},"modified":"2024-08-28T07:18:43","modified_gmt":"2024-08-28T07:18:43","slug":"prizpusobeni-prihlaseni","status":"publish","type":"page","link":"https:\/\/pagodenzelt.at\/cs\/prizpusobeni-prihlaseni\/","title":{"rendered":"P\u0159izp\u016fsoben\u00ed p\u0159ihl\u00e1\u0161en\u00ed"},"content":{"rendered":"<p>Tato str\u00e1nka se pou\u017e\u00edv\u00e1 pro plugin Login Customizer.<br \/>\nPro va\u0161e \u010dten\u00e1\u0159e nebude viditeln\u00e1.<br \/>\nNeodstra\u0148ujte ji.<\/p>\n","protected":false},"excerpt":{"rendered":"<p>Tato str\u00e1nka se pou\u017e\u00edv\u00e1 pro plugin Login Customizer. Pro va\u0161e \u010dten\u00e1\u0159e nebude viditeln\u00e1. Neodstra\u0148ujte ji.<\/p>\n","protected":false},"author":1,"featured_media":0,"parent":0,"menu_order":0,"comment_status":"closed","ping_status":"closed","template":"","meta":{"om_disable_all_campaigns":false,"_monsterinsights_skip_tracking":false,"_monsterinsights_sitenote_active":false,"_monsterinsights_sitenote_note":"","_monsterinsights_sitenote_category":0,"site-sidebar-layout":"default","site-content-layout":"","ast-site-content-layout":"default","site-content-style":"default","site-sidebar-style":"default","ast-global-header-display":"","ast-banner-title-visibility":"","ast-main-header-display":"","ast-hfb-above-header-display":"","ast-hfb-below-header-display":"","ast-hfb-mobile-header-display":"","site-post-title":"","ast-breadcrumbs-content":"","ast-featured-img":"","footer-sml-layout":"","ast-disable-related-posts":"","theme-transparent-header-meta":"","adv-header-id-meta":"","stick-header-meta":"","header-above-stick-meta":"","header-main-stick-meta":"","header-below-stick-meta":"","astra-migrate-meta-layouts":"default","ast-page-background-enabled":"default","ast-page-background-meta":{"desktop":{"background-color":"","background-image":"","background-repeat":"repeat","background-position":"center center","background-size":"auto","background-attachment":"scroll","background-type":"","background-media":"","overlay-type":"","overlay-color":"","overlay-opacity":"","overlay-gradient":""},"tablet":{"background-color":"","background-image":"","background-repeat":"repeat","background-position":"center center","background-size":"auto","background-attachment":"scroll","background-type":"","background-media":"","overlay-type":"","overlay-color":"","overlay-opacity":"","overlay-gradient":""},"mobile":{"background-color":"","background-image":"","background-repeat":"repeat","background-position":"center center","background-size":"auto","background-attachment":"scroll","background-type":"","background-media":"","overlay-type":"","overlay-color":"","overlay-opacity":"","overlay-gradient":""}},"ast-content-background-meta":{"desktop":{"background-color":"var(--ast-global-color-5)","background-image":"","background-repeat":"repeat","background-position":"center center","background-size":"auto","background-attachment":"scroll","background-type":"","background-media":"","overlay-type":"","overlay-color":"","overlay-opacity":"","overlay-gradient":""},"tablet":{"background-color":"var(--ast-global-color-5)","background-image":"","background-repeat":"repeat","background-position":"center center","background-size":"auto","background-attachment":"scroll","background-type":"","background-media":"","overlay-type":"","overlay-color":"","overlay-opacity":"","overlay-gradient":""},"mobile":{"background-color":"var(--ast-global-color-5)","background-image":"","background-repeat":"repeat","background-position":"center center","background-size":"auto","background-attachment":"scroll","background-type":"","background-media":"","overlay-type":"","overlay-color":"","overlay-opacity":"","overlay-gradient":""}},"footnotes":""},"class_list":["post-6987","page","type-page","status-publish","hentry"],"aioseo_notices":[],"_links":{"self":[{"href":"https:\/\/pagodenzelt.at\/cs\/wp-json\/wp\/v2\/pages\/6987"}],"collection":[{"href":"https:\/\/pagodenzelt.at\/cs\/wp-json\/wp\/v2\/pages"}],"about":[{"href":"https:\/\/pagodenzelt.at\/cs\/wp-json\/wp\/v2\/types\/page"}],"author":[{"embeddable":true,"href":"https:\/\/pagodenzelt.at\/cs\/wp-json\/wp\/v2\/users\/1"}],"replies":[{"embeddable":true,"href":"https:\/\/pagodenzelt.at\/cs\/wp-json\/wp\/v2\/comments?post=6987"}],"version-history":[{"count":1,"href":"https:\/\/pagodenzelt.at\/cs\/wp-json\/wp\/v2\/pages\/6987\/revisions"}],"predecessor-version":[{"id":6989,"href":"https:\/\/pagodenzelt.at\/cs\/wp-json\/wp\/v2\/pages\/6987\/revisions\/6989"}],"wp:attachment":[{"href":"https:\/\/pagodenzelt.at\/cs\/wp-json\/wp\/v2\/media?parent=6987"}],"curies":[{"name":"wp","href":"https:\/\/api.w.org\/{rel}","templated":true}]}}