{"id":6385,"date":"2023-12-11T20:30:43","date_gmt":"2023-12-11T20:30:43","guid":{"rendered":"https:\/\/pagodenzelt.at\/product\/pagoda-stan-5x5m-znackovy\/"},"modified":"2024-08-28T07:14:12","modified_gmt":"2024-08-28T07:14:12","slug":"pagoda-stan-5x5m-znackovy","status":"publish","type":"product","link":"https:\/\/pagodenzelt.at\/cs\/product\/pagoda-stan-5x5m-znackovy\/","title":{"rendered":"Pagoda stan 5x5m zna\u010dkov\u00fd"},"content":{"rendered":"<p>N\u00e1\u0161 stylov\u00fd stan pagoda je dokonal\u00fdm reklamn\u00edm prost\u0159edkem pro va\u0161i zna\u010dku na va\u0161ich akc\u00edch.<br \/>\nD\u00edky vysok\u00e9 sedlov\u00e9 st\u0159e\u0161e je va\u0161e logo rozpoznateln\u00e9 u\u017e z d\u00e1lky.<br \/>\nV\u0161echny vlastnosti standardn\u00ed verze stanu pagoda jsou samoz\u0159ejm\u011b zachov\u00e1ny!<br \/>\nChcete-li se o produktu dozv\u011bd\u011bt v\u00edce podrobnost\u00ed, <a style=\"color: #d60404; font-size: 18px;\" href=\"https:\/\/pagodenzelt.at\/cs\/?page_id=6796\">klikn\u011bte zde<\/a> Pro p\u0159izp\u016fsoben\u00ed tohoto stanu nav\u0161tivte pros\u00edm <a style=\"color: #d60404; font-size: 18px;\" href=\"https:\/\/pagodenzelt.at\/cs\/?page_id=6834\">tento odkaz<\/a><\/p>\n","protected":false},"excerpt":{"rendered":"<p>N\u00e1\u0161 stylov\u00fd stan pagoda je dokonal\u00fdm reklamn\u00edm prost\u0159edkem pro va\u0161i zna\u010dku na va\u0161ich akc\u00edch.<br \/>\nD\u00edky vysok\u00e9 sedlov\u00e9 st\u0159e\u0161e je va\u0161e logo rozpoznateln\u00e9 u\u017e z d\u00e1lky.<br \/>\nV\u0161echny vlastnosti standardn\u00ed verze stanu pagoda jsou samoz\u0159ejm\u011b zachov\u00e1ny!<br \/>\nChcete-li se o produktu dozv\u011bd\u011bt v\u00edce podrobnost\u00ed, <a style=\"color: #d60404; font-size: 18px;\" href=\"https:\/\/pagodenzelt.at\/pagodenzelt-5x5m-gebrandet\/\">klikn\u011bte zde<\/a> Pro p\u0159izp\u016fsoben\u00ed tohoto stanu nav\u0161tivte pros\u00edm <a style=\"color: #d60404; font-size: 18px;\" href=\"https:\/\/pagodenzelt.at\/jetzt-konfigurieren\/\">tento odkaz<\/a>   <\/p>\n","protected":false},"featured_media":5242,"template":"","meta":{"om_disable_all_campaigns":false,"_monsterinsights_skip_tracking":false,"_monsterinsights_sitenote_active":false,"_monsterinsights_sitenote_note":"","_monsterinsights_sitenote_category":0,"site-sidebar-layout":"default","site-content-layout":"","ast-site-content-layout":"default","site-content-style":"default","site-sidebar-style":"default","ast-global-header-display":"","ast-banner-title-visibility":"","ast-main-header-display":"","ast-hfb-above-header-display":"","ast-hfb-below-header-display":"","ast-hfb-mobile-header-display":"","site-post-title":"","ast-breadcrumbs-content":"","ast-featured-img":"","footer-sml-layout":"","ast-disable-related-posts":"","theme-transparent-header-meta":"default","adv-header-id-meta":"","stick-header-meta":"","header-above-stick-meta":"","header-main-stick-meta":"","header-below-stick-meta":"","astra-migrate-meta-layouts":"default","ast-page-background-enabled":"default","ast-page-background-meta":{"desktop":{"background-color":"","background-image":"","background-repeat":"repeat","background-position":"center center","background-size":"auto","background-attachment":"scroll","background-type":"","background-media":"","overlay-type":"","overlay-color":"","overlay-opacity":"","overlay-gradient":""},"tablet":{"background-color":"","background-image":"","background-repeat":"repeat","background-position":"center center","background-size":"auto","background-attachment":"scroll","background-type":"","background-media":"","overlay-type":"","overlay-color":"","overlay-opacity":"","overlay-gradient":""},"mobile":{"background-color":"","background-image":"","background-repeat":"repeat","background-position":"center center","background-size":"auto","background-attachment":"scroll","background-type":"","background-media":"","overlay-type":"","overlay-color":"","overlay-opacity":"","overlay-gradient":""}},"ast-content-background-meta":{"desktop":{"background-color":"var(--ast-global-color-5)","background-image":"","background-repeat":"repeat","background-position":"center center","background-size":"auto","background-attachment":"scroll","background-type":"","background-media":"","overlay-type":"","overlay-color":"","overlay-opacity":"","overlay-gradient":""},"tablet":{"background-color":"var(--ast-global-color-5)","background-image":"","background-repeat":"repeat","background-position":"center center","background-size":"auto","background-attachment":"scroll","background-type":"","background-media":"","overlay-type":"","overlay-color":"","overlay-opacity":"","overlay-gradient":""},"mobile":{"background-color":"var(--ast-global-color-5)","background-image":"","background-repeat":"repeat","background-position":"center center","background-size":"auto","background-attachment":"scroll","background-type":"","background-media":"","overlay-type":"","overlay-color":"","overlay-opacity":"","overlay-gradient":""}}},"product_brand":[],"product_cat":[143],"product_tag":[144,145],"class_list":{"0":"post-6385","1":"product","2":"type-product","3":"status-publish","4":"has-post-thumbnail","6":"product_cat-stan-pagoda","7":"product_tag-stan-pagoda","8":"product_tag-stany-pagoda","9":"desktop-align-left","10":"tablet-align-left","11":"mobile-align-left","13":"first","14":"instock","15":"shipping-taxable","16":"purchasable","17":"product-type-simple"},"aioseo_notices":[],"_links":{"self":[{"href":"https:\/\/pagodenzelt.at\/cs\/wp-json\/wp\/v2\/product\/6385"}],"collection":[{"href":"https:\/\/pagodenzelt.at\/cs\/wp-json\/wp\/v2\/product"}],"about":[{"href":"https:\/\/pagodenzelt.at\/cs\/wp-json\/wp\/v2\/types\/product"}],"version-history":[{"count":1,"href":"https:\/\/pagodenzelt.at\/cs\/wp-json\/wp\/v2\/product\/6385\/revisions"}],"predecessor-version":[{"id":6388,"href":"https:\/\/pagodenzelt.at\/cs\/wp-json\/wp\/v2\/product\/6385\/revisions\/6388"}],"wp:featuredmedia":[{"embeddable":true,"href":"https:\/\/pagodenzelt.at\/cs\/wp-json\/wp\/v2\/media\/5242"}],"wp:attachment":[{"href":"https:\/\/pagodenzelt.at\/cs\/wp-json\/wp\/v2\/media?parent=6385"}],"wp:term":[{"taxonomy":"product_brand","embeddable":true,"href":"https:\/\/pagodenzelt.at\/cs\/wp-json\/wp\/v2\/product_brand?post=6385"},{"taxonomy":"product_cat","embeddable":true,"href":"https:\/\/pagodenzelt.at\/cs\/wp-json\/wp\/v2\/product_cat?post=6385"},{"taxonomy":"product_tag","embeddable":true,"href":"https:\/\/pagodenzelt.at\/cs\/wp-json\/wp\/v2\/product_tag?post=6385"}],"curies":[{"name":"wp","href":"https:\/\/api.w.org\/{rel}","templated":true}]}}