{"id":6390,"date":"2023-11-16T23:47:04","date_gmt":"2023-11-16T23:47:04","guid":{"rendered":"https:\/\/pagodenzelt.at\/product\/stan-pagoda-5x5m\/"},"modified":"2025-04-17T08:30:43","modified_gmt":"2025-04-17T08:30:43","slug":"stan-pagoda-5x5m","status":"publish","type":"product","link":"https:\/\/pagodenzelt.at\/cs\/product\/stan-pagoda-5x5m\/","title":{"rendered":"Stan Pagoda 5X5m"},"content":{"rendered":"<p>Objevte n\u00e1\u0161 v\u0161estrann\u00fd stan pagoda 5&#215;5 m &#8211; ide\u00e1ln\u00ed \u0159e\u0161en\u00ed pro t\u00e9m\u011b\u0159 ka\u017edou p\u0159\u00edle\u017eitost! Tento stan zaujme svou pozoruhodnou stabilitou, d\u00edky n\u00ed\u017e odol\u00e1 \u017eivl\u016fm a spolehliv\u011b ochr\u00e1n\u00ed va\u0161i akci. Jeho elegantn\u00ed vzhled nav\u00edc dod\u00e1 va\u0161\u00ed akci sofistikovanou atmosf\u00e9ru. A\u0165 u\u017e se jedn\u00e1 o trhy, veletrhy, oslavy nebo jin\u00e9 \u00fa\u010dely, tento pagodov\u00fd stan nab\u00edz\u00ed dokonalou kombinaci stylu a pevnosti. Vyu\u017eijte p\u0159\u00edle\u017eitosti a po\u0159i\u010fte si tento prvot\u0159\u00eddn\u00ed pagoda stan o rozm\u011brech 5&#215;5 m je\u0161t\u011b dnes a posu\u0148te sv\u00e9 akce na vy\u0161\u0161\u00ed \u00farove\u0148!<\/p>\n","protected":false},"excerpt":{"rendered":"<p>Objevte n\u00e1\u0161 v\u0161estrann\u00fd stan pagoda 5&#215;5 m &#8211; ide\u00e1ln\u00ed \u0159e\u0161en\u00ed pro t\u00e9m\u011b\u0159 ka\u017edou p\u0159\u00edle\u017eitost! Tento stan zaujme svou pozoruhodnou stabilitou, d\u00edky n\u00ed\u017e odol\u00e1 \u017eivl\u016fm a spolehliv\u011b ochr\u00e1n\u00ed va\u0161i akci. Jeho elegantn\u00ed vzhled nav\u00edc dod\u00e1 va\u0161\u00ed akci sofistikovanou atmosf\u00e9ru. A\u0165 u\u017e se jedn\u00e1 o trhy, veletrhy, oslavy nebo jin\u00e9 \u00fa\u010dely, tento pagodov\u00fd stan nab\u00edz\u00ed dokonalou kombinaci [&hellip;]<\/p>\n","protected":false},"featured_media":5702,"template":"","meta":{"om_disable_all_campaigns":false,"_monsterinsights_skip_tracking":false,"_monsterinsights_sitenote_active":false,"_monsterinsights_sitenote_note":"","_monsterinsights_sitenote_category":0,"site-sidebar-layout":"default","site-content-layout":"","ast-site-content-layout":"default","site-content-style":"default","site-sidebar-style":"default","ast-global-header-display":"","ast-banner-title-visibility":"","ast-main-header-display":"","ast-hfb-above-header-display":"","ast-hfb-below-header-display":"","ast-hfb-mobile-header-display":"","site-post-title":"","ast-breadcrumbs-content":"","ast-featured-img":"","footer-sml-layout":"","ast-disable-related-posts":"","theme-transparent-header-meta":"default","adv-header-id-meta":"","stick-header-meta":"","header-above-stick-meta":"","header-main-stick-meta":"","header-below-stick-meta":"","astra-migrate-meta-layouts":"default","ast-page-background-enabled":"default","ast-page-background-meta":{"desktop":{"background-color":"","background-image":"","background-repeat":"repeat","background-position":"center center","background-size":"auto","background-attachment":"scroll","background-type":"","background-media":"","overlay-type":"","overlay-color":"","overlay-opacity":"","overlay-gradient":""},"tablet":{"background-color":"","background-image":"","background-repeat":"repeat","background-position":"center center","background-size":"auto","background-attachment":"scroll","background-type":"","background-media":"","overlay-type":"","overlay-color":"","overlay-opacity":"","overlay-gradient":""},"mobile":{"background-color":"","background-image":"","background-repeat":"repeat","background-position":"center center","background-size":"auto","background-attachment":"scroll","background-type":"","background-media":"","overlay-type":"","overlay-color":"","overlay-opacity":"","overlay-gradient":""}},"ast-content-background-meta":{"desktop":{"background-color":"var(--ast-global-color-5)","background-image":"","background-repeat":"repeat","background-position":"center center","background-size":"auto","background-attachment":"scroll","background-type":"","background-media":"","overlay-type":"","overlay-color":"","overlay-opacity":"","overlay-gradient":""},"tablet":{"background-color":"var(--ast-global-color-5)","background-image":"","background-repeat":"repeat","background-position":"center center","background-size":"auto","background-attachment":"scroll","background-type":"","background-media":"","overlay-type":"","overlay-color":"","overlay-opacity":"","overlay-gradient":""},"mobile":{"background-color":"var(--ast-global-color-5)","background-image":"","background-repeat":"repeat","background-position":"center center","background-size":"auto","background-attachment":"scroll","background-type":"","background-media":"","overlay-type":"","overlay-color":"","overlay-opacity":"","overlay-gradient":""}}},"product_brand":[],"product_cat":[143],"product_tag":[150,151,144],"class_list":{"0":"post-6390","1":"product","2":"type-product","3":"status-publish","4":"has-post-thumbnail","6":"product_cat-stan-pagoda","7":"product_tag-pagoda-cs","8":"product_tag-pagodatent-cs","9":"product_tag-stan-pagoda","10":"desktop-align-left","11":"tablet-align-left","12":"mobile-align-left","14":"first","15":"instock","16":"featured","17":"shipping-taxable","18":"purchasable","19":"product-type-simple"},"aioseo_notices":[],"_links":{"self":[{"href":"https:\/\/pagodenzelt.at\/cs\/wp-json\/wp\/v2\/product\/6390"}],"collection":[{"href":"https:\/\/pagodenzelt.at\/cs\/wp-json\/wp\/v2\/product"}],"about":[{"href":"https:\/\/pagodenzelt.at\/cs\/wp-json\/wp\/v2\/types\/product"}],"version-history":[{"count":2,"href":"https:\/\/pagodenzelt.at\/cs\/wp-json\/wp\/v2\/product\/6390\/revisions"}],"predecessor-version":[{"id":7734,"href":"https:\/\/pagodenzelt.at\/cs\/wp-json\/wp\/v2\/product\/6390\/revisions\/7734"}],"wp:featuredmedia":[{"embeddable":true,"href":"https:\/\/pagodenzelt.at\/cs\/wp-json\/wp\/v2\/media\/5702"}],"wp:attachment":[{"href":"https:\/\/pagodenzelt.at\/cs\/wp-json\/wp\/v2\/media?parent=6390"}],"wp:term":[{"taxonomy":"product_brand","embeddable":true,"href":"https:\/\/pagodenzelt.at\/cs\/wp-json\/wp\/v2\/product_brand?post=6390"},{"taxonomy":"product_cat","embeddable":true,"href":"https:\/\/pagodenzelt.at\/cs\/wp-json\/wp\/v2\/product_cat?post=6390"},{"taxonomy":"product_tag","embeddable":true,"href":"https:\/\/pagodenzelt.at\/cs\/wp-json\/wp\/v2\/product_tag?post=6390"}],"curies":[{"name":"wp","href":"https:\/\/api.w.org\/{rel}","templated":true}]}}