{"id":6341,"date":"2023-10-27T18:23:44","date_gmt":"2023-10-27T18:23:44","guid":{"rendered":"https:\/\/pagodenzelt.at\/rolunk\/"},"modified":"2025-04-17T08:30:32","modified_gmt":"2025-04-17T08:30:32","slug":"rolunk","status":"publish","type":"page","link":"https:\/\/pagodenzelt.at\/hu\/rolunk\/","title":{"rendered":"R\u00f3lunk"},"content":{"rendered":"\t\t<div data-elementor-type=\"wp-page\" data-elementor-id=\"6341\" class=\"elementor elementor-6341 elementor-35\">\n\t\t\t\t<div class=\"elementor-element elementor-element-d3165ce e-flex e-con-boxed e-con e-parent\" data-id=\"d3165ce\" data-element_type=\"container\" data-e-type=\"container\">\n\t\t\t\t\t<div class=\"e-con-inner\">\n\t\t<div class=\"elementor-element elementor-element-d2cbbf1 e-con-full e-flex elementor-invisible e-con e-child\" data-id=\"d2cbbf1\" data-element_type=\"container\" data-e-type=\"container\" data-settings=\"{&quot;animation&quot;:&quot;fadeInRight&quot;}\">\n\t\t\t\t<div class=\"elementor-element elementor-element-73f9ed4 elementor-widget elementor-widget-text-editor\" data-id=\"73f9ed4\" data-element_type=\"widget\" data-e-type=\"widget\" data-widget_type=\"text-editor.default\">\n\t\t\t\t<div class=\"elementor-widget-container\">\n\t\t\t\t\t\t\t\t\t<h3 style=\"padding-top: 30px;\"><span style=\"color: #d60404;\">K\u00dcLDET\u00c9S\u00dcNK<\/span><\/h3>\nA pagodas\u00e1trak els\u0151 sz\u00e1m\u00fa szolg\u00e1ltat\u00f3jak\u00e9nt poz\u00edcion\u00e1ljuk magunkat Ausztri\u00e1ban. S\u00e1traink biztos\u00edtj\u00e1k, hogy rendezv\u00e9nye biztons\u00e1gos legyen. Saj\u00e1t nemzetk\u00f6zi szint\u0171 rendezv\u00e9nyeink szervez\u0151ik\u00e9nt j\u00f3l ismerj\u00fck a sz\u00e9l, az id\u0151j\u00e1r\u00e1s \u00e9s a h\u0151s\u00e9g okozta kih\u00edv\u00e1sokat.    \n\nK\u00e9rj\u00fck, ne habozzon kapcsolatba l\u00e9pni vel\u00fcnk.  <a href=\"https:\/\/pagodenzelt.at\/hu\/kapcsolatfelvetel\/\" rel=\"noopener\" target=\"_blank\" style=\"color:red\">L\u00e9pjen kapcsolatba most<\/a>\n<h3>PFEFFER SPORT &amp; ESEM\u00c9NYEK<\/h3>\nRendezv\u00e9nyszervez\u0151 c\u00e9g\u00fcnkkel \u00e9vente sz\u00e1mos cs\u00facstrend\u0171 sportesem\u00e9nyt szervez\u00fcnk Ausztri\u00e1ban. K\u00fcl\u00f6n\u00f6s gondot ford\u00edtunk az \u00e9lsportok n\u00e9pszer\u0171s\u00edt\u00e9s\u00e9re. Szervezt\u00fcnk p\u00e9ld\u00e1ul Eur\u00f3pai Footvolley Liga torn\u00e1t, BeachSoccer Nemzetek Torn\u00e1j\u00e1t, profi Teqball megh\u00edv\u00e1sos torn\u00e1t \u00e9s m\u00e9g sok m\u00e1s esem\u00e9nyt. Felismert\u00fck, hogy minden rendezv\u00e9nyhez biztons\u00e1gos s\u00e1torral ell\u00e1tott tet\u0151szerkezetre van sz\u00fcks\u00e9g, \u00e9s ezt most m\u00e1s szervez\u0151k sz\u00e1m\u00e1ra is szeretn\u00e9nk biztos\u00edtani. Ak\u00e1r v\u00e1s\u00e1rl\u00e1s, ak\u00e1r b\u00e9rl\u00e9s ir\u00e1nt \u00e9rdekl\u0151dik, k\u00e9rj\u00fck, vegye fel vel\u00fcnk a kapcsolatot.      <a href=\"https:\/\/pagodenzelt.at\/hu\/kapcsolatfelvetel\/\" rel=\"noopener\" target=\"_blank\" style=\"color:red\">\u00c9rdekl\u0151dj\u00f6n most<\/a>\t\t\t\t\t\t\t\t<\/div>\n\t\t\t\t<\/div>\n\t\t\t\t<\/div>\n\t\t<div class=\"elementor-element elementor-element-05f3fe0 e-con-full e-flex elementor-invisible e-con e-child\" data-id=\"05f3fe0\" data-element_type=\"container\" data-e-type=\"container\" data-settings=\"{&quot;animation&quot;:&quot;fadeInLeft&quot;}\">\n\t\t\t\t<div class=\"elementor-element elementor-element-fd07191 elementor-widget elementor-widget-image\" data-id=\"fd07191\" data-element_type=\"widget\" data-e-type=\"widget\" data-widget_type=\"image.default\">\n\t\t\t\t<div class=\"elementor-widget-container\">\n\t\t\t\t\t\t\t\t\t\t\t\t\t\t\t<img fetchpriority=\"high\" decoding=\"async\" width=\"677\" height=\"1024\" src=\"https:\/\/pagodenzelt.at\/wp-content\/uploads\/2023\/11\/WhatsApp-Image-2023-11-13-at-17.21.48-677x1024.jpeg\" class=\"attachment-large size-large wp-image-6100\" alt=\"\" srcset=\"https:\/\/pagodenzelt.at\/wp-content\/uploads\/2023\/11\/WhatsApp-Image-2023-11-13-at-17.21.48-677x1024.jpeg 677w, https:\/\/pagodenzelt.at\/wp-content\/uploads\/2023\/11\/WhatsApp-Image-2023-11-13-at-17.21.48-198x300.jpeg 198w, https:\/\/pagodenzelt.at\/wp-content\/uploads\/2023\/11\/WhatsApp-Image-2023-11-13-at-17.21.48-600x908.jpeg 600w, https:\/\/pagodenzelt.at\/wp-content\/uploads\/2023\/11\/WhatsApp-Image-2023-11-13-at-17.21.48.jpeg 714w\" sizes=\"(max-width: 677px) 100vw, 677px\" \/>\t\t\t\t\t\t\t\t\t\t\t\t\t\t\t<\/div>\n\t\t\t\t<\/div>\n\t\t\t\t<\/div>\n\t\t\t\t\t<\/div>\n\t\t\t\t<\/div>\n\t\t\t\t<\/div>\n\t\t","protected":false},"excerpt":{"rendered":"<p>K\u00dcLDET\u00c9S\u00dcNK A pagodas\u00e1trak els\u0151 sz\u00e1m\u00fa szolg\u00e1ltat\u00f3jak\u00e9nt poz\u00edcion\u00e1ljuk magunkat Ausztri\u00e1ban. S\u00e1traink biztos\u00edtj\u00e1k, hogy rendezv\u00e9nye biztons\u00e1gos legyen. Saj\u00e1t nemzetk\u00f6zi szint\u0171 rendezv\u00e9nyeink szervez\u0151ik\u00e9nt j\u00f3l ismerj\u00fck a sz\u00e9l, az id\u0151j\u00e1r\u00e1s \u00e9s a h\u0151s\u00e9g okozta kih\u00edv\u00e1sokat. K\u00e9rj\u00fck, ne habozzon kapcsolatba l\u00e9pni vel\u00fcnk. L\u00e9pjen kapcsolatba most PFEFFER SPORT &amp; ESEM\u00c9NYEK Rendezv\u00e9nyszervez\u0151 c\u00e9g\u00fcnkkel \u00e9vente sz\u00e1mos cs\u00facstrend\u0171 sportesem\u00e9nyt szervez\u00fcnk Ausztri\u00e1ban. K\u00fcl\u00f6n\u00f6s gondot ford\u00edtunk [&hellip;]<\/p>\n","protected":false},"author":1,"featured_media":0,"parent":0,"menu_order":0,"comment_status":"closed","ping_status":"closed","template":"","meta":{"om_disable_all_campaigns":false,"_monsterinsights_skip_tracking":false,"_monsterinsights_sitenote_active":false,"_monsterinsights_sitenote_note":"","_monsterinsights_sitenote_category":0,"site-sidebar-layout":"no-sidebar","site-content-layout":"page-builder","ast-site-content-layout":"full-width-container","site-content-style":"unboxed","site-sidebar-style":"unboxed","ast-global-header-display":"","ast-banner-title-visibility":"","ast-main-header-display":"","ast-hfb-above-header-display":"","ast-hfb-below-header-display":"","ast-hfb-mobile-header-display":"","site-post-title":"disabled","ast-breadcrumbs-content":"","ast-featured-img":"disabled","footer-sml-layout":"","ast-disable-related-posts":"","theme-transparent-header-meta":"","adv-header-id-meta":"","stick-header-meta":"","header-above-stick-meta":"","header-main-stick-meta":"","header-below-stick-meta":"","astra-migrate-meta-layouts":"default","ast-page-background-enabled":"default","ast-page-background-meta":{"desktop":{"background-color":"","background-image":"","background-repeat":"repeat","background-position":"center center","background-size":"auto","background-attachment":"scroll","background-type":"","background-media":"","overlay-type":"","overlay-color":"","overlay-opacity":"","overlay-gradient":""},"tablet":{"background-color":"","background-image":"","background-repeat":"repeat","background-position":"center center","background-size":"auto","background-attachment":"scroll","background-type":"","background-media":"","overlay-type":"","overlay-color":"","overlay-opacity":"","overlay-gradient":""},"mobile":{"background-color":"","background-image":"","background-repeat":"repeat","background-position":"center center","background-size":"auto","background-attachment":"scroll","background-type":"","background-media":"","overlay-type":"","overlay-color":"","overlay-opacity":"","overlay-gradient":""}},"ast-content-background-meta":{"desktop":{"background-color":"var(--ast-global-color-5)","background-image":"","background-repeat":"repeat","background-position":"center center","background-size":"auto","background-attachment":"scroll","background-type":"","background-media":"","overlay-type":"","overlay-color":"","overlay-opacity":"","overlay-gradient":""},"tablet":{"background-color":"var(--ast-global-color-5)","background-image":"","background-repeat":"repeat","background-position":"center center","background-size":"auto","background-attachment":"scroll","background-type":"","background-media":"","overlay-type":"","overlay-color":"","overlay-opacity":"","overlay-gradient":""},"mobile":{"background-color":"var(--ast-global-color-5)","background-image":"","background-repeat":"repeat","background-position":"center center","background-size":"auto","background-attachment":"scroll","background-type":"","background-media":"","overlay-type":"","overlay-color":"","overlay-opacity":"","overlay-gradient":""}},"footnotes":""},"class_list":["post-6341","page","type-page","status-publish","hentry"],"aioseo_notices":[],"_links":{"self":[{"href":"https:\/\/pagodenzelt.at\/hu\/wp-json\/wp\/v2\/pages\/6341"}],"collection":[{"href":"https:\/\/pagodenzelt.at\/hu\/wp-json\/wp\/v2\/pages"}],"about":[{"href":"https:\/\/pagodenzelt.at\/hu\/wp-json\/wp\/v2\/types\/page"}],"author":[{"embeddable":true,"href":"https:\/\/pagodenzelt.at\/hu\/wp-json\/wp\/v2\/users\/1"}],"replies":[{"embeddable":true,"href":"https:\/\/pagodenzelt.at\/hu\/wp-json\/wp\/v2\/comments?post=6341"}],"version-history":[{"count":6,"href":"https:\/\/pagodenzelt.at\/hu\/wp-json\/wp\/v2\/pages\/6341\/revisions"}],"predecessor-version":[{"id":7728,"href":"https:\/\/pagodenzelt.at\/hu\/wp-json\/wp\/v2\/pages\/6341\/revisions\/7728"}],"wp:attachment":[{"href":"https:\/\/pagodenzelt.at\/hu\/wp-json\/wp\/v2\/media?parent=6341"}],"curies":[{"name":"wp","href":"https:\/\/api.w.org\/{rel}","templated":true}]}}