{"id":6744,"date":"2023-12-11T20:05:58","date_gmt":"2023-12-11T20:05:58","guid":{"rendered":"https:\/\/pagodenzelt.at\/markas-felfujhato-sator\/"},"modified":"2025-04-17T08:50:42","modified_gmt":"2025-04-17T08:50:42","slug":"markas-felfujhato-sator","status":"publish","type":"page","link":"https:\/\/pagodenzelt.at\/hu\/markas-felfujhato-sator\/","title":{"rendered":"M\u00e1rk\u00e1s felf\u00fajhat\u00f3 s\u00e1tor"},"content":{"rendered":"\t\t<div data-elementor-type=\"wp-page\" data-elementor-id=\"6744\" class=\"elementor elementor-6744 elementor-5274\">\n\t\t\t\t<div class=\"elementor-element elementor-element-b22b73d e-flex e-con-boxed e-con e-parent\" data-id=\"b22b73d\" data-element_type=\"container\" data-e-type=\"container\">\n\t\t\t\t\t<div class=\"e-con-inner\">\n\t\t<div class=\"elementor-element elementor-element-f0aefd1 e-con-full e-flex e-con e-child\" data-id=\"f0aefd1\" data-element_type=\"container\" data-e-type=\"container\">\n\t\t\t\t<div class=\"elementor-element elementor-element-f53098a elementor-widget elementor-widget-image\" data-id=\"f53098a\" data-element_type=\"widget\" data-e-type=\"widget\" data-widget_type=\"image.default\">\n\t\t\t\t<div class=\"elementor-widget-container\">\n\t\t\t\t\t\t\t\t\t\t\t\t\t\t\t<img fetchpriority=\"high\" decoding=\"async\" width=\"1024\" height=\"634\" src=\"https:\/\/pagodenzelt.at\/wp-content\/uploads\/2023\/12\/WhatsApp-Image-2023-12-11-at-20.59.34-1024x634.jpeg\" class=\"attachment-large size-large wp-image-6298\" alt=\"\" srcset=\"https:\/\/pagodenzelt.at\/wp-content\/uploads\/2023\/12\/WhatsApp-Image-2023-12-11-at-20.59.34-1024x634.jpeg 1024w, https:\/\/pagodenzelt.at\/wp-content\/uploads\/2023\/12\/WhatsApp-Image-2023-12-11-at-20.59.34-300x186.jpeg 300w, https:\/\/pagodenzelt.at\/wp-content\/uploads\/2023\/12\/WhatsApp-Image-2023-12-11-at-20.59.34-768x476.jpeg 768w, https:\/\/pagodenzelt.at\/wp-content\/uploads\/2023\/12\/WhatsApp-Image-2023-12-11-at-20.59.34-600x372.jpeg 600w, https:\/\/pagodenzelt.at\/wp-content\/uploads\/2023\/12\/WhatsApp-Image-2023-12-11-at-20.59.34.jpeg 1080w\" sizes=\"(max-width: 1024px) 100vw, 1024px\" \/>\t\t\t\t\t\t\t\t\t\t\t\t\t\t\t<\/div>\n\t\t\t\t<\/div>\n\t\t\t\t<div class=\"elementor-element elementor-element-e7a2433 elementor-widget elementor-widget-image\" data-id=\"e7a2433\" data-element_type=\"widget\" data-e-type=\"widget\" data-widget_type=\"image.default\">\n\t\t\t\t<div class=\"elementor-widget-container\">\n\t\t\t\t\t\t\t\t\t\t\t\t\t\t\t<img decoding=\"async\" width=\"1000\" height=\"1000\" src=\"https:\/\/pagodenzelt.at\/wp-content\/uploads\/2023\/12\/WhatsApp-Image-2023-12-11-at-20.33.44.jpeg\" class=\"attachment-large size-large wp-image-6254\" alt=\"\" srcset=\"https:\/\/pagodenzelt.at\/wp-content\/uploads\/2023\/12\/WhatsApp-Image-2023-12-11-at-20.33.44.jpeg 1000w, https:\/\/pagodenzelt.at\/wp-content\/uploads\/2023\/12\/WhatsApp-Image-2023-12-11-at-20.33.44-300x300.jpeg 300w, https:\/\/pagodenzelt.at\/wp-content\/uploads\/2023\/12\/WhatsApp-Image-2023-12-11-at-20.33.44-150x150.jpeg 150w, https:\/\/pagodenzelt.at\/wp-content\/uploads\/2023\/12\/WhatsApp-Image-2023-12-11-at-20.33.44-768x768.jpeg 768w, https:\/\/pagodenzelt.at\/wp-content\/uploads\/2023\/12\/WhatsApp-Image-2023-12-11-at-20.33.44-600x600.jpeg 600w, https:\/\/pagodenzelt.at\/wp-content\/uploads\/2023\/12\/WhatsApp-Image-2023-12-11-at-20.33.44-100x100.jpeg 100w\" sizes=\"(max-width: 1000px) 100vw, 1000px\" \/>\t\t\t\t\t\t\t\t\t\t\t\t\t\t\t<\/div>\n\t\t\t\t<\/div>\n\t\t\t\t<div class=\"elementor-element elementor-element-35e588a elementor-widget elementor-widget-image\" data-id=\"35e588a\" data-element_type=\"widget\" data-e-type=\"widget\" data-widget_type=\"image.default\">\n\t\t\t\t<div class=\"elementor-widget-container\">\n\t\t\t\t\t\t\t\t\t\t\t\t\t\t\t<img decoding=\"async\" width=\"1000\" height=\"1000\" src=\"https:\/\/pagodenzelt.at\/wp-content\/uploads\/2023\/12\/WhatsApp-Image-2023-12-11-at-20.33.44-1.jpeg\" class=\"attachment-large size-large wp-image-6243\" alt=\"\" srcset=\"https:\/\/pagodenzelt.at\/wp-content\/uploads\/2023\/12\/WhatsApp-Image-2023-12-11-at-20.33.44-1.jpeg 1000w, https:\/\/pagodenzelt.at\/wp-content\/uploads\/2023\/12\/WhatsApp-Image-2023-12-11-at-20.33.44-1-300x300.jpeg 300w, https:\/\/pagodenzelt.at\/wp-content\/uploads\/2023\/12\/WhatsApp-Image-2023-12-11-at-20.33.44-1-150x150.jpeg 150w, https:\/\/pagodenzelt.at\/wp-content\/uploads\/2023\/12\/WhatsApp-Image-2023-12-11-at-20.33.44-1-768x768.jpeg 768w, https:\/\/pagodenzelt.at\/wp-content\/uploads\/2023\/12\/WhatsApp-Image-2023-12-11-at-20.33.44-1-600x600.jpeg 600w, https:\/\/pagodenzelt.at\/wp-content\/uploads\/2023\/12\/WhatsApp-Image-2023-12-11-at-20.33.44-1-100x100.jpeg 100w\" sizes=\"(max-width: 1000px) 100vw, 1000px\" \/>\t\t\t\t\t\t\t\t\t\t\t\t\t\t\t<\/div>\n\t\t\t\t<\/div>\n\t\t\t\t<\/div>\n\t\t<div class=\"elementor-element elementor-element-56a3c62 e-con-full e-flex e-con e-child\" data-id=\"56a3c62\" data-element_type=\"container\" data-e-type=\"container\">\n\t\t\t\t<div class=\"elementor-element elementor-element-5ee69d9 elementor-widget elementor-widget-text-editor\" data-id=\"5ee69d9\" data-element_type=\"widget\" data-e-type=\"widget\" data-widget_type=\"text-editor.default\">\n\t\t\t\t<div class=\"elementor-widget-container\">\n\t\t\t\t\t\t\t\t\t<p>Pagodenzelt.at<\/p>\n<h1 style=\"color: #d60404;\">M\u00e1rk\u00e1s felf\u00fajhat\u00f3 s\u00e1tor<\/h1>\n<h5>2500 EUR-t\u00f3l<\/h5>\n<h5>\u00c1F\u00c1-val egy\u00fctt. <\/h5>\n<p>Pneumatikusan felf\u00fajhat\u00f3 s\u00e1trunk kiv\u00e1l\u00f3an alkalmas k\u00f6nny\u0171<br \/>rekl\u00e1mhordoz\u00f3nak az \u00d6n rendezv\u00e9ny\u00e9re. A fel\u00e1ll\u00edt\u00e1sa mind\u00f6ssze n\u00e9h\u00e1ny percet vesz ig\u00e9nybe<br \/>\u00e9s m\u00e9ret\u00e9t\u0151l f\u00fcgg\u0151en egy vagy k\u00e9t ember is fel\u00e1ll\u00edthatja.<br \/>S\u00e1trainkhoz sz\u00e1mos kieg\u00e9sz\u00edt\u0151t k\u00edn\u00e1lunk, p\u00e9ld\u00e1ul el\u0151tet\u0151ket. <\/p>\n\t\t\t\t\t\t\t\t<\/div>\n\t\t\t\t<\/div>\n\t\t\t\t<div class=\"elementor-element elementor-element-efe361f elementor-align-center elementor-widget elementor-widget-button\" data-id=\"efe361f\" data-element_type=\"widget\" data-e-type=\"widget\" data-widget_type=\"button.default\">\n\t\t\t\t<div class=\"elementor-widget-container\">\n\t\t\t\t\t\t\t\t\t<div class=\"elementor-button-wrapper\">\n\t\t\t\t\t<a class=\"elementor-button elementor-button-link elementor-size-lg\" href=\"https:\/\/pagodenzelt.at\/hu\/konfiguraljon-most\/\">\n\t\t\t\t\t\t<span class=\"elementor-button-content-wrapper\">\n\t\t\t\t\t\t\t\t\t<span class=\"elementor-button-text\">Konfigur\u00e1ljon most<\/span>\n\t\t\t\t\t<\/span>\n\t\t\t\t\t<\/a>\n\t\t\t\t<\/div>\n\t\t\t\t\t\t\t\t<\/div>\n\t\t\t\t<\/div>\n\t\t\t\t<div class=\"elementor-element elementor-element-60ec167 elementor-widget elementor-widget-toggle\" data-id=\"60ec167\" data-element_type=\"widget\" data-e-type=\"widget\" data-widget_type=\"toggle.default\">\n\t\t\t\t<div class=\"elementor-widget-container\">\n\t\t\t\t\t\t\t<div class=\"elementor-toggle\">\n\t\t\t\t\t\t\t<div class=\"elementor-toggle-item\">\n\t\t\t\t\t<div id=\"elementor-tab-title-1011\" class=\"elementor-tab-title\" data-tab=\"1\" role=\"button\" aria-controls=\"elementor-tab-content-1011\" aria-expanded=\"false\">\n\t\t\t\t\t\t\t\t\t\t\t\t<span class=\"elementor-toggle-icon elementor-toggle-icon-left\" aria-hidden=\"true\">\n\t\t\t\t\t\t\t\t\t\t\t\t\t\t\t<span class=\"elementor-toggle-icon-closed\"><svg class=\"e-font-icon-svg e-fas-caret-right\" viewBox=\"0 0 192 512\" xmlns=\"http:\/\/www.w3.org\/2000\/svg\"><path d=\"M0 384.662V127.338c0-17.818 21.543-26.741 34.142-14.142l128.662 128.662c7.81 7.81 7.81 20.474 0 28.284L34.142 398.804C21.543 411.404 0 402.48 0 384.662z\"><\/path><\/svg><\/span>\n\t\t\t\t\t\t\t\t<span class=\"elementor-toggle-icon-opened\"><svg class=\"elementor-toggle-icon-opened e-font-icon-svg e-fas-caret-up\" viewBox=\"0 0 320 512\" xmlns=\"http:\/\/www.w3.org\/2000\/svg\"><path d=\"M288.662 352H31.338c-17.818 0-26.741-21.543-14.142-34.142l128.662-128.662c7.81-7.81 20.474-7.81 28.284 0l128.662 128.662c12.6 12.599 3.676 34.142-14.142 34.142z\"><\/path><\/svg><\/span>\n\t\t\t\t\t\t\t\t\t\t\t\t\t<\/span>\n\t\t\t\t\t\t\t\t\t\t\t\t<a class=\"elementor-toggle-title\" tabindex=\"0\">Sz\u00e1ll\u00edt\u00e1si terjedelem<\/a>\n\t\t\t\t\t<\/div>\n\n\t\t\t\t\t<div id=\"elementor-tab-content-1011\" class=\"elementor-tab-content elementor-clearfix\" data-tab=\"1\" role=\"region\" aria-labelledby=\"elementor-tab-title-1011\"><p><span style=\"color:#d60404;\">Nincsenek<\/span> rejtett k\u00f6lts\u00e9gek &#8211; n\u00e1lunk egy pneumatikus s\u00e1trat kap<br \/>\n, amely tartalmazza a m\u0171k\u00f6d\u00e9shez sz\u00fcks\u00e9ges <span style=\"color:#d60404;\">\u00f6sszes<\/span> <span style=\"color:#d60404;\">alkatr\u00e9szt<\/span>. Sz\u00e1mos kieg\u00e9sz\u00edt\u0151 felszerel\u00e9si lehet\u0151s\u00e9gr\u0151l is \u00e9rdekl\u0151dhet a<br \/>\noldalon. <\/p>\n<p>Sz\u00e1ll\u00edt\u00e1si terjedelem:<\/p>\n<ul>\n<li>Pneumatikus s\u00e1tor a k\u00edv\u00e1nt m\u00e9retben<\/li>\n<li>Sz\u00e1ll\u00edt\u00f3t\u00e1ska<\/li>\n<li>S\u00e1tor szivatty\u00fa<\/li>\n<li>4x homokzs\u00e1k a s\u00e1tor r\u00f6gz\u00edt\u00e9s\u00e9hez<\/li>\n<\/ul>\n<\/div>\n\t\t\t\t<\/div>\n\t\t\t\t\t\t\t<div class=\"elementor-toggle-item\">\n\t\t\t\t\t<div id=\"elementor-tab-title-1012\" class=\"elementor-tab-title\" data-tab=\"2\" role=\"button\" aria-controls=\"elementor-tab-content-1012\" aria-expanded=\"false\">\n\t\t\t\t\t\t\t\t\t\t\t\t<span class=\"elementor-toggle-icon elementor-toggle-icon-left\" aria-hidden=\"true\">\n\t\t\t\t\t\t\t\t\t\t\t\t\t\t\t<span class=\"elementor-toggle-icon-closed\"><svg class=\"e-font-icon-svg e-fas-caret-right\" viewBox=\"0 0 192 512\" xmlns=\"http:\/\/www.w3.org\/2000\/svg\"><path d=\"M0 384.662V127.338c0-17.818 21.543-26.741 34.142-14.142l128.662 128.662c7.81 7.81 7.81 20.474 0 28.284L34.142 398.804C21.543 411.404 0 402.48 0 384.662z\"><\/path><\/svg><\/span>\n\t\t\t\t\t\t\t\t<span class=\"elementor-toggle-icon-opened\"><svg class=\"elementor-toggle-icon-opened e-font-icon-svg e-fas-caret-up\" viewBox=\"0 0 320 512\" xmlns=\"http:\/\/www.w3.org\/2000\/svg\"><path d=\"M288.662 352H31.338c-17.818 0-26.741-21.543-14.142-34.142l128.662-128.662c7.81-7.81 20.474-7.81 28.284 0l128.662 128.662c12.6 12.599 3.676 34.142-14.142 34.142z\"><\/path><\/svg><\/span>\n\t\t\t\t\t\t\t\t\t\t\t\t\t<\/span>\n\t\t\t\t\t\t\t\t\t\t\t\t<a class=\"elementor-toggle-title\" tabindex=\"0\">Berendez\u00e9si lehet\u0151s\u00e9gek<\/a>\n\t\t\t\t\t<\/div>\n\n\t\t\t\t\t<div id=\"elementor-tab-content-1012\" class=\"elementor-tab-content elementor-clearfix\" data-tab=\"2\" role=\"region\" aria-labelledby=\"elementor-tab-title-1012\"><p>S\u00e1trunk sz\u00e1mos felszerel\u00e9si lehet\u0151s\u00e9get k\u00edn\u00e1l a t\u00f6k\u00e9letes m\u00e1rkabemutat\u00f3hoz!<\/p>\n<ul>\n<li>Oldalfalak<\/li>\n<li>Oldalpanelek ablakkal<\/li>\n<li>S\u00e1tortet\u0151<\/li>\n<li>Tov\u00e1bbi homokzs\u00e1kok \/ biztons\u00e1gi elemek<\/li>\n<\/ul>\n<\/div>\n\t\t\t\t<\/div>\n\t\t\t\t\t\t\t<div class=\"elementor-toggle-item\">\n\t\t\t\t\t<div id=\"elementor-tab-title-1013\" class=\"elementor-tab-title\" data-tab=\"3\" role=\"button\" aria-controls=\"elementor-tab-content-1013\" aria-expanded=\"false\">\n\t\t\t\t\t\t\t\t\t\t\t\t<span class=\"elementor-toggle-icon elementor-toggle-icon-left\" aria-hidden=\"true\">\n\t\t\t\t\t\t\t\t\t\t\t\t\t\t\t<span class=\"elementor-toggle-icon-closed\"><svg class=\"e-font-icon-svg e-fas-caret-right\" viewBox=\"0 0 192 512\" xmlns=\"http:\/\/www.w3.org\/2000\/svg\"><path d=\"M0 384.662V127.338c0-17.818 21.543-26.741 34.142-14.142l128.662 128.662c7.81 7.81 7.81 20.474 0 28.284L34.142 398.804C21.543 411.404 0 402.48 0 384.662z\"><\/path><\/svg><\/span>\n\t\t\t\t\t\t\t\t<span class=\"elementor-toggle-icon-opened\"><svg class=\"elementor-toggle-icon-opened e-font-icon-svg e-fas-caret-up\" viewBox=\"0 0 320 512\" xmlns=\"http:\/\/www.w3.org\/2000\/svg\"><path d=\"M288.662 352H31.338c-17.818 0-26.741-21.543-14.142-34.142l128.662-128.662c7.81-7.81 20.474-7.81 28.284 0l128.662 128.662c12.6 12.599 3.676 34.142-14.142 34.142z\"><\/path><\/svg><\/span>\n\t\t\t\t\t\t\t\t\t\t\t\t\t<\/span>\n\t\t\t\t\t\t\t\t\t\t\t\t<a class=\"elementor-toggle-title\" tabindex=\"0\">M\u0171szaki adatok<\/a>\n\t\t\t\t\t<\/div>\n\n\t\t\t\t\t<div id=\"elementor-tab-content-1013\" class=\"elementor-tab-content elementor-clearfix\" data-tab=\"3\" role=\"region\" aria-labelledby=\"elementor-tab-title-1013\"><p>Anyag: h\u0151re l\u00e1gyul\u00f3 poliuret\u00e1n, nagy szak\u00edt\u00f3szil\u00e1rds\u00e1g\u00fa M\u0171k\u00f6d\u00e9s: Folyamatos f\u00fav\u00f3 n\u00e9lk\u00fcl S\u00faly: 10kg 3x3m, 15kg 4x4m eset\u00e9n.<\/p>\n<\/div>\n\t\t\t\t<\/div>\n\t\t\t\t\t\t\t<div class=\"elementor-toggle-item\">\n\t\t\t\t\t<div id=\"elementor-tab-title-1014\" class=\"elementor-tab-title\" data-tab=\"4\" role=\"button\" aria-controls=\"elementor-tab-content-1014\" aria-expanded=\"false\">\n\t\t\t\t\t\t\t\t\t\t\t\t<span class=\"elementor-toggle-icon elementor-toggle-icon-left\" aria-hidden=\"true\">\n\t\t\t\t\t\t\t\t\t\t\t\t\t\t\t<span class=\"elementor-toggle-icon-closed\"><svg class=\"e-font-icon-svg e-fas-caret-right\" viewBox=\"0 0 192 512\" xmlns=\"http:\/\/www.w3.org\/2000\/svg\"><path d=\"M0 384.662V127.338c0-17.818 21.543-26.741 34.142-14.142l128.662 128.662c7.81 7.81 7.81 20.474 0 28.284L34.142 398.804C21.543 411.404 0 402.48 0 384.662z\"><\/path><\/svg><\/span>\n\t\t\t\t\t\t\t\t<span class=\"elementor-toggle-icon-opened\"><svg class=\"elementor-toggle-icon-opened e-font-icon-svg e-fas-caret-up\" viewBox=\"0 0 320 512\" xmlns=\"http:\/\/www.w3.org\/2000\/svg\"><path d=\"M288.662 352H31.338c-17.818 0-26.741-21.543-14.142-34.142l128.662-128.662c7.81-7.81 20.474-7.81 28.284 0l128.662 128.662c12.6 12.599 3.676 34.142-14.142 34.142z\"><\/path><\/svg><\/span>\n\t\t\t\t\t\t\t\t\t\t\t\t\t<\/span>\n\t\t\t\t\t\t\t\t\t\t\t\t<a class=\"elementor-toggle-title\" tabindex=\"0\">Sz\u00e1ll\u00edt\u00e1s<\/a>\n\t\t\t\t\t<\/div>\n\n\t\t\t\t\t<div id=\"elementor-tab-content-1014\" class=\"elementor-tab-content elementor-clearfix\" data-tab=\"4\" role=\"region\" aria-labelledby=\"elementor-tab-title-1014\"><p>A pneumatikus s\u00e1tor a<br \/>weboldalra van szabva. Az aktu\u00e1lis sz\u00e1ll\u00edt\u00e1si hat\u00e1rid\u0151kr\u0151l \u00e9rdekl\u0151dj\u00f6n a<br \/>c\u00edmen. Kapcsolatfelv\u00e9tel  <\/p>\n<\/div>\n\t\t\t\t<\/div>\n\t\t\t\t\t\t\t<div class=\"elementor-toggle-item\">\n\t\t\t\t\t<div id=\"elementor-tab-title-1015\" class=\"elementor-tab-title\" data-tab=\"5\" role=\"button\" aria-controls=\"elementor-tab-content-1015\" aria-expanded=\"false\">\n\t\t\t\t\t\t\t\t\t\t\t\t<span class=\"elementor-toggle-icon elementor-toggle-icon-left\" aria-hidden=\"true\">\n\t\t\t\t\t\t\t\t\t\t\t\t\t\t\t<span class=\"elementor-toggle-icon-closed\"><svg class=\"e-font-icon-svg e-fas-caret-right\" viewBox=\"0 0 192 512\" xmlns=\"http:\/\/www.w3.org\/2000\/svg\"><path d=\"M0 384.662V127.338c0-17.818 21.543-26.741 34.142-14.142l128.662 128.662c7.81 7.81 7.81 20.474 0 28.284L34.142 398.804C21.543 411.404 0 402.48 0 384.662z\"><\/path><\/svg><\/span>\n\t\t\t\t\t\t\t\t<span class=\"elementor-toggle-icon-opened\"><svg class=\"elementor-toggle-icon-opened e-font-icon-svg e-fas-caret-up\" viewBox=\"0 0 320 512\" xmlns=\"http:\/\/www.w3.org\/2000\/svg\"><path d=\"M288.662 352H31.338c-17.818 0-26.741-21.543-14.142-34.142l128.662-128.662c7.81-7.81 20.474-7.81 28.284 0l128.662 128.662c12.6 12.599 3.676 34.142-14.142 34.142z\"><\/path><\/svg><\/span>\n\t\t\t\t\t\t\t\t\t\t\t\t\t<\/span>\n\t\t\t\t\t\t\t\t\t\t\t\t<a class=\"elementor-toggle-title\" tabindex=\"0\">Biztons\u00e1gi utas\u00edt\u00e1sok<\/a>\n\t\t\t\t\t<\/div>\n\n\t\t\t\t\t<div id=\"elementor-tab-content-1015\" class=\"elementor-tab-content elementor-clearfix\" data-tab=\"5\" role=\"region\" aria-labelledby=\"elementor-tab-title-1015\"><ul>\n<li>A pneumatikus s\u00e1trat le kell szerelni a<br \/>\ner\u0151s sz\u00e9l vagy zivatar eset\u00e9n<br \/>\n.<\/li>\n<li>A pneumatikus s\u00e1tor nem alkalmas a<br \/>\n\u00e1lland\u00f3 k\u00fclt\u00e9ri haszn\u00e1latra.<\/li>\n<li>A pneumatikus s\u00e1tor nincs tesztelve a<br \/>\nsz\u00e9l- \u00e9s h\u00f3terhel\u00e9sre.<\/li>\n<\/ul>\n<p>-&gt; S\u00e1trak kedvez\u0151tlen id\u0151j\u00e1r\u00e1si k\u00f6r\u00fclm\u00e9nyek k\u00f6z\u00f6tt is haszn\u00e1lhat\u00f3ak<br \/>\n<br \/>Felt\u00e9telek: <a href=\"https:\/\/pagodenzelt.at\/hu\/pagoda-satraink\/\" style=\"color:#d60404;\">Pagoda s\u00e1traink<\/a><\/p>\n<\/div>\n\t\t\t\t<\/div>\n\t\t\t\t\t\t\t\t<\/div>\n\t\t\t\t\t\t<\/div>\n\t\t\t\t<\/div>\n\t\t\t\t<\/div>\n\t\t\t\t\t<\/div>\n\t\t\t\t<\/div>\n\t\t\t\t<\/div>\n\t\t","protected":false},"excerpt":{"rendered":"<p>Pagodenzelt.at M\u00e1rk\u00e1s felf\u00fajhat\u00f3 s\u00e1tor 2500 EUR-t\u00f3l \u00c1F\u00c1-val egy\u00fctt. Pneumatikusan felf\u00fajhat\u00f3 s\u00e1trunk kiv\u00e1l\u00f3an alkalmas k\u00f6nny\u0171rekl\u00e1mhordoz\u00f3nak az \u00d6n rendezv\u00e9ny\u00e9re. A fel\u00e1ll\u00edt\u00e1sa mind\u00f6ssze n\u00e9h\u00e1ny percet vesz ig\u00e9nybe\u00e9s m\u00e9ret\u00e9t\u0151l f\u00fcgg\u0151en egy vagy k\u00e9t ember is fel\u00e1ll\u00edthatja.S\u00e1trainkhoz sz\u00e1mos kieg\u00e9sz\u00edt\u0151t k\u00edn\u00e1lunk, p\u00e9ld\u00e1ul el\u0151tet\u0151ket. Konfigur\u00e1ljon most Sz\u00e1ll\u00edt\u00e1si terjedelem Nincsenek rejtett k\u00f6lts\u00e9gek &#8211; n\u00e1lunk egy pneumatikus s\u00e1trat kap , amely tartalmazza a m\u0171k\u00f6d\u00e9shez [&hellip;]<\/p>\n","protected":false},"author":1,"featured_media":0,"parent":0,"menu_order":0,"comment_status":"closed","ping_status":"closed","template":"","meta":{"om_disable_all_campaigns":false,"_monsterinsights_skip_tracking":false,"_monsterinsights_sitenote_active":false,"_monsterinsights_sitenote_note":"","_monsterinsights_sitenote_category":0,"site-sidebar-layout":"no-sidebar","site-content-layout":"page-builder","ast-site-content-layout":"full-width-container","site-content-style":"default","site-sidebar-style":"default","ast-global-header-display":"","ast-banner-title-visibility":"","ast-main-header-display":"","ast-hfb-above-header-display":"","ast-hfb-below-header-display":"","ast-hfb-mobile-header-display":"","site-post-title":"disabled","ast-breadcrumbs-content":"","ast-featured-img":"disabled","footer-sml-layout":"","ast-disable-related-posts":"","theme-transparent-header-meta":"","adv-header-id-meta":"","stick-header-meta":"","header-above-stick-meta":"","header-main-stick-meta":"","header-below-stick-meta":"","astra-migrate-meta-layouts":"default","ast-page-background-enabled":"default","ast-page-background-meta":{"desktop":{"background-color":"","background-image":"","background-repeat":"repeat","background-position":"center center","background-size":"auto","background-attachment":"scroll","background-type":"","background-media":"","overlay-type":"","overlay-color":"","overlay-opacity":"","overlay-gradient":""},"tablet":{"background-color":"","background-image":"","background-repeat":"repeat","background-position":"center center","background-size":"auto","background-attachment":"scroll","background-type":"","background-media":"","overlay-type":"","overlay-color":"","overlay-opacity":"","overlay-gradient":""},"mobile":{"background-color":"","background-image":"","background-repeat":"repeat","background-position":"center center","background-size":"auto","background-attachment":"scroll","background-type":"","background-media":"","overlay-type":"","overlay-color":"","overlay-opacity":"","overlay-gradient":""}},"ast-content-background-meta":{"desktop":{"background-color":"var(--ast-global-color-5)","background-image":"","background-repeat":"repeat","background-position":"center center","background-size":"auto","background-attachment":"scroll","background-type":"","background-media":"","overlay-type":"","overlay-color":"","overlay-opacity":"","overlay-gradient":""},"tablet":{"background-color":"var(--ast-global-color-5)","background-image":"","background-repeat":"repeat","background-position":"center center","background-size":"auto","background-attachment":"scroll","background-type":"","background-media":"","overlay-type":"","overlay-color":"","overlay-opacity":"","overlay-gradient":""},"mobile":{"background-color":"var(--ast-global-color-5)","background-image":"","background-repeat":"repeat","background-position":"center center","background-size":"auto","background-attachment":"scroll","background-type":"","background-media":"","overlay-type":"","overlay-color":"","overlay-opacity":"","overlay-gradient":""}},"footnotes":""},"class_list":["post-6744","page","type-page","status-publish","hentry"],"aioseo_notices":[],"_links":{"self":[{"href":"https:\/\/pagodenzelt.at\/hu\/wp-json\/wp\/v2\/pages\/6744"}],"collection":[{"href":"https:\/\/pagodenzelt.at\/hu\/wp-json\/wp\/v2\/pages"}],"about":[{"href":"https:\/\/pagodenzelt.at\/hu\/wp-json\/wp\/v2\/types\/page"}],"author":[{"embeddable":true,"href":"https:\/\/pagodenzelt.at\/hu\/wp-json\/wp\/v2\/users\/1"}],"replies":[{"embeddable":true,"href":"https:\/\/pagodenzelt.at\/hu\/wp-json\/wp\/v2\/comments?post=6744"}],"version-history":[{"count":4,"href":"https:\/\/pagodenzelt.at\/hu\/wp-json\/wp\/v2\/pages\/6744\/revisions"}],"predecessor-version":[{"id":7786,"href":"https:\/\/pagodenzelt.at\/hu\/wp-json\/wp\/v2\/pages\/6744\/revisions\/7786"}],"wp:attachment":[{"href":"https:\/\/pagodenzelt.at\/hu\/wp-json\/wp\/v2\/media?parent=6744"}],"curies":[{"name":"wp","href":"https:\/\/api.w.org\/{rel}","templated":true}]}}