{"id":6822,"date":"2023-12-11T18:49:37","date_gmt":"2023-12-11T18:49:37","guid":{"rendered":"https:\/\/pagodenzelt.at\/konfiguraljon-most\/"},"modified":"2025-04-17T08:50:44","modified_gmt":"2025-04-17T08:50:44","slug":"konfiguraljon-most","status":"publish","type":"page","link":"https:\/\/pagodenzelt.at\/hu\/konfiguraljon-most\/","title":{"rendered":"Konfigur\u00e1ljon most"},"content":{"rendered":"\t\t<div data-elementor-type=\"wp-page\" data-elementor-id=\"6822\" class=\"elementor elementor-6822 elementor-5225\">\n\t\t\t\t<div class=\"elementor-element elementor-element-665fb6d e-flex e-con-boxed e-con e-parent\" data-id=\"665fb6d\" data-element_type=\"container\" data-e-type=\"container\">\n\t\t\t\t\t<div class=\"e-con-inner\">\n\t\t\t\t<div class=\"elementor-element elementor-element-9bed5fa elementor-widget__width-inherit elementor-widget elementor-widget-heading\" data-id=\"9bed5fa\" data-element_type=\"widget\" data-e-type=\"widget\" data-widget_type=\"heading.default\">\n\t\t\t\t<div class=\"elementor-widget-container\">\n\t\t\t\t\t<h3 class=\"elementor-heading-title elementor-size-default\">KONFIGUR\u00c1LJON FELF\u00daJHAT\u00d3 S\u00c1TRAT MOST:<\/h3>\t\t\t\t<\/div>\n\t\t\t\t<\/div>\n\t\t\t\t\t<\/div>\n\t\t\t\t<\/div>\n\t\t<div class=\"elementor-element elementor-element-4453c37 e-flex e-con-boxed e-con e-parent\" data-id=\"4453c37\" data-element_type=\"container\" data-e-type=\"container\">\n\t\t\t\t\t<div class=\"e-con-inner\">\n\t\t<div class=\"elementor-element elementor-element-88d24ca e-con-full e-flex e-con e-child\" data-id=\"88d24ca\" data-element_type=\"container\" data-e-type=\"container\">\n\t\t\t\t<div class=\"elementor-element elementor-element-1477803 elementor-widget elementor-widget-image\" data-id=\"1477803\" data-element_type=\"widget\" data-e-type=\"widget\" data-widget_type=\"image.default\">\n\t\t\t\t<div class=\"elementor-widget-container\">\n\t\t\t\t\t\t\t\t\t\t\t\t\t\t\t<img fetchpriority=\"high\" decoding=\"async\" width=\"512\" height=\"512\" src=\"https:\/\/pagodenzelt.at\/wp-content\/uploads\/2023\/12\/cropped-logo-pagodenzelt-1.png\" class=\"attachment-large size-large wp-image-6221\" alt=\"\" srcset=\"https:\/\/pagodenzelt.at\/wp-content\/uploads\/2023\/12\/cropped-logo-pagodenzelt-1.png 512w, https:\/\/pagodenzelt.at\/wp-content\/uploads\/2023\/12\/cropped-logo-pagodenzelt-1-300x300.png 300w, https:\/\/pagodenzelt.at\/wp-content\/uploads\/2023\/12\/cropped-logo-pagodenzelt-1-150x150.png 150w, https:\/\/pagodenzelt.at\/wp-content\/uploads\/2023\/12\/cropped-logo-pagodenzelt-1-100x100.png 100w, https:\/\/pagodenzelt.at\/wp-content\/uploads\/2023\/12\/cropped-logo-pagodenzelt-1-270x270.png 270w, https:\/\/pagodenzelt.at\/wp-content\/uploads\/2023\/12\/cropped-logo-pagodenzelt-1-192x192.png 192w, https:\/\/pagodenzelt.at\/wp-content\/uploads\/2023\/12\/cropped-logo-pagodenzelt-1-180x180.png 180w, https:\/\/pagodenzelt.at\/wp-content\/uploads\/2023\/12\/cropped-logo-pagodenzelt-1-32x32.png 32w\" sizes=\"(max-width: 512px) 100vw, 512px\" \/>\t\t\t\t\t\t\t\t\t\t\t\t\t\t\t<\/div>\n\t\t\t\t<\/div>\n\t\t\t\t<div class=\"elementor-element elementor-element-f6d5c04 elementor-widget elementor-widget-heading\" data-id=\"f6d5c04\" data-element_type=\"widget\" data-e-type=\"widget\" data-widget_type=\"heading.default\">\n\t\t\t\t<div class=\"elementor-widget-container\">\n\t\t\t\t\t<h3 class=\"elementor-heading-title elementor-size-default\">Pagodenzelt.at<\/h3>\t\t\t\t<\/div>\n\t\t\t\t<\/div>\n\t\t\t\t<div class=\"elementor-element elementor-element-c7f553b elementor-widget elementor-widget-text-editor\" data-id=\"c7f553b\" data-element_type=\"widget\" data-e-type=\"widget\" data-widget_type=\"text-editor.default\">\n\t\t\t\t<div class=\"elementor-widget-container\">\n\t\t\t\t\t\t\t\t\t<h4>Nicolas Pfeffer<\/h4>\n\t\t\t\t\t\t\t\t<\/div>\n\t\t\t\t<\/div>\n\t\t\t\t<div class=\"elementor-element elementor-element-788e10f elementor-widget elementor-widget-text-editor\" data-id=\"788e10f\" data-element_type=\"widget\" data-e-type=\"widget\" data-widget_type=\"text-editor.default\">\n\t\t\t\t<div class=\"elementor-widget-container\">\n\t\t\t\t\t\t\t\t\t<p>Telefon: +43 660 5051002 E-mail: info@pagodenzelt.at Sch\u00fcttkastenhof 2 7132 Frauenkirchen<\/p>\n\t\t\t\t\t\t\t\t<\/div>\n\t\t\t\t<\/div>\n\t\t\t\t<\/div>\n\t\t<div class=\"elementor-element elementor-element-856d649 e-con-full e-flex e-con e-child\" data-id=\"856d649\" data-element_type=\"container\" data-e-type=\"container\">\n\t\t\t\t<div class=\"elementor-element elementor-element-7c0dead elementor-widget elementor-widget-shortcode\" data-id=\"7c0dead\" data-element_type=\"widget\" data-e-type=\"widget\" data-widget_type=\"shortcode.default\">\n\t\t\t\t<div class=\"elementor-widget-container\">\n\t\t\t\t\t\t\t<div class=\"elementor-shortcode\">\n<div class=\"wpcf7 no-js\" id=\"wpcf7-f7182-o1\" lang=\"hu-HU\" dir=\"ltr\" data-wpcf7-id=\"7182\">\n<div class=\"screen-reader-response\"><p role=\"status\" aria-live=\"polite\" aria-atomic=\"true\"><\/p> <ul><\/ul><\/div>\n<form action=\"\/hu\/wp-json\/wp\/v2\/pages\/6822#wpcf7-f7182-o1\" method=\"post\" class=\"wpcf7-form init\" aria-label=\"Kapcsolatfelv\u00e9teli \u0171rlap\" enctype=\"multipart\/form-data\" novalidate=\"novalidate\" data-status=\"init\">\n<div style=\"display: none;\">\n<input type=\"hidden\" name=\"_wpcf7\" value=\"7182\" \/>\n<input type=\"hidden\" name=\"_wpcf7_version\" value=\"6.0.6\" \/>\n<input type=\"hidden\" name=\"_wpcf7_locale\" value=\"hu_HU\" \/>\n<input type=\"hidden\" name=\"_wpcf7_unit_tag\" value=\"wpcf7-f7182-o1\" \/>\n<input type=\"hidden\" name=\"_wpcf7_container_post\" value=\"0\" \/>\n<input type=\"hidden\" name=\"_wpcf7_posted_data_hash\" value=\"\" \/>\n<\/div>\n<div class=\"uacf7-form-wrapper-container uacf7-form-7182  \"><div class=\"uacf7-row\">\n\n<div class=\"uacf7-col-6\"><label>  Az \u00d6n neve*:  <span class=\"wpcf7-form-control-wrap\" data-name=\"text-22\"><input size=\"40\" maxlength=\"400\" class=\"wpcf7-form-control wpcf7-text wpcf7-validates-as-required\" aria-required=\"true\" aria-invalid=\"false\" value=\"\" type=\"text\" name=\"text-22\" \/><\/span> <\/label> <\/div>\n\n<div class=\"uacf7-col-6\"> <label>Az \u00d6n e-mail c\u00edme*:  <span class=\"wpcf7-form-control-wrap\" data-name=\"email\"><input size=\"40\" maxlength=\"400\" class=\"wpcf7-form-control wpcf7-email wpcf7-validates-as-required wpcf7-text wpcf7-validates-as-email\" aria-required=\"true\" aria-invalid=\"false\" value=\"\" type=\"email\" name=\"email\" \/><\/span><\/label> <\/div><\/div>\n\n<div class=\"uacf7-row\"><div class=\"uacf7-col-6\"> <label>Az \u00d6n telefonsz\u00e1ma:  <span class=\"wpcf7-form-control-wrap\" data-name=\"phone\"><input size=\"40\" maxlength=\"400\" class=\"wpcf7-form-control wpcf7-tel wpcf7-validates-as-required wpcf7-text wpcf7-validates-as-tel\" aria-required=\"true\" aria-invalid=\"false\" value=\"\" type=\"tel\" name=\"phone\" \/><\/span><\/label> <\/div>\n\n<div class=\"uacf7-col-6\"> <label>C\u00edm (utca, ir\u00e1ny\u00edt\u00f3sz\u00e1m, telep\u00fcl\u00e9s):  <span class=\"wpcf7-form-control-wrap\" data-name=\"text-23\"><input size=\"40\" maxlength=\"400\" class=\"wpcf7-form-control wpcf7-text wpcf7-validates-as-required\" aria-required=\"true\" aria-invalid=\"false\" value=\"\" type=\"text\" name=\"text-23\" \/><\/span><\/label> <\/div><\/div>\n\n[wpmlcf7-1-uacf7-row]<div class=\"uacf7-col-6\"> <label><span class=\"wpcf7-form-control-wrap\" data-name=\"menu-921\"><select class=\"wpcf7-form-control wpcf7-select wpcf7-validates-as-required\" aria-required=\"true\" aria-invalid=\"false\" name=\"menu-921\"><option value=\"\">&#8212; K\u00e9rj\u00fck, v\u00e1lasszon egy opci\u00f3t &#8212;<\/option><\/select><\/span> Kiv\u00e1lasztott m\u00e9ret: --K\u00e9rj\u00fck, v\u00e1lasszon-- 3*3m 4*4m 5*5m 6*6m 7*7m [\/wpmlcf7-1-uacf]<\/label> <\/div>\n\n[wpmlcf7-2-uacf7-col col:6] <label><span class=\"wpcf7-form-control-wrap\" data-name=\"menu-643\"><select class=\"wpcf7-form-control wpcf7-select wpcf7-validates-as-required\" aria-required=\"true\" aria-invalid=\"false\" multiple=\"multiple\" name=\"menu-643[]\"><option value=\"\">&#8212; K\u00e9rj\u00fck, v\u00e1lasszon egy opci\u00f3t &#8212;<\/option><\/select><\/span> Felszerel\u00e9s: V\u00e9d\u0151tet\u0151 Oldalfalak Oldalfalak ablakkal Tov\u00e1bbi homokzs\u00e1kok (4 db) [\/wpmlcf7-2-uacf]\n <\/label> [\/][\/]\n\n<label>Itt t\u00f6ltheti fel a terv\u00e9t:<\/label><label> <span class=\"wpcf7-form-control-wrap\" data-name=\"logo\"><input size=\"40\" class=\"wpcf7-form-control wpcf7-file\" accept=\"audio\/*,video\/*,image\/*\" aria-invalid=\"false\" type=\"file\" name=\"logo\" \/><\/span><\/label><label> <span class=\"wpcf7-form-control-wrap\" data-name=\"your-message\"><textarea cols=\"40\" rows=\"10\" maxlength=\"2000\" class=\"wpcf7-form-control wpcf7-textarea wpcf7-validates-as-required\" aria-required=\"true\" aria-invalid=\"false\" name=\"your-message\"><\/textarea><\/span> <\/label><span class=\"wpcf7-form-control-wrap\" data-name=\"checkbox-399\"><span class=\"wpcf7-form-control wpcf7-checkbox wpcf7-validates-as-required\"><span class=\"wpcf7-list-item first\"><label><input type=\"checkbox\" name=\"checkbox-399[]\" value=\"E&lt;label&gt; lismerem &lt;\/label&gt;, hogy elolvastam \u00e9s meg\u00e9rtettem az adatv\u00e9delmi szab\u00e1lyzatot.\" \/><span class=\"wpcf7-list-item-label\">E&lt;label&gt; lismerem &lt;\/label&gt;, hogy elolvastam \u00e9s meg\u00e9rtettem az adatv\u00e9delmi szab\u00e1lyzatot.<\/span><\/label><\/span><span class=\"wpcf7-list-item\"><label><input type=\"checkbox\" name=\"checkbox-399[]\" value=\"Kifejezetten hozz\u00e1j\u00e1rulok ahhoz, hogy a megadott adatokat a megkeres\u00e9sem megv\u00e1laszol\u00e1sa \u00e9rdek\u00e9ben \u00f6sszegy\u0171jts\u00e9k \u00e9s t\u00e1rolj\u00e1k.\" \/><span class=\"wpcf7-list-item-label\">Kifejezetten hozz\u00e1j\u00e1rulok ahhoz, hogy a megadott adatokat a megkeres\u00e9sem megv\u00e1laszol\u00e1sa \u00e9rdek\u00e9ben \u00f6sszegy\u0171jts\u00e9k \u00e9s t\u00e1rolj\u00e1k.<\/span><\/label><\/span><span class=\"wpcf7-list-item last\"><label><input type=\"checkbox\" name=\"checkbox-399[]\" value=\"Hozz\u00e1j\u00e1rul\u00e1sa b\u00e1rmikor visszavonhat\u00f3 a info@pagodenzelt.at e-mail c\u00edmen!\" \/><span class=\"wpcf7-list-item-label\">Hozz\u00e1j\u00e1rul\u00e1sa b\u00e1rmikor visszavonhat\u00f3 a info@pagodenzelt.at e-mail c\u00edmen!<\/span><\/label><\/span><\/span><\/span>\n\n<input class=\"wpcf7-form-control wpcf7-submit has-spinner\" type=\"submit\" value=\"K\u00fcld\u00e9s\" \/><\/div><div class=\"wpcf7-response-output\" aria-hidden=\"true\"><\/div>\n<\/form>\n<\/div>\n<\/div>\n\t\t\t\t\t\t<\/div>\n\t\t\t\t<\/div>\n\t\t\t\t<\/div>\n\t\t\t\t\t<\/div>\n\t\t\t\t<\/div>\n\t\t\t\t<\/div>\n\t\t","protected":false},"excerpt":{"rendered":"<p>KONFIGUR\u00c1LJON FELF\u00daJHAT\u00d3 S\u00c1TRAT MOST: Pagodenzelt.at Nicolas Pfeffer Telefon: +43 660 5051002 E-mail: info@pagodenzelt.at Sch\u00fcttkastenhof 2 7132 Frauenkirchen<\/p>\n","protected":false},"author":1,"featured_media":0,"parent":0,"menu_order":0,"comment_status":"closed","ping_status":"closed","template":"","meta":{"om_disable_all_campaigns":false,"_monsterinsights_skip_tracking":false,"_monsterinsights_sitenote_active":false,"_monsterinsights_sitenote_note":"","_monsterinsights_sitenote_category":0,"site-sidebar-layout":"no-sidebar","site-content-layout":"page-builder","ast-site-content-layout":"full-width-container","site-content-style":"default","site-sidebar-style":"default","ast-global-header-display":"","ast-banner-title-visibility":"","ast-main-header-display":"","ast-hfb-above-header-display":"","ast-hfb-below-header-display":"","ast-hfb-mobile-header-display":"","site-post-title":"disabled","ast-breadcrumbs-content":"","ast-featured-img":"disabled","footer-sml-layout":"","ast-disable-related-posts":"","theme-transparent-header-meta":"","adv-header-id-meta":"","stick-header-meta":"","header-above-stick-meta":"","header-main-stick-meta":"","header-below-stick-meta":"","astra-migrate-meta-layouts":"default","ast-page-background-enabled":"default","ast-page-background-meta":{"desktop":{"background-color":"","background-image":"","background-repeat":"repeat","background-position":"center center","background-size":"auto","background-attachment":"scroll","background-type":"","background-media":"","overlay-type":"","overlay-color":"","overlay-opacity":"","overlay-gradient":""},"tablet":{"background-color":"","background-image":"","background-repeat":"repeat","background-position":"center center","background-size":"auto","background-attachment":"scroll","background-type":"","background-media":"","overlay-type":"","overlay-color":"","overlay-opacity":"","overlay-gradient":""},"mobile":{"background-color":"","background-image":"","background-repeat":"repeat","background-position":"center center","background-size":"auto","background-attachment":"scroll","background-type":"","background-media":"","overlay-type":"","overlay-color":"","overlay-opacity":"","overlay-gradient":""}},"ast-content-background-meta":{"desktop":{"background-color":"var(--ast-global-color-5)","background-image":"","background-repeat":"repeat","background-position":"center center","background-size":"auto","background-attachment":"scroll","background-type":"","background-media":"","overlay-type":"","overlay-color":"","overlay-opacity":"","overlay-gradient":""},"tablet":{"background-color":"var(--ast-global-color-5)","background-image":"","background-repeat":"repeat","background-position":"center center","background-size":"auto","background-attachment":"scroll","background-type":"","background-media":"","overlay-type":"","overlay-color":"","overlay-opacity":"","overlay-gradient":""},"mobile":{"background-color":"var(--ast-global-color-5)","background-image":"","background-repeat":"repeat","background-position":"center center","background-size":"auto","background-attachment":"scroll","background-type":"","background-media":"","overlay-type":"","overlay-color":"","overlay-opacity":"","overlay-gradient":""}},"footnotes":""},"class_list":["post-6822","page","type-page","status-publish","hentry"],"aioseo_notices":[],"_links":{"self":[{"href":"https:\/\/pagodenzelt.at\/hu\/wp-json\/wp\/v2\/pages\/6822"}],"collection":[{"href":"https:\/\/pagodenzelt.at\/hu\/wp-json\/wp\/v2\/pages"}],"about":[{"href":"https:\/\/pagodenzelt.at\/hu\/wp-json\/wp\/v2\/types\/page"}],"author":[{"embeddable":true,"href":"https:\/\/pagodenzelt.at\/hu\/wp-json\/wp\/v2\/users\/1"}],"replies":[{"embeddable":true,"href":"https:\/\/pagodenzelt.at\/hu\/wp-json\/wp\/v2\/comments?post=6822"}],"version-history":[{"count":2,"href":"https:\/\/pagodenzelt.at\/hu\/wp-json\/wp\/v2\/pages\/6822\/revisions"}],"predecessor-version":[{"id":6826,"href":"https:\/\/pagodenzelt.at\/hu\/wp-json\/wp\/v2\/pages\/6822\/revisions\/6826"}],"wp:attachment":[{"href":"https:\/\/pagodenzelt.at\/hu\/wp-json\/wp\/v2\/media?parent=6822"}],"curies":[{"name":"wp","href":"https:\/\/api.w.org\/{rel}","templated":true}]}}