{"id":6863,"date":"2023-11-13T18:39:57","date_gmt":"2023-11-13T18:39:57","guid":{"rendered":"https:\/\/pagodenzelt.at\/pagoda-satraink\/"},"modified":"2024-09-12T12:27:28","modified_gmt":"2024-09-12T12:27:28","slug":"pagoda-satraink","status":"publish","type":"page","link":"https:\/\/pagodenzelt.at\/hu\/pagoda-satraink\/","title":{"rendered":"Pagoda s\u00e1traink"},"content":{"rendered":"\t\t<div data-elementor-type=\"wp-page\" data-elementor-id=\"6863\" class=\"elementor elementor-6863 elementor-4843\">\n\t\t\t\t<div class=\"elementor-element elementor-element-459a2c4 e-flex e-con-boxed e-con e-parent\" data-id=\"459a2c4\" data-element_type=\"container\" data-e-type=\"container\">\n\t\t\t\t\t<div class=\"e-con-inner\">\n\t\t\t\t<div class=\"elementor-element elementor-element-091d27f elementor-widget__width-inherit elementor-invisible elementor-widget elementor-widget-heading\" data-id=\"091d27f\" data-element_type=\"widget\" data-e-type=\"widget\" data-settings=\"{&quot;_animation&quot;:&quot;fadeInDown&quot;}\" data-widget_type=\"heading.default\">\n\t\t\t\t<div class=\"elementor-widget-container\">\n\t\t\t\t\t<h2 class=\"elementor-heading-title elementor-size-default\">PAGODA S\u00c1TRAINK<\/h2>\t\t\t\t<\/div>\n\t\t\t\t<\/div>\n\t\t\t\t\t<\/div>\n\t\t\t\t<\/div>\n\t\t<div class=\"elementor-element elementor-element-c71f2b8 e-flex e-con-boxed e-con e-parent\" data-id=\"c71f2b8\" data-element_type=\"container\" data-e-type=\"container\">\n\t\t\t\t\t<div class=\"e-con-inner\">\n\t\t<div class=\"elementor-element elementor-element-693f25a e-con-full e-flex e-con e-child\" data-id=\"693f25a\" data-element_type=\"container\" data-e-type=\"container\">\n\t\t\t\t<div class=\"elementor-element elementor-element-9565483 elementor-widget elementor-widget-text-editor\" data-id=\"9565483\" data-element_type=\"widget\" data-e-type=\"widget\" data-widget_type=\"text-editor.default\">\n\t\t\t\t<div class=\"elementor-widget-container\">\n\t\t\t\t\t\t\t\t\t<h3>ER\u0150S PARTNER A S\u00c1TORV\u00c1S\u00c1RL\u00c1SHOZ<\/h3><p>Igaz, a pagodas\u00e1tor megv\u00e1s\u00e1rl\u00e1sa \u00e9s a hozz\u00e1 kapcsol\u00f3d\u00f3 el\u0151\u00edr\u00e1sok fejf\u00e1j\u00e1st okozhatnak. Sz\u00edvesen adunk \u00d6nnek tan\u00e1csot \u00e9s seg\u00edt\u00fcnk a hat\u00f3s\u00e1gi enged\u00e9lyeztet\u00e9sben. S\u00e1traink megfelelnek a legmagasabb szakmai k\u00f6vetelm\u00e9nyeknek!<\/p><p>Ezen az oldalon szeretn\u00e9nk t\u00e1j\u00e9koztatni \u00d6nt a m\u0171szaki adatokr\u00f3l \u00e9s a sz\u00e1ll\u00edt\u00e1si terjedelemr\u0151l.<\/p><p>Ha <span style=\"color: #d60404;\">b\u00e1rmilyen k\u00e9rd\u00e9se<\/span> van, k\u00e9rj\u00fck, ne habozzon <a style=\"color: #d60404;\" href=\"https:\/\/pagodenzelt.at\/hu\/kapcsolatfelvetel\/\">kapcsolatba l\u00e9pni<\/a> csapatunkkal !<\/p>\t\t\t\t\t\t\t\t<\/div>\n\t\t\t\t<\/div>\n\t\t\t\t<\/div>\n\t\t<div class=\"elementor-element elementor-element-705745b e-con-full e-flex e-con e-child\" data-id=\"705745b\" data-element_type=\"container\" data-e-type=\"container\">\n\t\t\t\t<div class=\"elementor-element elementor-element-5d30dd7 elementor-widget elementor-widget-image\" data-id=\"5d30dd7\" data-element_type=\"widget\" data-e-type=\"widget\" data-widget_type=\"image.default\">\n\t\t\t\t<div class=\"elementor-widget-container\">\n\t\t\t\t\t\t\t\t\t\t\t\t\t\t\t<img fetchpriority=\"high\" decoding=\"async\" width=\"265\" height=\"226\" src=\"https:\/\/pagodenzelt.at\/wp-content\/uploads\/2023\/12\/tar-team.png\" class=\"attachment-large size-large wp-image-6232\" alt=\"\" \/>\t\t\t\t\t\t\t\t\t\t\t\t\t\t\t<\/div>\n\t\t\t\t<\/div>\n\t\t\t\t<\/div>\n\t\t\t\t\t<\/div>\n\t\t\t\t<\/div>\n\t\t<div class=\"elementor-element elementor-element-b4a9422 e-flex e-con-boxed e-con e-parent\" data-id=\"b4a9422\" data-element_type=\"container\" data-e-type=\"container\">\n\t\t\t\t\t<div class=\"e-con-inner\">\n\t\t\t\t<div class=\"elementor-element elementor-element-f7b52fc elementor-invisible elementor-widget elementor-widget-text-editor\" data-id=\"f7b52fc\" data-element_type=\"widget\" data-e-type=\"widget\" data-settings=\"{&quot;_animation&quot;:&quot;fadeInDown&quot;}\" data-widget_type=\"text-editor.default\">\n\t\t\t\t<div class=\"elementor-widget-container\">\n\t\t\t\t\t\t\t\t\t<h4>TECHNIKAI ADATOK<\/h4>\n\t\t\t\t\t\t\t\t<\/div>\n\t\t\t\t<\/div>\n\t\t\t\t\t<\/div>\n\t\t\t\t<\/div>\n\t\t<div class=\"elementor-element elementor-element-a34f301 e-flex e-con-boxed e-con e-parent\" data-id=\"a34f301\" data-element_type=\"container\" data-e-type=\"container\">\n\t\t\t\t\t<div class=\"e-con-inner\">\n\t\t\t\t<div class=\"elementor-element elementor-element-a704c33 elementor-widget elementor-widget-text-editor\" data-id=\"a704c33\" data-element_type=\"widget\" data-e-type=\"widget\" data-widget_type=\"text-editor.default\">\n\t\t\t\t<div class=\"elementor-widget-container\">\n\t\t\t\t\t\t\t\t\t<div>\n<table style=\"border: 1px solid black;\">\n<tbody>\n<tr>\n<td style=\"text-align: center; font-weight: bold;\" colspan=\"2\">M\u0171szaki adatok pagoda s\u00e1tor 5x5m<\/td>\n<\/tr>\n<tr>\n<td style=\"text-align: center;\">M\u00e9ret be\u00e1ll\u00edt\u00e1sa<\/td><td style=\"text-align: center;\">5x5m = 25m\u00b2<\/td>\n<\/tr>\n<tr>\n<td style=\"text-align: center;\">Oldal magass\u00e1ga<\/td><td style=\"text-align: center;\">2,5m<\/td>\n<\/tr>\n<tr>\n<td style=\"text-align: center;\">Ny\u00edl\u00e1sz\u00e1r\u00f3 magass\u00e1ga<\/td><td style=\"text-align: center;\">5,4m<\/td>\n<\/tr>\n<tr>\n<td style=\"text-align: center;\">S\u00faly<\/td><td style=\"text-align: center;\">190kg<\/td>\n<\/tr>\n<tr>\n<td style=\"text-align: center;\">Alum\u00ednium<\/td><td style=\"text-align: center;\">Elox\u00e1lt alum\u00ednium profilok, csatlakoz\u00f3 r\u00e9szek t\u0171zihorganyzva<\/td>\n<\/tr>\n<tr>\n<td style=\"text-align: center;\">Keretprofil<\/td><td style=\"text-align: center;\">65mm x 65mm x 2mm 3 horony<\/td>\n<\/tr>\n<tr>\n<td style=\"text-align: center;\">Ponyv\u00e1k<\/td><td style=\"text-align: center;\">650g\/m\u00b2 poli\u00e9sztersz\u00f6vet, mindk\u00e9t oldal\u00e1n PVC-vel bevonva a DIN 4102 szabv\u00e1ny szerint<\/td>\n<\/tr>\n<tr>\n<td style=\"text-align: center;\">Statika<\/td><td style=\"text-align: center;\">EN ISO 5912; EN 13782<\/td>\n<\/tr>\n<\/tbody>\n<\/table>\n<\/div>\t\t\t\t\t\t\t\t<\/div>\n\t\t\t\t<\/div>\n\t\t\t\t\t<\/div>\n\t\t\t\t<\/div>\n\t\t<div class=\"elementor-element elementor-element-f50dbbe e-flex e-con-boxed e-con e-parent\" data-id=\"f50dbbe\" data-element_type=\"container\" data-e-type=\"container\">\n\t\t\t\t\t<div class=\"e-con-inner\">\n\t\t\t\t<div class=\"elementor-element elementor-element-2aef86b elementor-widget elementor-widget-text-editor\" data-id=\"2aef86b\" data-element_type=\"widget\" data-e-type=\"widget\" data-widget_type=\"text-editor.default\">\n\t\t\t\t<div class=\"elementor-widget-container\">\n\t\t\t\t\t\t\t\t\t<h3>SZ\u00c1LL\u00cdT\u00c1SI TERJEDELEM<\/h3>\n<p><span style=\"color:#d60404;\">Nincsenek<\/span> rejtett k\u00f6lts\u00e9gek &#8211; n\u00e1lunk egy pagodas\u00e1trat kap, amely tartalmazza <span style=\"color:#d60404;\">az \u00f6sszes <\/span>sz\u00fcks\u00e9ges <span style=\"color:#d60404;\">alkatr\u00e9szt<\/span>, valamint a s\u00e1tor <span style=\"color:#d60404;\">r\u00f6gz\u00edt\u00e9s\u00e9hez<\/span> sz\u00fcks\u00e9ges c\u00f6vekeket.<\/p>\t\t\t\t\t\t\t\t<\/div>\n\t\t\t\t<\/div>\n\t\t\t\t\t<\/div>\n\t\t\t\t<\/div>\n\t\t<div class=\"elementor-element elementor-element-9f3c528 e-flex e-con-boxed e-con e-parent\" data-id=\"9f3c528\" data-element_type=\"container\" data-e-type=\"container\">\n\t\t\t\t\t<div class=\"e-con-inner\">\n\t\t\t\t<div class=\"elementor-element elementor-element-55e201c elementor-widget elementor-widget-text-editor\" data-id=\"55e201c\" data-element_type=\"widget\" data-e-type=\"widget\" data-widget_type=\"text-editor.default\">\n\t\t\t\t<div class=\"elementor-widget-container\">\n\t\t\t\t\t\t\t\t\t<div>\n<table style=\"border: 1px solid black;\">\n<tbody>\n<tr>\n<td style=\"text-align: center; font-weight: bold;\" colspan=\"2\">Sz\u00e1ll\u00edt\u00e1si terjedelem<\/td>\n<\/tr>\n<tr>\n<td style=\"text-align: center;\">term\u00e9k<\/td><td style=\"text-align: center;\">Darab<\/td>\n<\/tr>\n<tr>\n<td style=\"text-align: center;\">Alum\u00ednium profil oldalt\u00e1masz 4,90m<\/td><td style=\"text-align: center;\">4<\/td>\n<\/tr>\n<tr>\n<td style=\"text-align: center;\">Alum\u00ednium profil l\u00e1bak 2.5m<\/td><td style=\"text-align: center;\">4<\/td>\n<\/tr>\n<tr>\n<td style=\"text-align: center;\">Profilok \u00f6sszekapcsol\u00e1sa<\/td><td style=\"text-align: center;\">4<\/td>\n<\/tr>\n<tr>\n<td style=\"text-align: center;\">Csatlakoz\u00f3k\u00f6zpont + kupak<\/td><td style=\"text-align: center;\">1<\/td>\n<\/tr>\n<tr>\n<td style=\"text-align: center;\">S\u00e1tor cs\u00f6vez\u00e9s<\/td><td style=\"text-align: center;\">4<\/td>\n<\/tr>\n<tr>\n<td style=\"text-align: center;\">F\u00f6ld csapok<\/td><td style=\"text-align: center;\">8<\/td>\n<\/tr>\n<tr>\n<td style=\"text-align: center;\">L\u00e1bcs\u00f6vek 5m<\/td><td style=\"text-align: center;\">4<\/td>\n<\/tr>\n<tr>\n<td style=\"text-align: center;\">Tet\u0151ponyva 5x5m<\/td><td style=\"text-align: center;\">1<\/td>\n<\/tr>\n<tr>\n<td style=\"text-align: center;\">Oldals\u00f3 ponyva 2.5m x 2.5m<\/td><td style=\"text-align: center;\">8<\/td>\n<\/tr>\n<\/tbody>\n<\/table>\n<div><\/div>\n<\/div>\t\t\t\t\t\t\t\t<\/div>\n\t\t\t\t<\/div>\n\t\t\t\t\t<\/div>\n\t\t\t\t<\/div>\n\t\t\t\t<\/div>\n\t\t","protected":false},"excerpt":{"rendered":"<p>PAGODA S\u00c1TRAINK ER\u0150S PARTNER A S\u00c1TORV\u00c1S\u00c1RL\u00c1SHOZ Igaz, a pagodas\u00e1tor megv\u00e1s\u00e1rl\u00e1sa \u00e9s a hozz\u00e1 kapcsol\u00f3d\u00f3 el\u0151\u00edr\u00e1sok fejf\u00e1j\u00e1st okozhatnak. Sz\u00edvesen adunk \u00d6nnek tan\u00e1csot \u00e9s seg\u00edt\u00fcnk a hat\u00f3s\u00e1gi enged\u00e9lyeztet\u00e9sben. S\u00e1traink megfelelnek a legmagasabb szakmai k\u00f6vetelm\u00e9nyeknek! Ezen az oldalon szeretn\u00e9nk t\u00e1j\u00e9koztatni \u00d6nt a m\u0171szaki adatokr\u00f3l \u00e9s a sz\u00e1ll\u00edt\u00e1si terjedelemr\u0151l. Ha b\u00e1rmilyen k\u00e9rd\u00e9se van, k\u00e9rj\u00fck, ne habozzon kapcsolatba l\u00e9pni csapatunkkal [&hellip;]<\/p>\n","protected":false},"author":1,"featured_media":0,"parent":0,"menu_order":0,"comment_status":"closed","ping_status":"closed","template":"","meta":{"om_disable_all_campaigns":false,"_monsterinsights_skip_tracking":false,"_monsterinsights_sitenote_active":false,"_monsterinsights_sitenote_note":"","_monsterinsights_sitenote_category":0,"site-sidebar-layout":"no-sidebar","site-content-layout":"page-builder","ast-site-content-layout":"full-width-container","site-content-style":"default","site-sidebar-style":"default","ast-global-header-display":"","ast-banner-title-visibility":"","ast-main-header-display":"","ast-hfb-above-header-display":"","ast-hfb-below-header-display":"","ast-hfb-mobile-header-display":"","site-post-title":"disabled","ast-breadcrumbs-content":"","ast-featured-img":"disabled","footer-sml-layout":"","ast-disable-related-posts":"","theme-transparent-header-meta":"","adv-header-id-meta":"","stick-header-meta":"","header-above-stick-meta":"","header-main-stick-meta":"","header-below-stick-meta":"","astra-migrate-meta-layouts":"default","ast-page-background-enabled":"default","ast-page-background-meta":{"desktop":{"background-color":"","background-image":"","background-repeat":"repeat","background-position":"center center","background-size":"auto","background-attachment":"scroll","background-type":"","background-media":"","overlay-type":"","overlay-color":"","overlay-opacity":"","overlay-gradient":""},"tablet":{"background-color":"","background-image":"","background-repeat":"repeat","background-position":"center center","background-size":"auto","background-attachment":"scroll","background-type":"","background-media":"","overlay-type":"","overlay-color":"","overlay-opacity":"","overlay-gradient":""},"mobile":{"background-color":"","background-image":"","background-repeat":"repeat","background-position":"center center","background-size":"auto","background-attachment":"scroll","background-type":"","background-media":"","overlay-type":"","overlay-color":"","overlay-opacity":"","overlay-gradient":""}},"ast-content-background-meta":{"desktop":{"background-color":"var(--ast-global-color-5)","background-image":"","background-repeat":"repeat","background-position":"center center","background-size":"auto","background-attachment":"scroll","background-type":"","background-media":"","overlay-type":"","overlay-color":"","overlay-opacity":"","overlay-gradient":""},"tablet":{"background-color":"var(--ast-global-color-5)","background-image":"","background-repeat":"repeat","background-position":"center center","background-size":"auto","background-attachment":"scroll","background-type":"","background-media":"","overlay-type":"","overlay-color":"","overlay-opacity":"","overlay-gradient":""},"mobile":{"background-color":"var(--ast-global-color-5)","background-image":"","background-repeat":"repeat","background-position":"center center","background-size":"auto","background-attachment":"scroll","background-type":"","background-media":"","overlay-type":"","overlay-color":"","overlay-opacity":"","overlay-gradient":""}},"footnotes":""},"class_list":["post-6863","page","type-page","status-publish","hentry"],"aioseo_notices":[],"_links":{"self":[{"href":"https:\/\/pagodenzelt.at\/hu\/wp-json\/wp\/v2\/pages\/6863"}],"collection":[{"href":"https:\/\/pagodenzelt.at\/hu\/wp-json\/wp\/v2\/pages"}],"about":[{"href":"https:\/\/pagodenzelt.at\/hu\/wp-json\/wp\/v2\/types\/page"}],"author":[{"embeddable":true,"href":"https:\/\/pagodenzelt.at\/hu\/wp-json\/wp\/v2\/users\/1"}],"replies":[{"embeddable":true,"href":"https:\/\/pagodenzelt.at\/hu\/wp-json\/wp\/v2\/comments?post=6863"}],"version-history":[{"count":8,"href":"https:\/\/pagodenzelt.at\/hu\/wp-json\/wp\/v2\/pages\/6863\/revisions"}],"predecessor-version":[{"id":7635,"href":"https:\/\/pagodenzelt.at\/hu\/wp-json\/wp\/v2\/pages\/6863\/revisions\/7635"}],"wp:attachment":[{"href":"https:\/\/pagodenzelt.at\/hu\/wp-json\/wp\/v2\/media?parent=6863"}],"curies":[{"name":"wp","href":"https:\/\/api.w.org\/{rel}","templated":true}]}}