{"id":6937,"date":"2023-11-10T16:45:46","date_gmt":"2023-11-10T16:45:46","guid":{"rendered":"https:\/\/pagodenzelt.at\/adatvedelmi-szabalyzat\/"},"modified":"2024-08-28T07:18:32","modified_gmt":"2024-08-28T07:18:32","slug":"adatvedelmi-szabalyzat","status":"publish","type":"page","link":"https:\/\/pagodenzelt.at\/hu\/adatvedelmi-szabalyzat\/","title":{"rendered":"Adatv\u00e9delmi szab\u00e1lyzat"},"content":{"rendered":"\t\t<div data-elementor-type=\"wp-page\" data-elementor-id=\"6937\" class=\"elementor elementor-6937 elementor-4738\">\n\t\t\t\t<div class=\"elementor-element elementor-element-6e38bc4 e-flex e-con-boxed e-con e-parent\" data-id=\"6e38bc4\" data-element_type=\"container\" data-e-type=\"container\" data-settings=\"{&quot;background_background&quot;:&quot;classic&quot;}\">\n\t\t\t\t\t<div class=\"e-con-inner\">\n\t\t\t\t<div class=\"elementor-element elementor-element-6cd3375 elementor-widget__width-inherit elementor-invisible elementor-widget elementor-widget-image\" data-id=\"6cd3375\" data-element_type=\"widget\" data-e-type=\"widget\" data-settings=\"{&quot;_animation&quot;:&quot;fadeInDown&quot;}\" data-widget_type=\"image.default\">\n\t\t\t\t<div class=\"elementor-widget-container\">\n\t\t\t\t\t\t\t\t\t\t\t\t\t\t\t<img fetchpriority=\"high\" decoding=\"async\" width=\"639\" height=\"425\" src=\"https:\/\/pagodenzelt.at\/wp-content\/uploads\/2023\/11\/data-protection.png\" class=\"attachment-large size-large wp-image-6056\" alt=\"\" srcset=\"https:\/\/pagodenzelt.at\/wp-content\/uploads\/2023\/11\/data-protection.png 639w, https:\/\/pagodenzelt.at\/wp-content\/uploads\/2023\/11\/data-protection-300x200.png 300w, https:\/\/pagodenzelt.at\/wp-content\/uploads\/2023\/11\/data-protection-600x399.png 600w\" sizes=\"(max-width: 639px) 100vw, 639px\" \/>\t\t\t\t\t\t\t\t\t\t\t\t\t\t\t<\/div>\n\t\t\t\t<\/div>\n\t\t\t\t\t<\/div>\n\t\t\t\t<\/div>\n\t\t<div class=\"elementor-element elementor-element-6456d5e e-flex e-con-boxed e-con e-parent\" data-id=\"6456d5e\" data-element_type=\"container\" data-e-type=\"container\">\n\t\t\t\t\t<div class=\"e-con-inner\">\n\t\t\t\t<div class=\"elementor-element elementor-element-402e36d elementor-invisible elementor-widget elementor-widget-heading\" data-id=\"402e36d\" data-element_type=\"widget\" data-e-type=\"widget\" data-settings=\"{&quot;_animation&quot;:&quot;fadeInDown&quot;}\" data-widget_type=\"heading.default\">\n\t\t\t\t<div class=\"elementor-widget-container\">\n\t\t\t\t\t<h2 class=\"elementor-heading-title elementor-size-default\">Adatv\u00e9delmi szab\u00e1lyzat<\/h2>\t\t\t\t<\/div>\n\t\t\t\t<\/div>\n\t\t\t\t\t<\/div>\n\t\t\t\t<\/div>\n\t\t<div class=\"elementor-element elementor-element-0d80fa4 e-flex e-con-boxed e-con e-parent\" data-id=\"0d80fa4\" data-element_type=\"container\" data-e-type=\"container\">\n\t\t\t\t\t<div class=\"e-con-inner\">\n\t\t\t\t<div class=\"elementor-element elementor-element-695c3f7 elementor-widget elementor-widget-text-editor\" data-id=\"695c3f7\" data-element_type=\"widget\" data-e-type=\"widget\" data-widget_type=\"text-editor.default\">\n\t\t\t\t<div class=\"elementor-widget-container\">\n\t\t\t\t\t\t\t\t\t<p>Mi, a Nicolas Pfeffer c\u00e9g, sz\u00e9khely\u00fcnk: Sch\u00fcttkastenhof 2, 7132 Frauenkirchen, a Pagodenzelt.at domain alatt \u00fczemeltetj\u00fck a weboldalt.<br \/>\nAz \u00d6n mag\u00e1n\u00e9lete \u00e9s szem\u00e9lyes adatainak v\u00e9delme rendk\u00edv\u00fcl fontos sz\u00e1munkra.<br \/>\nEz\u00e9rt az al\u00e1bbiakban szeretn\u00e9nk elmagyar\u00e1zni, hogyan gy\u0171jtj\u00fck, kezelj\u00fck \u00e9s v\u00e9dj\u00fck az \u00d6n adatait.  <\/p>\n<ol>\n<li>\n<h5>Felel\u0151s szerv<\/h5>\n<\/li>\n<\/ol>\n<p>Nicolas Pfeffer Sch\u00fcttkastenhof 2 7132 Frauenkirchen El\u00e9rhet\u0151s\u00e9g: +43 660501002 E-mail: info@pagodenzelt.at<\/p>\n<ol start=\"2\">\n<li>\n<h5>Felvett adatok<\/h5>\n<\/li>\n<\/ol>\n<p>Olyan szem\u00e9lyes adatokat gy\u0171jt\u00fcnk \u00e9s dolgozunk fel, amelyeket \u00d6n akt\u00edvan megad nek\u00fcnk, p\u00e9ld\u00e1ul kapcsolatfelv\u00e9teli \u0171rlapok kit\u00f6lt\u00e9s\u00e9vel vagy term\u00e9krendel\u00e9skor.<br \/>\nEzek az adatok tartalmazhatj\u00e1k az \u00d6n nev\u00e9t, e-mail c\u00edm\u00e9t, telefonsz\u00e1m\u00e1t \u00e9s egy\u00e9b relev\u00e1ns inform\u00e1ci\u00f3kat. <\/p>\n<p>Ezenk\u00edv\u00fcl automatikusan gy\u0171jt\u00fcnk bizonyos adatokat, amikor \u00d6n megl\u00e1togatja a weboldalunkat.<br \/>\nEzek k\u00f6z\u00e9 tartozik az \u00d6n IP-c\u00edme, a b\u00f6ng\u00e9sz\u0151 t\u00edpusa, az eszk\u00f6z t\u00edpusa, a megl\u00e1togatott oldalak \u00e9s a hozz\u00e1f\u00e9r\u00e9s id\u0151pontja.<br \/>\nEzeket az inform\u00e1ci\u00f3kat weboldalunk fejleszt\u00e9s\u00e9re \u00e9s a felhaszn\u00e1l\u00f3i magatart\u00e1s elemz\u00e9s\u00e9re haszn\u00e1ljuk, de nem haszn\u00e1ljuk fel az egyes szem\u00e9lyek azonos\u00edt\u00e1s\u00e1ra.  <\/p>\n<ol start=\"3\">\n<li>\n<h5>Az \u00d6n adatainak felhaszn\u00e1l\u00e1sa<\/h5>\n<\/li>\n<\/ol>\n<p>Az \u00d6n adatait a k\u00f6vetkez\u0151 c\u00e9lokra haszn\u00e1ljuk fel:<\/p>\n<p>&#8211; Az \u00d6n k\u00e9rd\u00e9seire val\u00f3 v\u00e1laszad\u00e1s \u00e9s az \u00d6nnel val\u00f3 kommunik\u00e1ci\u00f3 \u00e9rdek\u00e9ben.<br \/>&#8211; A megrendel\u00e9sek \u00e9s sz\u00e1ll\u00edt\u00e1sok feldolgoz\u00e1s\u00e1hoz.<br \/>&#8211; Weboldalunk \u00e9s szolg\u00e1ltat\u00e1saink jav\u00edt\u00e1sa \u00e9rdek\u00e9ben.<br \/>&#8211; A jogi k\u00f6telezetts\u00e9geknek val\u00f3 megfelel\u00e9s \u00e9rdek\u00e9ben.<\/p>\n<ol start=\"4\">\n<li>\n<h5>Adattov\u00e1bb\u00edt\u00e1s<\/h5>\n<\/li>\n<\/ol>\n<p>Az \u00d6n adatait nem adjuk \u00e1t harmadik f\u00e9lnek, kiv\u00e9ve, ha ez szerz\u0151d\u00e9ses k\u00f6telezetts\u00e9geink teljes\u00edt\u00e9s\u00e9hez vagy jogi k\u00f6vetelm\u00e9nyek miatt sz\u00fcks\u00e9ges.<\/p>\n<ol start=\"5\">\n<li>\n<h5>Az \u00d6n adatainak t\u00e1rol\u00e1sa<\/h5>\n<\/li>\n<\/ol>\n<p>Az \u00d6n adatait csak addig t\u00e1roljuk, am\u00edg a fent eml\u00edtett c\u00e9lokra sz\u00fcks\u00e9ges, vagy am\u00edg a t\u00f6rv\u00e9nyes meg\u0151rz\u00e9si k\u00f6telezetts\u00e9gek megk\u00f6vetelik.<\/p>\n<ol start=\"6\">\n<li>\n<h5>Az \u00d6n jogai<\/h5>\n<\/li>\n<\/ol>\n<p>\u00d6nnek joga van a t\u00e1j\u00e9koztat\u00e1shoz, a helyesb\u00edt\u00e9shez, a t\u00f6rl\u00e9shez \u00e9s a szem\u00e9lyes adatai feldolgoz\u00e1s\u00e1nak korl\u00e1toz\u00e1s\u00e1hoz.<br \/>\nTiltakozhat az adatai feldolgoz\u00e1sa ellen is.<br \/>\nJogai gyakorl\u00e1s\u00e1hoz, vagy ha b\u00e1rmilyen k\u00e9rd\u00e9se van a weboldalunkon alkalmazott adatv\u00e9delmi gyakorlatokkal kapcsolatban, k\u00e9rj\u00fck, vegye fel vel\u00fcnk a kapcsolatot a fent megadott el\u00e9rhet\u0151s\u00e9geken.  <\/p>\n<ol start=\"7\">\n<li>\n<h5>Fellebbez\u00e9si jog<\/h5>\n<\/li>\n<\/ol>\n<p>Ha \u00fagy v\u00e9li, hogy adatv\u00e9delmi jogait megs\u00e9rtett\u00e9k, joga van panaszt tenni az adatv\u00e9delmi hat\u00f3s\u00e1gn\u00e1l.<\/p>\n<ol start=\"8\">\n<li>\n<h5>Friss\u00edt\u00e9sek<\/h5>\n<\/li>\n<\/ol>\n<p>Fenntartjuk a jogot, hogy sz\u00fcks\u00e9g eset\u00e9n friss\u00edts\u00fck ezt az adatv\u00e9delmi szab\u00e1lyzatot.<br \/>\nK\u00e9rj\u00fck, rendszeresen ellen\u0151rizze a friss\u00edt\u00e9seket. <\/p>\n<p>\u00c1llapot: 2023. november 2.<\/p>\n<p>K\u00f6sz\u00f6nj\u00fck, hogy elolvasta adatv\u00e9delmi szab\u00e1lyzatunkat.<br \/>\nNagyra \u00e9rt\u00e9kelj\u00fck a bel\u00e9nk vetett bizalm\u00e1t, \u00e9s mindent megtesz\u00fcnk annak \u00e9rdek\u00e9ben, hogy adatait a lehet\u0151 legnagyobb gondoss\u00e1ggal kezelj\u00fck. <\/p>\n\t\t\t\t\t\t\t\t<\/div>\n\t\t\t\t<\/div>\n\t\t\t\t\t<\/div>\n\t\t\t\t<\/div>\n\t\t\t\t<\/div>\n\t\t","protected":false},"excerpt":{"rendered":"<p>Adatv\u00e9delmi szab\u00e1lyzat Mi, a Nicolas Pfeffer c\u00e9g, sz\u00e9khely\u00fcnk: Sch\u00fcttkastenhof 2, 7132 Frauenkirchen, a Pagodenzelt.at domain alatt \u00fczemeltetj\u00fck a weboldalt. Az \u00d6n mag\u00e1n\u00e9lete \u00e9s szem\u00e9lyes adatainak v\u00e9delme rendk\u00edv\u00fcl fontos sz\u00e1munkra. Ez\u00e9rt az al\u00e1bbiakban szeretn\u00e9nk elmagyar\u00e1zni, hogyan gy\u0171jtj\u00fck, kezelj\u00fck \u00e9s v\u00e9dj\u00fck az \u00d6n adatait. Felel\u0151s szerv Nicolas Pfeffer Sch\u00fcttkastenhof 2 7132 Frauenkirchen El\u00e9rhet\u0151s\u00e9g: +43 660501002 E-mail: info@pagodenzelt.at [&hellip;]<\/p>\n","protected":false},"author":1,"featured_media":0,"parent":0,"menu_order":0,"comment_status":"closed","ping_status":"closed","template":"","meta":{"om_disable_all_campaigns":false,"_monsterinsights_skip_tracking":false,"_monsterinsights_sitenote_active":false,"_monsterinsights_sitenote_note":"","_monsterinsights_sitenote_category":0,"site-sidebar-layout":"no-sidebar","site-content-layout":"page-builder","ast-site-content-layout":"full-width-container","site-content-style":"default","site-sidebar-style":"default","ast-global-header-display":"","ast-banner-title-visibility":"","ast-main-header-display":"","ast-hfb-above-header-display":"","ast-hfb-below-header-display":"","ast-hfb-mobile-header-display":"","site-post-title":"disabled","ast-breadcrumbs-content":"","ast-featured-img":"disabled","footer-sml-layout":"","ast-disable-related-posts":"","theme-transparent-header-meta":"","adv-header-id-meta":"","stick-header-meta":"","header-above-stick-meta":"","header-main-stick-meta":"","header-below-stick-meta":"","astra-migrate-meta-layouts":"default","ast-page-background-enabled":"default","ast-page-background-meta":{"desktop":{"background-color":"","background-image":"","background-repeat":"repeat","background-position":"center center","background-size":"auto","background-attachment":"scroll","background-type":"","background-media":"","overlay-type":"","overlay-color":"","overlay-opacity":"","overlay-gradient":""},"tablet":{"background-color":"","background-image":"","background-repeat":"repeat","background-position":"center center","background-size":"auto","background-attachment":"scroll","background-type":"","background-media":"","overlay-type":"","overlay-color":"","overlay-opacity":"","overlay-gradient":""},"mobile":{"background-color":"","background-image":"","background-repeat":"repeat","background-position":"center center","background-size":"auto","background-attachment":"scroll","background-type":"","background-media":"","overlay-type":"","overlay-color":"","overlay-opacity":"","overlay-gradient":""}},"ast-content-background-meta":{"desktop":{"background-color":"var(--ast-global-color-5)","background-image":"","background-repeat":"repeat","background-position":"center center","background-size":"auto","background-attachment":"scroll","background-type":"","background-media":"","overlay-type":"","overlay-color":"","overlay-opacity":"","overlay-gradient":""},"tablet":{"background-color":"var(--ast-global-color-5)","background-image":"","background-repeat":"repeat","background-position":"center center","background-size":"auto","background-attachment":"scroll","background-type":"","background-media":"","overlay-type":"","overlay-color":"","overlay-opacity":"","overlay-gradient":""},"mobile":{"background-color":"var(--ast-global-color-5)","background-image":"","background-repeat":"repeat","background-position":"center center","background-size":"auto","background-attachment":"scroll","background-type":"","background-media":"","overlay-type":"","overlay-color":"","overlay-opacity":"","overlay-gradient":""}},"footnotes":""},"class_list":["post-6937","page","type-page","status-publish","hentry"],"aioseo_notices":[],"_links":{"self":[{"href":"https:\/\/pagodenzelt.at\/hu\/wp-json\/wp\/v2\/pages\/6937"}],"collection":[{"href":"https:\/\/pagodenzelt.at\/hu\/wp-json\/wp\/v2\/pages"}],"about":[{"href":"https:\/\/pagodenzelt.at\/hu\/wp-json\/wp\/v2\/types\/page"}],"author":[{"embeddable":true,"href":"https:\/\/pagodenzelt.at\/hu\/wp-json\/wp\/v2\/users\/1"}],"replies":[{"embeddable":true,"href":"https:\/\/pagodenzelt.at\/hu\/wp-json\/wp\/v2\/comments?post=6937"}],"version-history":[{"count":2,"href":"https:\/\/pagodenzelt.at\/hu\/wp-json\/wp\/v2\/pages\/6937\/revisions"}],"predecessor-version":[{"id":6942,"href":"https:\/\/pagodenzelt.at\/hu\/wp-json\/wp\/v2\/pages\/6937\/revisions\/6942"}],"wp:attachment":[{"href":"https:\/\/pagodenzelt.at\/hu\/wp-json\/wp\/v2\/media?parent=6937"}],"curies":[{"name":"wp","href":"https:\/\/api.w.org\/{rel}","templated":true}]}}