{"id":6972,"date":"2023-11-10T16:45:06","date_gmt":"2023-11-10T16:45:06","guid":{"rendered":"https:\/\/pagodenzelt.at\/impresszum\/"},"modified":"2025-05-12T04:55:47","modified_gmt":"2025-05-12T04:55:47","slug":"impresszum","status":"publish","type":"page","link":"https:\/\/pagodenzelt.at\/hu\/impresszum\/","title":{"rendered":"Impresszum"},"content":{"rendered":"\t\t<div data-elementor-type=\"wp-page\" data-elementor-id=\"6972\" class=\"elementor elementor-6972 elementor-4736\">\n\t\t\t\t<div class=\"elementor-element elementor-element-1269a2c e-flex e-con-boxed e-con e-parent\" data-id=\"1269a2c\" data-element_type=\"container\" data-e-type=\"container\">\n\t\t\t\t\t<div class=\"e-con-inner\">\n\t\t\t\t<div class=\"elementor-element elementor-element-dea61e8 elementor-widget elementor-widget-text-editor\" data-id=\"dea61e8\" data-element_type=\"widget\" data-e-type=\"widget\" data-widget_type=\"text-editor.default\">\n\t\t\t\t<div class=\"elementor-widget-container\">\n\t\t\t\t\t\t\t\t\t<h1 style=\"text-align: center; color: #d60404;\">Impresszum<\/h1>\n<h3 style=\"text-align: center;\">PFEFFER Sport &amp; esem\u00e9nyek<\/h3>\n<p>Nicolas Pfeffer<\/p>\n<p>7132 Frauenkirchen<\/p>\n<p>Sch\u00fcttkastenhof 2 | Ausztria<\/p>\n<p>Tel: +43 6605051002<\/p>\n<p>E-mail: <a style=\"color: #d60404;\" href=\"mailto:info@pagodenzelt.at\">info@pagodenzelt.at<\/a><\/p>\n<p>Tev\u00e9kenys\u00e9g le\u00edr\u00e1s: Sportcikkek kereskedelme, rendezv\u00e9nyek \u00e9s kongresszusok szervez\u00e9se \u00e9s k\u00f6zvet\u00edt\u00e9se.<\/p>\n<p>UID-sz\u00e1m: ATU79014816<\/p>\n<p>A WK\u00d6, WKO Burgenland tagja<\/p>\n<p>Kereskedelmi szab\u00e1lyok:<\/p>\n<p><a style=\"color: #d60404;\" href=\"http:\/\/www.ris.bka.gv.at\">www.ris.bka.gv.at<\/a><\/p>\n<p>Fel\u00fcgyeleti hat\u00f3s\u00e1g: Neusiedl am See j\u00e1r\u00e1si hat\u00f3s\u00e1g<\/p>\n<p>Munkak\u00f6r megnevez\u00e9se: Sportcikk-kereskedelem<\/p>\n<p>Inform\u00e1ci\u00f3k az online vitarendez\u00e9sr\u0151l: A fogyaszt\u00f3knak lehet\u0151s\u00e9g\u00fck van arra, hogy panaszaikat az EU online vitarendez\u00e9si platformj\u00e1n ny\u00fajts\u00e1k be:<\/p>\n<p><a style=\"color: #d60404;\" href=\"https:\/\/ec.europa.eu\/odr\">https:\/\/ec.europa.eu\/odr<\/a><\/p>\n<p>B\u00e1rmilyen panasz\u00e1t a fent megadott e-mail c\u00edmre is elk\u00fcldheti.<\/p>\n\t\t\t\t\t\t\t\t<\/div>\n\t\t\t\t<\/div>\n\t\t\t\t\t<\/div>\n\t\t\t\t<\/div>\n\t\t\t\t<\/div>\n\t\t","protected":false},"excerpt":{"rendered":"<p>Impresszum PFEFFER Sport &amp; esem\u00e9nyek Nicolas Pfeffer 7132 Frauenkirchen Sch\u00fcttkastenhof 2 | Ausztria Tel: +43 6605051002 E-mail: info@pagodenzelt.at Tev\u00e9kenys\u00e9g le\u00edr\u00e1s: Sportcikkek kereskedelme, rendezv\u00e9nyek \u00e9s kongresszusok szervez\u00e9se \u00e9s k\u00f6zvet\u00edt\u00e9se. UID-sz\u00e1m: ATU79014816 A WK\u00d6, WKO Burgenland tagja Kereskedelmi szab\u00e1lyok: www.ris.bka.gv.at Fel\u00fcgyeleti hat\u00f3s\u00e1g: Neusiedl am See j\u00e1r\u00e1si hat\u00f3s\u00e1g Munkak\u00f6r megnevez\u00e9se: Sportcikk-kereskedelem Inform\u00e1ci\u00f3k az online vitarendez\u00e9sr\u0151l: A fogyaszt\u00f3knak lehet\u0151s\u00e9g\u00fck [&hellip;]<\/p>\n","protected":false},"author":1,"featured_media":0,"parent":0,"menu_order":0,"comment_status":"closed","ping_status":"closed","template":"","meta":{"om_disable_all_campaigns":false,"_monsterinsights_skip_tracking":false,"_monsterinsights_sitenote_active":false,"_monsterinsights_sitenote_note":"","_monsterinsights_sitenote_category":0,"site-sidebar-layout":"no-sidebar","site-content-layout":"page-builder","ast-site-content-layout":"full-width-container","site-content-style":"default","site-sidebar-style":"default","ast-global-header-display":"","ast-banner-title-visibility":"","ast-main-header-display":"","ast-hfb-above-header-display":"","ast-hfb-below-header-display":"","ast-hfb-mobile-header-display":"","site-post-title":"disabled","ast-breadcrumbs-content":"","ast-featured-img":"disabled","footer-sml-layout":"","ast-disable-related-posts":"","theme-transparent-header-meta":"","adv-header-id-meta":"","stick-header-meta":"","header-above-stick-meta":"","header-main-stick-meta":"","header-below-stick-meta":"","astra-migrate-meta-layouts":"default","ast-page-background-enabled":"default","ast-page-background-meta":{"desktop":{"background-color":"","background-image":"","background-repeat":"repeat","background-position":"center center","background-size":"auto","background-attachment":"scroll","background-type":"","background-media":"","overlay-type":"","overlay-color":"","overlay-opacity":"","overlay-gradient":""},"tablet":{"background-color":"","background-image":"","background-repeat":"repeat","background-position":"center center","background-size":"auto","background-attachment":"scroll","background-type":"","background-media":"","overlay-type":"","overlay-color":"","overlay-opacity":"","overlay-gradient":""},"mobile":{"background-color":"","background-image":"","background-repeat":"repeat","background-position":"center center","background-size":"auto","background-attachment":"scroll","background-type":"","background-media":"","overlay-type":"","overlay-color":"","overlay-opacity":"","overlay-gradient":""}},"ast-content-background-meta":{"desktop":{"background-color":"var(--ast-global-color-5)","background-image":"","background-repeat":"repeat","background-position":"center center","background-size":"auto","background-attachment":"scroll","background-type":"","background-media":"","overlay-type":"","overlay-color":"","overlay-opacity":"","overlay-gradient":""},"tablet":{"background-color":"var(--ast-global-color-5)","background-image":"","background-repeat":"repeat","background-position":"center center","background-size":"auto","background-attachment":"scroll","background-type":"","background-media":"","overlay-type":"","overlay-color":"","overlay-opacity":"","overlay-gradient":""},"mobile":{"background-color":"var(--ast-global-color-5)","background-image":"","background-repeat":"repeat","background-position":"center center","background-size":"auto","background-attachment":"scroll","background-type":"","background-media":"","overlay-type":"","overlay-color":"","overlay-opacity":"","overlay-gradient":""}},"footnotes":""},"class_list":["post-6972","page","type-page","status-publish","hentry"],"aioseo_notices":[],"_links":{"self":[{"href":"https:\/\/pagodenzelt.at\/hu\/wp-json\/wp\/v2\/pages\/6972"}],"collection":[{"href":"https:\/\/pagodenzelt.at\/hu\/wp-json\/wp\/v2\/pages"}],"about":[{"href":"https:\/\/pagodenzelt.at\/hu\/wp-json\/wp\/v2\/types\/page"}],"author":[{"embeddable":true,"href":"https:\/\/pagodenzelt.at\/hu\/wp-json\/wp\/v2\/users\/1"}],"replies":[{"embeddable":true,"href":"https:\/\/pagodenzelt.at\/hu\/wp-json\/wp\/v2\/comments?post=6972"}],"version-history":[{"count":2,"href":"https:\/\/pagodenzelt.at\/hu\/wp-json\/wp\/v2\/pages\/6972\/revisions"}],"predecessor-version":[{"id":6976,"href":"https:\/\/pagodenzelt.at\/hu\/wp-json\/wp\/v2\/pages\/6972\/revisions\/6976"}],"wp:attachment":[{"href":"https:\/\/pagodenzelt.at\/hu\/wp-json\/wp\/v2\/media?parent=6972"}],"curies":[{"name":"wp","href":"https:\/\/api.w.org\/{rel}","templated":true}]}}