{"id":6404,"date":"2023-11-16T23:47:04","date_gmt":"2023-11-16T23:47:04","guid":{"rendered":"https:\/\/pagodenzelt.at\/product\/pagoda-sator-5x5m\/"},"modified":"2025-04-17T08:30:54","modified_gmt":"2025-04-17T08:30:54","slug":"pagoda-sator-5x5m","status":"publish","type":"product","link":"https:\/\/pagodenzelt.at\/hu\/product\/pagoda-sator-5x5m\/","title":{"rendered":"Pagoda s\u00e1tor 5X5m"},"content":{"rendered":"<p>Fedezze fel sokoldal\u00fa 5&#215;5 m\u00e9teres pagodas\u00e1trunkat &#8211; ide\u00e1lis megold\u00e1s szinte minden alkalomra! Ez a s\u00e1tor leny\u0171g\u00f6zi figyelemre m\u00e9lt\u00f3 stabilit\u00e1s\u00e1val, ami azt jelenti, hogy ellen\u00e1ll az id\u0151j\u00e1r\u00e1s viszontags\u00e1gainak, \u00e9s megb\u00edzhat\u00f3an v\u00e9di rendezv\u00e9ny\u00e9t. Emellett eleg\u00e1ns megjelen\u00e9se kifinomult hangulatot k\u00f6lcs\u00f6n\u00f6z rendezv\u00e9ny\u00e9nek. Legyen sz\u00f3 piacokr\u00f3l, v\u00e1s\u00e1rokr\u00f3l, \u00fcnneps\u00e9gekr\u0151l vagy m\u00e1s c\u00e9lokb\u00f3l, ez a pagodas\u00e1tor a st\u00edlus \u00e9s a szil\u00e1rds\u00e1g t\u00f6k\u00e9letes kombin\u00e1ci\u00f3j\u00e1t k\u00edn\u00e1lja. Ragadja meg a lehet\u0151s\u00e9get, \u00e9s v\u00e1s\u00e1rolja meg ezt az els\u0151 oszt\u00e1ly\u00fa 5x5m-es pagodas\u00e1trat m\u00e9g ma, hogy rendezv\u00e9nyeit a k\u00f6vetkez\u0151 szintre emelje!<\/p>\n","protected":false},"excerpt":{"rendered":"<p>Fedezze fel sokoldal\u00fa 5&#215;5 m\u00e9teres pagodas\u00e1trunkat &#8211; ide\u00e1lis megold\u00e1s szinte minden alkalomra! Ez a s\u00e1tor leny\u0171g\u00f6zi figyelemre m\u00e9lt\u00f3 stabilit\u00e1s\u00e1val, ami azt jelenti, hogy ellen\u00e1ll az id\u0151j\u00e1r\u00e1s viszontags\u00e1gainak, \u00e9s megb\u00edzhat\u00f3an v\u00e9di rendezv\u00e9ny\u00e9t. Emellett eleg\u00e1ns megjelen\u00e9se kifinomult hangulatot k\u00f6lcs\u00f6n\u00f6z rendezv\u00e9ny\u00e9nek. Legyen sz\u00f3 piacokr\u00f3l, v\u00e1s\u00e1rokr\u00f3l, \u00fcnneps\u00e9gekr\u0151l vagy m\u00e1s c\u00e9lokb\u00f3l, ez a pagodas\u00e1tor a st\u00edlus \u00e9s a szil\u00e1rds\u00e1g t\u00f6k\u00e9letes [&hellip;]<\/p>\n","protected":false},"featured_media":5704,"template":"","meta":{"om_disable_all_campaigns":false,"_monsterinsights_skip_tracking":false,"_monsterinsights_sitenote_active":false,"_monsterinsights_sitenote_note":"","_monsterinsights_sitenote_category":0,"site-sidebar-layout":"default","site-content-layout":"","ast-site-content-layout":"default","site-content-style":"default","site-sidebar-style":"default","ast-global-header-display":"","ast-banner-title-visibility":"","ast-main-header-display":"","ast-hfb-above-header-display":"","ast-hfb-below-header-display":"","ast-hfb-mobile-header-display":"","site-post-title":"","ast-breadcrumbs-content":"","ast-featured-img":"","footer-sml-layout":"","ast-disable-related-posts":"","theme-transparent-header-meta":"default","adv-header-id-meta":"","stick-header-meta":"","header-above-stick-meta":"","header-main-stick-meta":"","header-below-stick-meta":"","astra-migrate-meta-layouts":"default","ast-page-background-enabled":"default","ast-page-background-meta":{"desktop":{"background-color":"","background-image":"","background-repeat":"repeat","background-position":"center center","background-size":"auto","background-attachment":"scroll","background-type":"","background-media":"","overlay-type":"","overlay-color":"","overlay-opacity":"","overlay-gradient":""},"tablet":{"background-color":"","background-image":"","background-repeat":"repeat","background-position":"center center","background-size":"auto","background-attachment":"scroll","background-type":"","background-media":"","overlay-type":"","overlay-color":"","overlay-opacity":"","overlay-gradient":""},"mobile":{"background-color":"","background-image":"","background-repeat":"repeat","background-position":"center center","background-size":"auto","background-attachment":"scroll","background-type":"","background-media":"","overlay-type":"","overlay-color":"","overlay-opacity":"","overlay-gradient":""}},"ast-content-background-meta":{"desktop":{"background-color":"var(--ast-global-color-5)","background-image":"","background-repeat":"repeat","background-position":"center center","background-size":"auto","background-attachment":"scroll","background-type":"","background-media":"","overlay-type":"","overlay-color":"","overlay-opacity":"","overlay-gradient":""},"tablet":{"background-color":"var(--ast-global-color-5)","background-image":"","background-repeat":"repeat","background-position":"center center","background-size":"auto","background-attachment":"scroll","background-type":"","background-media":"","overlay-type":"","overlay-color":"","overlay-opacity":"","overlay-gradient":""},"mobile":{"background-color":"var(--ast-global-color-5)","background-image":"","background-repeat":"repeat","background-position":"center center","background-size":"auto","background-attachment":"scroll","background-type":"","background-media":"","overlay-type":"","overlay-color":"","overlay-opacity":"","overlay-gradient":""}}},"product_brand":[],"product_cat":[129],"product_tag":[162,163,130],"class_list":{"0":"post-6404","1":"product","2":"type-product","3":"status-publish","4":"has-post-thumbnail","6":"product_cat-pagoda-sator","7":"product_tag-pagoda-hu","8":"product_tag-pagodatent-hu","9":"product_tag-pagoda-sator","10":"desktop-align-left","11":"tablet-align-left","12":"mobile-align-left","14":"first","15":"instock","16":"featured","17":"shipping-taxable","18":"purchasable","19":"product-type-simple"},"aioseo_notices":[],"_links":{"self":[{"href":"https:\/\/pagodenzelt.at\/hu\/wp-json\/wp\/v2\/product\/6404"}],"collection":[{"href":"https:\/\/pagodenzelt.at\/hu\/wp-json\/wp\/v2\/product"}],"about":[{"href":"https:\/\/pagodenzelt.at\/hu\/wp-json\/wp\/v2\/types\/product"}],"version-history":[{"count":2,"href":"https:\/\/pagodenzelt.at\/hu\/wp-json\/wp\/v2\/product\/6404\/revisions"}],"predecessor-version":[{"id":7736,"href":"https:\/\/pagodenzelt.at\/hu\/wp-json\/wp\/v2\/product\/6404\/revisions\/7736"}],"wp:featuredmedia":[{"embeddable":true,"href":"https:\/\/pagodenzelt.at\/hu\/wp-json\/wp\/v2\/media\/5704"}],"wp:attachment":[{"href":"https:\/\/pagodenzelt.at\/hu\/wp-json\/wp\/v2\/media?parent=6404"}],"wp:term":[{"taxonomy":"product_brand","embeddable":true,"href":"https:\/\/pagodenzelt.at\/hu\/wp-json\/wp\/v2\/product_brand?post=6404"},{"taxonomy":"product_cat","embeddable":true,"href":"https:\/\/pagodenzelt.at\/hu\/wp-json\/wp\/v2\/product_cat?post=6404"},{"taxonomy":"product_tag","embeddable":true,"href":"https:\/\/pagodenzelt.at\/hu\/wp-json\/wp\/v2\/product_tag?post=6404"}],"curies":[{"name":"wp","href":"https:\/\/api.w.org\/{rel}","templated":true}]}}