{"id":6967,"date":"2023-11-10T16:45:06","date_gmt":"2023-11-10T16:45:06","guid":{"rendered":"https:\/\/pagodenzelt.at\/impronta\/"},"modified":"2025-05-12T04:55:52","modified_gmt":"2025-05-12T04:55:52","slug":"impronta","status":"publish","type":"page","link":"https:\/\/pagodenzelt.at\/it\/impronta\/","title":{"rendered":"Impronta"},"content":{"rendered":"\t\t<div data-elementor-type=\"wp-page\" data-elementor-id=\"6967\" class=\"elementor elementor-6967 elementor-4736\">\n\t\t\t\t<div class=\"elementor-element elementor-element-1269a2c e-flex e-con-boxed e-con e-parent\" data-id=\"1269a2c\" data-element_type=\"container\" data-e-type=\"container\">\n\t\t\t\t\t<div class=\"e-con-inner\">\n\t\t\t\t<div class=\"elementor-element elementor-element-dea61e8 elementor-widget elementor-widget-text-editor\" data-id=\"dea61e8\" data-element_type=\"widget\" data-e-type=\"widget\" data-widget_type=\"text-editor.default\">\n\t\t\t\t<div class=\"elementor-widget-container\">\n\t\t\t\t\t\t\t\t\t<h1 style=\"text-align: center; color: #d60404;\">Impronta<\/h1>\n<h3 style=\"text-align: center;\">PFEFFER Sport ed eventi<\/h3>\n<p>Nicolas Pfeffer<\/p>\n<p>7132 Frauenkirchen<\/p>\n<p>Sch\u00fcttkastenhof 2 | Austria<\/p>\n<p>Tel: +43 6605051002<\/p>\n<p>Email: <a style=\"color: #d60404;\" href=\"mailto:info@pagodenzelt.at\">info@pagodenzelt.at<\/a><\/p>\n<p>Scopo dell&#8217;attivit\u00e0: Commercio di articoli sportivi, organizzazione e mediazione di eventi e congressi.<\/p>\n<p>N. UID: ATU79014816<\/p>\n<p>Membro della WK\u00d6, WKO Burgenland<\/p>\n<p>Regolamenti commerciali:<\/p>\n<p><a style=\"color: #d60404;\" href=\"http:\/\/www.ris.bka.gv.at\">www.ris.bka.gv.at<\/a><\/p>\n<p>Autorit\u00e0 di vigilanza: Autorit\u00e0 distrettuale di Neusiedl am See<\/p>\n<p>Titolo di lavoro: Commercio di articoli sportivi<\/p>\n<p>Informazioni sulla risoluzione delle controversie online: I consumatori hanno la possibilit\u00e0 di presentare reclami alla piattaforma di risoluzione delle controversie online dell&#8217;UE:<\/p>\n<p><a style=\"color: #d60404;\" href=\"https:\/\/ec.europa.eu\/odr\">https:\/\/ec.europa.eu\/odr<\/a><\/p>\n<p>Puoi anche inviare eventuali reclami all&#8217;indirizzo e-mail indicato sopra.<\/p>\n\t\t\t\t\t\t\t\t<\/div>\n\t\t\t\t<\/div>\n\t\t\t\t\t<\/div>\n\t\t\t\t<\/div>\n\t\t\t\t<\/div>\n\t\t","protected":false},"excerpt":{"rendered":"<p>Impronta PFEFFER Sport ed eventi Nicolas Pfeffer 7132 Frauenkirchen Sch\u00fcttkastenhof 2 | Austria Tel: +43 6605051002 Email: info@pagodenzelt.at Scopo dell&#8217;attivit\u00e0: Commercio di articoli sportivi, organizzazione e mediazione di eventi e congressi. N. UID: ATU79014816 Membro della WK\u00d6, WKO Burgenland Regolamenti commerciali: www.ris.bka.gv.at Autorit\u00e0 di vigilanza: Autorit\u00e0 distrettuale di Neusiedl am See Titolo di lavoro: Commercio [&hellip;]<\/p>\n","protected":false},"author":1,"featured_media":0,"parent":0,"menu_order":0,"comment_status":"closed","ping_status":"closed","template":"","meta":{"om_disable_all_campaigns":false,"_monsterinsights_skip_tracking":false,"_monsterinsights_sitenote_active":false,"_monsterinsights_sitenote_note":"","_monsterinsights_sitenote_category":0,"site-sidebar-layout":"no-sidebar","site-content-layout":"page-builder","ast-site-content-layout":"full-width-container","site-content-style":"default","site-sidebar-style":"default","ast-global-header-display":"","ast-banner-title-visibility":"","ast-main-header-display":"","ast-hfb-above-header-display":"","ast-hfb-below-header-display":"","ast-hfb-mobile-header-display":"","site-post-title":"disabled","ast-breadcrumbs-content":"","ast-featured-img":"disabled","footer-sml-layout":"","ast-disable-related-posts":"","theme-transparent-header-meta":"","adv-header-id-meta":"","stick-header-meta":"","header-above-stick-meta":"","header-main-stick-meta":"","header-below-stick-meta":"","astra-migrate-meta-layouts":"default","ast-page-background-enabled":"default","ast-page-background-meta":{"desktop":{"background-color":"","background-image":"","background-repeat":"repeat","background-position":"center center","background-size":"auto","background-attachment":"scroll","background-type":"","background-media":"","overlay-type":"","overlay-color":"","overlay-opacity":"","overlay-gradient":""},"tablet":{"background-color":"","background-image":"","background-repeat":"repeat","background-position":"center center","background-size":"auto","background-attachment":"scroll","background-type":"","background-media":"","overlay-type":"","overlay-color":"","overlay-opacity":"","overlay-gradient":""},"mobile":{"background-color":"","background-image":"","background-repeat":"repeat","background-position":"center center","background-size":"auto","background-attachment":"scroll","background-type":"","background-media":"","overlay-type":"","overlay-color":"","overlay-opacity":"","overlay-gradient":""}},"ast-content-background-meta":{"desktop":{"background-color":"var(--ast-global-color-5)","background-image":"","background-repeat":"repeat","background-position":"center center","background-size":"auto","background-attachment":"scroll","background-type":"","background-media":"","overlay-type":"","overlay-color":"","overlay-opacity":"","overlay-gradient":""},"tablet":{"background-color":"var(--ast-global-color-5)","background-image":"","background-repeat":"repeat","background-position":"center center","background-size":"auto","background-attachment":"scroll","background-type":"","background-media":"","overlay-type":"","overlay-color":"","overlay-opacity":"","overlay-gradient":""},"mobile":{"background-color":"var(--ast-global-color-5)","background-image":"","background-repeat":"repeat","background-position":"center center","background-size":"auto","background-attachment":"scroll","background-type":"","background-media":"","overlay-type":"","overlay-color":"","overlay-opacity":"","overlay-gradient":""}},"footnotes":""},"class_list":["post-6967","page","type-page","status-publish","hentry"],"aioseo_notices":[],"_links":{"self":[{"href":"https:\/\/pagodenzelt.at\/it\/wp-json\/wp\/v2\/pages\/6967"}],"collection":[{"href":"https:\/\/pagodenzelt.at\/it\/wp-json\/wp\/v2\/pages"}],"about":[{"href":"https:\/\/pagodenzelt.at\/it\/wp-json\/wp\/v2\/types\/page"}],"author":[{"embeddable":true,"href":"https:\/\/pagodenzelt.at\/it\/wp-json\/wp\/v2\/users\/1"}],"replies":[{"embeddable":true,"href":"https:\/\/pagodenzelt.at\/it\/wp-json\/wp\/v2\/comments?post=6967"}],"version-history":[{"count":2,"href":"https:\/\/pagodenzelt.at\/it\/wp-json\/wp\/v2\/pages\/6967\/revisions"}],"predecessor-version":[{"id":6970,"href":"https:\/\/pagodenzelt.at\/it\/wp-json\/wp\/v2\/pages\/6967\/revisions\/6970"}],"wp:attachment":[{"href":"https:\/\/pagodenzelt.at\/it\/wp-json\/wp\/v2\/media?parent=6967"}],"curies":[{"name":"wp","href":"https:\/\/api.w.org\/{rel}","templated":true}]}}