{"id":6851,"date":"2023-11-13T18:39:57","date_gmt":"2023-11-13T18:39:57","guid":{"rendered":"https:\/\/pagodenzelt.at\/nasze-namioty-pagodowe\/"},"modified":"2024-09-12T12:12:00","modified_gmt":"2024-09-12T12:12:00","slug":"nasze-namioty-pagodowe","status":"publish","type":"page","link":"https:\/\/pagodenzelt.at\/pl\/nasze-namioty-pagodowe\/","title":{"rendered":"Nasze namioty pagodowe"},"content":{"rendered":"\t\t<div data-elementor-type=\"wp-page\" data-elementor-id=\"6851\" class=\"elementor elementor-6851 elementor-4843\">\n\t\t\t\t<div class=\"elementor-element elementor-element-459a2c4 e-flex e-con-boxed e-con e-parent\" data-id=\"459a2c4\" data-element_type=\"container\" data-e-type=\"container\">\n\t\t\t\t\t<div class=\"e-con-inner\">\n\t\t\t\t<div class=\"elementor-element elementor-element-091d27f elementor-widget__width-inherit elementor-invisible elementor-widget elementor-widget-heading\" data-id=\"091d27f\" data-element_type=\"widget\" data-e-type=\"widget\" data-settings=\"{&quot;_animation&quot;:&quot;fadeInDown&quot;}\" data-widget_type=\"heading.default\">\n\t\t\t\t<div class=\"elementor-widget-container\">\n\t\t\t\t\t<h2 class=\"elementor-heading-title elementor-size-default\">NASZE NAMIOTY PAGODA<\/h2>\t\t\t\t<\/div>\n\t\t\t\t<\/div>\n\t\t\t\t\t<\/div>\n\t\t\t\t<\/div>\n\t\t<div class=\"elementor-element elementor-element-c71f2b8 e-flex e-con-boxed e-con e-parent\" data-id=\"c71f2b8\" data-element_type=\"container\" data-e-type=\"container\">\n\t\t\t\t\t<div class=\"e-con-inner\">\n\t\t<div class=\"elementor-element elementor-element-693f25a e-con-full e-flex e-con e-child\" data-id=\"693f25a\" data-element_type=\"container\" data-e-type=\"container\">\n\t\t\t\t<div class=\"elementor-element elementor-element-9565483 elementor-widget elementor-widget-text-editor\" data-id=\"9565483\" data-element_type=\"widget\" data-e-type=\"widget\" data-widget_type=\"text-editor.default\">\n\t\t\t\t<div class=\"elementor-widget-container\">\n\t\t\t\t\t\t\t\t\t<h3>SILNY PARTNER PRZY ZAKUPIE NAMIOTU<\/h3><p>Trzeba przyzna\u0107, \u017ce zakup namiotu typu pagoda i zwi\u0105zane z tym przepisy mog\u0105 przyprawi\u0107 o b\u00f3l g\u0142owy. Ch\u0119tnie doradzimy i pomo\u017cemy w uzyskaniu oficjalnego zezwolenia. Nasze namioty spe\u0142niaj\u0105 najwy\u017csze profesjonalne standardy! <br \/><br \/>Na tej stronie chcieliby\u015bmy poinformowa\u0107 o danych technicznych i zakresie dostawy. <br \/><br \/>Je\u015bli masz <span style=\"color: #d60404;\">jakiekolwiek pytania<\/span>, <a style=\"color: #d60404;\" href=\"https:\/\/pagodenzelt.at\/pl\/kontakt\/\">skontaktuj si\u0119 z<\/a> naszym zespo\u0142em <a href=\"https:\/\/pagodenzelt.at\/pl\/kontakt\/\">!<\/a><\/p>\t\t\t\t\t\t\t\t<\/div>\n\t\t\t\t<\/div>\n\t\t\t\t<\/div>\n\t\t<div class=\"elementor-element elementor-element-705745b e-con-full e-flex e-con e-child\" data-id=\"705745b\" data-element_type=\"container\" data-e-type=\"container\">\n\t\t\t\t<div class=\"elementor-element elementor-element-5d30dd7 elementor-widget elementor-widget-image\" data-id=\"5d30dd7\" data-element_type=\"widget\" data-e-type=\"widget\" data-widget_type=\"image.default\">\n\t\t\t\t<div class=\"elementor-widget-container\">\n\t\t\t\t\t\t\t\t\t\t\t\t\t\t\t<img fetchpriority=\"high\" decoding=\"async\" width=\"265\" height=\"226\" src=\"https:\/\/pagodenzelt.at\/wp-content\/uploads\/2023\/12\/tar-team.png\" class=\"attachment-large size-large wp-image-6234\" alt=\"\" \/>\t\t\t\t\t\t\t\t\t\t\t\t\t\t\t<\/div>\n\t\t\t\t<\/div>\n\t\t\t\t<\/div>\n\t\t\t\t\t<\/div>\n\t\t\t\t<\/div>\n\t\t<div class=\"elementor-element elementor-element-b4a9422 e-flex e-con-boxed e-con e-parent\" data-id=\"b4a9422\" data-element_type=\"container\" data-e-type=\"container\">\n\t\t\t\t\t<div class=\"e-con-inner\">\n\t\t\t\t<div class=\"elementor-element elementor-element-f7b52fc elementor-invisible elementor-widget elementor-widget-text-editor\" data-id=\"f7b52fc\" data-element_type=\"widget\" data-e-type=\"widget\" data-settings=\"{&quot;_animation&quot;:&quot;fadeInDown&quot;}\" data-widget_type=\"text-editor.default\">\n\t\t\t\t<div class=\"elementor-widget-container\">\n\t\t\t\t\t\t\t\t\t<h4>DANE TECHNICZNE<\/h4>\n\t\t\t\t\t\t\t\t<\/div>\n\t\t\t\t<\/div>\n\t\t\t\t\t<\/div>\n\t\t\t\t<\/div>\n\t\t<div class=\"elementor-element elementor-element-a34f301 e-flex e-con-boxed e-con e-parent\" data-id=\"a34f301\" data-element_type=\"container\" data-e-type=\"container\">\n\t\t\t\t\t<div class=\"e-con-inner\">\n\t\t\t\t<div class=\"elementor-element elementor-element-a704c33 elementor-widget elementor-widget-text-editor\" data-id=\"a704c33\" data-element_type=\"widget\" data-e-type=\"widget\" data-widget_type=\"text-editor.default\">\n\t\t\t\t<div class=\"elementor-widget-container\">\n\t\t\t\t\t\t\t\t\t<div>\n<table style=\"border: 1px solid black;\">\n<tbody>\n<tr>\n<td style=\"text-align: center; font-weight: bold;\" colspan=\"2\">Dane techniczne namiotu pagoda 5x5m<\/td>\n<\/tr>\n<tr>\n<td style=\"text-align: center;\">Konfiguracja rozmiaru<\/td><td style=\"text-align: center;\">5x5m = 25m\u00b2<\/td>\n<\/tr>\n<tr>\n<td style=\"text-align: center;\">Wysoko\u015b\u0107 boku<\/td><td style=\"text-align: center;\">2,5m<\/td>\n<\/tr>\n<tr>\n<td style=\"text-align: center;\">Wysoko\u015b\u0107 szczytu<\/td><td style=\"text-align: center;\">5,4m<\/td>\n<\/tr>\n<tr>\n<td style=\"text-align: center;\">Waga<\/td><td style=\"text-align: center;\">190 kg<\/td>\n<\/tr>\n<tr>\n<td style=\"text-align: center;\">Aluminium<\/td><td style=\"text-align: center;\">Anodowane profile aluminiowe, cz\u0119\u015bci \u0142\u0105cz\u0105ce cynkowane ogniowo<\/td>\n<\/tr>\n<tr>\n<td style=\"text-align: center;\">Profil ramy<\/td><td style=\"text-align: center;\">65 mm x 65 mm x 2 mm 3-rowkowy<\/td>\n<\/tr>\n<tr>\n<td style=\"text-align: center;\">Plandeki<\/td><td style=\"text-align: center;\">Tkanina poliestrowa o gramaturze 650 g\/m\u00b2 pokryta obustronnie PVC zgodnie z norm\u0105 DIN 4102<\/td>\n<\/tr>\n<tr>\n<td style=\"text-align: center;\">Statyka<\/td><td style=\"text-align: center;\">EN ISO 5912; EN 13782<\/td>\n<\/tr>\n<\/tbody>\n<\/table>\n<\/div>\t\t\t\t\t\t\t\t<\/div>\n\t\t\t\t<\/div>\n\t\t\t\t\t<\/div>\n\t\t\t\t<\/div>\n\t\t<div class=\"elementor-element elementor-element-f50dbbe e-flex e-con-boxed e-con e-parent\" data-id=\"f50dbbe\" data-element_type=\"container\" data-e-type=\"container\">\n\t\t\t\t\t<div class=\"e-con-inner\">\n\t\t\t\t<div class=\"elementor-element elementor-element-2aef86b elementor-widget elementor-widget-text-editor\" data-id=\"2aef86b\" data-element_type=\"widget\" data-e-type=\"widget\" data-widget_type=\"text-editor.default\">\n\t\t\t\t<div class=\"elementor-widget-container\">\n\t\t\t\t\t\t\t\t\t<h3>ZAKRES DOSTAWY<\/h3>\n<p><span style=\"color:#d60404;\">Brak<\/span> ukrytych koszt\u00f3w &#8211; z nami otrzymujesz namiot pagoda wraz ze <span style=\"color:#d60404;\">wszystkimi <\/span>niezb\u0119dnymi <span style=\"color:#d60404;\">elementami<\/span>, a tak\u017ce ko\u0142kami do <span style=\"color:#d60404;\">zabezpieczenia<\/span> namiotu.<\/p>\t\t\t\t\t\t\t\t<\/div>\n\t\t\t\t<\/div>\n\t\t\t\t\t<\/div>\n\t\t\t\t<\/div>\n\t\t<div class=\"elementor-element elementor-element-9f3c528 e-flex e-con-boxed e-con e-parent\" data-id=\"9f3c528\" data-element_type=\"container\" data-e-type=\"container\">\n\t\t\t\t\t<div class=\"e-con-inner\">\n\t\t\t\t<div class=\"elementor-element elementor-element-55e201c elementor-widget elementor-widget-text-editor\" data-id=\"55e201c\" data-element_type=\"widget\" data-e-type=\"widget\" data-widget_type=\"text-editor.default\">\n\t\t\t\t<div class=\"elementor-widget-container\">\n\t\t\t\t\t\t\t\t\t<div>\n<table style=\"border: 1px solid black;\">\n<tbody>\n<tr>\n<td style=\"text-align: center; font-weight: bold;\" colspan=\"2\">Zakres dostawy<\/td>\n<\/tr>\n<tr>\n<td style=\"text-align: center;\">produkt<\/td><td style=\"text-align: center;\">Kawa\u0142ek<\/td>\n<\/tr>\n<tr>\n<td style=\"text-align: center;\">Wspornik boczny z profilu aluminiowego 4,90 m<\/td><td style=\"text-align: center;\">4<\/td>\n<\/tr>\n<tr>\n<td style=\"text-align: center;\">N\u00f3\u017cki z profilu aluminiowego 2,5 m<\/td><td style=\"text-align: center;\">4<\/td>\n<\/tr>\n<tr>\n<td style=\"text-align: center;\">\u0141\u0105czenie profili<\/td><td style=\"text-align: center;\">4<\/td>\n<\/tr>\n<tr>\n<td style=\"text-align: center;\">Centrum przy\u0142\u0105czeniowe + za\u015blepka<\/td><td style=\"text-align: center;\">1<\/td>\n<\/tr>\n<tr>\n<td style=\"text-align: center;\">Orurowanie namiotu<\/td><td style=\"text-align: center;\">4<\/td>\n<\/tr>\n<tr>\n<td style=\"text-align: center;\">Ko\u0142ki ziemne<\/td><td style=\"text-align: center;\">8<\/td>\n<\/tr>\n<tr>\n<td style=\"text-align: center;\">Przewody no\u017cne 5m<\/td><td style=\"text-align: center;\">4<\/td>\n<\/tr>\n<tr>\n<td style=\"text-align: center;\">Plandeka dachowa 5x5m<\/td><td style=\"text-align: center;\">1<\/td>\n<\/tr>\n<tr>\n<td style=\"text-align: center;\">Plandeka boczna 2,5 m x 2,5 m<\/td><td style=\"text-align: center;\">8<\/td>\n<\/tr>\n<\/tbody>\n<\/table>\n<div><\/div>\n<\/div>\t\t\t\t\t\t\t\t<\/div>\n\t\t\t\t<\/div>\n\t\t\t\t\t<\/div>\n\t\t\t\t<\/div>\n\t\t\t\t<\/div>\n\t\t","protected":false},"excerpt":{"rendered":"<p>NASZE NAMIOTY PAGODA SILNY PARTNER PRZY ZAKUPIE NAMIOTU Trzeba przyzna\u0107, \u017ce zakup namiotu typu pagoda i zwi\u0105zane z tym przepisy mog\u0105 przyprawi\u0107 o b\u00f3l g\u0142owy. Ch\u0119tnie doradzimy i pomo\u017cemy w uzyskaniu oficjalnego zezwolenia. Nasze namioty spe\u0142niaj\u0105 najwy\u017csze profesjonalne standardy! Na tej stronie chcieliby\u015bmy poinformowa\u0107 o danych technicznych i zakresie dostawy. Je\u015bli masz jakiekolwiek pytania, skontaktuj [&hellip;]<\/p>\n","protected":false},"author":1,"featured_media":0,"parent":0,"menu_order":0,"comment_status":"closed","ping_status":"closed","template":"","meta":{"om_disable_all_campaigns":false,"_monsterinsights_skip_tracking":false,"_monsterinsights_sitenote_active":false,"_monsterinsights_sitenote_note":"","_monsterinsights_sitenote_category":0,"site-sidebar-layout":"no-sidebar","site-content-layout":"page-builder","ast-site-content-layout":"full-width-container","site-content-style":"default","site-sidebar-style":"default","ast-global-header-display":"","ast-banner-title-visibility":"","ast-main-header-display":"","ast-hfb-above-header-display":"","ast-hfb-below-header-display":"","ast-hfb-mobile-header-display":"","site-post-title":"disabled","ast-breadcrumbs-content":"","ast-featured-img":"disabled","footer-sml-layout":"","ast-disable-related-posts":"","theme-transparent-header-meta":"","adv-header-id-meta":"","stick-header-meta":"","header-above-stick-meta":"","header-main-stick-meta":"","header-below-stick-meta":"","astra-migrate-meta-layouts":"default","ast-page-background-enabled":"default","ast-page-background-meta":{"desktop":{"background-color":"","background-image":"","background-repeat":"repeat","background-position":"center center","background-size":"auto","background-attachment":"scroll","background-type":"","background-media":"","overlay-type":"","overlay-color":"","overlay-opacity":"","overlay-gradient":""},"tablet":{"background-color":"","background-image":"","background-repeat":"repeat","background-position":"center center","background-size":"auto","background-attachment":"scroll","background-type":"","background-media":"","overlay-type":"","overlay-color":"","overlay-opacity":"","overlay-gradient":""},"mobile":{"background-color":"","background-image":"","background-repeat":"repeat","background-position":"center center","background-size":"auto","background-attachment":"scroll","background-type":"","background-media":"","overlay-type":"","overlay-color":"","overlay-opacity":"","overlay-gradient":""}},"ast-content-background-meta":{"desktop":{"background-color":"var(--ast-global-color-5)","background-image":"","background-repeat":"repeat","background-position":"center center","background-size":"auto","background-attachment":"scroll","background-type":"","background-media":"","overlay-type":"","overlay-color":"","overlay-opacity":"","overlay-gradient":""},"tablet":{"background-color":"var(--ast-global-color-5)","background-image":"","background-repeat":"repeat","background-position":"center center","background-size":"auto","background-attachment":"scroll","background-type":"","background-media":"","overlay-type":"","overlay-color":"","overlay-opacity":"","overlay-gradient":""},"mobile":{"background-color":"var(--ast-global-color-5)","background-image":"","background-repeat":"repeat","background-position":"center center","background-size":"auto","background-attachment":"scroll","background-type":"","background-media":"","overlay-type":"","overlay-color":"","overlay-opacity":"","overlay-gradient":""}},"footnotes":""},"class_list":["post-6851","page","type-page","status-publish","hentry"],"aioseo_notices":[],"_links":{"self":[{"href":"https:\/\/pagodenzelt.at\/pl\/wp-json\/wp\/v2\/pages\/6851"}],"collection":[{"href":"https:\/\/pagodenzelt.at\/pl\/wp-json\/wp\/v2\/pages"}],"about":[{"href":"https:\/\/pagodenzelt.at\/pl\/wp-json\/wp\/v2\/types\/page"}],"author":[{"embeddable":true,"href":"https:\/\/pagodenzelt.at\/pl\/wp-json\/wp\/v2\/users\/1"}],"replies":[{"embeddable":true,"href":"https:\/\/pagodenzelt.at\/pl\/wp-json\/wp\/v2\/comments?post=6851"}],"version-history":[{"count":5,"href":"https:\/\/pagodenzelt.at\/pl\/wp-json\/wp\/v2\/pages\/6851\/revisions"}],"predecessor-version":[{"id":7611,"href":"https:\/\/pagodenzelt.at\/pl\/wp-json\/wp\/v2\/pages\/6851\/revisions\/7611"}],"wp:attachment":[{"href":"https:\/\/pagodenzelt.at\/pl\/wp-json\/wp\/v2\/media?parent=6851"}],"curies":[{"name":"wp","href":"https:\/\/api.w.org\/{rel}","templated":true}]}}