{"id":7074,"date":"2023-10-30T20:01:35","date_gmt":"2023-10-30T20:01:35","guid":{"rendered":"https:\/\/pagodenzelt.at\/polityka-prywatnosci-2\/"},"modified":"2025-04-17T08:31:35","modified_gmt":"2025-04-17T08:31:35","slug":"polityka-prywatnosci-2","status":"publish","type":"page","link":"https:\/\/pagodenzelt.at\/pl\/polityka-prywatnosci-2\/","title":{"rendered":"Polityka prywatno\u015bci"},"content":{"rendered":"\t\t<div data-elementor-type=\"wp-page\" data-elementor-id=\"7074\" class=\"elementor elementor-7074 elementor-4529\">\n\t\t\t\t<div class=\"elementor-element elementor-element-21184a8 e-flex e-con-boxed e-con e-parent\" data-id=\"21184a8\" data-element_type=\"container\" data-e-type=\"container\">\n\t\t\t\t\t<div class=\"e-con-inner\">\n\t\t\t\t<div class=\"elementor-element elementor-element-09e104d elementor-widget elementor-widget-image\" data-id=\"09e104d\" data-element_type=\"widget\" data-e-type=\"widget\" data-widget_type=\"image.default\">\n\t\t\t\t<div class=\"elementor-widget-container\">\n\t\t\t\t\t\t\t\t\t\t\t\t\t\t\t<img fetchpriority=\"high\" decoding=\"async\" width=\"1254\" height=\"350\" src=\"https:\/\/pagodenzelt.at\/wp-content\/uploads\/2023\/10\/Privacy-Policy-Security.jpg\" class=\"attachment-full size-full wp-image-5860\" alt=\"\" srcset=\"https:\/\/pagodenzelt.at\/wp-content\/uploads\/2023\/10\/Privacy-Policy-Security.jpg 1254w, https:\/\/pagodenzelt.at\/wp-content\/uploads\/2023\/10\/Privacy-Policy-Security-300x84.jpg 300w, https:\/\/pagodenzelt.at\/wp-content\/uploads\/2023\/10\/Privacy-Policy-Security-1024x286.jpg 1024w, https:\/\/pagodenzelt.at\/wp-content\/uploads\/2023\/10\/Privacy-Policy-Security-768x214.jpg 768w, https:\/\/pagodenzelt.at\/wp-content\/uploads\/2023\/10\/Privacy-Policy-Security-600x167.jpg 600w\" sizes=\"(max-width: 1254px) 100vw, 1254px\" \/>\t\t\t\t\t\t\t\t\t\t\t\t\t\t\t<\/div>\n\t\t\t\t<\/div>\n\t\t\t\t\t<\/div>\n\t\t\t\t<\/div>\n\t\t<div class=\"elementor-element elementor-element-fcd8000 e-flex e-con-boxed e-con e-parent\" data-id=\"fcd8000\" data-element_type=\"container\" data-e-type=\"container\">\n\t\t\t\t\t<div class=\"e-con-inner\">\n\t\t\t\t<div class=\"elementor-element elementor-element-90ab0f6 elementor-widget elementor-widget-text-editor\" data-id=\"90ab0f6\" data-element_type=\"widget\" data-e-type=\"widget\" data-widget_type=\"text-editor.default\">\n\t\t\t\t<div class=\"elementor-widget-container\">\n\t\t\t\t\t\t\t\t\t<h4 style=\"text-align: center;\">Polityka bezpiecze\u0144stwa danych \/ polityka prywatno\u015bci<\/h4>\n<p>My, firma Nicolas Pfeffer z siedzib\u0105 w Sch\u00fcttkastenhof 2, 7132 Frauenkirchen, prowadzimy stron\u0119 internetow\u0105 pod domen\u0105 Pagodenzelt.at. Prywatno\u015b\u0107 i ochrona danych osobowych u\u017cytkownik\u00f3w s\u0105 dla nas niezwykle wa\u017cne. Dlatego chcieliby\u015bmy wyja\u015bni\u0107 poni\u017cej, w jaki spos\u00f3b gromadzimy, przetwarzamy i chronimy dane u\u017cytkownik\u00f3w.  <\/p>\n<h4>1. organ odpowiedzialny<\/h4>\n<p>Nicolas Pfeffer Sch\u00fcttkastenhof 2 7132 Frauenkirchen Kontakt: +43 660501002 E-mail: info@pagodenzelt.at<\/p>\n<h4><strong>2. zarejestrowane dane<\/strong><\/h4>\n<p>Gromadzimy i przetwarzamy dane osobowe, kt\u00f3re u\u017cytkownik aktywnie nam przekazuje, na przyk\u0142ad wype\u0142niaj\u0105c formularze kontaktowe lub zamawiaj\u0105c produkty. Dane te mog\u0105 obejmowa\u0107 imi\u0119 i nazwisko, adres e-mail, numer telefonu i inne istotne informacje. <\/p>\n<p>Ponadto automatycznie gromadzimy pewne dane, gdy u\u017cytkownik odwiedza nasz\u0105 witryn\u0119. Obejmuje to adres IP, typ przegl\u0105darki, typ urz\u0105dzenia, odwiedzane strony i czas dost\u0119pu. Informacje te s\u0105 wykorzystywane do ulepszania naszej strony internetowej i analizowania zachowa\u0144 u\u017cytkownik\u00f3w, ale nie s\u0105 wykorzystywane do identyfikacji poszczeg\u00f3lnych os\u00f3b.  <\/p>\n<h4>3. wykorzystanie danych u\u017cytkownika<\/h4>\n<p>Wykorzystujemy dane u\u017cytkownika do nast\u0119puj\u0105cych cel\u00f3w:<\/p>\n<p>&#8211; Aby odpowiada\u0107 na zapytania u\u017cytkownik\u00f3w i komunikowa\u0107 si\u0119 z nimi.<br \/>&#8211; Do przetwarzania zam\u00f3wie\u0144 i dostaw.<br \/>&#8211; Aby ulepszy\u0107 nasz\u0105 stron\u0119 internetow\u0105 i nasze us\u0142ugi.<br \/>&#8211; Przestrzeganie zobowi\u0105za\u0144 prawnych.<\/p>\n<h4>4. ujawnianie danych<\/h4>\n<p>Dane u\u017cytkownika nie b\u0119d\u0105 przekazywane stronom trzecim, chyba \u017ce b\u0119dzie to konieczne do wype\u0142nienia naszych zobowi\u0105za\u0144 umownych lub ze wzgl\u0119du na wymogi prawne.<\/p>\n<h4>5. przechowywanie danych u\u017cytkownika<\/h4>\n<p>Dane u\u017cytkownika b\u0119d\u0105 przechowywane tylko tak d\u0142ugo, jak jest to konieczne do wy\u017cej wymienionych cel\u00f3w lub jak wymagaj\u0105 tego ustawowe obowi\u0105zki w zakresie przechowywania danych.<\/p>\n<h4>6. Twoje prawa<\/h4>\n<p>U\u017cytkownik ma prawo do informacji, sprostowania, usuni\u0119cia i ograniczenia przetwarzania swoich danych osobowych. U\u017cytkownik mo\u017ce r\u00f3wnie\u017c sprzeciwi\u0107 si\u0119 przetwarzaniu jego danych. Aby skorzysta\u0107 ze swoich praw lub je\u015bli masz jakiekolwiek pytania dotycz\u0105ce praktyk ochrony danych na naszej stronie internetowej, skontaktuj si\u0119 z nami, korzystaj\u0105c z danych kontaktowych podanych powy\u017cej.  <\/p>\n<h4>7. prawo do odwo\u0142ania<\/h4>\n<p>Je\u015bli u\u017cytkownik uwa\u017ca, \u017ce jego prawa do ochrony danych zosta\u0142y naruszone, ma prawo z\u0142o\u017cy\u0107 skarg\u0119 do organu ochrony danych.<\/p>\n<h4>8. aktualizacje<\/h4>\n<p>Zastrzegamy sobie prawo do aktualizacji niniejszej polityki prywatno\u015bci w razie potrzeby. Prosimy o regularne sprawdzanie aktualizacji. <\/p>\n<p>Status: 2 listopada 2023 r.<\/p>\n<p>Dzi\u0119kujemy za zapoznanie si\u0119 z nasz\u0105 polityk\u0105 prywatno\u015bci. Cenimy Twoje zaufanie do nas i zrobimy wszystko, co w naszej mocy, aby traktowa\u0107 Twoje dane z najwy\u017csz\u0105 staranno\u015bci\u0105. <\/p>\n\t\t\t\t\t\t\t\t<\/div>\n\t\t\t\t<\/div>\n\t\t\t\t\t<\/div>\n\t\t\t\t<\/div>\n\t\t\t\t<\/div>\n\t\t","protected":false},"excerpt":{"rendered":"<p>Polityka bezpiecze\u0144stwa danych \/ polityka prywatno\u015bci My, firma Nicolas Pfeffer z siedzib\u0105 w Sch\u00fcttkastenhof 2, 7132 Frauenkirchen, prowadzimy stron\u0119 internetow\u0105 pod domen\u0105 Pagodenzelt.at. Prywatno\u015b\u0107 i ochrona danych osobowych u\u017cytkownik\u00f3w s\u0105 dla nas niezwykle wa\u017cne. Dlatego chcieliby\u015bmy wyja\u015bni\u0107 poni\u017cej, w jaki spos\u00f3b gromadzimy, przetwarzamy i chronimy dane u\u017cytkownik\u00f3w. 1. organ odpowiedzialny Nicolas Pfeffer Sch\u00fcttkastenhof 2 7132 [&hellip;]<\/p>\n","protected":false},"author":1,"featured_media":0,"parent":0,"menu_order":0,"comment_status":"closed","ping_status":"closed","template":"","meta":{"om_disable_all_campaigns":false,"_monsterinsights_skip_tracking":false,"_monsterinsights_sitenote_active":false,"_monsterinsights_sitenote_note":"","_monsterinsights_sitenote_category":0,"site-sidebar-layout":"no-sidebar","site-content-layout":"page-builder","ast-site-content-layout":"full-width-container","site-content-style":"unboxed","site-sidebar-style":"unboxed","ast-global-header-display":"","ast-banner-title-visibility":"","ast-main-header-display":"","ast-hfb-above-header-display":"","ast-hfb-below-header-display":"","ast-hfb-mobile-header-display":"","site-post-title":"disabled","ast-breadcrumbs-content":"","ast-featured-img":"disabled","footer-sml-layout":"","ast-disable-related-posts":"","theme-transparent-header-meta":"","adv-header-id-meta":"","stick-header-meta":"","header-above-stick-meta":"","header-main-stick-meta":"","header-below-stick-meta":"","astra-migrate-meta-layouts":"default","ast-page-background-enabled":"default","ast-page-background-meta":{"desktop":{"background-color":"","background-image":"","background-repeat":"repeat","background-position":"center center","background-size":"auto","background-attachment":"scroll","background-type":"","background-media":"","overlay-type":"","overlay-color":"","overlay-opacity":"","overlay-gradient":""},"tablet":{"background-color":"","background-image":"","background-repeat":"repeat","background-position":"center center","background-size":"auto","background-attachment":"scroll","background-type":"","background-media":"","overlay-type":"","overlay-color":"","overlay-opacity":"","overlay-gradient":""},"mobile":{"background-color":"","background-image":"","background-repeat":"repeat","background-position":"center center","background-size":"auto","background-attachment":"scroll","background-type":"","background-media":"","overlay-type":"","overlay-color":"","overlay-opacity":"","overlay-gradient":""}},"ast-content-background-meta":{"desktop":{"background-color":"var(--ast-global-color-5)","background-image":"","background-repeat":"repeat","background-position":"center center","background-size":"auto","background-attachment":"scroll","background-type":"","background-media":"","overlay-type":"","overlay-color":"","overlay-opacity":"","overlay-gradient":""},"tablet":{"background-color":"var(--ast-global-color-5)","background-image":"","background-repeat":"repeat","background-position":"center center","background-size":"auto","background-attachment":"scroll","background-type":"","background-media":"","overlay-type":"","overlay-color":"","overlay-opacity":"","overlay-gradient":""},"mobile":{"background-color":"var(--ast-global-color-5)","background-image":"","background-repeat":"repeat","background-position":"center center","background-size":"auto","background-attachment":"scroll","background-type":"","background-media":"","overlay-type":"","overlay-color":"","overlay-opacity":"","overlay-gradient":""}},"footnotes":""},"class_list":["post-7074","page","type-page","status-publish","hentry"],"aioseo_notices":[],"_links":{"self":[{"href":"https:\/\/pagodenzelt.at\/pl\/wp-json\/wp\/v2\/pages\/7074"}],"collection":[{"href":"https:\/\/pagodenzelt.at\/pl\/wp-json\/wp\/v2\/pages"}],"about":[{"href":"https:\/\/pagodenzelt.at\/pl\/wp-json\/wp\/v2\/types\/page"}],"author":[{"embeddable":true,"href":"https:\/\/pagodenzelt.at\/pl\/wp-json\/wp\/v2\/users\/1"}],"replies":[{"embeddable":true,"href":"https:\/\/pagodenzelt.at\/pl\/wp-json\/wp\/v2\/comments?post=7074"}],"version-history":[{"count":4,"href":"https:\/\/pagodenzelt.at\/pl\/wp-json\/wp\/v2\/pages\/7074\/revisions"}],"predecessor-version":[{"id":7746,"href":"https:\/\/pagodenzelt.at\/pl\/wp-json\/wp\/v2\/pages\/7074\/revisions\/7746"}],"wp:attachment":[{"href":"https:\/\/pagodenzelt.at\/pl\/wp-json\/wp\/v2\/media?parent=7074"}],"curies":[{"name":"wp","href":"https:\/\/api.w.org\/{rel}","templated":true}]}}