{"id":7159,"date":"2023-10-27T18:23:44","date_gmt":"2023-10-27T18:23:44","guid":{"rendered":"https:\/\/pagodenzelt.at\/o-nas\/"},"modified":"2025-04-17T08:30:32","modified_gmt":"2025-04-17T08:30:32","slug":"o-nas","status":"publish","type":"page","link":"https:\/\/pagodenzelt.at\/pl\/o-nas\/","title":{"rendered":"O nas"},"content":{"rendered":"\t\t<div data-elementor-type=\"wp-page\" data-elementor-id=\"7159\" class=\"elementor elementor-7159 elementor-35\">\n\t\t\t\t<div class=\"elementor-element elementor-element-d3165ce e-flex e-con-boxed e-con e-parent\" data-id=\"d3165ce\" data-element_type=\"container\" data-e-type=\"container\">\n\t\t\t\t\t<div class=\"e-con-inner\">\n\t\t<div class=\"elementor-element elementor-element-d2cbbf1 e-con-full e-flex elementor-invisible e-con e-child\" data-id=\"d2cbbf1\" data-element_type=\"container\" data-e-type=\"container\" data-settings=\"{&quot;animation&quot;:&quot;fadeInRight&quot;}\">\n\t\t\t\t<div class=\"elementor-element elementor-element-73f9ed4 elementor-widget elementor-widget-text-editor\" data-id=\"73f9ed4\" data-element_type=\"widget\" data-e-type=\"widget\" data-widget_type=\"text-editor.default\">\n\t\t\t\t<div class=\"elementor-widget-container\">\n\t\t\t\t\t\t\t\t\t<h3 style=\"padding-top: 30px;\">NASZA <span style=\"color: #d60404;\">MISJA<\/span><\/h3>\nJeste\u015bmy czo\u0142owym dostawc\u0105 namiot\u00f3w pagodowych w Austrii. Nasze namioty zapewniaj\u0105 bezpiecze\u0144stwo imprezy. Jako organizatorzy w\u0142asnych wydarze\u0144 na najwy\u017cszym mi\u0119dzynarodowym poziomie, znamy wyzwania zwi\u0105zane z wiatrem, pogod\u0105 i upa\u0142em.    \n\nProsimy o kontakt.  <a href=\"https:\/\/pagodenzelt.at\/pl\/kontakt\/\" rel=\"noopener\" target=\"_blank\" style=\"color:red\">Skontaktuj si\u0119 teraz<\/a>\n<h3>PFEFFER SPORT I WYDARZENIA<\/h3>\nWraz z nasz\u0105 firm\u0105 eventow\u0105 co roku organizujemy liczne wydarzenia sportowe w Austrii. Szczeg\u00f3ln\u0105 uwag\u0119 po\u015bwi\u0119camy promocji sport\u00f3w marginalnych. Zorganizowali\u015bmy na przyk\u0142ad turniej European Footvolley League, turniej BeachSoccer Nations, profesjonalny turniej Teqball i wiele innych wydarze\u0144. Zdali\u015bmy sobie spraw\u0119 z potrzeby zapewnienia bezpiecznego zadaszenia namiotami dla wszystkich wydarze\u0144 i chcieliby\u015bmy teraz zapewni\u0107 to r\u00f3wnie\u017c innym organizatorom. Niezale\u017cnie od tego, czy jeste\u015b zainteresowany zakupem, czy wynajmem, skontaktuj si\u0119 z nami.      <a href=\"https:\/\/pagodenzelt.at\/pl\/kontakt\/\" rel=\"noopener\" target=\"_blank\" style=\"color:red\">Zapytaj teraz<\/a>\t\t\t\t\t\t\t\t<\/div>\n\t\t\t\t<\/div>\n\t\t\t\t<\/div>\n\t\t<div class=\"elementor-element elementor-element-05f3fe0 e-con-full e-flex elementor-invisible e-con e-child\" data-id=\"05f3fe0\" data-element_type=\"container\" data-e-type=\"container\" data-settings=\"{&quot;animation&quot;:&quot;fadeInLeft&quot;}\">\n\t\t\t\t<div class=\"elementor-element elementor-element-fd07191 elementor-widget elementor-widget-image\" data-id=\"fd07191\" data-element_type=\"widget\" data-e-type=\"widget\" data-widget_type=\"image.default\">\n\t\t\t\t<div class=\"elementor-widget-container\">\n\t\t\t\t\t\t\t\t\t\t\t\t\t\t\t<img fetchpriority=\"high\" decoding=\"async\" width=\"677\" height=\"1024\" src=\"https:\/\/pagodenzelt.at\/wp-content\/uploads\/2023\/11\/WhatsApp-Image-2023-11-13-at-17.21.48-677x1024.jpeg\" class=\"attachment-large size-large wp-image-6102\" alt=\"\" srcset=\"https:\/\/pagodenzelt.at\/wp-content\/uploads\/2023\/11\/WhatsApp-Image-2023-11-13-at-17.21.48-677x1024.jpeg 677w, https:\/\/pagodenzelt.at\/wp-content\/uploads\/2023\/11\/WhatsApp-Image-2023-11-13-at-17.21.48-198x300.jpeg 198w, https:\/\/pagodenzelt.at\/wp-content\/uploads\/2023\/11\/WhatsApp-Image-2023-11-13-at-17.21.48-600x908.jpeg 600w, https:\/\/pagodenzelt.at\/wp-content\/uploads\/2023\/11\/WhatsApp-Image-2023-11-13-at-17.21.48.jpeg 714w\" sizes=\"(max-width: 677px) 100vw, 677px\" \/>\t\t\t\t\t\t\t\t\t\t\t\t\t\t\t<\/div>\n\t\t\t\t<\/div>\n\t\t\t\t<\/div>\n\t\t\t\t\t<\/div>\n\t\t\t\t<\/div>\n\t\t\t\t<\/div>\n\t\t","protected":false},"excerpt":{"rendered":"<p>NASZA MISJA Jeste\u015bmy czo\u0142owym dostawc\u0105 namiot\u00f3w pagodowych w Austrii. Nasze namioty zapewniaj\u0105 bezpiecze\u0144stwo imprezy. Jako organizatorzy w\u0142asnych wydarze\u0144 na najwy\u017cszym mi\u0119dzynarodowym poziomie, znamy wyzwania zwi\u0105zane z wiatrem, pogod\u0105 i upa\u0142em. Prosimy o kontakt. Skontaktuj si\u0119 teraz PFEFFER SPORT I WYDARZENIA Wraz z nasz\u0105 firm\u0105 eventow\u0105 co roku organizujemy liczne wydarzenia sportowe w Austrii. Szczeg\u00f3ln\u0105 uwag\u0119 [&hellip;]<\/p>\n","protected":false},"author":1,"featured_media":0,"parent":0,"menu_order":0,"comment_status":"closed","ping_status":"closed","template":"","meta":{"om_disable_all_campaigns":false,"_monsterinsights_skip_tracking":false,"_monsterinsights_sitenote_active":false,"_monsterinsights_sitenote_note":"","_monsterinsights_sitenote_category":0,"site-sidebar-layout":"no-sidebar","site-content-layout":"page-builder","ast-site-content-layout":"full-width-container","site-content-style":"unboxed","site-sidebar-style":"unboxed","ast-global-header-display":"","ast-banner-title-visibility":"","ast-main-header-display":"","ast-hfb-above-header-display":"","ast-hfb-below-header-display":"","ast-hfb-mobile-header-display":"","site-post-title":"disabled","ast-breadcrumbs-content":"","ast-featured-img":"disabled","footer-sml-layout":"","ast-disable-related-posts":"","theme-transparent-header-meta":"","adv-header-id-meta":"","stick-header-meta":"","header-above-stick-meta":"","header-main-stick-meta":"","header-below-stick-meta":"","astra-migrate-meta-layouts":"default","ast-page-background-enabled":"default","ast-page-background-meta":{"desktop":{"background-color":"","background-image":"","background-repeat":"repeat","background-position":"center center","background-size":"auto","background-attachment":"scroll","background-type":"","background-media":"","overlay-type":"","overlay-color":"","overlay-opacity":"","overlay-gradient":""},"tablet":{"background-color":"","background-image":"","background-repeat":"repeat","background-position":"center center","background-size":"auto","background-attachment":"scroll","background-type":"","background-media":"","overlay-type":"","overlay-color":"","overlay-opacity":"","overlay-gradient":""},"mobile":{"background-color":"","background-image":"","background-repeat":"repeat","background-position":"center center","background-size":"auto","background-attachment":"scroll","background-type":"","background-media":"","overlay-type":"","overlay-color":"","overlay-opacity":"","overlay-gradient":""}},"ast-content-background-meta":{"desktop":{"background-color":"var(--ast-global-color-5)","background-image":"","background-repeat":"repeat","background-position":"center center","background-size":"auto","background-attachment":"scroll","background-type":"","background-media":"","overlay-type":"","overlay-color":"","overlay-opacity":"","overlay-gradient":""},"tablet":{"background-color":"var(--ast-global-color-5)","background-image":"","background-repeat":"repeat","background-position":"center center","background-size":"auto","background-attachment":"scroll","background-type":"","background-media":"","overlay-type":"","overlay-color":"","overlay-opacity":"","overlay-gradient":""},"mobile":{"background-color":"var(--ast-global-color-5)","background-image":"","background-repeat":"repeat","background-position":"center center","background-size":"auto","background-attachment":"scroll","background-type":"","background-media":"","overlay-type":"","overlay-color":"","overlay-opacity":"","overlay-gradient":""}},"footnotes":""},"class_list":["post-7159","page","type-page","status-publish","hentry"],"aioseo_notices":[],"_links":{"self":[{"href":"https:\/\/pagodenzelt.at\/pl\/wp-json\/wp\/v2\/pages\/7159"}],"collection":[{"href":"https:\/\/pagodenzelt.at\/pl\/wp-json\/wp\/v2\/pages"}],"about":[{"href":"https:\/\/pagodenzelt.at\/pl\/wp-json\/wp\/v2\/types\/page"}],"author":[{"embeddable":true,"href":"https:\/\/pagodenzelt.at\/pl\/wp-json\/wp\/v2\/users\/1"}],"replies":[{"embeddable":true,"href":"https:\/\/pagodenzelt.at\/pl\/wp-json\/wp\/v2\/comments?post=7159"}],"version-history":[{"count":6,"href":"https:\/\/pagodenzelt.at\/pl\/wp-json\/wp\/v2\/pages\/7159\/revisions"}],"predecessor-version":[{"id":7729,"href":"https:\/\/pagodenzelt.at\/pl\/wp-json\/wp\/v2\/pages\/7159\/revisions\/7729"}],"wp:attachment":[{"href":"https:\/\/pagodenzelt.at\/pl\/wp-json\/wp\/v2\/media?parent=7159"}],"curies":[{"name":"wp","href":"https:\/\/api.w.org\/{rel}","templated":true}]}}