{"id":6795,"date":"2023-12-11T19:42:03","date_gmt":"2023-12-11T19:42:03","guid":{"rendered":"https:\/\/pagodenzelt.at\/cort-pagoda-5x5m-de-marca\/"},"modified":"2025-04-17T08:52:01","modified_gmt":"2025-04-17T08:52:01","slug":"cort-pagoda-5x5m-de-marca","status":"publish","type":"page","link":"https:\/\/pagodenzelt.at\/ro\/cort-pagoda-5x5m-de-marca\/","title":{"rendered":"Cort Pagoda 5x5m de marc\u0103"},"content":{"rendered":"\t\t<div data-elementor-type=\"wp-page\" data-elementor-id=\"6795\" class=\"elementor elementor-6795 elementor-5238\">\n\t\t\t\t<div class=\"elementor-element elementor-element-d15ef05 e-flex e-con-boxed e-con e-parent\" data-id=\"d15ef05\" data-element_type=\"container\" data-e-type=\"container\">\n\t\t\t\t\t<div class=\"e-con-inner\">\n\t\t<div class=\"elementor-element elementor-element-b0dc4b5 e-con-full e-flex e-con e-child\" data-id=\"b0dc4b5\" data-element_type=\"container\" data-e-type=\"container\">\n\t\t\t\t<div class=\"elementor-element elementor-element-d8a9fde elementor-widget elementor-widget-image\" data-id=\"d8a9fde\" data-element_type=\"widget\" data-e-type=\"widget\" data-widget_type=\"image.default\">\n\t\t\t\t<div class=\"elementor-widget-container\">\n\t\t\t\t\t\t\t\t\t\t\t\t\t\t\t<img fetchpriority=\"high\" decoding=\"async\" width=\"1024\" height=\"614\" src=\"https:\/\/pagodenzelt.at\/wp-content\/uploads\/2023\/12\/WhatsApp-Image-2023-12-11-at-20.34.52-1-1024x614.jpeg\" class=\"attachment-large size-large wp-image-6268\" alt=\"\" srcset=\"https:\/\/pagodenzelt.at\/wp-content\/uploads\/2023\/12\/WhatsApp-Image-2023-12-11-at-20.34.52-1-1024x614.jpeg 1024w, https:\/\/pagodenzelt.at\/wp-content\/uploads\/2023\/12\/WhatsApp-Image-2023-12-11-at-20.34.52-1-300x180.jpeg 300w, https:\/\/pagodenzelt.at\/wp-content\/uploads\/2023\/12\/WhatsApp-Image-2023-12-11-at-20.34.52-1-768x461.jpeg 768w, https:\/\/pagodenzelt.at\/wp-content\/uploads\/2023\/12\/WhatsApp-Image-2023-12-11-at-20.34.52-1-600x360.jpeg 600w, https:\/\/pagodenzelt.at\/wp-content\/uploads\/2023\/12\/WhatsApp-Image-2023-12-11-at-20.34.52-1.jpeg 1080w\" sizes=\"(max-width: 1024px) 100vw, 1024px\" \/>\t\t\t\t\t\t\t\t\t\t\t\t\t\t\t<\/div>\n\t\t\t\t<\/div>\n\t\t\t\t<div class=\"elementor-element elementor-element-e7c6650 elementor-widget elementor-widget-image\" data-id=\"e7c6650\" data-element_type=\"widget\" data-e-type=\"widget\" data-widget_type=\"image.default\">\n\t\t\t\t<div class=\"elementor-widget-container\">\n\t\t\t\t\t\t\t\t\t\t\t\t\t\t\t<img decoding=\"async\" width=\"1024\" height=\"614\" src=\"https:\/\/pagodenzelt.at\/wp-content\/uploads\/2023\/12\/WhatsApp-Image-2023-12-11-at-20.34.52-1024x614.jpeg\" class=\"attachment-large size-large wp-image-6279\" alt=\"\" srcset=\"https:\/\/pagodenzelt.at\/wp-content\/uploads\/2023\/12\/WhatsApp-Image-2023-12-11-at-20.34.52-1024x614.jpeg 1024w, https:\/\/pagodenzelt.at\/wp-content\/uploads\/2023\/12\/WhatsApp-Image-2023-12-11-at-20.34.52-300x180.jpeg 300w, https:\/\/pagodenzelt.at\/wp-content\/uploads\/2023\/12\/WhatsApp-Image-2023-12-11-at-20.34.52-768x461.jpeg 768w, https:\/\/pagodenzelt.at\/wp-content\/uploads\/2023\/12\/WhatsApp-Image-2023-12-11-at-20.34.52-600x360.jpeg 600w, https:\/\/pagodenzelt.at\/wp-content\/uploads\/2023\/12\/WhatsApp-Image-2023-12-11-at-20.34.52.jpeg 1080w\" sizes=\"(max-width: 1024px) 100vw, 1024px\" \/>\t\t\t\t\t\t\t\t\t\t\t\t\t\t\t<\/div>\n\t\t\t\t<\/div>\n\t\t\t\t<div class=\"elementor-element elementor-element-62763e8 elementor-widget elementor-widget-image\" data-id=\"62763e8\" data-element_type=\"widget\" data-e-type=\"widget\" data-widget_type=\"image.default\">\n\t\t\t\t<div class=\"elementor-widget-container\">\n\t\t\t\t\t\t\t\t\t\t\t\t\t\t\t<img decoding=\"async\" width=\"1024\" height=\"614\" src=\"https:\/\/pagodenzelt.at\/wp-content\/uploads\/2023\/12\/WhatsApp-Image-2023-12-11-at-20.34.53-1024x614.jpeg\" class=\"attachment-large size-large wp-image-6290\" alt=\"\" srcset=\"https:\/\/pagodenzelt.at\/wp-content\/uploads\/2023\/12\/WhatsApp-Image-2023-12-11-at-20.34.53-1024x614.jpeg 1024w, https:\/\/pagodenzelt.at\/wp-content\/uploads\/2023\/12\/WhatsApp-Image-2023-12-11-at-20.34.53-300x180.jpeg 300w, https:\/\/pagodenzelt.at\/wp-content\/uploads\/2023\/12\/WhatsApp-Image-2023-12-11-at-20.34.53-768x461.jpeg 768w, https:\/\/pagodenzelt.at\/wp-content\/uploads\/2023\/12\/WhatsApp-Image-2023-12-11-at-20.34.53-600x360.jpeg 600w, https:\/\/pagodenzelt.at\/wp-content\/uploads\/2023\/12\/WhatsApp-Image-2023-12-11-at-20.34.53.jpeg 1080w\" sizes=\"(max-width: 1024px) 100vw, 1024px\" \/>\t\t\t\t\t\t\t\t\t\t\t\t\t\t\t<\/div>\n\t\t\t\t<\/div>\n\t\t\t\t<\/div>\n\t\t<div class=\"elementor-element elementor-element-98cb39f e-con-full e-flex e-con e-child\" data-id=\"98cb39f\" data-element_type=\"container\" data-e-type=\"container\">\n\t\t\t\t<div class=\"elementor-element elementor-element-4a68a0a elementor-widget elementor-widget-text-editor\" data-id=\"4a68a0a\" data-element_type=\"widget\" data-e-type=\"widget\" data-widget_type=\"text-editor.default\">\n\t\t\t\t<div class=\"elementor-widget-container\">\n\t\t\t\t\t\t\t\t\t<p>Pagodenzelt.at<\/p>\n<h1 style=\"color: #d60404;\">Cort Pagoda 5x5m de marc\u0103<\/h1>\n<h5>\u20ac 3700 EUR<\/h5>\n<h5>inclusiv TVA. <\/h5>\n<p>Cortul nostru pagod\u0103 elegant este suportul publicitar perfect<br \/>pentru marca dvs. la evenimentele dvs. Datorit\u0103 acoperi\u0219ului \u00een dou\u0103 ape \u00eenalt<br \/>, logo-ul dvs. este recunoscut de la distan\u021b\u0103<br \/>. Caracteristicile cortului pagoda \u00een versiunea standard<br \/>sunt, bine\u00een\u021beles, toate p\u0103strate!  <\/p>\n\t\t\t\t\t\t\t\t<\/div>\n\t\t\t\t<\/div>\n\t\t\t\t<div class=\"elementor-element elementor-element-6068b5c elementor-align-center elementor-widget elementor-widget-button\" data-id=\"6068b5c\" data-element_type=\"widget\" data-e-type=\"widget\" data-widget_type=\"button.default\">\n\t\t\t\t<div class=\"elementor-widget-container\">\n\t\t\t\t\t\t\t\t\t<div class=\"elementor-button-wrapper\">\n\t\t\t\t\t<a class=\"elementor-button elementor-button-link elementor-size-lg\" href=\"https:\/\/pagodenzelt.at\/ro\/contactati-ne\/\">\n\t\t\t\t\t\t<span class=\"elementor-button-content-wrapper\">\n\t\t\t\t\t\t\t\t\t<span class=\"elementor-button-text\">Consulta\u021bi acum<\/span>\n\t\t\t\t\t<\/span>\n\t\t\t\t\t<\/a>\n\t\t\t\t<\/div>\n\t\t\t\t\t\t\t\t<\/div>\n\t\t\t\t<\/div>\n\t\t\t\t<div class=\"elementor-element elementor-element-e8df0c2 elementor-widget elementor-widget-toggle\" data-id=\"e8df0c2\" data-element_type=\"widget\" data-e-type=\"widget\" data-widget_type=\"toggle.default\">\n\t\t\t\t<div class=\"elementor-widget-container\">\n\t\t\t\t\t\t\t<div class=\"elementor-toggle\">\n\t\t\t\t\t\t\t<div class=\"elementor-toggle-item\">\n\t\t\t\t\t<div id=\"elementor-tab-title-2441\" class=\"elementor-tab-title\" data-tab=\"1\" role=\"button\" aria-controls=\"elementor-tab-content-2441\" aria-expanded=\"false\">\n\t\t\t\t\t\t\t\t\t\t\t\t<span class=\"elementor-toggle-icon elementor-toggle-icon-left\" aria-hidden=\"true\">\n\t\t\t\t\t\t\t\t\t\t\t\t\t\t\t<span class=\"elementor-toggle-icon-closed\"><svg class=\"e-font-icon-svg e-fas-caret-right\" viewBox=\"0 0 192 512\" xmlns=\"http:\/\/www.w3.org\/2000\/svg\"><path d=\"M0 384.662V127.338c0-17.818 21.543-26.741 34.142-14.142l128.662 128.662c7.81 7.81 7.81 20.474 0 28.284L34.142 398.804C21.543 411.404 0 402.48 0 384.662z\"><\/path><\/svg><\/span>\n\t\t\t\t\t\t\t\t<span class=\"elementor-toggle-icon-opened\"><svg class=\"elementor-toggle-icon-opened e-font-icon-svg e-fas-caret-up\" viewBox=\"0 0 320 512\" xmlns=\"http:\/\/www.w3.org\/2000\/svg\"><path d=\"M288.662 352H31.338c-17.818 0-26.741-21.543-14.142-34.142l128.662-128.662c7.81-7.81 20.474-7.81 28.284 0l128.662 128.662c12.6 12.599 3.676 34.142-14.142 34.142z\"><\/path><\/svg><\/span>\n\t\t\t\t\t\t\t\t\t\t\t\t\t<\/span>\n\t\t\t\t\t\t\t\t\t\t\t\t<a class=\"elementor-toggle-title\" tabindex=\"0\">Domeniul de aplicare al livr\u0103rii<\/a>\n\t\t\t\t\t<\/div>\n\n\t\t\t\t\t<div id=\"elementor-tab-content-2441\" class=\"elementor-tab-content elementor-clearfix\" data-tab=\"1\" role=\"region\" aria-labelledby=\"elementor-tab-title-2441\"><p><span style=\"color:#d60404;\">F\u0103r\u0103<\/span> costuri ascunse &#8211; v\u0103 punem la dispozi\u021bie un cort pagoda care include<br \/>\n<span style=\"color:#d60404;\">toate<\/span> <span style=\"color:#d60404;\">componentele<\/span> \u0219i \u021b\u0103ru\u0219ii necesari pentru a v\u0103 <span style=\"color:#d60404;\">fixa<\/span> cortul.<\/p>\n<div>\n<table style=\"border: 1px solid black;\">\n<tbody>\n<tr>\n<td style=\"text-align: center; font-weight: bold;\" colspan=\"2\">Domeniul de aplicare al livr\u0103rii<\/td>\n<\/tr>\n<tr>\n<td style=\"text-align: center;\">produs<\/td>\n<td style=\"text-align: center;\">Bucat\u0103<\/td>\n<\/tr>\n<tr>\n<td style=\"text-align: center;\">Suport lateral cu profil din aluminiu 4.90m<\/td>\n<td style=\"text-align: center;\">4<\/td>\n<\/tr>\n<tr>\n<td style=\"text-align: center;\">Picioare din profil de aluminiu 2.5m<\/td>\n<td style=\"text-align: center;\">4<\/td>\n<\/tr>\n<tr>\n<td style=\"text-align: center;\">Profiluri de conectare<\/td>\n<td style=\"text-align: center;\">4<\/td>\n<\/tr>\n<tr>\n<td style=\"text-align: center;\">Centru de conectare + capac<\/td>\n<td style=\"text-align: center;\">1<\/td>\n<\/tr>\n<tr>\n<td style=\"text-align: center;\">\u021aeava cortului<\/td>\n<td style=\"text-align: center;\">4<\/td>\n<\/tr>\n<tr>\n<td style=\"text-align: center;\">Cuie de p\u0103m\u00e2nt<\/td>\n<td style=\"text-align: center;\">8<\/td>\n<\/tr>\n<tr>\n<td style=\"text-align: center;\">Tuburi pentru picioare 5m<\/td>\n<td style=\"text-align: center;\">4<\/td>\n<\/tr>\n<tr>\n<td style=\"text-align: center;\">Prelata pentru acoperi\u0219 5x5m<\/td>\n<td style=\"text-align: center;\">1<\/td>\n<\/tr>\n<tr>\n<td style=\"text-align: center;\">Prelata lateral\u0103 2.5m x 2.5m<\/td>\n<td style=\"text-align: center;\">8<\/td>\n<\/tr>\n<\/tbody>\n<\/table>\n<div><\/div>\n<\/div>\n<\/div>\n\t\t\t\t<\/div>\n\t\t\t\t\t\t\t<div class=\"elementor-toggle-item\">\n\t\t\t\t\t<div id=\"elementor-tab-title-2442\" class=\"elementor-tab-title\" data-tab=\"2\" role=\"button\" aria-controls=\"elementor-tab-content-2442\" aria-expanded=\"false\">\n\t\t\t\t\t\t\t\t\t\t\t\t<span class=\"elementor-toggle-icon elementor-toggle-icon-left\" aria-hidden=\"true\">\n\t\t\t\t\t\t\t\t\t\t\t\t\t\t\t<span class=\"elementor-toggle-icon-closed\"><svg class=\"e-font-icon-svg e-fas-caret-right\" viewBox=\"0 0 192 512\" xmlns=\"http:\/\/www.w3.org\/2000\/svg\"><path d=\"M0 384.662V127.338c0-17.818 21.543-26.741 34.142-14.142l128.662 128.662c7.81 7.81 7.81 20.474 0 28.284L34.142 398.804C21.543 411.404 0 402.48 0 384.662z\"><\/path><\/svg><\/span>\n\t\t\t\t\t\t\t\t<span class=\"elementor-toggle-icon-opened\"><svg class=\"elementor-toggle-icon-opened e-font-icon-svg e-fas-caret-up\" viewBox=\"0 0 320 512\" xmlns=\"http:\/\/www.w3.org\/2000\/svg\"><path d=\"M288.662 352H31.338c-17.818 0-26.741-21.543-14.142-34.142l128.662-128.662c7.81-7.81 20.474-7.81 28.284 0l128.662 128.662c12.6 12.599 3.676 34.142-14.142 34.142z\"><\/path><\/svg><\/span>\n\t\t\t\t\t\t\t\t\t\t\t\t\t<\/span>\n\t\t\t\t\t\t\t\t\t\t\t\t<a class=\"elementor-toggle-title\" tabindex=\"0\">Date tehnice<\/a>\n\t\t\t\t\t<\/div>\n\n\t\t\t\t\t<div id=\"elementor-tab-content-2442\" class=\"elementor-tab-content elementor-clearfix\" data-tab=\"2\" role=\"region\" aria-labelledby=\"elementor-tab-title-2442\"><div>\n<table style=\"border: 1px solid black;\">\n<tbody>\n<tr>\n<td style=\"text-align: center; font-weight: bold;\" colspan=\"2\">Date tehnice cort pagoda 5x5m<\/td>\n<\/tr>\n<tr>\n<td style=\"text-align: center;\">Dimensiuni configurate<\/td>\n<td style=\"text-align: center;\">5x5m = 25m\u00b2<\/td>\n<\/tr>\n<tr>\n<td style=\"text-align: center;\">\u00cen\u0103l\u021bime lateral\u0103<\/td>\n<td style=\"text-align: center;\">2,5m<\/td>\n<\/tr>\n<tr>\n<td style=\"text-align: center;\">\u00cen\u0103l\u021bimea frontonului<\/td>\n<td style=\"text-align: center;\">5,4m<\/td>\n<\/tr>\n<tr>\n<td style=\"text-align: center;\">Greutate<\/td>\n<td style=\"text-align: center;\">190 kg<\/td>\n<\/tr>\n<tr>\n<td style=\"text-align: center;\">Aluminiu<\/td>\n<td style=\"text-align: center;\">Profile din aluminiu anodizat, piese de leg\u0103tur\u0103 galvanizate la cald<\/td>\n<\/tr>\n<tr>\n<td style=\"text-align: center;\">Profilul cadrului<\/td>\n<td style=\"text-align: center;\">65mm x 65mm x 2mm 3 caneluri<\/td>\n<\/tr>\n<tr>\n<td style=\"text-align: center;\">Prelate<\/td>\n<td style=\"text-align: center;\">\u021aes\u0103tur\u0103 din poliester de 650 g\/m\u00b2 acoperit\u0103 pe ambele p\u0103r\u021bi cu PVC \u00een conformitate cu DIN 4102<\/td>\n<\/tr>\n<tr>\n<td style=\"text-align: center;\">Static\u0103<\/td>\n<td style=\"text-align: center;\">EN ISO 5912; EN 13782<\/td>\n<\/tr>\n<\/tbody>\n<\/table>\n<\/div>\n<\/div>\n\t\t\t\t<\/div>\n\t\t\t\t\t\t\t<div class=\"elementor-toggle-item\">\n\t\t\t\t\t<div id=\"elementor-tab-title-2443\" class=\"elementor-tab-title\" data-tab=\"3\" role=\"button\" aria-controls=\"elementor-tab-content-2443\" aria-expanded=\"false\">\n\t\t\t\t\t\t\t\t\t\t\t\t<span class=\"elementor-toggle-icon elementor-toggle-icon-left\" aria-hidden=\"true\">\n\t\t\t\t\t\t\t\t\t\t\t\t\t\t\t<span class=\"elementor-toggle-icon-closed\"><svg class=\"e-font-icon-svg e-fas-caret-right\" viewBox=\"0 0 192 512\" xmlns=\"http:\/\/www.w3.org\/2000\/svg\"><path d=\"M0 384.662V127.338c0-17.818 21.543-26.741 34.142-14.142l128.662 128.662c7.81 7.81 7.81 20.474 0 28.284L34.142 398.804C21.543 411.404 0 402.48 0 384.662z\"><\/path><\/svg><\/span>\n\t\t\t\t\t\t\t\t<span class=\"elementor-toggle-icon-opened\"><svg class=\"elementor-toggle-icon-opened e-font-icon-svg e-fas-caret-up\" viewBox=\"0 0 320 512\" xmlns=\"http:\/\/www.w3.org\/2000\/svg\"><path d=\"M288.662 352H31.338c-17.818 0-26.741-21.543-14.142-34.142l128.662-128.662c7.81-7.81 20.474-7.81 28.284 0l128.662 128.662c12.6 12.599 3.676 34.142-14.142 34.142z\"><\/path><\/svg><\/span>\n\t\t\t\t\t\t\t\t\t\t\t\t\t<\/span>\n\t\t\t\t\t\t\t\t\t\t\t\t<a class=\"elementor-toggle-title\" tabindex=\"0\">Vizualizare<\/a>\n\t\t\t\t\t<\/div>\n\n\t\t\t\t\t<div id=\"elementor-tab-content-2443\" class=\"elementor-tab-content elementor-clearfix\" data-tab=\"3\" role=\"region\" aria-labelledby=\"elementor-tab-title-2443\"><p>Corturile noastre pagoda pot fi v\u0103zute la fa\u021ba locului, la depozitul nostru din<br \/>7162 Tadten. Contacta\u021bi-ne acum la<br \/>\u0219i face\u021bi o programare pentru a vedea corturile.<br \/>Desigur, suntem, de asemenea, disponibili la fa\u021ba locului pentru a v\u0103 r\u0103spunde la toate \u00eentreb\u0103rile la<br \/>. <\/p>\n<\/div>\n\t\t\t\t<\/div>\n\t\t\t\t\t\t\t<div class=\"elementor-toggle-item\">\n\t\t\t\t\t<div id=\"elementor-tab-title-2444\" class=\"elementor-tab-title\" data-tab=\"4\" role=\"button\" aria-controls=\"elementor-tab-content-2444\" aria-expanded=\"false\">\n\t\t\t\t\t\t\t\t\t\t\t\t<span class=\"elementor-toggle-icon elementor-toggle-icon-left\" aria-hidden=\"true\">\n\t\t\t\t\t\t\t\t\t\t\t\t\t\t\t<span class=\"elementor-toggle-icon-closed\"><svg class=\"e-font-icon-svg e-fas-caret-right\" viewBox=\"0 0 192 512\" xmlns=\"http:\/\/www.w3.org\/2000\/svg\"><path d=\"M0 384.662V127.338c0-17.818 21.543-26.741 34.142-14.142l128.662 128.662c7.81 7.81 7.81 20.474 0 28.284L34.142 398.804C21.543 411.404 0 402.48 0 384.662z\"><\/path><\/svg><\/span>\n\t\t\t\t\t\t\t\t<span class=\"elementor-toggle-icon-opened\"><svg class=\"elementor-toggle-icon-opened e-font-icon-svg e-fas-caret-up\" viewBox=\"0 0 320 512\" xmlns=\"http:\/\/www.w3.org\/2000\/svg\"><path d=\"M288.662 352H31.338c-17.818 0-26.741-21.543-14.142-34.142l128.662-128.662c7.81-7.81 20.474-7.81 28.284 0l128.662 128.662c12.6 12.599 3.676 34.142-14.142 34.142z\"><\/path><\/svg><\/span>\n\t\t\t\t\t\t\t\t\t\t\t\t\t<\/span>\n\t\t\t\t\t\t\t\t\t\t\t\t<a class=\"elementor-toggle-title\" tabindex=\"0\">Transport maritim<\/a>\n\t\t\t\t\t<\/div>\n\n\t\t\t\t\t<div id=\"elementor-tab-content-2444\" class=\"elementor-tab-content elementor-clearfix\" data-tab=\"4\" role=\"region\" aria-labelledby=\"elementor-tab-title-2444\"><p>De la 1 ianuarie 2024 p\u00e2n\u0103 la<br \/>vom expedia gratuit pagodele noastre pe \u00eentreg teritoriul Austriei. Colectarea ex works de la depozitul nostru<br \/>este, desigur, de asemenea posibil\u0103! <\/p>\n<\/div>\n\t\t\t\t<\/div>\n\t\t\t\t\t\t\t\t<\/div>\n\t\t\t\t\t\t<\/div>\n\t\t\t\t<\/div>\n\t\t\t\t<\/div>\n\t\t\t\t\t<\/div>\n\t\t\t\t<\/div>\n\t\t\t\t<\/div>\n\t\t","protected":false},"excerpt":{"rendered":"<p>Pagodenzelt.at Cort Pagoda 5x5m de marc\u0103 \u20ac 3700 EUR inclusiv TVA. Cortul nostru pagod\u0103 elegant este suportul publicitar perfectpentru marca dvs. la evenimentele dvs. Datorit\u0103 acoperi\u0219ului \u00een dou\u0103 ape \u00eenalt, logo-ul dvs. este recunoscut de la distan\u021b\u0103. Caracteristicile cortului pagoda \u00een versiunea standardsunt, bine\u00een\u021beles, toate p\u0103strate! Consulta\u021bi acum Domeniul de aplicare al livr\u0103rii F\u0103r\u0103 costuri [&hellip;]<\/p>\n","protected":false},"author":1,"featured_media":0,"parent":0,"menu_order":0,"comment_status":"closed","ping_status":"closed","template":"","meta":{"om_disable_all_campaigns":false,"_monsterinsights_skip_tracking":false,"_monsterinsights_sitenote_active":false,"_monsterinsights_sitenote_note":"","_monsterinsights_sitenote_category":0,"site-sidebar-layout":"no-sidebar","site-content-layout":"page-builder","ast-site-content-layout":"full-width-container","site-content-style":"default","site-sidebar-style":"default","ast-global-header-display":"","ast-banner-title-visibility":"","ast-main-header-display":"","ast-hfb-above-header-display":"","ast-hfb-below-header-display":"","ast-hfb-mobile-header-display":"","site-post-title":"disabled","ast-breadcrumbs-content":"","ast-featured-img":"disabled","footer-sml-layout":"","ast-disable-related-posts":"","theme-transparent-header-meta":"","adv-header-id-meta":"","stick-header-meta":"","header-above-stick-meta":"","header-main-stick-meta":"","header-below-stick-meta":"","astra-migrate-meta-layouts":"default","ast-page-background-enabled":"default","ast-page-background-meta":{"desktop":{"background-color":"","background-image":"","background-repeat":"repeat","background-position":"center center","background-size":"auto","background-attachment":"scroll","background-type":"","background-media":"","overlay-type":"","overlay-color":"","overlay-opacity":"","overlay-gradient":""},"tablet":{"background-color":"","background-image":"","background-repeat":"repeat","background-position":"center center","background-size":"auto","background-attachment":"scroll","background-type":"","background-media":"","overlay-type":"","overlay-color":"","overlay-opacity":"","overlay-gradient":""},"mobile":{"background-color":"","background-image":"","background-repeat":"repeat","background-position":"center center","background-size":"auto","background-attachment":"scroll","background-type":"","background-media":"","overlay-type":"","overlay-color":"","overlay-opacity":"","overlay-gradient":""}},"ast-content-background-meta":{"desktop":{"background-color":"var(--ast-global-color-5)","background-image":"","background-repeat":"repeat","background-position":"center center","background-size":"auto","background-attachment":"scroll","background-type":"","background-media":"","overlay-type":"","overlay-color":"","overlay-opacity":"","overlay-gradient":""},"tablet":{"background-color":"var(--ast-global-color-5)","background-image":"","background-repeat":"repeat","background-position":"center center","background-size":"auto","background-attachment":"scroll","background-type":"","background-media":"","overlay-type":"","overlay-color":"","overlay-opacity":"","overlay-gradient":""},"mobile":{"background-color":"var(--ast-global-color-5)","background-image":"","background-repeat":"repeat","background-position":"center center","background-size":"auto","background-attachment":"scroll","background-type":"","background-media":"","overlay-type":"","overlay-color":"","overlay-opacity":"","overlay-gradient":""}},"footnotes":""},"class_list":["post-6795","page","type-page","status-publish","hentry"],"aioseo_notices":[],"_links":{"self":[{"href":"https:\/\/pagodenzelt.at\/ro\/wp-json\/wp\/v2\/pages\/6795"}],"collection":[{"href":"https:\/\/pagodenzelt.at\/ro\/wp-json\/wp\/v2\/pages"}],"about":[{"href":"https:\/\/pagodenzelt.at\/ro\/wp-json\/wp\/v2\/types\/page"}],"author":[{"embeddable":true,"href":"https:\/\/pagodenzelt.at\/ro\/wp-json\/wp\/v2\/users\/1"}],"replies":[{"embeddable":true,"href":"https:\/\/pagodenzelt.at\/ro\/wp-json\/wp\/v2\/comments?post=6795"}],"version-history":[{"count":4,"href":"https:\/\/pagodenzelt.at\/ro\/wp-json\/wp\/v2\/pages\/6795\/revisions"}],"predecessor-version":[{"id":7812,"href":"https:\/\/pagodenzelt.at\/ro\/wp-json\/wp\/v2\/pages\/6795\/revisions\/7812"}],"wp:attachment":[{"href":"https:\/\/pagodenzelt.at\/ro\/wp-json\/wp\/v2\/media?parent=6795"}],"curies":[{"name":"wp","href":"https:\/\/api.w.org\/{rel}","templated":true}]}}