{"id":6803,"date":"2023-12-11T18:49:37","date_gmt":"2023-12-11T18:49:37","guid":{"rendered":"https:\/\/pagodenzelt.at\/configurati-acum\/"},"modified":"2025-04-17T08:51:00","modified_gmt":"2025-04-17T08:51:00","slug":"configurati-acum","status":"publish","type":"page","link":"https:\/\/pagodenzelt.at\/ro\/configurati-acum\/","title":{"rendered":"Configura\u021bi acum"},"content":{"rendered":"\t\t<div data-elementor-type=\"wp-page\" data-elementor-id=\"6803\" class=\"elementor elementor-6803 elementor-5225\">\n\t\t\t\t<div class=\"elementor-element elementor-element-665fb6d e-flex e-con-boxed e-con e-parent\" data-id=\"665fb6d\" data-element_type=\"container\" data-e-type=\"container\">\n\t\t\t\t\t<div class=\"e-con-inner\">\n\t\t\t\t<div class=\"elementor-element elementor-element-9bed5fa elementor-widget__width-inherit elementor-widget elementor-widget-heading\" data-id=\"9bed5fa\" data-element_type=\"widget\" data-e-type=\"widget\" data-widget_type=\"heading.default\">\n\t\t\t\t<div class=\"elementor-widget-container\">\n\t\t\t\t\t<h3 class=\"elementor-heading-title elementor-size-default\">CONFIGURA\u021aI CORTUL GONFLABIL ACUM:<\/h3>\t\t\t\t<\/div>\n\t\t\t\t<\/div>\n\t\t\t\t\t<\/div>\n\t\t\t\t<\/div>\n\t\t<div class=\"elementor-element elementor-element-4453c37 e-flex e-con-boxed e-con e-parent\" data-id=\"4453c37\" data-element_type=\"container\" data-e-type=\"container\">\n\t\t\t\t\t<div class=\"e-con-inner\">\n\t\t<div class=\"elementor-element elementor-element-88d24ca e-con-full e-flex e-con e-child\" data-id=\"88d24ca\" data-element_type=\"container\" data-e-type=\"container\">\n\t\t\t\t<div class=\"elementor-element elementor-element-1477803 elementor-widget elementor-widget-image\" data-id=\"1477803\" data-element_type=\"widget\" data-e-type=\"widget\" data-widget_type=\"image.default\">\n\t\t\t\t<div class=\"elementor-widget-container\">\n\t\t\t\t\t\t\t\t\t\t\t\t\t\t\t<img fetchpriority=\"high\" decoding=\"async\" width=\"512\" height=\"512\" src=\"https:\/\/pagodenzelt.at\/wp-content\/uploads\/2023\/12\/cropped-logo-pagodenzelt-1.png\" class=\"attachment-large size-large wp-image-6224\" alt=\"\" srcset=\"https:\/\/pagodenzelt.at\/wp-content\/uploads\/2023\/12\/cropped-logo-pagodenzelt-1.png 512w, https:\/\/pagodenzelt.at\/wp-content\/uploads\/2023\/12\/cropped-logo-pagodenzelt-1-300x300.png 300w, https:\/\/pagodenzelt.at\/wp-content\/uploads\/2023\/12\/cropped-logo-pagodenzelt-1-150x150.png 150w, https:\/\/pagodenzelt.at\/wp-content\/uploads\/2023\/12\/cropped-logo-pagodenzelt-1-100x100.png 100w, https:\/\/pagodenzelt.at\/wp-content\/uploads\/2023\/12\/cropped-logo-pagodenzelt-1-270x270.png 270w, https:\/\/pagodenzelt.at\/wp-content\/uploads\/2023\/12\/cropped-logo-pagodenzelt-1-192x192.png 192w, https:\/\/pagodenzelt.at\/wp-content\/uploads\/2023\/12\/cropped-logo-pagodenzelt-1-180x180.png 180w, https:\/\/pagodenzelt.at\/wp-content\/uploads\/2023\/12\/cropped-logo-pagodenzelt-1-32x32.png 32w\" sizes=\"(max-width: 512px) 100vw, 512px\" \/>\t\t\t\t\t\t\t\t\t\t\t\t\t\t\t<\/div>\n\t\t\t\t<\/div>\n\t\t\t\t<div class=\"elementor-element elementor-element-f6d5c04 elementor-widget elementor-widget-heading\" data-id=\"f6d5c04\" data-element_type=\"widget\" data-e-type=\"widget\" data-widget_type=\"heading.default\">\n\t\t\t\t<div class=\"elementor-widget-container\">\n\t\t\t\t\t<h3 class=\"elementor-heading-title elementor-size-default\">Pagodenzelt.at<\/h3>\t\t\t\t<\/div>\n\t\t\t\t<\/div>\n\t\t\t\t<div class=\"elementor-element elementor-element-c7f553b elementor-widget elementor-widget-text-editor\" data-id=\"c7f553b\" data-element_type=\"widget\" data-e-type=\"widget\" data-widget_type=\"text-editor.default\">\n\t\t\t\t<div class=\"elementor-widget-container\">\n\t\t\t\t\t\t\t\t\t<h4>Nicolas Pfeffer<\/h4>\n\t\t\t\t\t\t\t\t<\/div>\n\t\t\t\t<\/div>\n\t\t\t\t<div class=\"elementor-element elementor-element-788e10f elementor-widget elementor-widget-text-editor\" data-id=\"788e10f\" data-element_type=\"widget\" data-e-type=\"widget\" data-widget_type=\"text-editor.default\">\n\t\t\t\t<div class=\"elementor-widget-container\">\n\t\t\t\t\t\t\t\t\t<p>Telefon: +43 660 5051002 E-mail: info@pagodenzelt.at Sch\u00fcttkastenhof 2 7132 Frauenkirchen<\/p>\n\t\t\t\t\t\t\t\t<\/div>\n\t\t\t\t<\/div>\n\t\t\t\t<\/div>\n\t\t<div class=\"elementor-element elementor-element-856d649 e-con-full e-flex e-con e-child\" data-id=\"856d649\" data-element_type=\"container\" data-e-type=\"container\">\n\t\t\t\t<div class=\"elementor-element elementor-element-7c0dead elementor-widget elementor-widget-shortcode\" data-id=\"7c0dead\" data-element_type=\"widget\" data-e-type=\"widget\" data-widget_type=\"shortcode.default\">\n\t\t\t\t<div class=\"elementor-widget-container\">\n\t\t\t\t\t\t\t<div class=\"elementor-shortcode\">\n<div class=\"wpcf7 no-js\" id=\"wpcf7-f7187-o1\" lang=\"ro-RO\" dir=\"ltr\" data-wpcf7-id=\"7187\">\n<div class=\"screen-reader-response\"><p role=\"status\" aria-live=\"polite\" aria-atomic=\"true\"><\/p> <ul><\/ul><\/div>\n<form action=\"\/ro\/wp-json\/wp\/v2\/pages\/6803#wpcf7-f7187-o1\" method=\"post\" class=\"wpcf7-form init\" aria-label=\"Formular de contact\" enctype=\"multipart\/form-data\" novalidate=\"novalidate\" data-status=\"init\">\n<div style=\"display: none;\">\n<input type=\"hidden\" name=\"_wpcf7\" value=\"7187\" \/>\n<input type=\"hidden\" name=\"_wpcf7_version\" value=\"6.0.6\" \/>\n<input type=\"hidden\" name=\"_wpcf7_locale\" value=\"ro_RO\" \/>\n<input type=\"hidden\" name=\"_wpcf7_unit_tag\" value=\"wpcf7-f7187-o1\" \/>\n<input type=\"hidden\" name=\"_wpcf7_container_post\" value=\"0\" \/>\n<input type=\"hidden\" name=\"_wpcf7_posted_data_hash\" value=\"\" \/>\n<\/div>\n<div class=\"uacf7-form-wrapper-container uacf7-form-7187  \"><div class=\"uacf7-row\">\n\n<div class=\"uacf7-col-6\"><label>  Numele dumneavoastr\u0103*:  <span class=\"wpcf7-form-control-wrap\" data-name=\"text-22\"><input size=\"40\" maxlength=\"400\" class=\"wpcf7-form-control wpcf7-text wpcf7-validates-as-required\" aria-required=\"true\" aria-invalid=\"false\" value=\"\" type=\"text\" name=\"text-22\" \/><\/span> <\/label> <\/div>\n\n<div class=\"uacf7-col-6\"> <label>Adresa dvs. de e-mail*:  <span class=\"wpcf7-form-control-wrap\" data-name=\"email\"><input size=\"40\" maxlength=\"400\" class=\"wpcf7-form-control wpcf7-email wpcf7-validates-as-required wpcf7-text wpcf7-validates-as-email\" aria-required=\"true\" aria-invalid=\"false\" value=\"\" type=\"email\" name=\"email\" \/><\/span><\/label> <\/div><\/div>\n\n<div class=\"uacf7-row\"><div class=\"uacf7-col-6\"> <label>Num\u0103rul dumneavoastr\u0103 de telefon:  <span class=\"wpcf7-form-control-wrap\" data-name=\"phone\"><input size=\"40\" maxlength=\"400\" class=\"wpcf7-form-control wpcf7-tel wpcf7-validates-as-required wpcf7-text wpcf7-validates-as-tel\" aria-required=\"true\" aria-invalid=\"false\" value=\"\" type=\"tel\" name=\"phone\" \/><\/span><\/label> <\/div>\n\n<div class=\"uacf7-col-6\"> <label>Adresa (strad\u0103, cod po\u0219tal, ora\u0219):  <span class=\"wpcf7-form-control-wrap\" data-name=\"text-23\"><input size=\"40\" maxlength=\"400\" class=\"wpcf7-form-control wpcf7-text wpcf7-validates-as-required\" aria-required=\"true\" aria-invalid=\"false\" value=\"\" type=\"text\" name=\"text-23\" \/><\/span><\/label> <\/div><\/div>\n\n[wpmlcf7-1-uacf7-row]<div class=\"uacf7-col-6\"> <label><span class=\"wpcf7-form-control-wrap\" data-name=\"menu-921\"><select class=\"wpcf7-form-control wpcf7-select wpcf7-validates-as-required\" aria-required=\"true\" aria-invalid=\"false\" name=\"menu-921\"><option value=\"\">- Te rog alege o op\u021biune -<\/option><\/select><\/span> Dimensiunea selectat\u0103: - V\u0103 rug\u0103m s\u0103 selecta\u021bi - 3 * 3m 4 * 4m 5 * 5m 6 * 6m 7 * 7m [\/wpmlcf7-1-uacf]<\/label> <\/div>\n\n[wpmlcf7-2-uacf7-col col:6] <label><span class=\"wpcf7-form-control-wrap\" data-name=\"menu-643\"><select class=\"wpcf7-form-control wpcf7-select wpcf7-validates-as-required\" aria-required=\"true\" aria-invalid=\"false\" multiple=\"multiple\" name=\"menu-643[]\"><option value=\"\">- Te rog alege o op\u021biune -<\/option><\/select><\/span> Echipament: Copertin\u0103 Pere\u021bi laterali Pere\u021bi laterali cu fereastr\u0103 Saci de nisip suplimentari (4 buc\u0103\u021bi) [\/wpmlcf7-2-uacf]\n <\/label> [\/][\/]\n\n<label>Pute\u021bi \u00eenc\u0103rca designul dvs. aici:<\/label><label> <span class=\"wpcf7-form-control-wrap\" data-name=\"logo\"><input size=\"40\" class=\"wpcf7-form-control wpcf7-file\" accept=\"audio\/*,video\/*,image\/*\" aria-invalid=\"false\" type=\"file\" name=\"logo\" \/><\/span><\/label><label> <span class=\"wpcf7-form-control-wrap\" data-name=\"your-message\"><textarea cols=\"40\" rows=\"10\" maxlength=\"2000\" class=\"wpcf7-form-control wpcf7-textarea wpcf7-validates-as-required\" aria-required=\"true\" aria-invalid=\"false\" name=\"your-message\"><\/textarea><\/span> <\/label><span class=\"wpcf7-form-control-wrap\" data-name=\"checkbox-399\"><span class=\"wpcf7-form-control wpcf7-checkbox wpcf7-validates-as-required\"><span class=\"wpcf7-list-item first\"><label><input type=\"checkbox\" name=\"checkbox-399[]\" value=\"M&lt;label&gt; esajul dumneavoastr\u0103* &lt;\/label&gt; Accept c\u0103 am citit \u0219i am \u00een\u021beles politica de confiden\u021bialitate.\" \/><span class=\"wpcf7-list-item-label\">M&lt;label&gt; esajul dumneavoastr\u0103* &lt;\/label&gt; Accept c\u0103 am citit \u0219i am \u00een\u021beles politica de confiden\u021bialitate.<\/span><\/label><\/span><span class=\"wpcf7-list-item\"><label><input type=\"checkbox\" name=\"checkbox-399[]\" value=\"Sunt de acord \u00een mod expres c\u0103 datele furnizate vor fi colectate \u0219i stocate pentru a r\u0103spunde solicit\u0103rii mele.\" \/><span class=\"wpcf7-list-item-label\">Sunt de acord \u00een mod expres c\u0103 datele furnizate vor fi colectate \u0219i stocate pentru a r\u0103spunde solicit\u0103rii mele.<\/span><\/label><\/span><span class=\"wpcf7-list-item last\"><label><input type=\"checkbox\" name=\"checkbox-399[]\" value=\"Consim\u021b\u0103m\u00e2ntul dumneavoastr\u0103 poate fi revocat \u00een orice moment prin trimiterea unui e-mail la info@pagodenzelt.at!\" \/><span class=\"wpcf7-list-item-label\">Consim\u021b\u0103m\u00e2ntul dumneavoastr\u0103 poate fi revocat \u00een orice moment prin trimiterea unui e-mail la info@pagodenzelt.at!<\/span><\/label><\/span><\/span><\/span>\n\n<input class=\"wpcf7-form-control wpcf7-submit has-spinner\" type=\"submit\" value=\"Trimitere\" \/><\/div><div class=\"wpcf7-response-output\" aria-hidden=\"true\"><\/div>\n<\/form>\n<\/div>\n<\/div>\n\t\t\t\t\t\t<\/div>\n\t\t\t\t<\/div>\n\t\t\t\t<\/div>\n\t\t\t\t\t<\/div>\n\t\t\t\t<\/div>\n\t\t\t\t<\/div>\n\t\t","protected":false},"excerpt":{"rendered":"<p>CONFIGURA\u021aI CORTUL GONFLABIL ACUM: Pagodenzelt.at Nicolas Pfeffer Telefon: +43 660 5051002 E-mail: info@pagodenzelt.at Sch\u00fcttkastenhof 2 7132 Frauenkirchen<\/p>\n","protected":false},"author":1,"featured_media":0,"parent":0,"menu_order":0,"comment_status":"closed","ping_status":"closed","template":"","meta":{"om_disable_all_campaigns":false,"_monsterinsights_skip_tracking":false,"_monsterinsights_sitenote_active":false,"_monsterinsights_sitenote_note":"","_monsterinsights_sitenote_category":0,"site-sidebar-layout":"no-sidebar","site-content-layout":"page-builder","ast-site-content-layout":"full-width-container","site-content-style":"default","site-sidebar-style":"default","ast-global-header-display":"","ast-banner-title-visibility":"","ast-main-header-display":"","ast-hfb-above-header-display":"","ast-hfb-below-header-display":"","ast-hfb-mobile-header-display":"","site-post-title":"disabled","ast-breadcrumbs-content":"","ast-featured-img":"disabled","footer-sml-layout":"","ast-disable-related-posts":"","theme-transparent-header-meta":"","adv-header-id-meta":"","stick-header-meta":"","header-above-stick-meta":"","header-main-stick-meta":"","header-below-stick-meta":"","astra-migrate-meta-layouts":"default","ast-page-background-enabled":"default","ast-page-background-meta":{"desktop":{"background-color":"","background-image":"","background-repeat":"repeat","background-position":"center center","background-size":"auto","background-attachment":"scroll","background-type":"","background-media":"","overlay-type":"","overlay-color":"","overlay-opacity":"","overlay-gradient":""},"tablet":{"background-color":"","background-image":"","background-repeat":"repeat","background-position":"center center","background-size":"auto","background-attachment":"scroll","background-type":"","background-media":"","overlay-type":"","overlay-color":"","overlay-opacity":"","overlay-gradient":""},"mobile":{"background-color":"","background-image":"","background-repeat":"repeat","background-position":"center center","background-size":"auto","background-attachment":"scroll","background-type":"","background-media":"","overlay-type":"","overlay-color":"","overlay-opacity":"","overlay-gradient":""}},"ast-content-background-meta":{"desktop":{"background-color":"var(--ast-global-color-5)","background-image":"","background-repeat":"repeat","background-position":"center center","background-size":"auto","background-attachment":"scroll","background-type":"","background-media":"","overlay-type":"","overlay-color":"","overlay-opacity":"","overlay-gradient":""},"tablet":{"background-color":"var(--ast-global-color-5)","background-image":"","background-repeat":"repeat","background-position":"center center","background-size":"auto","background-attachment":"scroll","background-type":"","background-media":"","overlay-type":"","overlay-color":"","overlay-opacity":"","overlay-gradient":""},"mobile":{"background-color":"var(--ast-global-color-5)","background-image":"","background-repeat":"repeat","background-position":"center center","background-size":"auto","background-attachment":"scroll","background-type":"","background-media":"","overlay-type":"","overlay-color":"","overlay-opacity":"","overlay-gradient":""}},"footnotes":""},"class_list":["post-6803","page","type-page","status-publish","hentry"],"aioseo_notices":[],"_links":{"self":[{"href":"https:\/\/pagodenzelt.at\/ro\/wp-json\/wp\/v2\/pages\/6803"}],"collection":[{"href":"https:\/\/pagodenzelt.at\/ro\/wp-json\/wp\/v2\/pages"}],"about":[{"href":"https:\/\/pagodenzelt.at\/ro\/wp-json\/wp\/v2\/types\/page"}],"author":[{"embeddable":true,"href":"https:\/\/pagodenzelt.at\/ro\/wp-json\/wp\/v2\/users\/1"}],"replies":[{"embeddable":true,"href":"https:\/\/pagodenzelt.at\/ro\/wp-json\/wp\/v2\/comments?post=6803"}],"version-history":[{"count":3,"href":"https:\/\/pagodenzelt.at\/ro\/wp-json\/wp\/v2\/pages\/6803\/revisions"}],"predecessor-version":[{"id":6812,"href":"https:\/\/pagodenzelt.at\/ro\/wp-json\/wp\/v2\/pages\/6803\/revisions\/6812"}],"wp:attachment":[{"href":"https:\/\/pagodenzelt.at\/ro\/wp-json\/wp\/v2\/media?parent=6803"}],"curies":[{"name":"wp","href":"https:\/\/api.w.org\/{rel}","templated":true}]}}