{"id":6844,"date":"2023-11-13T18:39:57","date_gmt":"2023-11-13T18:39:57","guid":{"rendered":"https:\/\/pagodenzelt.at\/corturile-noastre-pagoda\/"},"modified":"2024-09-12T12:16:47","modified_gmt":"2024-09-12T12:16:47","slug":"corturile-noastre-pagoda","status":"publish","type":"page","link":"https:\/\/pagodenzelt.at\/ro\/corturile-noastre-pagoda\/","title":{"rendered":"Corturile noastre pagoda"},"content":{"rendered":"\t\t<div data-elementor-type=\"wp-page\" data-elementor-id=\"6844\" class=\"elementor elementor-6844 elementor-4843\">\n\t\t\t\t<div class=\"elementor-element elementor-element-459a2c4 e-flex e-con-boxed e-con e-parent\" data-id=\"459a2c4\" data-element_type=\"container\" data-e-type=\"container\">\n\t\t\t\t\t<div class=\"e-con-inner\">\n\t\t\t\t<div class=\"elementor-element elementor-element-091d27f elementor-widget__width-inherit elementor-invisible elementor-widget elementor-widget-heading\" data-id=\"091d27f\" data-element_type=\"widget\" data-e-type=\"widget\" data-settings=\"{&quot;_animation&quot;:&quot;fadeInDown&quot;}\" data-widget_type=\"heading.default\">\n\t\t\t\t<div class=\"elementor-widget-container\">\n\t\t\t\t\t<h2 class=\"elementor-heading-title elementor-size-default\">CORTURILE NOASTRE PAGODA<\/h2>\t\t\t\t<\/div>\n\t\t\t\t<\/div>\n\t\t\t\t\t<\/div>\n\t\t\t\t<\/div>\n\t\t<div class=\"elementor-element elementor-element-c71f2b8 e-flex e-con-boxed e-con e-parent\" data-id=\"c71f2b8\" data-element_type=\"container\" data-e-type=\"container\">\n\t\t\t\t\t<div class=\"e-con-inner\">\n\t\t<div class=\"elementor-element elementor-element-693f25a e-con-full e-flex e-con e-child\" data-id=\"693f25a\" data-element_type=\"container\" data-e-type=\"container\">\n\t\t\t\t<div class=\"elementor-element elementor-element-9565483 elementor-widget elementor-widget-text-editor\" data-id=\"9565483\" data-element_type=\"widget\" data-e-type=\"widget\" data-widget_type=\"text-editor.default\">\n\t\t\t\t<div class=\"elementor-widget-container\">\n\t\t\t\t\t\t\t\t\t<h3>PARTENER PUTERNIC PENTRU ACHIZI\u021aIONAREA CORTULUI DVS.<\/h3><p>Desigur, cump\u0103rarea unui cort pagoda \u0219i reglement\u0103rile aferente pot fi o b\u0103taie de cap. Vom fi bucuro\u0219i s\u0103 v\u0103 sf\u0103tuim \u0219i s\u0103 v\u0103 ajut\u0103m cu autoriza\u021bia oficial\u0103. Corturile noastre \u00eendeplinesc cele mai \u00eenalte standarde profesionale! <br \/><br \/>Pe aceast\u0103 pagin\u0103 am dori s\u0103 v\u0103 inform\u0103m cu privire la datele tehnice \u0219i la domeniul de aplicare al livr\u0103rii. <br \/><br \/>Dac\u0103 ave\u021bi <span style=\"color: #d60404;\">\u00eentreb\u0103ri<\/span>, v\u0103 rug\u0103m s\u0103 nu ezita\u021bi s\u0103 <a style=\"color: #d60404;\" href=\"https:\/\/pagodenzelt.at\/ro\/contactati-ne\/\">contacta\u021bi<\/a> echipa noastr\u0103 !<\/p>\t\t\t\t\t\t\t\t<\/div>\n\t\t\t\t<\/div>\n\t\t\t\t<\/div>\n\t\t<div class=\"elementor-element elementor-element-705745b e-con-full e-flex e-con e-child\" data-id=\"705745b\" data-element_type=\"container\" data-e-type=\"container\">\n\t\t\t\t<div class=\"elementor-element elementor-element-5d30dd7 elementor-widget elementor-widget-image\" data-id=\"5d30dd7\" data-element_type=\"widget\" data-e-type=\"widget\" data-widget_type=\"image.default\">\n\t\t\t\t<div class=\"elementor-widget-container\">\n\t\t\t\t\t\t\t\t\t\t\t\t\t\t\t<img fetchpriority=\"high\" decoding=\"async\" width=\"265\" height=\"226\" src=\"https:\/\/pagodenzelt.at\/wp-content\/uploads\/2023\/12\/tar-team.png\" class=\"attachment-large size-large wp-image-6235\" alt=\"\" \/>\t\t\t\t\t\t\t\t\t\t\t\t\t\t\t<\/div>\n\t\t\t\t<\/div>\n\t\t\t\t<\/div>\n\t\t\t\t\t<\/div>\n\t\t\t\t<\/div>\n\t\t<div class=\"elementor-element elementor-element-b4a9422 e-flex e-con-boxed e-con e-parent\" data-id=\"b4a9422\" data-element_type=\"container\" data-e-type=\"container\">\n\t\t\t\t\t<div class=\"e-con-inner\">\n\t\t\t\t<div class=\"elementor-element elementor-element-f7b52fc elementor-invisible elementor-widget elementor-widget-text-editor\" data-id=\"f7b52fc\" data-element_type=\"widget\" data-e-type=\"widget\" data-settings=\"{&quot;_animation&quot;:&quot;fadeInDown&quot;}\" data-widget_type=\"text-editor.default\">\n\t\t\t\t<div class=\"elementor-widget-container\">\n\t\t\t\t\t\t\t\t\t<h4>DATE TEHNICE<\/h4>\n\t\t\t\t\t\t\t\t<\/div>\n\t\t\t\t<\/div>\n\t\t\t\t\t<\/div>\n\t\t\t\t<\/div>\n\t\t<div class=\"elementor-element elementor-element-a34f301 e-flex e-con-boxed e-con e-parent\" data-id=\"a34f301\" data-element_type=\"container\" data-e-type=\"container\">\n\t\t\t\t\t<div class=\"e-con-inner\">\n\t\t\t\t<div class=\"elementor-element elementor-element-a704c33 elementor-widget elementor-widget-text-editor\" data-id=\"a704c33\" data-element_type=\"widget\" data-e-type=\"widget\" data-widget_type=\"text-editor.default\">\n\t\t\t\t<div class=\"elementor-widget-container\">\n\t\t\t\t\t\t\t\t\t<div>\n<table style=\"border: 1px solid black;\">\n<tbody>\n<tr>\n<td style=\"text-align: center; font-weight: bold;\" colspan=\"2\">Date tehnice cort pagoda 5x5m<\/td>\n<\/tr>\n<tr>\n<td style=\"text-align: center;\">Dimensiuni configurate<\/td><td style=\"text-align: center;\">5x5m = 25m\u00b2<\/td>\n<\/tr>\n<tr>\n<td style=\"text-align: center;\">\u00cen\u0103l\u021bime lateral\u0103<\/td><td style=\"text-align: center;\">2,5m<\/td>\n<\/tr>\n<tr>\n<td style=\"text-align: center;\">\u00cen\u0103l\u021bimea frontonului<\/td><td style=\"text-align: center;\">5,4m<\/td>\n<\/tr>\n<tr>\n<td style=\"text-align: center;\">Greutate<\/td><td style=\"text-align: center;\">190 kg<\/td>\n<\/tr>\n<tr>\n<td style=\"text-align: center;\">Aluminiu<\/td><td style=\"text-align: center;\">Profile din aluminiu anodizat, piese de leg\u0103tur\u0103 galvanizate la cald<\/td>\n<\/tr>\n<tr>\n<td style=\"text-align: center;\">Profilul cadrului<\/td><td style=\"text-align: center;\">65mm x 65mm x 2mm 3 caneluri<\/td>\n<\/tr>\n<tr>\n<td style=\"text-align: center;\">Prelate<\/td><td style=\"text-align: center;\">\u021aes\u0103tur\u0103 din poliester de 650 g\/m\u00b2 acoperit\u0103 pe ambele p\u0103r\u021bi cu PVC \u00een conformitate cu DIN 4102<\/td>\n<\/tr>\n<tr>\n<td style=\"text-align: center;\">Static\u0103<\/td><td style=\"text-align: center;\">EN ISO 5912; EN 13782<\/td>\n<\/tr>\n<\/tbody>\n<\/table>\n<\/div>\t\t\t\t\t\t\t\t<\/div>\n\t\t\t\t<\/div>\n\t\t\t\t\t<\/div>\n\t\t\t\t<\/div>\n\t\t<div class=\"elementor-element elementor-element-f50dbbe e-flex e-con-boxed e-con e-parent\" data-id=\"f50dbbe\" data-element_type=\"container\" data-e-type=\"container\">\n\t\t\t\t\t<div class=\"e-con-inner\">\n\t\t\t\t<div class=\"elementor-element elementor-element-2aef86b elementor-widget elementor-widget-text-editor\" data-id=\"2aef86b\" data-element_type=\"widget\" data-e-type=\"widget\" data-widget_type=\"text-editor.default\">\n\t\t\t\t<div class=\"elementor-widget-container\">\n\t\t\t\t\t\t\t\t\t<h3>DOMENIUL DE APLICARE AL LIVR\u0102RII<\/h3>\n<p><span style=\"color:#d60404;\">F\u0103r\u0103<\/span> costuri ascunse &#8211; cu noi primi\u021bi un cort pagoda care include <span style=\"color:#d60404;\">toate <\/span> <span style=\"color:#d60404;\">componentele<\/span> necesare, precum \u0219i \u021b\u0103ru\u0219i pentru a v\u0103 <span style=\"color:#d60404;\">fixa<\/span> cortul.<\/p>\t\t\t\t\t\t\t\t<\/div>\n\t\t\t\t<\/div>\n\t\t\t\t\t<\/div>\n\t\t\t\t<\/div>\n\t\t<div class=\"elementor-element elementor-element-9f3c528 e-flex e-con-boxed e-con e-parent\" data-id=\"9f3c528\" data-element_type=\"container\" data-e-type=\"container\">\n\t\t\t\t\t<div class=\"e-con-inner\">\n\t\t\t\t<div class=\"elementor-element elementor-element-55e201c elementor-widget elementor-widget-text-editor\" data-id=\"55e201c\" data-element_type=\"widget\" data-e-type=\"widget\" data-widget_type=\"text-editor.default\">\n\t\t\t\t<div class=\"elementor-widget-container\">\n\t\t\t\t\t\t\t\t\t<div>\n<table style=\"border: 1px solid black;\">\n<tbody>\n<tr>\n<td style=\"text-align: center; font-weight: bold;\" colspan=\"2\">Domeniul de aplicare al livr\u0103rii<\/td>\n<\/tr>\n<tr>\n<td style=\"text-align: center;\">produs<\/td><td style=\"text-align: center;\">Bucat\u0103<\/td>\n<\/tr>\n<tr>\n<td style=\"text-align: center;\">Suport lateral cu profil din aluminiu 4.90m<\/td><td style=\"text-align: center;\">4<\/td>\n<\/tr>\n<tr>\n<td style=\"text-align: center;\">Picioare din profil de aluminiu 2.5m<\/td><td style=\"text-align: center;\">4<\/td>\n<\/tr>\n<tr>\n<td style=\"text-align: center;\">Profiluri de conectare<\/td><td style=\"text-align: center;\">4<\/td>\n<\/tr>\n<tr>\n<td style=\"text-align: center;\">Centru de conectare + capac<\/td><td style=\"text-align: center;\">1<\/td>\n<\/tr>\n<tr>\n<td style=\"text-align: center;\">\u021aeava cortului<\/td><td style=\"text-align: center;\">4<\/td>\n<\/tr>\n<tr>\n<td style=\"text-align: center;\">Cuie de p\u0103m\u00e2nt<\/td><td style=\"text-align: center;\">8<\/td>\n<\/tr>\n<tr>\n<td style=\"text-align: center;\">Tuburi pentru picioare 5m<\/td><td style=\"text-align: center;\">4<\/td>\n<\/tr>\n<tr>\n<td style=\"text-align: center;\">Prelata pentru acoperi\u0219 5x5m<\/td><td style=\"text-align: center;\">1<\/td>\n<\/tr>\n<tr>\n<td style=\"text-align: center;\">Prelata lateral\u0103 2.5m x 2.5m<\/td><td style=\"text-align: center;\">8<\/td>\n<\/tr>\n<\/tbody>\n<\/table>\n<div><\/div>\n<\/div>\t\t\t\t\t\t\t\t<\/div>\n\t\t\t\t<\/div>\n\t\t\t\t\t<\/div>\n\t\t\t\t<\/div>\n\t\t\t\t<\/div>\n\t\t","protected":false},"excerpt":{"rendered":"<p>CORTURILE NOASTRE PAGODA PARTENER PUTERNIC PENTRU ACHIZI\u021aIONAREA CORTULUI DVS. Desigur, cump\u0103rarea unui cort pagoda \u0219i reglement\u0103rile aferente pot fi o b\u0103taie de cap. Vom fi bucuro\u0219i s\u0103 v\u0103 sf\u0103tuim \u0219i s\u0103 v\u0103 ajut\u0103m cu autoriza\u021bia oficial\u0103. Corturile noastre \u00eendeplinesc cele mai \u00eenalte standarde profesionale! Pe aceast\u0103 pagin\u0103 am dori s\u0103 v\u0103 inform\u0103m cu privire la [&hellip;]<\/p>\n","protected":false},"author":1,"featured_media":0,"parent":0,"menu_order":0,"comment_status":"closed","ping_status":"closed","template":"","meta":{"om_disable_all_campaigns":false,"_monsterinsights_skip_tracking":false,"_monsterinsights_sitenote_active":false,"_monsterinsights_sitenote_note":"","_monsterinsights_sitenote_category":0,"site-sidebar-layout":"no-sidebar","site-content-layout":"page-builder","ast-site-content-layout":"full-width-container","site-content-style":"default","site-sidebar-style":"default","ast-global-header-display":"","ast-banner-title-visibility":"","ast-main-header-display":"","ast-hfb-above-header-display":"","ast-hfb-below-header-display":"","ast-hfb-mobile-header-display":"","site-post-title":"disabled","ast-breadcrumbs-content":"","ast-featured-img":"disabled","footer-sml-layout":"","ast-disable-related-posts":"","theme-transparent-header-meta":"","adv-header-id-meta":"","stick-header-meta":"","header-above-stick-meta":"","header-main-stick-meta":"","header-below-stick-meta":"","astra-migrate-meta-layouts":"default","ast-page-background-enabled":"default","ast-page-background-meta":{"desktop":{"background-color":"","background-image":"","background-repeat":"repeat","background-position":"center center","background-size":"auto","background-attachment":"scroll","background-type":"","background-media":"","overlay-type":"","overlay-color":"","overlay-opacity":"","overlay-gradient":""},"tablet":{"background-color":"","background-image":"","background-repeat":"repeat","background-position":"center center","background-size":"auto","background-attachment":"scroll","background-type":"","background-media":"","overlay-type":"","overlay-color":"","overlay-opacity":"","overlay-gradient":""},"mobile":{"background-color":"","background-image":"","background-repeat":"repeat","background-position":"center center","background-size":"auto","background-attachment":"scroll","background-type":"","background-media":"","overlay-type":"","overlay-color":"","overlay-opacity":"","overlay-gradient":""}},"ast-content-background-meta":{"desktop":{"background-color":"var(--ast-global-color-5)","background-image":"","background-repeat":"repeat","background-position":"center center","background-size":"auto","background-attachment":"scroll","background-type":"","background-media":"","overlay-type":"","overlay-color":"","overlay-opacity":"","overlay-gradient":""},"tablet":{"background-color":"var(--ast-global-color-5)","background-image":"","background-repeat":"repeat","background-position":"center center","background-size":"auto","background-attachment":"scroll","background-type":"","background-media":"","overlay-type":"","overlay-color":"","overlay-opacity":"","overlay-gradient":""},"mobile":{"background-color":"var(--ast-global-color-5)","background-image":"","background-repeat":"repeat","background-position":"center center","background-size":"auto","background-attachment":"scroll","background-type":"","background-media":"","overlay-type":"","overlay-color":"","overlay-opacity":"","overlay-gradient":""}},"footnotes":""},"class_list":["post-6844","page","type-page","status-publish","hentry"],"aioseo_notices":[],"_links":{"self":[{"href":"https:\/\/pagodenzelt.at\/ro\/wp-json\/wp\/v2\/pages\/6844"}],"collection":[{"href":"https:\/\/pagodenzelt.at\/ro\/wp-json\/wp\/v2\/pages"}],"about":[{"href":"https:\/\/pagodenzelt.at\/ro\/wp-json\/wp\/v2\/types\/page"}],"author":[{"embeddable":true,"href":"https:\/\/pagodenzelt.at\/ro\/wp-json\/wp\/v2\/users\/1"}],"replies":[{"embeddable":true,"href":"https:\/\/pagodenzelt.at\/ro\/wp-json\/wp\/v2\/comments?post=6844"}],"version-history":[{"count":5,"href":"https:\/\/pagodenzelt.at\/ro\/wp-json\/wp\/v2\/pages\/6844\/revisions"}],"predecessor-version":[{"id":7615,"href":"https:\/\/pagodenzelt.at\/ro\/wp-json\/wp\/v2\/pages\/6844\/revisions\/7615"}],"wp:attachment":[{"href":"https:\/\/pagodenzelt.at\/ro\/wp-json\/wp\/v2\/media?parent=6844"}],"curies":[{"name":"wp","href":"https:\/\/api.w.org\/{rel}","templated":true}]}}