{"id":6921,"date":"2023-11-10T16:45:46","date_gmt":"2023-11-10T16:45:46","guid":{"rendered":"https:\/\/pagodenzelt.at\/politica-de-confidentialitate\/"},"modified":"2024-08-28T07:18:24","modified_gmt":"2024-08-28T07:18:24","slug":"politica-de-confidentialitate","status":"publish","type":"page","link":"https:\/\/pagodenzelt.at\/ro\/politica-de-confidentialitate\/","title":{"rendered":"Politica de confiden\u021bialitate"},"content":{"rendered":"\t\t<div data-elementor-type=\"wp-page\" data-elementor-id=\"6921\" class=\"elementor elementor-6921 elementor-4738\">\n\t\t\t\t<div class=\"elementor-element elementor-element-6e38bc4 e-flex e-con-boxed e-con e-parent\" data-id=\"6e38bc4\" data-element_type=\"container\" data-e-type=\"container\" data-settings=\"{&quot;background_background&quot;:&quot;classic&quot;}\">\n\t\t\t\t\t<div class=\"e-con-inner\">\n\t\t\t\t<div class=\"elementor-element elementor-element-6cd3375 elementor-widget__width-inherit elementor-invisible elementor-widget elementor-widget-image\" data-id=\"6cd3375\" data-element_type=\"widget\" data-e-type=\"widget\" data-settings=\"{&quot;_animation&quot;:&quot;fadeInDown&quot;}\" data-widget_type=\"image.default\">\n\t\t\t\t<div class=\"elementor-widget-container\">\n\t\t\t\t\t\t\t\t\t\t\t\t\t\t\t<img fetchpriority=\"high\" decoding=\"async\" width=\"639\" height=\"425\" src=\"https:\/\/pagodenzelt.at\/wp-content\/uploads\/2023\/11\/data-protection.png\" class=\"attachment-large size-large wp-image-6059\" alt=\"\" srcset=\"https:\/\/pagodenzelt.at\/wp-content\/uploads\/2023\/11\/data-protection.png 639w, https:\/\/pagodenzelt.at\/wp-content\/uploads\/2023\/11\/data-protection-300x200.png 300w, https:\/\/pagodenzelt.at\/wp-content\/uploads\/2023\/11\/data-protection-600x399.png 600w\" sizes=\"(max-width: 639px) 100vw, 639px\" \/>\t\t\t\t\t\t\t\t\t\t\t\t\t\t\t<\/div>\n\t\t\t\t<\/div>\n\t\t\t\t\t<\/div>\n\t\t\t\t<\/div>\n\t\t<div class=\"elementor-element elementor-element-6456d5e e-flex e-con-boxed e-con e-parent\" data-id=\"6456d5e\" data-element_type=\"container\" data-e-type=\"container\">\n\t\t\t\t\t<div class=\"e-con-inner\">\n\t\t\t\t<div class=\"elementor-element elementor-element-402e36d elementor-invisible elementor-widget elementor-widget-heading\" data-id=\"402e36d\" data-element_type=\"widget\" data-e-type=\"widget\" data-settings=\"{&quot;_animation&quot;:&quot;fadeInDown&quot;}\" data-widget_type=\"heading.default\">\n\t\t\t\t<div class=\"elementor-widget-container\">\n\t\t\t\t\t<h2 class=\"elementor-heading-title elementor-size-default\">Politica de confiden\u021bialitate<\/h2>\t\t\t\t<\/div>\n\t\t\t\t<\/div>\n\t\t\t\t\t<\/div>\n\t\t\t\t<\/div>\n\t\t<div class=\"elementor-element elementor-element-0d80fa4 e-flex e-con-boxed e-con e-parent\" data-id=\"0d80fa4\" data-element_type=\"container\" data-e-type=\"container\">\n\t\t\t\t\t<div class=\"e-con-inner\">\n\t\t\t\t<div class=\"elementor-element elementor-element-695c3f7 elementor-widget elementor-widget-text-editor\" data-id=\"695c3f7\" data-element_type=\"widget\" data-e-type=\"widget\" data-widget_type=\"text-editor.default\">\n\t\t\t\t<div class=\"elementor-widget-container\">\n\t\t\t\t\t\t\t\t\t<p>Noi, compania Nicolas Pfeffer cu sediul \u00een Sch\u00fcttkastenhof 2, 7132 Frauenkirchen, oper\u0103m site-ul sub domeniul Pagodenzelt.at.<br \/>\nConfiden\u021bialitatea dumneavoastr\u0103 \u0219i protec\u021bia datelor dumneavoastr\u0103 personale sunt extrem de importante pentru noi.<br \/>\nPrin urmare, am dori s\u0103 explic\u0103m mai jos modul \u00een care colect\u0103m, prelucr\u0103m \u0219i protej\u0103m datele dumneavoastr\u0103.  <\/p>\n<ol>\n<li>\n<h5>Organism responsabil<\/h5>\n<\/li>\n<\/ol>\n<p>Nicolas Pfeffer Sch\u00fcttkastenhof 2 7132 Frauenkirchen Contact: +43 660501002 E-mail: info@pagodenzelt.at<\/p>\n<ol start=\"2\">\n<li>\n<h5>Date \u00eenregistrate<\/h5>\n<\/li>\n<\/ol>\n<p>Colect\u0103m \u0219i prelucr\u0103m datele personale pe care ni le furniza\u021bi \u00een mod activ, de exemplu prin completarea formularelor de contact sau atunci c\u00e2nd comanda\u021bi produse.<br \/>\nAceste date pot include numele dumneavoastr\u0103, adresa de e-mail, num\u0103rul de telefon \u0219i alte informa\u021bii relevante. <\/p>\n<p>\u00cen plus, colect\u0103m automat anumite date atunci c\u00e2nd vizita\u021bi site-ul nostru web.<br \/>\nAcestea includ adresa dvs. IP, tipul de browser, tipul de dispozitiv, paginile vizitate \u0219i ora de acces.<br \/>\nAceste informa\u021bii sunt utilizate pentru a \u00eembun\u0103t\u0103\u021bi site-ul nostru web \u0219i pentru a analiza comportamentul utilizatorilor, dar nu sunt utilizate pentru a identifica persoane individuale.  <\/p>\n<ol start=\"3\">\n<li>\n<h5>Utilizarea datelor dumneavoastr\u0103<\/h5>\n<\/li>\n<\/ol>\n<p>Utiliz\u0103m datele dumneavoastr\u0103 \u00een urm\u0103toarele scopuri:<\/p>\n<p>&#8211; Pentru a r\u0103spunde solicit\u0103rilor dumneavoastr\u0103 \u0219i pentru a comunica cu dumneavoastr\u0103.<br \/>&#8211; Pentru procesarea comenzilor \u0219i a livr\u0103rilor.<br \/>&#8211; Pentru a \u00eembun\u0103t\u0103\u021bi site-ul nostru web \u0219i serviciile noastre.<br \/>&#8211; Pentru a respecta obliga\u021biile legale.<\/p>\n<ol start=\"4\">\n<li>\n<h5>Transmiterea datelor<\/h5>\n<\/li>\n<\/ol>\n<p>Datele dvs. nu vor fi transmise ter\u021bilor dec\u00e2t dac\u0103 acest lucru este necesar pentru \u00eendeplinirea obliga\u021biilor noastre contractuale sau datorit\u0103 cerin\u021belor legale.<\/p>\n<ol start=\"5\">\n<li>\n<h5>Stocarea datelor dumneavoastr\u0103<\/h5>\n<\/li>\n<\/ol>\n<p>Datele dvs. vor fi stocate doar at\u00e2t timp c\u00e2t este necesar pentru scopurile men\u021bionate mai sus sau \u00een conformitate cu obliga\u021biile legale de p\u0103strare.<\/p>\n<ol start=\"6\">\n<li>\n<h5>Drepturile dumneavoastr\u0103<\/h5>\n<\/li>\n<\/ol>\n<p>Ave\u021bi dreptul la informare, corectare, \u0219tergere \u0219i restric\u021bionare a prelucr\u0103rii datelor dumneavoastr\u0103 cu caracter personal.<br \/>\nDe asemenea, v\u0103 pute\u021bi opune prelucr\u0103rii datelor dumneavoastr\u0103.<br \/>\nPentru a v\u0103 exercita drepturile sau dac\u0103 ave\u021bi \u00eentreb\u0103ri cu privire la practicile de protec\u021bie a datelor pe site-ul nostru, v\u0103 rug\u0103m s\u0103 ne contacta\u021bi folosind datele de contact furnizate mai sus.  <\/p>\n<ol start=\"7\">\n<li>\n<h5>Dreptul de apel<\/h5>\n<\/li>\n<\/ol>\n<p>Dac\u0103 considera\u021bi c\u0103 drepturile dumneavoastr\u0103 privind protec\u021bia datelor au fost \u00eenc\u0103lcate, ave\u021bi dreptul de a depune o pl\u00e2ngere la autoritatea pentru protec\u021bia datelor.<\/p>\n<ol start=\"8\">\n<li>\n<h5>Actualiz\u0103ri<\/h5>\n<\/li>\n<\/ol>\n<p>Ne rezerv\u0103m dreptul de a actualiza aceast\u0103 politic\u0103 de confiden\u021bialitate dup\u0103 cum este necesar.<br \/>\nV\u0103 rug\u0103m s\u0103 verifica\u021bi periodic actualiz\u0103rile. <\/p>\n<p>Statut: 2 noiembrie 2023<\/p>\n<p>V\u0103 mul\u021bumim pentru citirea politicii noastre de confiden\u021bialitate.<br \/>\nApreciem \u00eencrederea dumneavoastr\u0103 \u00een noi \u0219i vom face tot ce ne st\u0103 \u00een putin\u021b\u0103 pentru a v\u0103 trata datele cu cea mai mare grij\u0103. <\/p>\n\t\t\t\t\t\t\t\t<\/div>\n\t\t\t\t<\/div>\n\t\t\t\t\t<\/div>\n\t\t\t\t<\/div>\n\t\t\t\t<\/div>\n\t\t","protected":false},"excerpt":{"rendered":"<p>Politica de confiden\u021bialitate Noi, compania Nicolas Pfeffer cu sediul \u00een Sch\u00fcttkastenhof 2, 7132 Frauenkirchen, oper\u0103m site-ul sub domeniul Pagodenzelt.at. Confiden\u021bialitatea dumneavoastr\u0103 \u0219i protec\u021bia datelor dumneavoastr\u0103 personale sunt extrem de importante pentru noi. Prin urmare, am dori s\u0103 explic\u0103m mai jos modul \u00een care colect\u0103m, prelucr\u0103m \u0219i protej\u0103m datele dumneavoastr\u0103. Organism responsabil Nicolas Pfeffer Sch\u00fcttkastenhof 2 [&hellip;]<\/p>\n","protected":false},"author":1,"featured_media":0,"parent":0,"menu_order":0,"comment_status":"closed","ping_status":"closed","template":"","meta":{"om_disable_all_campaigns":false,"_monsterinsights_skip_tracking":false,"_monsterinsights_sitenote_active":false,"_monsterinsights_sitenote_note":"","_monsterinsights_sitenote_category":0,"site-sidebar-layout":"no-sidebar","site-content-layout":"page-builder","ast-site-content-layout":"full-width-container","site-content-style":"default","site-sidebar-style":"default","ast-global-header-display":"","ast-banner-title-visibility":"","ast-main-header-display":"","ast-hfb-above-header-display":"","ast-hfb-below-header-display":"","ast-hfb-mobile-header-display":"","site-post-title":"disabled","ast-breadcrumbs-content":"","ast-featured-img":"disabled","footer-sml-layout":"","ast-disable-related-posts":"","theme-transparent-header-meta":"","adv-header-id-meta":"","stick-header-meta":"","header-above-stick-meta":"","header-main-stick-meta":"","header-below-stick-meta":"","astra-migrate-meta-layouts":"default","ast-page-background-enabled":"default","ast-page-background-meta":{"desktop":{"background-color":"","background-image":"","background-repeat":"repeat","background-position":"center center","background-size":"auto","background-attachment":"scroll","background-type":"","background-media":"","overlay-type":"","overlay-color":"","overlay-opacity":"","overlay-gradient":""},"tablet":{"background-color":"","background-image":"","background-repeat":"repeat","background-position":"center center","background-size":"auto","background-attachment":"scroll","background-type":"","background-media":"","overlay-type":"","overlay-color":"","overlay-opacity":"","overlay-gradient":""},"mobile":{"background-color":"","background-image":"","background-repeat":"repeat","background-position":"center center","background-size":"auto","background-attachment":"scroll","background-type":"","background-media":"","overlay-type":"","overlay-color":"","overlay-opacity":"","overlay-gradient":""}},"ast-content-background-meta":{"desktop":{"background-color":"var(--ast-global-color-5)","background-image":"","background-repeat":"repeat","background-position":"center center","background-size":"auto","background-attachment":"scroll","background-type":"","background-media":"","overlay-type":"","overlay-color":"","overlay-opacity":"","overlay-gradient":""},"tablet":{"background-color":"var(--ast-global-color-5)","background-image":"","background-repeat":"repeat","background-position":"center center","background-size":"auto","background-attachment":"scroll","background-type":"","background-media":"","overlay-type":"","overlay-color":"","overlay-opacity":"","overlay-gradient":""},"mobile":{"background-color":"var(--ast-global-color-5)","background-image":"","background-repeat":"repeat","background-position":"center center","background-size":"auto","background-attachment":"scroll","background-type":"","background-media":"","overlay-type":"","overlay-color":"","overlay-opacity":"","overlay-gradient":""}},"footnotes":""},"class_list":["post-6921","page","type-page","status-publish","hentry"],"aioseo_notices":[],"_links":{"self":[{"href":"https:\/\/pagodenzelt.at\/ro\/wp-json\/wp\/v2\/pages\/6921"}],"collection":[{"href":"https:\/\/pagodenzelt.at\/ro\/wp-json\/wp\/v2\/pages"}],"about":[{"href":"https:\/\/pagodenzelt.at\/ro\/wp-json\/wp\/v2\/types\/page"}],"author":[{"embeddable":true,"href":"https:\/\/pagodenzelt.at\/ro\/wp-json\/wp\/v2\/users\/1"}],"replies":[{"embeddable":true,"href":"https:\/\/pagodenzelt.at\/ro\/wp-json\/wp\/v2\/comments?post=6921"}],"version-history":[{"count":2,"href":"https:\/\/pagodenzelt.at\/ro\/wp-json\/wp\/v2\/pages\/6921\/revisions"}],"predecessor-version":[{"id":6923,"href":"https:\/\/pagodenzelt.at\/ro\/wp-json\/wp\/v2\/pages\/6921\/revisions\/6923"}],"wp:attachment":[{"href":"https:\/\/pagodenzelt.at\/ro\/wp-json\/wp\/v2\/media?parent=6921"}],"curies":[{"name":"wp","href":"https:\/\/api.w.org\/{rel}","templated":true}]}}