{"id":7151,"date":"2023-10-27T18:23:44","date_gmt":"2023-10-27T18:23:44","guid":{"rendered":"https:\/\/pagodenzelt.at\/despre-noi\/"},"modified":"2025-04-17T08:30:34","modified_gmt":"2025-04-17T08:30:34","slug":"despre-noi","status":"publish","type":"page","link":"https:\/\/pagodenzelt.at\/ro\/despre-noi\/","title":{"rendered":"Despre noi"},"content":{"rendered":"\t\t<div data-elementor-type=\"wp-page\" data-elementor-id=\"7151\" class=\"elementor elementor-7151 elementor-35\">\n\t\t\t\t<div class=\"elementor-element elementor-element-d3165ce e-flex e-con-boxed e-con e-parent\" data-id=\"d3165ce\" data-element_type=\"container\" data-e-type=\"container\">\n\t\t\t\t\t<div class=\"e-con-inner\">\n\t\t<div class=\"elementor-element elementor-element-d2cbbf1 e-con-full e-flex elementor-invisible e-con e-child\" data-id=\"d2cbbf1\" data-element_type=\"container\" data-e-type=\"container\" data-settings=\"{&quot;animation&quot;:&quot;fadeInRight&quot;}\">\n\t\t\t\t<div class=\"elementor-element elementor-element-73f9ed4 elementor-widget elementor-widget-text-editor\" data-id=\"73f9ed4\" data-element_type=\"widget\" data-e-type=\"widget\" data-widget_type=\"text-editor.default\">\n\t\t\t\t<div class=\"elementor-widget-container\">\n\t\t\t\t\t\t\t\t\t<h3 style=\"padding-top: 30px;\"><span style=\"color: #d60404;\">MISIUNEA<\/span> NOASTR\u0102<\/h3>\nNe pozi\u021bion\u0103m ca cel mai bun furnizor de corturi pagoda din Austria. Corturile noastre asigur\u0103 siguran\u021ba evenimentului dumneavoastr\u0103. \u00cen calitate de organizatori ai propriilor noastre evenimente la nivel interna\u021bional de top, cunoa\u0219tem prea bine provoc\u0103rile pe care le aduc v\u00e2ntul, vremea \u0219i c\u0103ldura.    \n\nV\u0103 rug\u0103m s\u0103 nu ezita\u021bi s\u0103 ne contacta\u021bi.  <a href=\"https:\/\/pagodenzelt.at\/ro\/contactati-ne\/\" rel=\"noopener\" target=\"_blank\" style=\"color:red\">Contacta\u021bi-ne acum<\/a>\n<h3>PFEFFER SPORT &amp; EVENIMENTE<\/h3>\n\u00cempreun\u0103 cu compania noastr\u0103 de evenimente, organiz\u0103m \u00een fiecare an numeroase evenimente sportive de top \u00een Austria. O preocupare deosebit\u0103 este promovarea sporturilor marginale. De exemplu, am organizat un turneu al Ligii Europene de Footvolley, un turneu al Na\u021biunilor de BeachSoccer, un turneu invita\u021bional profesionist de Teqball \u0219i multe alte evenimente. Am recunoscut nevoia de acoperi\u0219uri sigure cu corturi pentru toate evenimentele \u0219i am dori acum s\u0103 oferim acest lucru \u0219i altor organizatori. Fie c\u0103 sunte\u021bi interesat de cump\u0103rare sau \u00eenchiriere, v\u0103 rug\u0103m s\u0103 ne contacta\u021bi.      <a href=\"https:\/\/pagodenzelt.at\/ro\/contactati-ne\/\" rel=\"noopener\" target=\"_blank\" style=\"color:red\">Consulta\u021bi acum<\/a>\t\t\t\t\t\t\t\t<\/div>\n\t\t\t\t<\/div>\n\t\t\t\t<\/div>\n\t\t<div class=\"elementor-element elementor-element-05f3fe0 e-con-full e-flex elementor-invisible e-con e-child\" data-id=\"05f3fe0\" data-element_type=\"container\" data-e-type=\"container\" data-settings=\"{&quot;animation&quot;:&quot;fadeInLeft&quot;}\">\n\t\t\t\t<div class=\"elementor-element elementor-element-fd07191 elementor-widget elementor-widget-image\" data-id=\"fd07191\" data-element_type=\"widget\" data-e-type=\"widget\" data-widget_type=\"image.default\">\n\t\t\t\t<div class=\"elementor-widget-container\">\n\t\t\t\t\t\t\t\t\t\t\t\t\t\t\t<img fetchpriority=\"high\" decoding=\"async\" width=\"677\" height=\"1024\" src=\"https:\/\/pagodenzelt.at\/wp-content\/uploads\/2023\/11\/WhatsApp-Image-2023-11-13-at-17.21.48-677x1024.jpeg\" class=\"attachment-large size-large wp-image-6103\" alt=\"\" srcset=\"https:\/\/pagodenzelt.at\/wp-content\/uploads\/2023\/11\/WhatsApp-Image-2023-11-13-at-17.21.48-677x1024.jpeg 677w, https:\/\/pagodenzelt.at\/wp-content\/uploads\/2023\/11\/WhatsApp-Image-2023-11-13-at-17.21.48-198x300.jpeg 198w, https:\/\/pagodenzelt.at\/wp-content\/uploads\/2023\/11\/WhatsApp-Image-2023-11-13-at-17.21.48-600x908.jpeg 600w, https:\/\/pagodenzelt.at\/wp-content\/uploads\/2023\/11\/WhatsApp-Image-2023-11-13-at-17.21.48.jpeg 714w\" sizes=\"(max-width: 677px) 100vw, 677px\" \/>\t\t\t\t\t\t\t\t\t\t\t\t\t\t\t<\/div>\n\t\t\t\t<\/div>\n\t\t\t\t<\/div>\n\t\t\t\t\t<\/div>\n\t\t\t\t<\/div>\n\t\t\t\t<\/div>\n\t\t","protected":false},"excerpt":{"rendered":"<p>MISIUNEA NOASTR\u0102 Ne pozi\u021bion\u0103m ca cel mai bun furnizor de corturi pagoda din Austria. Corturile noastre asigur\u0103 siguran\u021ba evenimentului dumneavoastr\u0103. \u00cen calitate de organizatori ai propriilor noastre evenimente la nivel interna\u021bional de top, cunoa\u0219tem prea bine provoc\u0103rile pe care le aduc v\u00e2ntul, vremea \u0219i c\u0103ldura. V\u0103 rug\u0103m s\u0103 nu ezita\u021bi s\u0103 ne contacta\u021bi. Contacta\u021bi-ne acum [&hellip;]<\/p>\n","protected":false},"author":1,"featured_media":0,"parent":0,"menu_order":0,"comment_status":"closed","ping_status":"closed","template":"","meta":{"om_disable_all_campaigns":false,"_monsterinsights_skip_tracking":false,"_monsterinsights_sitenote_active":false,"_monsterinsights_sitenote_note":"","_monsterinsights_sitenote_category":0,"site-sidebar-layout":"no-sidebar","site-content-layout":"page-builder","ast-site-content-layout":"full-width-container","site-content-style":"unboxed","site-sidebar-style":"unboxed","ast-global-header-display":"","ast-banner-title-visibility":"","ast-main-header-display":"","ast-hfb-above-header-display":"","ast-hfb-below-header-display":"","ast-hfb-mobile-header-display":"","site-post-title":"disabled","ast-breadcrumbs-content":"","ast-featured-img":"disabled","footer-sml-layout":"","ast-disable-related-posts":"","theme-transparent-header-meta":"","adv-header-id-meta":"","stick-header-meta":"","header-above-stick-meta":"","header-main-stick-meta":"","header-below-stick-meta":"","astra-migrate-meta-layouts":"default","ast-page-background-enabled":"default","ast-page-background-meta":{"desktop":{"background-color":"","background-image":"","background-repeat":"repeat","background-position":"center center","background-size":"auto","background-attachment":"scroll","background-type":"","background-media":"","overlay-type":"","overlay-color":"","overlay-opacity":"","overlay-gradient":""},"tablet":{"background-color":"","background-image":"","background-repeat":"repeat","background-position":"center center","background-size":"auto","background-attachment":"scroll","background-type":"","background-media":"","overlay-type":"","overlay-color":"","overlay-opacity":"","overlay-gradient":""},"mobile":{"background-color":"","background-image":"","background-repeat":"repeat","background-position":"center center","background-size":"auto","background-attachment":"scroll","background-type":"","background-media":"","overlay-type":"","overlay-color":"","overlay-opacity":"","overlay-gradient":""}},"ast-content-background-meta":{"desktop":{"background-color":"var(--ast-global-color-5)","background-image":"","background-repeat":"repeat","background-position":"center center","background-size":"auto","background-attachment":"scroll","background-type":"","background-media":"","overlay-type":"","overlay-color":"","overlay-opacity":"","overlay-gradient":""},"tablet":{"background-color":"var(--ast-global-color-5)","background-image":"","background-repeat":"repeat","background-position":"center center","background-size":"auto","background-attachment":"scroll","background-type":"","background-media":"","overlay-type":"","overlay-color":"","overlay-opacity":"","overlay-gradient":""},"mobile":{"background-color":"var(--ast-global-color-5)","background-image":"","background-repeat":"repeat","background-position":"center center","background-size":"auto","background-attachment":"scroll","background-type":"","background-media":"","overlay-type":"","overlay-color":"","overlay-opacity":"","overlay-gradient":""}},"footnotes":""},"class_list":["post-7151","page","type-page","status-publish","hentry"],"aioseo_notices":[],"_links":{"self":[{"href":"https:\/\/pagodenzelt.at\/ro\/wp-json\/wp\/v2\/pages\/7151"}],"collection":[{"href":"https:\/\/pagodenzelt.at\/ro\/wp-json\/wp\/v2\/pages"}],"about":[{"href":"https:\/\/pagodenzelt.at\/ro\/wp-json\/wp\/v2\/types\/page"}],"author":[{"embeddable":true,"href":"https:\/\/pagodenzelt.at\/ro\/wp-json\/wp\/v2\/users\/1"}],"replies":[{"embeddable":true,"href":"https:\/\/pagodenzelt.at\/ro\/wp-json\/wp\/v2\/comments?post=7151"}],"version-history":[{"count":3,"href":"https:\/\/pagodenzelt.at\/ro\/wp-json\/wp\/v2\/pages\/7151\/revisions"}],"predecessor-version":[{"id":7730,"href":"https:\/\/pagodenzelt.at\/ro\/wp-json\/wp\/v2\/pages\/7151\/revisions\/7730"}],"wp:attachment":[{"href":"https:\/\/pagodenzelt.at\/ro\/wp-json\/wp\/v2\/media?parent=7151"}],"curies":[{"name":"wp","href":"https:\/\/api.w.org\/{rel}","templated":true}]}}