{"id":6391,"date":"2023-11-16T23:47:04","date_gmt":"2023-11-16T23:47:04","guid":{"rendered":"https:\/\/pagodenzelt.at\/product\/cort-pagoda-5x5m\/"},"modified":"2025-04-17T08:31:08","modified_gmt":"2025-04-17T08:31:08","slug":"cort-pagoda-5x5m","status":"publish","type":"product","link":"https:\/\/pagodenzelt.at\/ro\/product\/cort-pagoda-5x5m\/","title":{"rendered":"Cort Pagoda 5X5m"},"content":{"rendered":"<p>Descoperi\u021bi cortul nostru versatil pagoda 5x5m &#8211; solu\u021bia ideal\u0103 pentru aproape orice ocazie! Acest cort impresioneaz\u0103 prin stabilitatea sa remarcabil\u0103, ceea ce \u00eenseamn\u0103 c\u0103 poate rezista elementelor \u0219i v\u0103 protejeaz\u0103 evenimentul \u00een mod fiabil. \u00cen plus, aspectul s\u0103u elegant ofer\u0103 evenimentului dvs. o atmosfer\u0103 sofisticat\u0103. Fie pentru pie\u021be, t\u00e2rguri, s\u0103rb\u0103tori sau alte scopuri, acest cort pagoda ofer\u0103 combina\u021bia perfect\u0103 de stil \u0219i rezisten\u021b\u0103. Profita\u021bi de ocazie \u0219i achizi\u021biona\u021bi ast\u0103zi acest cort pagoda 5x5m de prim\u0103 clas\u0103 pentru a v\u0103 duce evenimentele la nivelul urm\u0103tor!<\/p>\n","protected":false},"excerpt":{"rendered":"<p>Descoperi\u021bi cortul nostru versatil pagoda 5x5m &#8211; solu\u021bia ideal\u0103 pentru aproape orice ocazie! Acest cort impresioneaz\u0103 prin stabilitatea sa remarcabil\u0103, ceea ce \u00eenseamn\u0103 c\u0103 poate rezista elementelor \u0219i v\u0103 protejeaz\u0103 evenimentul \u00een mod fiabil. \u00cen plus, aspectul s\u0103u elegant ofer\u0103 evenimentului dvs. o atmosfer\u0103 sofisticat\u0103. Fie pentru pie\u021be, t\u00e2rguri, s\u0103rb\u0103tori sau alte scopuri, acest cort [&hellip;]<\/p>\n","protected":false},"featured_media":5707,"template":"","meta":{"om_disable_all_campaigns":false,"_monsterinsights_skip_tracking":false,"_monsterinsights_sitenote_active":false,"_monsterinsights_sitenote_note":"","_monsterinsights_sitenote_category":0,"site-sidebar-layout":"default","site-content-layout":"","ast-site-content-layout":"default","site-content-style":"default","site-sidebar-style":"default","ast-global-header-display":"","ast-banner-title-visibility":"","ast-main-header-display":"","ast-hfb-above-header-display":"","ast-hfb-below-header-display":"","ast-hfb-mobile-header-display":"","site-post-title":"","ast-breadcrumbs-content":"","ast-featured-img":"","footer-sml-layout":"","ast-disable-related-posts":"","theme-transparent-header-meta":"default","adv-header-id-meta":"","stick-header-meta":"","header-above-stick-meta":"","header-main-stick-meta":"","header-below-stick-meta":"","astra-migrate-meta-layouts":"default","ast-page-background-enabled":"default","ast-page-background-meta":{"desktop":{"background-color":"","background-image":"","background-repeat":"repeat","background-position":"center center","background-size":"auto","background-attachment":"scroll","background-type":"","background-media":"","overlay-type":"","overlay-color":"","overlay-opacity":"","overlay-gradient":""},"tablet":{"background-color":"","background-image":"","background-repeat":"repeat","background-position":"center center","background-size":"auto","background-attachment":"scroll","background-type":"","background-media":"","overlay-type":"","overlay-color":"","overlay-opacity":"","overlay-gradient":""},"mobile":{"background-color":"","background-image":"","background-repeat":"repeat","background-position":"center center","background-size":"auto","background-attachment":"scroll","background-type":"","background-media":"","overlay-type":"","overlay-color":"","overlay-opacity":"","overlay-gradient":""}},"ast-content-background-meta":{"desktop":{"background-color":"var(--ast-global-color-5)","background-image":"","background-repeat":"repeat","background-position":"center center","background-size":"auto","background-attachment":"scroll","background-type":"","background-media":"","overlay-type":"","overlay-color":"","overlay-opacity":"","overlay-gradient":""},"tablet":{"background-color":"var(--ast-global-color-5)","background-image":"","background-repeat":"repeat","background-position":"center center","background-size":"auto","background-attachment":"scroll","background-type":"","background-media":"","overlay-type":"","overlay-color":"","overlay-opacity":"","overlay-gradient":""},"mobile":{"background-color":"var(--ast-global-color-5)","background-image":"","background-repeat":"repeat","background-position":"center center","background-size":"auto","background-attachment":"scroll","background-type":"","background-media":"","overlay-type":"","overlay-color":"","overlay-opacity":"","overlay-gradient":""}}},"product_brand":[],"product_cat":[152],"product_tag":[153,154,155],"class_list":{"0":"post-6391","1":"product","2":"type-product","3":"status-publish","4":"has-post-thumbnail","6":"product_cat-cort-pagoda","7":"product_tag-pagoda-ro","8":"product_tag-pagodatent-ro","9":"product_tag-cort-pagoda","10":"desktop-align-left","11":"tablet-align-left","12":"mobile-align-left","14":"first","15":"instock","16":"featured","17":"shipping-taxable","18":"purchasable","19":"product-type-simple"},"aioseo_notices":[],"_links":{"self":[{"href":"https:\/\/pagodenzelt.at\/ro\/wp-json\/wp\/v2\/product\/6391"}],"collection":[{"href":"https:\/\/pagodenzelt.at\/ro\/wp-json\/wp\/v2\/product"}],"about":[{"href":"https:\/\/pagodenzelt.at\/ro\/wp-json\/wp\/v2\/types\/product"}],"version-history":[{"count":2,"href":"https:\/\/pagodenzelt.at\/ro\/wp-json\/wp\/v2\/product\/6391\/revisions"}],"predecessor-version":[{"id":7739,"href":"https:\/\/pagodenzelt.at\/ro\/wp-json\/wp\/v2\/product\/6391\/revisions\/7739"}],"wp:featuredmedia":[{"embeddable":true,"href":"https:\/\/pagodenzelt.at\/ro\/wp-json\/wp\/v2\/media\/5707"}],"wp:attachment":[{"href":"https:\/\/pagodenzelt.at\/ro\/wp-json\/wp\/v2\/media?parent=6391"}],"wp:term":[{"taxonomy":"product_brand","embeddable":true,"href":"https:\/\/pagodenzelt.at\/ro\/wp-json\/wp\/v2\/product_brand?post=6391"},{"taxonomy":"product_cat","embeddable":true,"href":"https:\/\/pagodenzelt.at\/ro\/wp-json\/wp\/v2\/product_cat?post=6391"},{"taxonomy":"product_tag","embeddable":true,"href":"https:\/\/pagodenzelt.at\/ro\/wp-json\/wp\/v2\/product_tag?post=6391"}],"curies":[{"name":"wp","href":"https:\/\/api.w.org\/{rel}","templated":true}]}}