{"id":7241,"date":"2023-12-11T20:27:45","date_gmt":"2023-12-11T20:27:45","guid":{"rendered":"https:\/\/pagodenzelt.at\/product\/cort-gonflabil-de-marca\/"},"modified":"2025-04-17T08:28:51","modified_gmt":"2025-04-17T08:28:51","slug":"cort-gonflabil-de-marca","status":"publish","type":"product","link":"https:\/\/pagodenzelt.at\/ro\/product\/cort-gonflabil-de-marca\/","title":{"rendered":"Cort gonflabil de marc\u0103"},"content":{"rendered":"<p>Cortul nostru pneumatic gonflabil este ideal ca suport publicitar u\u0219or pentru evenimentul dumneavoastr\u0103. Instalarea dureaz\u0103 doar c\u00e2teva minute \u0219i, \u00een func\u021bie de dimensiune, poate fi montat de una sau dou\u0103 persoane. Oferim numeroase suplimente pentru cortul nostru, cum ar fi copertine  <\/p>\n<p>Pentru a afla \u00een detaliu despre produs, v\u0103 rug\u0103m s\u0103 <a style=\"color: #d60404; font-size: 18px;\" href=\"https:\/\/pagodenzelt.at\/aufblasbares-zelt-gebrandet\/\">face\u021bi clic aici<\/a><\/p>\n","protected":false},"excerpt":{"rendered":"<p>Cortul nostru pneumatic gonflabil este ideal ca suport publicitar u\u0219or pentru evenimentul dumneavoastr\u0103. Instalarea dureaz\u0103 doar c\u00e2teva minute \u0219i, \u00een func\u021bie de dimensiune, poate fi montat de una sau dou\u0103 persoane. Oferim numeroase suplimente pentru cortul nostru, cum ar fi copertine  <\/p>\n<p>Pentru a afla \u00een detaliu despre produs, v\u0103 rug\u0103m s\u0103 <a style=\"color: #d60404; font-size: 18px;\" href=\"https:\/\/pagodenzelt.at\/aufblasbares-zelt-gebrandet\/\">face\u021bi clic aici<\/a><\/p>\n","protected":false},"featured_media":6301,"template":"","meta":{"om_disable_all_campaigns":false,"_monsterinsights_skip_tracking":false,"_monsterinsights_sitenote_active":false,"_monsterinsights_sitenote_note":"","_monsterinsights_sitenote_category":0,"site-sidebar-layout":"default","site-content-layout":"","ast-site-content-layout":"default","site-content-style":"default","site-sidebar-style":"default","ast-global-header-display":"","ast-banner-title-visibility":"","ast-main-header-display":"","ast-hfb-above-header-display":"","ast-hfb-below-header-display":"","ast-hfb-mobile-header-display":"","site-post-title":"","ast-breadcrumbs-content":"","ast-featured-img":"","footer-sml-layout":"","ast-disable-related-posts":"","theme-transparent-header-meta":"default","adv-header-id-meta":"","stick-header-meta":"","header-above-stick-meta":"","header-main-stick-meta":"","header-below-stick-meta":"","astra-migrate-meta-layouts":"default","ast-page-background-enabled":"default","ast-page-background-meta":{"desktop":{"background-color":"","background-image":"","background-repeat":"repeat","background-position":"center center","background-size":"auto","background-attachment":"scroll","background-type":"","background-media":"","overlay-type":"","overlay-color":"","overlay-opacity":"","overlay-gradient":""},"tablet":{"background-color":"","background-image":"","background-repeat":"repeat","background-position":"center center","background-size":"auto","background-attachment":"scroll","background-type":"","background-media":"","overlay-type":"","overlay-color":"","overlay-opacity":"","overlay-gradient":""},"mobile":{"background-color":"","background-image":"","background-repeat":"repeat","background-position":"center center","background-size":"auto","background-attachment":"scroll","background-type":"","background-media":"","overlay-type":"","overlay-color":"","overlay-opacity":"","overlay-gradient":""}},"ast-content-background-meta":{"desktop":{"background-color":"var(--ast-global-color-5)","background-image":"","background-repeat":"repeat","background-position":"center center","background-size":"auto","background-attachment":"scroll","background-type":"","background-media":"","overlay-type":"","overlay-color":"","overlay-opacity":"","overlay-gradient":""},"tablet":{"background-color":"var(--ast-global-color-5)","background-image":"","background-repeat":"repeat","background-position":"center center","background-size":"auto","background-attachment":"scroll","background-type":"","background-media":"","overlay-type":"","overlay-color":"","overlay-opacity":"","overlay-gradient":""},"mobile":{"background-color":"var(--ast-global-color-5)","background-image":"","background-repeat":"repeat","background-position":"center center","background-size":"auto","background-attachment":"scroll","background-type":"","background-media":"","overlay-type":"","overlay-color":"","overlay-opacity":"","overlay-gradient":""}}},"product_brand":[],"product_cat":[152],"product_tag":[154,155],"class_list":{"0":"post-7241","1":"product","2":"type-product","3":"status-publish","4":"has-post-thumbnail","6":"product_cat-cort-pagoda","7":"product_tag-pagodatent-ro","8":"product_tag-cort-pagoda","9":"desktop-align-left","10":"tablet-align-left","11":"mobile-align-left","13":"first","14":"instock","15":"shipping-taxable","16":"product-type-simple"},"aioseo_notices":[],"_links":{"self":[{"href":"https:\/\/pagodenzelt.at\/ro\/wp-json\/wp\/v2\/product\/7241"}],"collection":[{"href":"https:\/\/pagodenzelt.at\/ro\/wp-json\/wp\/v2\/product"}],"about":[{"href":"https:\/\/pagodenzelt.at\/ro\/wp-json\/wp\/v2\/types\/product"}],"version-history":[{"count":2,"href":"https:\/\/pagodenzelt.at\/ro\/wp-json\/wp\/v2\/product\/7241\/revisions"}],"predecessor-version":[{"id":7712,"href":"https:\/\/pagodenzelt.at\/ro\/wp-json\/wp\/v2\/product\/7241\/revisions\/7712"}],"wp:featuredmedia":[{"embeddable":true,"href":"https:\/\/pagodenzelt.at\/ro\/wp-json\/wp\/v2\/media\/6301"}],"wp:attachment":[{"href":"https:\/\/pagodenzelt.at\/ro\/wp-json\/wp\/v2\/media?parent=7241"}],"wp:term":[{"taxonomy":"product_brand","embeddable":true,"href":"https:\/\/pagodenzelt.at\/ro\/wp-json\/wp\/v2\/product_brand?post=7241"},{"taxonomy":"product_cat","embeddable":true,"href":"https:\/\/pagodenzelt.at\/ro\/wp-json\/wp\/v2\/product_cat?post=7241"},{"taxonomy":"product_tag","embeddable":true,"href":"https:\/\/pagodenzelt.at\/ro\/wp-json\/wp\/v2\/product_tag?post=7241"}],"curies":[{"name":"wp","href":"https:\/\/api.w.org\/{rel}","templated":true}]}}