{"id":7263,"date":"2023-12-11T20:30:43","date_gmt":"2023-12-11T20:30:43","guid":{"rendered":"https:\/\/pagodenzelt.at\/product\/cort-pagoda-5x5m-de-marca\/"},"modified":"2024-08-28T07:21:15","modified_gmt":"2024-08-28T07:21:15","slug":"cort-pagoda-5x5m-de-marca","status":"publish","type":"product","link":"https:\/\/pagodenzelt.at\/ro\/product\/cort-pagoda-5x5m-de-marca\/","title":{"rendered":"Cort Pagoda 5x5m de marc\u0103"},"content":{"rendered":"<p>Cortul nostru pagod\u0103 elegant este suportul publicitar perfect pentru brandul dvs. la evenimentele dvs.<br \/>\nAcoperi\u0219ul \u00eenalt \u00een form\u0103 de fronton face ca logo-ul dvs. s\u0103 fie recunoscut de la distan\u021b\u0103.<br \/>\nCaracteristicile versiunii standard a cortului pagoda sunt, desigur, toate p\u0103strate!<br \/>\nPentru a afla \u00een detaliu despre produs, v\u0103 rug\u0103m s\u0103 <a style=\"color: #d60404; font-size: 18px;\" href=\"https:\/\/pagodenzelt.at\/ro\/?page_id=6795\">face\u021bi clic aici<\/a> Pentru personalizarea acestui cort, v\u0103 rug\u0103m s\u0103 vizita\u021bi <a style=\"color: #d60404; font-size: 18px;\" href=\"https:\/\/pagodenzelt.at\/ro\/?page_id=6803\">aici<\/a><\/p>\n","protected":false},"excerpt":{"rendered":"<p>Cortul nostru pagod\u0103 elegant este suportul publicitar perfect pentru brandul dvs. la evenimentele dvs.<br \/>\nAcoperi\u0219ul \u00eenalt \u00een form\u0103 de fronton face ca logo-ul dvs. s\u0103 fie recunoscut de la distan\u021b\u0103.<br \/>\nCaracteristicile versiunii standard a cortului pagoda sunt, desigur, toate p\u0103strate!<br \/>\nPentru a afla \u00een detaliu despre produs, v\u0103 rug\u0103m s\u0103 <a style=\"color: #d60404; font-size: 18px;\" href=\"https:\/\/pagodenzelt.at\/pagodenzelt-5x5m-gebrandet\/\">face\u021bi clic aici<\/a> Pentru personalizarea acestui cort, v\u0103 rug\u0103m s\u0103 vizita\u021bi <a style=\"color: #d60404; font-size: 18px;\" href=\"https:\/\/pagodenzelt.at\/jetzt-konfigurieren\/\">aici<\/a>   <\/p>\n","protected":false},"featured_media":5242,"template":"","meta":{"om_disable_all_campaigns":false,"_monsterinsights_skip_tracking":false,"_monsterinsights_sitenote_active":false,"_monsterinsights_sitenote_note":"","_monsterinsights_sitenote_category":0,"site-sidebar-layout":"default","site-content-layout":"","ast-site-content-layout":"default","site-content-style":"default","site-sidebar-style":"default","ast-global-header-display":"","ast-banner-title-visibility":"","ast-main-header-display":"","ast-hfb-above-header-display":"","ast-hfb-below-header-display":"","ast-hfb-mobile-header-display":"","site-post-title":"","ast-breadcrumbs-content":"","ast-featured-img":"","footer-sml-layout":"","ast-disable-related-posts":"","theme-transparent-header-meta":"default","adv-header-id-meta":"","stick-header-meta":"","header-above-stick-meta":"","header-main-stick-meta":"","header-below-stick-meta":"","astra-migrate-meta-layouts":"default","ast-page-background-enabled":"default","ast-page-background-meta":{"desktop":{"background-color":"","background-image":"","background-repeat":"repeat","background-position":"center center","background-size":"auto","background-attachment":"scroll","background-type":"","background-media":"","overlay-type":"","overlay-color":"","overlay-opacity":"","overlay-gradient":""},"tablet":{"background-color":"","background-image":"","background-repeat":"repeat","background-position":"center center","background-size":"auto","background-attachment":"scroll","background-type":"","background-media":"","overlay-type":"","overlay-color":"","overlay-opacity":"","overlay-gradient":""},"mobile":{"background-color":"","background-image":"","background-repeat":"repeat","background-position":"center center","background-size":"auto","background-attachment":"scroll","background-type":"","background-media":"","overlay-type":"","overlay-color":"","overlay-opacity":"","overlay-gradient":""}},"ast-content-background-meta":{"desktop":{"background-color":"var(--ast-global-color-5)","background-image":"","background-repeat":"repeat","background-position":"center center","background-size":"auto","background-attachment":"scroll","background-type":"","background-media":"","overlay-type":"","overlay-color":"","overlay-opacity":"","overlay-gradient":""},"tablet":{"background-color":"var(--ast-global-color-5)","background-image":"","background-repeat":"repeat","background-position":"center center","background-size":"auto","background-attachment":"scroll","background-type":"","background-media":"","overlay-type":"","overlay-color":"","overlay-opacity":"","overlay-gradient":""},"mobile":{"background-color":"var(--ast-global-color-5)","background-image":"","background-repeat":"repeat","background-position":"center center","background-size":"auto","background-attachment":"scroll","background-type":"","background-media":"","overlay-type":"","overlay-color":"","overlay-opacity":"","overlay-gradient":""}}},"product_brand":[],"product_cat":[152],"product_tag":[155,170],"class_list":{"0":"post-7263","1":"product","2":"type-product","3":"status-publish","4":"has-post-thumbnail","6":"product_cat-cort-pagoda","7":"product_tag-cort-pagoda","8":"product_tag-corturi-pagoda","9":"desktop-align-left","10":"tablet-align-left","11":"mobile-align-left","13":"first","14":"instock","15":"shipping-taxable","16":"purchasable","17":"product-type-simple"},"aioseo_notices":[],"_links":{"self":[{"href":"https:\/\/pagodenzelt.at\/ro\/wp-json\/wp\/v2\/product\/7263"}],"collection":[{"href":"https:\/\/pagodenzelt.at\/ro\/wp-json\/wp\/v2\/product"}],"about":[{"href":"https:\/\/pagodenzelt.at\/ro\/wp-json\/wp\/v2\/types\/product"}],"version-history":[{"count":1,"href":"https:\/\/pagodenzelt.at\/ro\/wp-json\/wp\/v2\/product\/7263\/revisions"}],"predecessor-version":[{"id":7264,"href":"https:\/\/pagodenzelt.at\/ro\/wp-json\/wp\/v2\/product\/7263\/revisions\/7264"}],"wp:featuredmedia":[{"embeddable":true,"href":"https:\/\/pagodenzelt.at\/ro\/wp-json\/wp\/v2\/media\/5242"}],"wp:attachment":[{"href":"https:\/\/pagodenzelt.at\/ro\/wp-json\/wp\/v2\/media?parent=7263"}],"wp:term":[{"taxonomy":"product_brand","embeddable":true,"href":"https:\/\/pagodenzelt.at\/ro\/wp-json\/wp\/v2\/product_brand?post=7263"},{"taxonomy":"product_cat","embeddable":true,"href":"https:\/\/pagodenzelt.at\/ro\/wp-json\/wp\/v2\/product_cat?post=7263"},{"taxonomy":"product_tag","embeddable":true,"href":"https:\/\/pagodenzelt.at\/ro\/wp-json\/wp\/v2\/product_tag?post=7263"}],"curies":[{"name":"wp","href":"https:\/\/api.w.org\/{rel}","templated":true}]}}