{"id":6751,"date":"2023-12-11T20:05:58","date_gmt":"2023-12-11T20:05:58","guid":{"rendered":"https:\/\/pagodenzelt.at\/znackovy-nafukovaci-stan\/"},"modified":"2025-04-17T08:50:44","modified_gmt":"2025-04-17T08:50:44","slug":"znackovy-nafukovaci-stan","status":"publish","type":"page","link":"https:\/\/pagodenzelt.at\/sk\/znackovy-nafukovaci-stan\/","title":{"rendered":"Zna\u010dkov\u00fd nafukovac\u00ed stan"},"content":{"rendered":"\t\t<div data-elementor-type=\"wp-page\" data-elementor-id=\"6751\" class=\"elementor elementor-6751 elementor-5274\">\n\t\t\t\t<div class=\"elementor-element elementor-element-b22b73d e-flex e-con-boxed e-con e-parent\" data-id=\"b22b73d\" data-element_type=\"container\" data-e-type=\"container\">\n\t\t\t\t\t<div class=\"e-con-inner\">\n\t\t<div class=\"elementor-element elementor-element-f0aefd1 e-con-full e-flex e-con e-child\" data-id=\"f0aefd1\" data-element_type=\"container\" data-e-type=\"container\">\n\t\t\t\t<div class=\"elementor-element elementor-element-f53098a elementor-widget elementor-widget-image\" data-id=\"f53098a\" data-element_type=\"widget\" data-e-type=\"widget\" data-widget_type=\"image.default\">\n\t\t\t\t<div class=\"elementor-widget-container\">\n\t\t\t\t\t\t\t\t\t\t\t\t\t\t\t<img fetchpriority=\"high\" decoding=\"async\" width=\"1024\" height=\"634\" src=\"https:\/\/pagodenzelt.at\/wp-content\/uploads\/2023\/12\/WhatsApp-Image-2023-12-11-at-20.59.34-1024x634.jpeg\" class=\"attachment-large size-large wp-image-6303\" alt=\"\" srcset=\"https:\/\/pagodenzelt.at\/wp-content\/uploads\/2023\/12\/WhatsApp-Image-2023-12-11-at-20.59.34-1024x634.jpeg 1024w, https:\/\/pagodenzelt.at\/wp-content\/uploads\/2023\/12\/WhatsApp-Image-2023-12-11-at-20.59.34-300x186.jpeg 300w, https:\/\/pagodenzelt.at\/wp-content\/uploads\/2023\/12\/WhatsApp-Image-2023-12-11-at-20.59.34-768x476.jpeg 768w, https:\/\/pagodenzelt.at\/wp-content\/uploads\/2023\/12\/WhatsApp-Image-2023-12-11-at-20.59.34-600x372.jpeg 600w, https:\/\/pagodenzelt.at\/wp-content\/uploads\/2023\/12\/WhatsApp-Image-2023-12-11-at-20.59.34.jpeg 1080w\" sizes=\"(max-width: 1024px) 100vw, 1024px\" \/>\t\t\t\t\t\t\t\t\t\t\t\t\t\t\t<\/div>\n\t\t\t\t<\/div>\n\t\t\t\t<div class=\"elementor-element elementor-element-e7a2433 elementor-widget elementor-widget-image\" data-id=\"e7a2433\" data-element_type=\"widget\" data-e-type=\"widget\" data-widget_type=\"image.default\">\n\t\t\t\t<div class=\"elementor-widget-container\">\n\t\t\t\t\t\t\t\t\t\t\t\t\t\t\t<img decoding=\"async\" width=\"1000\" height=\"1000\" src=\"https:\/\/pagodenzelt.at\/wp-content\/uploads\/2023\/12\/WhatsApp-Image-2023-12-11-at-20.33.44.jpeg\" class=\"attachment-large size-large wp-image-6259\" alt=\"\" srcset=\"https:\/\/pagodenzelt.at\/wp-content\/uploads\/2023\/12\/WhatsApp-Image-2023-12-11-at-20.33.44.jpeg 1000w, https:\/\/pagodenzelt.at\/wp-content\/uploads\/2023\/12\/WhatsApp-Image-2023-12-11-at-20.33.44-300x300.jpeg 300w, https:\/\/pagodenzelt.at\/wp-content\/uploads\/2023\/12\/WhatsApp-Image-2023-12-11-at-20.33.44-150x150.jpeg 150w, https:\/\/pagodenzelt.at\/wp-content\/uploads\/2023\/12\/WhatsApp-Image-2023-12-11-at-20.33.44-768x768.jpeg 768w, https:\/\/pagodenzelt.at\/wp-content\/uploads\/2023\/12\/WhatsApp-Image-2023-12-11-at-20.33.44-600x600.jpeg 600w, https:\/\/pagodenzelt.at\/wp-content\/uploads\/2023\/12\/WhatsApp-Image-2023-12-11-at-20.33.44-100x100.jpeg 100w\" sizes=\"(max-width: 1000px) 100vw, 1000px\" \/>\t\t\t\t\t\t\t\t\t\t\t\t\t\t\t<\/div>\n\t\t\t\t<\/div>\n\t\t\t\t<div class=\"elementor-element elementor-element-35e588a elementor-widget elementor-widget-image\" data-id=\"35e588a\" data-element_type=\"widget\" data-e-type=\"widget\" data-widget_type=\"image.default\">\n\t\t\t\t<div class=\"elementor-widget-container\">\n\t\t\t\t\t\t\t\t\t\t\t\t\t\t\t<img decoding=\"async\" width=\"1000\" height=\"1000\" src=\"https:\/\/pagodenzelt.at\/wp-content\/uploads\/2023\/12\/WhatsApp-Image-2023-12-11-at-20.33.44-1.jpeg\" class=\"attachment-large size-large wp-image-6248\" alt=\"\" srcset=\"https:\/\/pagodenzelt.at\/wp-content\/uploads\/2023\/12\/WhatsApp-Image-2023-12-11-at-20.33.44-1.jpeg 1000w, https:\/\/pagodenzelt.at\/wp-content\/uploads\/2023\/12\/WhatsApp-Image-2023-12-11-at-20.33.44-1-300x300.jpeg 300w, https:\/\/pagodenzelt.at\/wp-content\/uploads\/2023\/12\/WhatsApp-Image-2023-12-11-at-20.33.44-1-150x150.jpeg 150w, https:\/\/pagodenzelt.at\/wp-content\/uploads\/2023\/12\/WhatsApp-Image-2023-12-11-at-20.33.44-1-768x768.jpeg 768w, https:\/\/pagodenzelt.at\/wp-content\/uploads\/2023\/12\/WhatsApp-Image-2023-12-11-at-20.33.44-1-600x600.jpeg 600w, https:\/\/pagodenzelt.at\/wp-content\/uploads\/2023\/12\/WhatsApp-Image-2023-12-11-at-20.33.44-1-100x100.jpeg 100w\" sizes=\"(max-width: 1000px) 100vw, 1000px\" \/>\t\t\t\t\t\t\t\t\t\t\t\t\t\t\t<\/div>\n\t\t\t\t<\/div>\n\t\t\t\t<\/div>\n\t\t<div class=\"elementor-element elementor-element-56a3c62 e-con-full e-flex e-con e-child\" data-id=\"56a3c62\" data-element_type=\"container\" data-e-type=\"container\">\n\t\t\t\t<div class=\"elementor-element elementor-element-5ee69d9 elementor-widget elementor-widget-text-editor\" data-id=\"5ee69d9\" data-element_type=\"widget\" data-e-type=\"widget\" data-widget_type=\"text-editor.default\">\n\t\t\t\t<div class=\"elementor-widget-container\">\n\t\t\t\t\t\t\t\t\t<p>Pagodenzelt.at<\/p>\n<h1 style=\"color: #d60404;\">Zna\u010dkov\u00fd nafukovac\u00ed stan<\/h1>\n<h5>od 2500 EUR<\/h5>\n<h5>vr\u00e1tane DPH. <\/h5>\n<p>N\u00e1\u0161 pneumaticky nafukovac\u00ed stan je ide\u00e1lny ako \u013eahk\u00fd<br \/>reklamn\u00fd prostriedok pre va\u0161e podujatie. Jeho postavenie trv\u00e1 len nieko\u013eko min\u00fat<br \/>a v z\u00e1vislosti od ve\u013ekosti ho dok\u00e1\u017ee postavi\u0165 jedna alebo dve osoby.<br \/>K n\u00e1\u0161mu stanu pon\u00fakame mno\u017estvo doplnkov, napr\u00edklad pr\u00edstre\u0161ky. <\/p>\n\t\t\t\t\t\t\t\t<\/div>\n\t\t\t\t<\/div>\n\t\t\t\t<div class=\"elementor-element elementor-element-efe361f elementor-align-center elementor-widget elementor-widget-button\" data-id=\"efe361f\" data-element_type=\"widget\" data-e-type=\"widget\" data-widget_type=\"button.default\">\n\t\t\t\t<div class=\"elementor-widget-container\">\n\t\t\t\t\t\t\t\t\t<div class=\"elementor-button-wrapper\">\n\t\t\t\t\t<a class=\"elementor-button elementor-button-link elementor-size-lg\" href=\"https:\/\/pagodenzelt.at\/sk\/konfigurujte-teraz\/\">\n\t\t\t\t\t\t<span class=\"elementor-button-content-wrapper\">\n\t\t\t\t\t\t\t\t\t<span class=\"elementor-button-text\">Konfigurujte teraz<\/span>\n\t\t\t\t\t<\/span>\n\t\t\t\t\t<\/a>\n\t\t\t\t<\/div>\n\t\t\t\t\t\t\t\t<\/div>\n\t\t\t\t<\/div>\n\t\t\t\t<div class=\"elementor-element elementor-element-60ec167 elementor-widget elementor-widget-toggle\" data-id=\"60ec167\" data-element_type=\"widget\" data-e-type=\"widget\" data-widget_type=\"toggle.default\">\n\t\t\t\t<div class=\"elementor-widget-container\">\n\t\t\t\t\t\t\t<div class=\"elementor-toggle\">\n\t\t\t\t\t\t\t<div class=\"elementor-toggle-item\">\n\t\t\t\t\t<div id=\"elementor-tab-title-1011\" class=\"elementor-tab-title\" data-tab=\"1\" role=\"button\" aria-controls=\"elementor-tab-content-1011\" aria-expanded=\"false\">\n\t\t\t\t\t\t\t\t\t\t\t\t<span class=\"elementor-toggle-icon elementor-toggle-icon-left\" aria-hidden=\"true\">\n\t\t\t\t\t\t\t\t\t\t\t\t\t\t\t<span class=\"elementor-toggle-icon-closed\"><svg class=\"e-font-icon-svg e-fas-caret-right\" viewBox=\"0 0 192 512\" xmlns=\"http:\/\/www.w3.org\/2000\/svg\"><path d=\"M0 384.662V127.338c0-17.818 21.543-26.741 34.142-14.142l128.662 128.662c7.81 7.81 7.81 20.474 0 28.284L34.142 398.804C21.543 411.404 0 402.48 0 384.662z\"><\/path><\/svg><\/span>\n\t\t\t\t\t\t\t\t<span class=\"elementor-toggle-icon-opened\"><svg class=\"elementor-toggle-icon-opened e-font-icon-svg e-fas-caret-up\" viewBox=\"0 0 320 512\" xmlns=\"http:\/\/www.w3.org\/2000\/svg\"><path d=\"M288.662 352H31.338c-17.818 0-26.741-21.543-14.142-34.142l128.662-128.662c7.81-7.81 20.474-7.81 28.284 0l128.662 128.662c12.6 12.599 3.676 34.142-14.142 34.142z\"><\/path><\/svg><\/span>\n\t\t\t\t\t\t\t\t\t\t\t\t\t<\/span>\n\t\t\t\t\t\t\t\t\t\t\t\t<a class=\"elementor-toggle-title\" tabindex=\"0\">Rozsah dod\u00e1vky<\/a>\n\t\t\t\t\t<\/div>\n\n\t\t\t\t\t<div id=\"elementor-tab-content-1011\" class=\"elementor-tab-content elementor-clearfix\" data-tab=\"1\" role=\"region\" aria-labelledby=\"elementor-tab-title-1011\"><p><span style=\"color:#d60404;\">\u017diadne<\/span> skryt\u00e9 n\u00e1klady &#8211; u n\u00e1s dostanete pneumatick\u00fd stan<br \/>\nvr\u00e1tane <span style=\"color:#d60404;\">v\u0161etk\u00fdch<\/span> potrebn\u00fdch <span style=\"color:#d60404;\">komponentov<\/span> na prev\u00e1dzku. Na<br \/>\nsa m\u00f4\u017eete informova\u0165 aj o mnoh\u00fdch \u010fal\u0161\u00edch mo\u017enostiach vybavenia. <\/p>\n<p>Rozsah dod\u00e1vky:<\/p>\n<ul>\n<li>Pneumatick\u00fd stan v po\u017eadovanej ve\u013ekosti<\/li>\n<li>Prepravn\u00e1 ta\u0161ka<\/li>\n<li>Stanov\u00e1 pumpa<\/li>\n<li>4x vrecia s pieskom na zabezpe\u010denie stanu<\/li>\n<\/ul>\n<\/div>\n\t\t\t\t<\/div>\n\t\t\t\t\t\t\t<div class=\"elementor-toggle-item\">\n\t\t\t\t\t<div id=\"elementor-tab-title-1012\" class=\"elementor-tab-title\" data-tab=\"2\" role=\"button\" aria-controls=\"elementor-tab-content-1012\" aria-expanded=\"false\">\n\t\t\t\t\t\t\t\t\t\t\t\t<span class=\"elementor-toggle-icon elementor-toggle-icon-left\" aria-hidden=\"true\">\n\t\t\t\t\t\t\t\t\t\t\t\t\t\t\t<span class=\"elementor-toggle-icon-closed\"><svg class=\"e-font-icon-svg e-fas-caret-right\" viewBox=\"0 0 192 512\" xmlns=\"http:\/\/www.w3.org\/2000\/svg\"><path d=\"M0 384.662V127.338c0-17.818 21.543-26.741 34.142-14.142l128.662 128.662c7.81 7.81 7.81 20.474 0 28.284L34.142 398.804C21.543 411.404 0 402.48 0 384.662z\"><\/path><\/svg><\/span>\n\t\t\t\t\t\t\t\t<span class=\"elementor-toggle-icon-opened\"><svg class=\"elementor-toggle-icon-opened e-font-icon-svg e-fas-caret-up\" viewBox=\"0 0 320 512\" xmlns=\"http:\/\/www.w3.org\/2000\/svg\"><path d=\"M288.662 352H31.338c-17.818 0-26.741-21.543-14.142-34.142l128.662-128.662c7.81-7.81 20.474-7.81 28.284 0l128.662 128.662c12.6 12.599 3.676 34.142-14.142 34.142z\"><\/path><\/svg><\/span>\n\t\t\t\t\t\t\t\t\t\t\t\t\t<\/span>\n\t\t\t\t\t\t\t\t\t\t\t\t<a class=\"elementor-toggle-title\" tabindex=\"0\">Mo\u017enosti vybavenia<\/a>\n\t\t\t\t\t<\/div>\n\n\t\t\t\t\t<div id=\"elementor-tab-content-1012\" class=\"elementor-tab-content elementor-clearfix\" data-tab=\"2\" role=\"region\" aria-labelledby=\"elementor-tab-title-1012\"><p>N\u00e1\u0161 stan pon\u00faka mno\u017estvo mo\u017enost\u00ed vybavenia pre dokonal\u00fa prezent\u00e1ciu va\u0161ej zna\u010dky!<\/p>\n<ul>\n<li>Bo\u010dn\u00e9 steny<\/li>\n<li>Bo\u010dn\u00e9 panely s oknom<\/li>\n<li>Strie\u0161ka stanu<\/li>\n<li>\u010eal\u0161ie vrecia s pieskom \/ bezpe\u010dnostn\u00e9 prvky<\/li>\n<\/ul>\n<\/div>\n\t\t\t\t<\/div>\n\t\t\t\t\t\t\t<div class=\"elementor-toggle-item\">\n\t\t\t\t\t<div id=\"elementor-tab-title-1013\" class=\"elementor-tab-title\" data-tab=\"3\" role=\"button\" aria-controls=\"elementor-tab-content-1013\" aria-expanded=\"false\">\n\t\t\t\t\t\t\t\t\t\t\t\t<span class=\"elementor-toggle-icon elementor-toggle-icon-left\" aria-hidden=\"true\">\n\t\t\t\t\t\t\t\t\t\t\t\t\t\t\t<span class=\"elementor-toggle-icon-closed\"><svg class=\"e-font-icon-svg e-fas-caret-right\" viewBox=\"0 0 192 512\" xmlns=\"http:\/\/www.w3.org\/2000\/svg\"><path d=\"M0 384.662V127.338c0-17.818 21.543-26.741 34.142-14.142l128.662 128.662c7.81 7.81 7.81 20.474 0 28.284L34.142 398.804C21.543 411.404 0 402.48 0 384.662z\"><\/path><\/svg><\/span>\n\t\t\t\t\t\t\t\t<span class=\"elementor-toggle-icon-opened\"><svg class=\"elementor-toggle-icon-opened e-font-icon-svg e-fas-caret-up\" viewBox=\"0 0 320 512\" xmlns=\"http:\/\/www.w3.org\/2000\/svg\"><path d=\"M288.662 352H31.338c-17.818 0-26.741-21.543-14.142-34.142l128.662-128.662c7.81-7.81 20.474-7.81 28.284 0l128.662 128.662c12.6 12.599 3.676 34.142-14.142 34.142z\"><\/path><\/svg><\/span>\n\t\t\t\t\t\t\t\t\t\t\t\t\t<\/span>\n\t\t\t\t\t\t\t\t\t\t\t\t<a class=\"elementor-toggle-title\" tabindex=\"0\">Technick\u00e9 \u00fadaje<\/a>\n\t\t\t\t\t<\/div>\n\n\t\t\t\t\t<div id=\"elementor-tab-content-1013\" class=\"elementor-tab-content elementor-clearfix\" data-tab=\"3\" role=\"region\" aria-labelledby=\"elementor-tab-title-1013\"><p>Materi\u00e1l: Termoplastick\u00fd polyuret\u00e1n, vysok\u00e1 odolnos\u0165 proti roztrhnutiu Prev\u00e1dzka: Bez priebe\u017en\u00e9ho d\u00fachadla Hmotnos\u0165: 10 kg pre 3&#215;3 m, 15 kg pre 4&#215;4 m<\/p>\n<\/div>\n\t\t\t\t<\/div>\n\t\t\t\t\t\t\t<div class=\"elementor-toggle-item\">\n\t\t\t\t\t<div id=\"elementor-tab-title-1014\" class=\"elementor-tab-title\" data-tab=\"4\" role=\"button\" aria-controls=\"elementor-tab-content-1014\" aria-expanded=\"false\">\n\t\t\t\t\t\t\t\t\t\t\t\t<span class=\"elementor-toggle-icon elementor-toggle-icon-left\" aria-hidden=\"true\">\n\t\t\t\t\t\t\t\t\t\t\t\t\t\t\t<span class=\"elementor-toggle-icon-closed\"><svg class=\"e-font-icon-svg e-fas-caret-right\" viewBox=\"0 0 192 512\" xmlns=\"http:\/\/www.w3.org\/2000\/svg\"><path d=\"M0 384.662V127.338c0-17.818 21.543-26.741 34.142-14.142l128.662 128.662c7.81 7.81 7.81 20.474 0 28.284L34.142 398.804C21.543 411.404 0 402.48 0 384.662z\"><\/path><\/svg><\/span>\n\t\t\t\t\t\t\t\t<span class=\"elementor-toggle-icon-opened\"><svg class=\"elementor-toggle-icon-opened e-font-icon-svg e-fas-caret-up\" viewBox=\"0 0 320 512\" xmlns=\"http:\/\/www.w3.org\/2000\/svg\"><path d=\"M288.662 352H31.338c-17.818 0-26.741-21.543-14.142-34.142l128.662-128.662c7.81-7.81 20.474-7.81 28.284 0l128.662 128.662c12.6 12.599 3.676 34.142-14.142 34.142z\"><\/path><\/svg><\/span>\n\t\t\t\t\t\t\t\t\t\t\t\t\t<\/span>\n\t\t\t\t\t\t\t\t\t\t\t\t<a class=\"elementor-toggle-title\" tabindex=\"0\">Preprava<\/a>\n\t\t\t\t\t<\/div>\n\n\t\t\t\t\t<div id=\"elementor-tab-content-1014\" class=\"elementor-tab-content elementor-clearfix\" data-tab=\"4\" role=\"region\" aria-labelledby=\"elementor-tab-title-1014\"><p>Pneumatick\u00fd stan je prisp\u00f4soben\u00fd pre<br \/>. O aktu\u00e1lnom \u010dase exped\u00edcie sa informujte na<br \/>. Kontaktujte n\u00e1s  <\/p>\n<\/div>\n\t\t\t\t<\/div>\n\t\t\t\t\t\t\t<div class=\"elementor-toggle-item\">\n\t\t\t\t\t<div id=\"elementor-tab-title-1015\" class=\"elementor-tab-title\" data-tab=\"5\" role=\"button\" aria-controls=\"elementor-tab-content-1015\" aria-expanded=\"false\">\n\t\t\t\t\t\t\t\t\t\t\t\t<span class=\"elementor-toggle-icon elementor-toggle-icon-left\" aria-hidden=\"true\">\n\t\t\t\t\t\t\t\t\t\t\t\t\t\t\t<span class=\"elementor-toggle-icon-closed\"><svg class=\"e-font-icon-svg e-fas-caret-right\" viewBox=\"0 0 192 512\" xmlns=\"http:\/\/www.w3.org\/2000\/svg\"><path d=\"M0 384.662V127.338c0-17.818 21.543-26.741 34.142-14.142l128.662 128.662c7.81 7.81 7.81 20.474 0 28.284L34.142 398.804C21.543 411.404 0 402.48 0 384.662z\"><\/path><\/svg><\/span>\n\t\t\t\t\t\t\t\t<span class=\"elementor-toggle-icon-opened\"><svg class=\"elementor-toggle-icon-opened e-font-icon-svg e-fas-caret-up\" viewBox=\"0 0 320 512\" xmlns=\"http:\/\/www.w3.org\/2000\/svg\"><path d=\"M288.662 352H31.338c-17.818 0-26.741-21.543-14.142-34.142l128.662-128.662c7.81-7.81 20.474-7.81 28.284 0l128.662 128.662c12.6 12.599 3.676 34.142-14.142 34.142z\"><\/path><\/svg><\/span>\n\t\t\t\t\t\t\t\t\t\t\t\t\t<\/span>\n\t\t\t\t\t\t\t\t\t\t\t\t<a class=\"elementor-toggle-title\" tabindex=\"0\">Bezpe\u010dnostn\u00e9 pokyny<\/a>\n\t\t\t\t\t<\/div>\n\n\t\t\t\t\t<div id=\"elementor-tab-content-1015\" class=\"elementor-tab-content elementor-clearfix\" data-tab=\"5\" role=\"region\" aria-labelledby=\"elementor-tab-title-1015\"><ul>\n<li>Pneumatick\u00fd stan sa mus\u00ed demontova\u0165 v pr\u00edpade<br \/>\nsiln\u00e9ho vetra alebo b\u00farky<br \/>\n.<\/li>\n<li>Pneumatick\u00fd stan nie je vhodn\u00fd na<br \/>\ntrval\u00e9 vonkaj\u0161ie pou\u017eitie<\/li>\n<li>Pneumatick\u00fd stan nie je testovan\u00fd na za\u0165a\u017eenie vetrom a snehom\n<\/li>\n<\/ul>\n<p>-&gt; Stany na pou\u017eitie aj v nepriazniv\u00fdch poveternostn\u00fdch podmienkach<br \/>\n<br \/>Podmienky: <a href=\"https:\/\/pagodenzelt.at\/sk\/nase-stany-pagoda\/\" style=\"color:#d60404;\">Na\u0161e stany pagoda<\/a><\/p>\n<\/div>\n\t\t\t\t<\/div>\n\t\t\t\t\t\t\t\t<\/div>\n\t\t\t\t\t\t<\/div>\n\t\t\t\t<\/div>\n\t\t\t\t<\/div>\n\t\t\t\t\t<\/div>\n\t\t\t\t<\/div>\n\t\t\t\t<\/div>\n\t\t","protected":false},"excerpt":{"rendered":"<p>Pagodenzelt.at Zna\u010dkov\u00fd nafukovac\u00ed stan od 2500 EUR vr\u00e1tane DPH. N\u00e1\u0161 pneumaticky nafukovac\u00ed stan je ide\u00e1lny ako \u013eahk\u00fdreklamn\u00fd prostriedok pre va\u0161e podujatie. Jeho postavenie trv\u00e1 len nieko\u013eko min\u00fata v z\u00e1vislosti od ve\u013ekosti ho dok\u00e1\u017ee postavi\u0165 jedna alebo dve osoby.K n\u00e1\u0161mu stanu pon\u00fakame mno\u017estvo doplnkov, napr\u00edklad pr\u00edstre\u0161ky. Konfigurujte teraz Rozsah dod\u00e1vky \u017diadne skryt\u00e9 n\u00e1klady &#8211; u n\u00e1s [&hellip;]<\/p>\n","protected":false},"author":1,"featured_media":0,"parent":0,"menu_order":0,"comment_status":"closed","ping_status":"closed","template":"","meta":{"om_disable_all_campaigns":false,"_monsterinsights_skip_tracking":false,"_monsterinsights_sitenote_active":false,"_monsterinsights_sitenote_note":"","_monsterinsights_sitenote_category":0,"site-sidebar-layout":"no-sidebar","site-content-layout":"page-builder","ast-site-content-layout":"full-width-container","site-content-style":"default","site-sidebar-style":"default","ast-global-header-display":"","ast-banner-title-visibility":"","ast-main-header-display":"","ast-hfb-above-header-display":"","ast-hfb-below-header-display":"","ast-hfb-mobile-header-display":"","site-post-title":"disabled","ast-breadcrumbs-content":"","ast-featured-img":"disabled","footer-sml-layout":"","ast-disable-related-posts":"","theme-transparent-header-meta":"","adv-header-id-meta":"","stick-header-meta":"","header-above-stick-meta":"","header-main-stick-meta":"","header-below-stick-meta":"","astra-migrate-meta-layouts":"default","ast-page-background-enabled":"default","ast-page-background-meta":{"desktop":{"background-color":"","background-image":"","background-repeat":"repeat","background-position":"center center","background-size":"auto","background-attachment":"scroll","background-type":"","background-media":"","overlay-type":"","overlay-color":"","overlay-opacity":"","overlay-gradient":""},"tablet":{"background-color":"","background-image":"","background-repeat":"repeat","background-position":"center center","background-size":"auto","background-attachment":"scroll","background-type":"","background-media":"","overlay-type":"","overlay-color":"","overlay-opacity":"","overlay-gradient":""},"mobile":{"background-color":"","background-image":"","background-repeat":"repeat","background-position":"center center","background-size":"auto","background-attachment":"scroll","background-type":"","background-media":"","overlay-type":"","overlay-color":"","overlay-opacity":"","overlay-gradient":""}},"ast-content-background-meta":{"desktop":{"background-color":"var(--ast-global-color-5)","background-image":"","background-repeat":"repeat","background-position":"center center","background-size":"auto","background-attachment":"scroll","background-type":"","background-media":"","overlay-type":"","overlay-color":"","overlay-opacity":"","overlay-gradient":""},"tablet":{"background-color":"var(--ast-global-color-5)","background-image":"","background-repeat":"repeat","background-position":"center center","background-size":"auto","background-attachment":"scroll","background-type":"","background-media":"","overlay-type":"","overlay-color":"","overlay-opacity":"","overlay-gradient":""},"mobile":{"background-color":"var(--ast-global-color-5)","background-image":"","background-repeat":"repeat","background-position":"center center","background-size":"auto","background-attachment":"scroll","background-type":"","background-media":"","overlay-type":"","overlay-color":"","overlay-opacity":"","overlay-gradient":""}},"footnotes":""},"class_list":["post-6751","page","type-page","status-publish","hentry"],"aioseo_notices":[],"_links":{"self":[{"href":"https:\/\/pagodenzelt.at\/sk\/wp-json\/wp\/v2\/pages\/6751"}],"collection":[{"href":"https:\/\/pagodenzelt.at\/sk\/wp-json\/wp\/v2\/pages"}],"about":[{"href":"https:\/\/pagodenzelt.at\/sk\/wp-json\/wp\/v2\/types\/page"}],"author":[{"embeddable":true,"href":"https:\/\/pagodenzelt.at\/sk\/wp-json\/wp\/v2\/users\/1"}],"replies":[{"embeddable":true,"href":"https:\/\/pagodenzelt.at\/sk\/wp-json\/wp\/v2\/comments?post=6751"}],"version-history":[{"count":4,"href":"https:\/\/pagodenzelt.at\/sk\/wp-json\/wp\/v2\/pages\/6751\/revisions"}],"predecessor-version":[{"id":7788,"href":"https:\/\/pagodenzelt.at\/sk\/wp-json\/wp\/v2\/pages\/6751\/revisions\/7788"}],"wp:attachment":[{"href":"https:\/\/pagodenzelt.at\/sk\/wp-json\/wp\/v2\/media?parent=6751"}],"curies":[{"name":"wp","href":"https:\/\/api.w.org\/{rel}","templated":true}]}}