{"id":6789,"date":"2023-12-11T19:42:03","date_gmt":"2023-12-11T19:42:03","guid":{"rendered":"https:\/\/pagodenzelt.at\/stan-pagoda-5x5-m-znackovy\/"},"modified":"2025-04-17T08:52:01","modified_gmt":"2025-04-17T08:52:01","slug":"stan-pagoda-5x5-m-znackovy","status":"publish","type":"page","link":"https:\/\/pagodenzelt.at\/sk\/stan-pagoda-5x5-m-znackovy\/","title":{"rendered":"Stan Pagoda 5&#215;5 m zna\u010dkov\u00fd"},"content":{"rendered":"\t\t<div data-elementor-type=\"wp-page\" data-elementor-id=\"6789\" class=\"elementor elementor-6789 elementor-5238\">\n\t\t\t\t<div class=\"elementor-element elementor-element-d15ef05 e-flex e-con-boxed e-con e-parent\" data-id=\"d15ef05\" data-element_type=\"container\" data-e-type=\"container\">\n\t\t\t\t\t<div class=\"e-con-inner\">\n\t\t<div class=\"elementor-element elementor-element-b0dc4b5 e-con-full e-flex e-con e-child\" data-id=\"b0dc4b5\" data-element_type=\"container\" data-e-type=\"container\">\n\t\t\t\t<div class=\"elementor-element elementor-element-d8a9fde elementor-widget elementor-widget-image\" data-id=\"d8a9fde\" data-element_type=\"widget\" data-e-type=\"widget\" data-widget_type=\"image.default\">\n\t\t\t\t<div class=\"elementor-widget-container\">\n\t\t\t\t\t\t\t\t\t\t\t\t\t\t\t<img fetchpriority=\"high\" decoding=\"async\" width=\"1024\" height=\"614\" src=\"https:\/\/pagodenzelt.at\/wp-content\/uploads\/2023\/12\/WhatsApp-Image-2023-12-11-at-20.34.52-1-1024x614.jpeg\" class=\"attachment-large size-large wp-image-6270\" alt=\"\" srcset=\"https:\/\/pagodenzelt.at\/wp-content\/uploads\/2023\/12\/WhatsApp-Image-2023-12-11-at-20.34.52-1-1024x614.jpeg 1024w, https:\/\/pagodenzelt.at\/wp-content\/uploads\/2023\/12\/WhatsApp-Image-2023-12-11-at-20.34.52-1-300x180.jpeg 300w, https:\/\/pagodenzelt.at\/wp-content\/uploads\/2023\/12\/WhatsApp-Image-2023-12-11-at-20.34.52-1-768x461.jpeg 768w, https:\/\/pagodenzelt.at\/wp-content\/uploads\/2023\/12\/WhatsApp-Image-2023-12-11-at-20.34.52-1-600x360.jpeg 600w, https:\/\/pagodenzelt.at\/wp-content\/uploads\/2023\/12\/WhatsApp-Image-2023-12-11-at-20.34.52-1.jpeg 1080w\" sizes=\"(max-width: 1024px) 100vw, 1024px\" \/>\t\t\t\t\t\t\t\t\t\t\t\t\t\t\t<\/div>\n\t\t\t\t<\/div>\n\t\t\t\t<div class=\"elementor-element elementor-element-e7c6650 elementor-widget elementor-widget-image\" data-id=\"e7c6650\" data-element_type=\"widget\" data-e-type=\"widget\" data-widget_type=\"image.default\">\n\t\t\t\t<div class=\"elementor-widget-container\">\n\t\t\t\t\t\t\t\t\t\t\t\t\t\t\t<img decoding=\"async\" width=\"1024\" height=\"614\" src=\"https:\/\/pagodenzelt.at\/wp-content\/uploads\/2023\/12\/WhatsApp-Image-2023-12-11-at-20.34.52-1024x614.jpeg\" class=\"attachment-large size-large wp-image-6281\" alt=\"\" srcset=\"https:\/\/pagodenzelt.at\/wp-content\/uploads\/2023\/12\/WhatsApp-Image-2023-12-11-at-20.34.52-1024x614.jpeg 1024w, https:\/\/pagodenzelt.at\/wp-content\/uploads\/2023\/12\/WhatsApp-Image-2023-12-11-at-20.34.52-300x180.jpeg 300w, https:\/\/pagodenzelt.at\/wp-content\/uploads\/2023\/12\/WhatsApp-Image-2023-12-11-at-20.34.52-768x461.jpeg 768w, https:\/\/pagodenzelt.at\/wp-content\/uploads\/2023\/12\/WhatsApp-Image-2023-12-11-at-20.34.52-600x360.jpeg 600w, https:\/\/pagodenzelt.at\/wp-content\/uploads\/2023\/12\/WhatsApp-Image-2023-12-11-at-20.34.52.jpeg 1080w\" sizes=\"(max-width: 1024px) 100vw, 1024px\" \/>\t\t\t\t\t\t\t\t\t\t\t\t\t\t\t<\/div>\n\t\t\t\t<\/div>\n\t\t\t\t<div class=\"elementor-element elementor-element-62763e8 elementor-widget elementor-widget-image\" data-id=\"62763e8\" data-element_type=\"widget\" data-e-type=\"widget\" data-widget_type=\"image.default\">\n\t\t\t\t<div class=\"elementor-widget-container\">\n\t\t\t\t\t\t\t\t\t\t\t\t\t\t\t<img decoding=\"async\" width=\"1024\" height=\"614\" src=\"https:\/\/pagodenzelt.at\/wp-content\/uploads\/2023\/12\/WhatsApp-Image-2023-12-11-at-20.34.53-1024x614.jpeg\" class=\"attachment-large size-large wp-image-6292\" alt=\"\" srcset=\"https:\/\/pagodenzelt.at\/wp-content\/uploads\/2023\/12\/WhatsApp-Image-2023-12-11-at-20.34.53-1024x614.jpeg 1024w, https:\/\/pagodenzelt.at\/wp-content\/uploads\/2023\/12\/WhatsApp-Image-2023-12-11-at-20.34.53-300x180.jpeg 300w, https:\/\/pagodenzelt.at\/wp-content\/uploads\/2023\/12\/WhatsApp-Image-2023-12-11-at-20.34.53-768x461.jpeg 768w, https:\/\/pagodenzelt.at\/wp-content\/uploads\/2023\/12\/WhatsApp-Image-2023-12-11-at-20.34.53-600x360.jpeg 600w, https:\/\/pagodenzelt.at\/wp-content\/uploads\/2023\/12\/WhatsApp-Image-2023-12-11-at-20.34.53.jpeg 1080w\" sizes=\"(max-width: 1024px) 100vw, 1024px\" \/>\t\t\t\t\t\t\t\t\t\t\t\t\t\t\t<\/div>\n\t\t\t\t<\/div>\n\t\t\t\t<\/div>\n\t\t<div class=\"elementor-element elementor-element-98cb39f e-con-full e-flex e-con e-child\" data-id=\"98cb39f\" data-element_type=\"container\" data-e-type=\"container\">\n\t\t\t\t<div class=\"elementor-element elementor-element-4a68a0a elementor-widget elementor-widget-text-editor\" data-id=\"4a68a0a\" data-element_type=\"widget\" data-e-type=\"widget\" data-widget_type=\"text-editor.default\">\n\t\t\t\t<div class=\"elementor-widget-container\">\n\t\t\t\t\t\t\t\t\t<p>Pagodenzelt.at<\/p>\n<h1 style=\"color: #d60404;\">Stan Pagoda 5&#215;5 m zna\u010dkov\u00fd<\/h1>\n<h5>3700 EUR<\/h5>\n<h5>vr\u00e1tane DPH. <\/h5>\n<p>N\u00e1\u0161 \u0161t\u00fdlov\u00fd stan pagoda je dokonal\u00fdm reklamn\u00fdm prostriedkom<br \/>pre va\u0161u zna\u010dku na va\u0161ich podujatiach. V\u010faka vysokej sedlovej streche<br \/>je va\u0161e logo rozpoznate\u013en\u00e9 u\u017e z dia\u013eky<br \/>. V\u0161etky vlastnosti stanu pagoda v \u0161tandardnej verzii<br \/>s\u00fa samozrejme zachovan\u00e9!  <\/p>\n\t\t\t\t\t\t\t\t<\/div>\n\t\t\t\t<\/div>\n\t\t\t\t<div class=\"elementor-element elementor-element-6068b5c elementor-align-center elementor-widget elementor-widget-button\" data-id=\"6068b5c\" data-element_type=\"widget\" data-e-type=\"widget\" data-widget_type=\"button.default\">\n\t\t\t\t<div class=\"elementor-widget-container\">\n\t\t\t\t\t\t\t\t\t<div class=\"elementor-button-wrapper\">\n\t\t\t\t\t<a class=\"elementor-button elementor-button-link elementor-size-lg\" href=\"https:\/\/pagodenzelt.at\/sk\/kontaktujte-nas\/\">\n\t\t\t\t\t\t<span class=\"elementor-button-content-wrapper\">\n\t\t\t\t\t\t\t\t\t<span class=\"elementor-button-text\">Sp\u00fdtajte sa teraz<\/span>\n\t\t\t\t\t<\/span>\n\t\t\t\t\t<\/a>\n\t\t\t\t<\/div>\n\t\t\t\t\t\t\t\t<\/div>\n\t\t\t\t<\/div>\n\t\t\t\t<div class=\"elementor-element elementor-element-e8df0c2 elementor-widget elementor-widget-toggle\" data-id=\"e8df0c2\" data-element_type=\"widget\" data-e-type=\"widget\" data-widget_type=\"toggle.default\">\n\t\t\t\t<div class=\"elementor-widget-container\">\n\t\t\t\t\t\t\t<div class=\"elementor-toggle\">\n\t\t\t\t\t\t\t<div class=\"elementor-toggle-item\">\n\t\t\t\t\t<div id=\"elementor-tab-title-2441\" class=\"elementor-tab-title\" data-tab=\"1\" role=\"button\" aria-controls=\"elementor-tab-content-2441\" aria-expanded=\"false\">\n\t\t\t\t\t\t\t\t\t\t\t\t<span class=\"elementor-toggle-icon elementor-toggle-icon-left\" aria-hidden=\"true\">\n\t\t\t\t\t\t\t\t\t\t\t\t\t\t\t<span class=\"elementor-toggle-icon-closed\"><svg class=\"e-font-icon-svg e-fas-caret-right\" viewBox=\"0 0 192 512\" xmlns=\"http:\/\/www.w3.org\/2000\/svg\"><path d=\"M0 384.662V127.338c0-17.818 21.543-26.741 34.142-14.142l128.662 128.662c7.81 7.81 7.81 20.474 0 28.284L34.142 398.804C21.543 411.404 0 402.48 0 384.662z\"><\/path><\/svg><\/span>\n\t\t\t\t\t\t\t\t<span class=\"elementor-toggle-icon-opened\"><svg class=\"elementor-toggle-icon-opened e-font-icon-svg e-fas-caret-up\" viewBox=\"0 0 320 512\" xmlns=\"http:\/\/www.w3.org\/2000\/svg\"><path d=\"M288.662 352H31.338c-17.818 0-26.741-21.543-14.142-34.142l128.662-128.662c7.81-7.81 20.474-7.81 28.284 0l128.662 128.662c12.6 12.599 3.676 34.142-14.142 34.142z\"><\/path><\/svg><\/span>\n\t\t\t\t\t\t\t\t\t\t\t\t\t<\/span>\n\t\t\t\t\t\t\t\t\t\t\t\t<a class=\"elementor-toggle-title\" tabindex=\"0\">Rozsah dod\u00e1vky<\/a>\n\t\t\t\t\t<\/div>\n\n\t\t\t\t\t<div id=\"elementor-tab-content-2441\" class=\"elementor-tab-content elementor-clearfix\" data-tab=\"1\" role=\"region\" aria-labelledby=\"elementor-tab-title-2441\"><p><span style=\"color:#d60404;\">\u017diadne<\/span> skryt\u00e9 n\u00e1klady &#8211; poskytujeme v\u00e1m stan pagoda vr\u00e1tane<br \/>\n<span style=\"color:#d60404;\">v\u0161etk\u00fdch<\/span> potrebn\u00fdch <span style=\"color:#d60404;\">komponentov<\/span> a kol\u00edkov na <span style=\"color:#d60404;\">upevnenie<\/span> stanu.<\/p>\n<div>\n<table style=\"border: 1px solid black;\">\n<tbody>\n<tr>\n<td style=\"text-align: center; font-weight: bold;\" colspan=\"2\">Rozsah dod\u00e1vky<\/td>\n<\/tr>\n<tr>\n<td style=\"text-align: center;\">produkt<\/td>\n<td style=\"text-align: center;\">Kus<\/td>\n<\/tr>\n<tr>\n<td style=\"text-align: center;\">Bo\u010dn\u00e1 podpera z hlin\u00edkov\u00e9ho profilu 4,90 m<\/td>\n<td style=\"text-align: center;\">4<\/td>\n<\/tr>\n<tr>\n<td style=\"text-align: center;\">Hlin\u00edkov\u00e9 profilov\u00e9 nohy 2,5 m<\/td>\n<td style=\"text-align: center;\">4<\/td>\n<\/tr>\n<tr>\n<td style=\"text-align: center;\">Sp\u00e1janie profilov<\/td>\n<td style=\"text-align: center;\">4<\/td>\n<\/tr>\n<tr>\n<td style=\"text-align: center;\">Pripojovacie centrum + uz\u00e1ver<\/td>\n<td style=\"text-align: center;\">1<\/td>\n<\/tr>\n<tr>\n<td style=\"text-align: center;\">Potrubie stanu<\/td>\n<td style=\"text-align: center;\">4<\/td>\n<\/tr>\n<tr>\n<td style=\"text-align: center;\">Zemn\u00e9 kol\u00edky<\/td>\n<td style=\"text-align: center;\">8<\/td>\n<\/tr>\n<tr>\n<td style=\"text-align: center;\">R\u00farky na nohy 5 m<\/td>\n<td style=\"text-align: center;\">4<\/td>\n<\/tr>\n<tr>\n<td style=\"text-align: center;\">Stre\u0161n\u00e1 plachta 5x5m<\/td>\n<td style=\"text-align: center;\">1<\/td>\n<\/tr>\n<tr>\n<td style=\"text-align: center;\">Bo\u010dn\u00e1 plachta 2,5 m x 2,5 m<\/td>\n<td style=\"text-align: center;\">8<\/td>\n<\/tr>\n<\/tbody>\n<\/table>\n<div><\/div>\n<\/div>\n<\/div>\n\t\t\t\t<\/div>\n\t\t\t\t\t\t\t<div class=\"elementor-toggle-item\">\n\t\t\t\t\t<div id=\"elementor-tab-title-2442\" class=\"elementor-tab-title\" data-tab=\"2\" role=\"button\" aria-controls=\"elementor-tab-content-2442\" aria-expanded=\"false\">\n\t\t\t\t\t\t\t\t\t\t\t\t<span class=\"elementor-toggle-icon elementor-toggle-icon-left\" aria-hidden=\"true\">\n\t\t\t\t\t\t\t\t\t\t\t\t\t\t\t<span class=\"elementor-toggle-icon-closed\"><svg class=\"e-font-icon-svg e-fas-caret-right\" viewBox=\"0 0 192 512\" xmlns=\"http:\/\/www.w3.org\/2000\/svg\"><path d=\"M0 384.662V127.338c0-17.818 21.543-26.741 34.142-14.142l128.662 128.662c7.81 7.81 7.81 20.474 0 28.284L34.142 398.804C21.543 411.404 0 402.48 0 384.662z\"><\/path><\/svg><\/span>\n\t\t\t\t\t\t\t\t<span class=\"elementor-toggle-icon-opened\"><svg class=\"elementor-toggle-icon-opened e-font-icon-svg e-fas-caret-up\" viewBox=\"0 0 320 512\" xmlns=\"http:\/\/www.w3.org\/2000\/svg\"><path d=\"M288.662 352H31.338c-17.818 0-26.741-21.543-14.142-34.142l128.662-128.662c7.81-7.81 20.474-7.81 28.284 0l128.662 128.662c12.6 12.599 3.676 34.142-14.142 34.142z\"><\/path><\/svg><\/span>\n\t\t\t\t\t\t\t\t\t\t\t\t\t<\/span>\n\t\t\t\t\t\t\t\t\t\t\t\t<a class=\"elementor-toggle-title\" tabindex=\"0\">Technick\u00e9 \u00fadaje<\/a>\n\t\t\t\t\t<\/div>\n\n\t\t\t\t\t<div id=\"elementor-tab-content-2442\" class=\"elementor-tab-content elementor-clearfix\" data-tab=\"2\" role=\"region\" aria-labelledby=\"elementor-tab-title-2442\"><div>\n<table style=\"border: 1px solid black;\">\n<tbody>\n<tr>\n<td style=\"text-align: center; font-weight: bold;\" colspan=\"2\">Technick\u00e9 \u00fadaje stanu pagoda 5x5m<\/td>\n<\/tr>\n<tr>\n<td style=\"text-align: center;\">Nastavenie ve\u013ekosti<\/td>\n<td style=\"text-align: center;\">5x5m = 25m\u00b2<\/td>\n<\/tr>\n<tr>\n<td style=\"text-align: center;\">Bo\u010dn\u00e1 v\u00fd\u0161ka<\/td>\n<td style=\"text-align: center;\">2,5m<\/td>\n<\/tr>\n<tr>\n<td style=\"text-align: center;\">V\u00fd\u0161ka \u0161t\u00edtu<\/td>\n<td style=\"text-align: center;\">5,4m<\/td>\n<\/tr>\n<tr>\n<td style=\"text-align: center;\">Hmotnos\u0165<\/td>\n<td style=\"text-align: center;\">190 kg<\/td>\n<\/tr>\n<tr>\n<td style=\"text-align: center;\">Hlin\u00edk<\/td>\n<td style=\"text-align: center;\">eloxovan\u00e9 hlin\u00edkov\u00e9 profily, spojovacie \u010dasti \u017eiarovo pozinkovan\u00e9<\/td>\n<\/tr>\n<tr>\n<td style=\"text-align: center;\">Profil r\u00e1mu<\/td>\n<td style=\"text-align: center;\">65 mm x 65 mm x 2 mm 3 dr\u00e1\u017eky<\/td>\n<\/tr>\n<tr>\n<td style=\"text-align: center;\">Plachty<\/td>\n<td style=\"text-align: center;\">Polyesterov\u00e1 tkanina 650 g\/m\u00b2 obojstranne potiahnut\u00e1 PVC pod\u013ea DIN 4102<\/td>\n<\/tr>\n<tr>\n<td style=\"text-align: center;\">Statika<\/td>\n<td style=\"text-align: center;\">EN ISO 5912; EN 13782<\/td>\n<\/tr>\n<\/tbody>\n<\/table>\n<\/div>\n<\/div>\n\t\t\t\t<\/div>\n\t\t\t\t\t\t\t<div class=\"elementor-toggle-item\">\n\t\t\t\t\t<div id=\"elementor-tab-title-2443\" class=\"elementor-tab-title\" data-tab=\"3\" role=\"button\" aria-controls=\"elementor-tab-content-2443\" aria-expanded=\"false\">\n\t\t\t\t\t\t\t\t\t\t\t\t<span class=\"elementor-toggle-icon elementor-toggle-icon-left\" aria-hidden=\"true\">\n\t\t\t\t\t\t\t\t\t\t\t\t\t\t\t<span class=\"elementor-toggle-icon-closed\"><svg class=\"e-font-icon-svg e-fas-caret-right\" viewBox=\"0 0 192 512\" xmlns=\"http:\/\/www.w3.org\/2000\/svg\"><path d=\"M0 384.662V127.338c0-17.818 21.543-26.741 34.142-14.142l128.662 128.662c7.81 7.81 7.81 20.474 0 28.284L34.142 398.804C21.543 411.404 0 402.48 0 384.662z\"><\/path><\/svg><\/span>\n\t\t\t\t\t\t\t\t<span class=\"elementor-toggle-icon-opened\"><svg class=\"elementor-toggle-icon-opened e-font-icon-svg e-fas-caret-up\" viewBox=\"0 0 320 512\" xmlns=\"http:\/\/www.w3.org\/2000\/svg\"><path d=\"M288.662 352H31.338c-17.818 0-26.741-21.543-14.142-34.142l128.662-128.662c7.81-7.81 20.474-7.81 28.284 0l128.662 128.662c12.6 12.599 3.676 34.142-14.142 34.142z\"><\/path><\/svg><\/span>\n\t\t\t\t\t\t\t\t\t\t\t\t\t<\/span>\n\t\t\t\t\t\t\t\t\t\t\t\t<a class=\"elementor-toggle-title\" tabindex=\"0\">Zobrazenie<\/a>\n\t\t\t\t\t<\/div>\n\n\t\t\t\t\t<div id=\"elementor-tab-content-2443\" class=\"elementor-tab-content elementor-clearfix\" data-tab=\"3\" role=\"region\" aria-labelledby=\"elementor-tab-title-2443\"><p>Na\u0161e stany pagoda si m\u00f4\u017eete pozrie\u0165 na mieste v na\u0161om sklade na<br \/>7162 Tadten. Kontaktujte n\u00e1s teraz na<br \/>a dohodnite si stretnutie na obhliadku stanov.<br \/>Samozrejme, sme v\u00e1m k dispoz\u00edcii aj na mieste, aby sme v\u00e1m zodpovedali v\u0161etky ot\u00e1zky na<br \/>. <\/p>\n<\/div>\n\t\t\t\t<\/div>\n\t\t\t\t\t\t\t<div class=\"elementor-toggle-item\">\n\t\t\t\t\t<div id=\"elementor-tab-title-2444\" class=\"elementor-tab-title\" data-tab=\"4\" role=\"button\" aria-controls=\"elementor-tab-content-2444\" aria-expanded=\"false\">\n\t\t\t\t\t\t\t\t\t\t\t\t<span class=\"elementor-toggle-icon elementor-toggle-icon-left\" aria-hidden=\"true\">\n\t\t\t\t\t\t\t\t\t\t\t\t\t\t\t<span class=\"elementor-toggle-icon-closed\"><svg class=\"e-font-icon-svg e-fas-caret-right\" viewBox=\"0 0 192 512\" xmlns=\"http:\/\/www.w3.org\/2000\/svg\"><path d=\"M0 384.662V127.338c0-17.818 21.543-26.741 34.142-14.142l128.662 128.662c7.81 7.81 7.81 20.474 0 28.284L34.142 398.804C21.543 411.404 0 402.48 0 384.662z\"><\/path><\/svg><\/span>\n\t\t\t\t\t\t\t\t<span class=\"elementor-toggle-icon-opened\"><svg class=\"elementor-toggle-icon-opened e-font-icon-svg e-fas-caret-up\" viewBox=\"0 0 320 512\" xmlns=\"http:\/\/www.w3.org\/2000\/svg\"><path d=\"M288.662 352H31.338c-17.818 0-26.741-21.543-14.142-34.142l128.662-128.662c7.81-7.81 20.474-7.81 28.284 0l128.662 128.662c12.6 12.599 3.676 34.142-14.142 34.142z\"><\/path><\/svg><\/span>\n\t\t\t\t\t\t\t\t\t\t\t\t\t<\/span>\n\t\t\t\t\t\t\t\t\t\t\t\t<a class=\"elementor-toggle-title\" tabindex=\"0\">Preprava<\/a>\n\t\t\t\t\t<\/div>\n\n\t\t\t\t\t<div id=\"elementor-tab-content-2444\" class=\"elementor-tab-content elementor-clearfix\" data-tab=\"4\" role=\"region\" aria-labelledby=\"elementor-tab-title-2444\"><p>Od 1. janu\u00e1ra 2024 budeme na\u0161e pagody zasiela\u0165 bezplatne po celom Rak\u00fasku na<br \/>. Odber ex works z n\u00e1\u0161ho skladu<br \/>je samozrejme tie\u017e mo\u017en\u00fd! <\/p>\n<\/div>\n\t\t\t\t<\/div>\n\t\t\t\t\t\t\t\t<\/div>\n\t\t\t\t\t\t<\/div>\n\t\t\t\t<\/div>\n\t\t\t\t<\/div>\n\t\t\t\t\t<\/div>\n\t\t\t\t<\/div>\n\t\t\t\t<\/div>\n\t\t","protected":false},"excerpt":{"rendered":"<p>Pagodenzelt.at Stan Pagoda 5&#215;5 m zna\u010dkov\u00fd 3700 EUR vr\u00e1tane DPH. N\u00e1\u0161 \u0161t\u00fdlov\u00fd stan pagoda je dokonal\u00fdm reklamn\u00fdm prostriedkompre va\u0161u zna\u010dku na va\u0161ich podujatiach. V\u010faka vysokej sedlovej strecheje va\u0161e logo rozpoznate\u013en\u00e9 u\u017e z dia\u013eky. V\u0161etky vlastnosti stanu pagoda v \u0161tandardnej verziis\u00fa samozrejme zachovan\u00e9! Sp\u00fdtajte sa teraz Rozsah dod\u00e1vky \u017diadne skryt\u00e9 n\u00e1klady &#8211; poskytujeme v\u00e1m stan pagoda [&hellip;]<\/p>\n","protected":false},"author":1,"featured_media":0,"parent":0,"menu_order":0,"comment_status":"closed","ping_status":"closed","template":"","meta":{"om_disable_all_campaigns":false,"_monsterinsights_skip_tracking":false,"_monsterinsights_sitenote_active":false,"_monsterinsights_sitenote_note":"","_monsterinsights_sitenote_category":0,"site-sidebar-layout":"no-sidebar","site-content-layout":"page-builder","ast-site-content-layout":"full-width-container","site-content-style":"default","site-sidebar-style":"default","ast-global-header-display":"","ast-banner-title-visibility":"","ast-main-header-display":"","ast-hfb-above-header-display":"","ast-hfb-below-header-display":"","ast-hfb-mobile-header-display":"","site-post-title":"disabled","ast-breadcrumbs-content":"","ast-featured-img":"disabled","footer-sml-layout":"","ast-disable-related-posts":"","theme-transparent-header-meta":"","adv-header-id-meta":"","stick-header-meta":"","header-above-stick-meta":"","header-main-stick-meta":"","header-below-stick-meta":"","astra-migrate-meta-layouts":"default","ast-page-background-enabled":"default","ast-page-background-meta":{"desktop":{"background-color":"","background-image":"","background-repeat":"repeat","background-position":"center center","background-size":"auto","background-attachment":"scroll","background-type":"","background-media":"","overlay-type":"","overlay-color":"","overlay-opacity":"","overlay-gradient":""},"tablet":{"background-color":"","background-image":"","background-repeat":"repeat","background-position":"center center","background-size":"auto","background-attachment":"scroll","background-type":"","background-media":"","overlay-type":"","overlay-color":"","overlay-opacity":"","overlay-gradient":""},"mobile":{"background-color":"","background-image":"","background-repeat":"repeat","background-position":"center center","background-size":"auto","background-attachment":"scroll","background-type":"","background-media":"","overlay-type":"","overlay-color":"","overlay-opacity":"","overlay-gradient":""}},"ast-content-background-meta":{"desktop":{"background-color":"var(--ast-global-color-5)","background-image":"","background-repeat":"repeat","background-position":"center center","background-size":"auto","background-attachment":"scroll","background-type":"","background-media":"","overlay-type":"","overlay-color":"","overlay-opacity":"","overlay-gradient":""},"tablet":{"background-color":"var(--ast-global-color-5)","background-image":"","background-repeat":"repeat","background-position":"center center","background-size":"auto","background-attachment":"scroll","background-type":"","background-media":"","overlay-type":"","overlay-color":"","overlay-opacity":"","overlay-gradient":""},"mobile":{"background-color":"var(--ast-global-color-5)","background-image":"","background-repeat":"repeat","background-position":"center center","background-size":"auto","background-attachment":"scroll","background-type":"","background-media":"","overlay-type":"","overlay-color":"","overlay-opacity":"","overlay-gradient":""}},"footnotes":""},"class_list":["post-6789","page","type-page","status-publish","hentry"],"aioseo_notices":[],"_links":{"self":[{"href":"https:\/\/pagodenzelt.at\/sk\/wp-json\/wp\/v2\/pages\/6789"}],"collection":[{"href":"https:\/\/pagodenzelt.at\/sk\/wp-json\/wp\/v2\/pages"}],"about":[{"href":"https:\/\/pagodenzelt.at\/sk\/wp-json\/wp\/v2\/types\/page"}],"author":[{"embeddable":true,"href":"https:\/\/pagodenzelt.at\/sk\/wp-json\/wp\/v2\/users\/1"}],"replies":[{"embeddable":true,"href":"https:\/\/pagodenzelt.at\/sk\/wp-json\/wp\/v2\/comments?post=6789"}],"version-history":[{"count":4,"href":"https:\/\/pagodenzelt.at\/sk\/wp-json\/wp\/v2\/pages\/6789\/revisions"}],"predecessor-version":[{"id":7804,"href":"https:\/\/pagodenzelt.at\/sk\/wp-json\/wp\/v2\/pages\/6789\/revisions\/7804"}],"wp:attachment":[{"href":"https:\/\/pagodenzelt.at\/sk\/wp-json\/wp\/v2\/media?parent=6789"}],"curies":[{"name":"wp","href":"https:\/\/api.w.org\/{rel}","templated":true}]}}