{"id":6915,"date":"2023-11-10T16:45:46","date_gmt":"2023-11-10T16:45:46","guid":{"rendered":"https:\/\/pagodenzelt.at\/zasady-ochrany-osobnych-udajov\/"},"modified":"2024-08-28T07:18:24","modified_gmt":"2024-08-28T07:18:24","slug":"zasady-ochrany-osobnych-udajov","status":"publish","type":"page","link":"https:\/\/pagodenzelt.at\/sk\/zasady-ochrany-osobnych-udajov\/","title":{"rendered":"Z\u00e1sady ochrany osobn\u00fdch \u00fadajov"},"content":{"rendered":"\t\t<div data-elementor-type=\"wp-page\" data-elementor-id=\"6915\" class=\"elementor elementor-6915 elementor-4738\">\n\t\t\t\t<div class=\"elementor-element elementor-element-6e38bc4 e-flex e-con-boxed e-con e-parent\" data-id=\"6e38bc4\" data-element_type=\"container\" data-e-type=\"container\" data-settings=\"{&quot;background_background&quot;:&quot;classic&quot;}\">\n\t\t\t\t\t<div class=\"e-con-inner\">\n\t\t\t\t<div class=\"elementor-element elementor-element-6cd3375 elementor-widget__width-inherit elementor-invisible elementor-widget elementor-widget-image\" data-id=\"6cd3375\" data-element_type=\"widget\" data-e-type=\"widget\" data-settings=\"{&quot;_animation&quot;:&quot;fadeInDown&quot;}\" data-widget_type=\"image.default\">\n\t\t\t\t<div class=\"elementor-widget-container\">\n\t\t\t\t\t\t\t\t\t\t\t\t\t\t\t<img fetchpriority=\"high\" decoding=\"async\" width=\"639\" height=\"425\" src=\"https:\/\/pagodenzelt.at\/wp-content\/uploads\/2023\/11\/data-protection.png\" class=\"attachment-large size-large wp-image-6061\" alt=\"\" srcset=\"https:\/\/pagodenzelt.at\/wp-content\/uploads\/2023\/11\/data-protection.png 639w, https:\/\/pagodenzelt.at\/wp-content\/uploads\/2023\/11\/data-protection-300x200.png 300w, https:\/\/pagodenzelt.at\/wp-content\/uploads\/2023\/11\/data-protection-600x399.png 600w\" sizes=\"(max-width: 639px) 100vw, 639px\" \/>\t\t\t\t\t\t\t\t\t\t\t\t\t\t\t<\/div>\n\t\t\t\t<\/div>\n\t\t\t\t\t<\/div>\n\t\t\t\t<\/div>\n\t\t<div class=\"elementor-element elementor-element-6456d5e e-flex e-con-boxed e-con e-parent\" data-id=\"6456d5e\" data-element_type=\"container\" data-e-type=\"container\">\n\t\t\t\t\t<div class=\"e-con-inner\">\n\t\t\t\t<div class=\"elementor-element elementor-element-402e36d elementor-invisible elementor-widget elementor-widget-heading\" data-id=\"402e36d\" data-element_type=\"widget\" data-e-type=\"widget\" data-settings=\"{&quot;_animation&quot;:&quot;fadeInDown&quot;}\" data-widget_type=\"heading.default\">\n\t\t\t\t<div class=\"elementor-widget-container\">\n\t\t\t\t\t<h2 class=\"elementor-heading-title elementor-size-default\">Z\u00e1sady ochrany osobn\u00fdch \u00fadajov<\/h2>\t\t\t\t<\/div>\n\t\t\t\t<\/div>\n\t\t\t\t\t<\/div>\n\t\t\t\t<\/div>\n\t\t<div class=\"elementor-element elementor-element-0d80fa4 e-flex e-con-boxed e-con e-parent\" data-id=\"0d80fa4\" data-element_type=\"container\" data-e-type=\"container\">\n\t\t\t\t\t<div class=\"e-con-inner\">\n\t\t\t\t<div class=\"elementor-element elementor-element-695c3f7 elementor-widget elementor-widget-text-editor\" data-id=\"695c3f7\" data-element_type=\"widget\" data-e-type=\"widget\" data-widget_type=\"text-editor.default\">\n\t\t\t\t<div class=\"elementor-widget-container\">\n\t\t\t\t\t\t\t\t\t<p>My, spolo\u010dnos\u0165 Nicolas Pfeffer so s\u00eddlom Sch\u00fcttkastenhof 2, 7132 Frauenkirchen, prev\u00e1dzkujeme t\u00fato webov\u00fa str\u00e1nku pod dom\u00e9nou Pagodenzelt.at.<br \/>\nVa\u0161e s\u00fakromie a ochrana va\u0161ich osobn\u00fdch \u00fadajov s\u00fa pre n\u00e1s mimoriadne d\u00f4le\u017eit\u00e9.<br \/>\nPreto by sme chceli ni\u017e\u0161ie vysvetli\u0165, ako zhroma\u017e\u010fujeme, spracov\u00e1vame a chr\u00e1nime va\u0161e \u00fadaje.  <\/p>\n<ol>\n<li>\n<h5>Zodpovedn\u00fd org\u00e1n<\/h5>\n<\/li>\n<\/ol>\n<p>Nicolas Pfeffer Sch\u00fcttkastenhof 2 7132 Frauenkirchen Kontakt: +43 660501002 E-mail: info@pagodenzelt.at<\/p>\n<ol start=\"2\">\n<li>\n<h5>Zaznamenan\u00e9 \u00fadaje<\/h5>\n<\/li>\n<\/ol>\n<p>Zhroma\u017e\u010fujeme a sprac\u00favame osobn\u00e9 \u00fadaje, ktor\u00e9 n\u00e1m akt\u00edvne poskytnete, napr\u00edklad vyplnen\u00edm kontaktn\u00fdch formul\u00e1rov alebo pri objedn\u00e1van\u00ed produktov.<br \/>\nTieto \u00fadaje m\u00f4\u017eu zah\u0155\u0148a\u0165 va\u0161e meno, e-mailov\u00fa adresu, telef\u00f3nne \u010d\u00edslo a \u010fal\u0161ie relevantn\u00e9 inform\u00e1cie. <\/p>\n<p>Okrem toho automaticky zhroma\u017e\u010fujeme ur\u010dit\u00e9 \u00fadaje, ke\u010f nav\u0161t\u00edvite na\u0161e webov\u00e9 str\u00e1nky.<br \/>\nPatr\u00ed sem va\u0161a IP adresa, typ prehliada\u010da, typ zariadenia, nav\u0161t\u00edven\u00e9 str\u00e1nky a \u010das pr\u00edstupu.<br \/>\nTieto inform\u00e1cie sa pou\u017e\u00edvaj\u00fa na zlep\u0161enie na\u0161ej webovej str\u00e1nky a anal\u00fdzu spr\u00e1vania pou\u017e\u00edvate\u013eov, ale nepou\u017e\u00edvaj\u00fa sa na identifik\u00e1ciu jednotliv\u00fdch os\u00f4b.  <\/p>\n<ol start=\"3\">\n<li>\n<h5>Pou\u017e\u00edvanie va\u0161ich \u00fadajov<\/h5>\n<\/li>\n<\/ol>\n<p>Va\u0161e \u00fadaje pou\u017e\u00edvame na tieto \u00fa\u010dely:<\/p>\n<p>&#8211; odpoveda\u0165 na va\u0161e ot\u00e1zky a komunikova\u0165 s vami.<br \/>&#8211; Na spracovanie objedn\u00e1vok a dod\u00e1vok.<br \/>&#8211; Na zlep\u0161enie na\u0161ej webovej str\u00e1nky a na\u0161ich slu\u017eieb.<br \/>&#8211; Dodr\u017eiavanie z\u00e1konn\u00fdch povinnost\u00ed.<\/p>\n<ol start=\"4\">\n<li>\n<h5>Preposielanie \u00fadajov<\/h5>\n<\/li>\n<\/ol>\n<p>Va\u0161e \u00fadaje sa neposkytn\u00fa tret\u00edm stran\u00e1m, pokia\u013e to nie je nevyhnutn\u00e9 na splnenie na\u0161ich zmluvn\u00fdch povinnost\u00ed alebo na z\u00e1klade z\u00e1konn\u00fdch po\u017eiadaviek.<\/p>\n<ol start=\"5\">\n<li>\n<h5>Ukladanie va\u0161ich \u00fadajov<\/h5>\n<\/li>\n<\/ol>\n<p>Va\u0161e \u00fadaje sa bud\u00fa uchov\u00e1va\u0165 len tak dlho, ako je to potrebn\u00e9 na vy\u0161\u0161ie uveden\u00e9 \u00fa\u010dely alebo ako to vy\u017eaduj\u00fa z\u00e1konn\u00e9 povinnosti uchov\u00e1vania.<\/p>\n<ol start=\"6\">\n<li>\n<h5>Va\u0161e pr\u00e1va<\/h5>\n<\/li>\n<\/ol>\n<p>M\u00e1te pr\u00e1vo na inform\u00e1cie, opravu, vymazanie a obmedzenie spracovania va\u0161ich osobn\u00fdch \u00fadajov.<br \/>\nM\u00f4\u017eete tie\u017e vznies\u0165 n\u00e1mietku proti spracovaniu va\u0161ich \u00fadajov.<br \/>\nAk chcete uplatni\u0165 svoje pr\u00e1va alebo ak m\u00e1te ak\u00e9ko\u013evek ot\u00e1zky t\u00fdkaj\u00face sa postupov ochrany \u00fadajov na na\u0161ej webovej lokalite, kontaktujte n\u00e1s prostredn\u00edctvom vy\u0161\u0161ie uveden\u00fdch kontaktn\u00fdch \u00fadajov.  <\/p>\n<ol start=\"7\">\n<li>\n<h5>Pr\u00e1vo na odvolanie<\/h5>\n<\/li>\n<\/ol>\n<p>Ak sa domnievate, \u017ee boli poru\u0161en\u00e9 va\u0161e pr\u00e1va na ochranu \u00fadajov, m\u00e1te pr\u00e1vo poda\u0165 s\u0165a\u017enos\u0165 na \u00farad na ochranu \u00fadajov.<\/p>\n<ol start=\"8\">\n<li>\n<h5>Aktualiz\u00e1cie<\/h5>\n<\/li>\n<\/ol>\n<p>Vyhradzujeme si pr\u00e1vo aktualizova\u0165 tieto z\u00e1sady ochrany osobn\u00fdch \u00fadajov pod\u013ea potreby.<br \/>\nPravidelne kontrolujte aktualiz\u00e1cie. <\/p>\n<p>Stav: 2. novembra 2023<\/p>\n<p>\u010eakujeme, \u017ee ste si pre\u010d\u00edtali na\u0161e z\u00e1sady ochrany osobn\u00fdch \u00fadajov.<br \/>\nV\u00e1\u017eime si va\u0161u d\u00f4veru a urob\u00edme v\u0161etko, \u010do je v na\u0161ich sil\u00e1ch, aby sme s va\u0161imi \u00fadajmi zaobch\u00e1dzali s maxim\u00e1lnou starostlivos\u0165ou. <\/p>\n\t\t\t\t\t\t\t\t<\/div>\n\t\t\t\t<\/div>\n\t\t\t\t\t<\/div>\n\t\t\t\t<\/div>\n\t\t\t\t<\/div>\n\t\t","protected":false},"excerpt":{"rendered":"<p>Z\u00e1sady ochrany osobn\u00fdch \u00fadajov My, spolo\u010dnos\u0165 Nicolas Pfeffer so s\u00eddlom Sch\u00fcttkastenhof 2, 7132 Frauenkirchen, prev\u00e1dzkujeme t\u00fato webov\u00fa str\u00e1nku pod dom\u00e9nou Pagodenzelt.at. Va\u0161e s\u00fakromie a ochrana va\u0161ich osobn\u00fdch \u00fadajov s\u00fa pre n\u00e1s mimoriadne d\u00f4le\u017eit\u00e9. Preto by sme chceli ni\u017e\u0161ie vysvetli\u0165, ako zhroma\u017e\u010fujeme, spracov\u00e1vame a chr\u00e1nime va\u0161e \u00fadaje. Zodpovedn\u00fd org\u00e1n Nicolas Pfeffer Sch\u00fcttkastenhof 2 7132 Frauenkirchen Kontakt: [&hellip;]<\/p>\n","protected":false},"author":1,"featured_media":0,"parent":0,"menu_order":0,"comment_status":"closed","ping_status":"closed","template":"","meta":{"om_disable_all_campaigns":false,"_monsterinsights_skip_tracking":false,"_monsterinsights_sitenote_active":false,"_monsterinsights_sitenote_note":"","_monsterinsights_sitenote_category":0,"site-sidebar-layout":"no-sidebar","site-content-layout":"page-builder","ast-site-content-layout":"full-width-container","site-content-style":"default","site-sidebar-style":"default","ast-global-header-display":"","ast-banner-title-visibility":"","ast-main-header-display":"","ast-hfb-above-header-display":"","ast-hfb-below-header-display":"","ast-hfb-mobile-header-display":"","site-post-title":"disabled","ast-breadcrumbs-content":"","ast-featured-img":"disabled","footer-sml-layout":"","ast-disable-related-posts":"","theme-transparent-header-meta":"","adv-header-id-meta":"","stick-header-meta":"","header-above-stick-meta":"","header-main-stick-meta":"","header-below-stick-meta":"","astra-migrate-meta-layouts":"default","ast-page-background-enabled":"default","ast-page-background-meta":{"desktop":{"background-color":"","background-image":"","background-repeat":"repeat","background-position":"center center","background-size":"auto","background-attachment":"scroll","background-type":"","background-media":"","overlay-type":"","overlay-color":"","overlay-opacity":"","overlay-gradient":""},"tablet":{"background-color":"","background-image":"","background-repeat":"repeat","background-position":"center center","background-size":"auto","background-attachment":"scroll","background-type":"","background-media":"","overlay-type":"","overlay-color":"","overlay-opacity":"","overlay-gradient":""},"mobile":{"background-color":"","background-image":"","background-repeat":"repeat","background-position":"center center","background-size":"auto","background-attachment":"scroll","background-type":"","background-media":"","overlay-type":"","overlay-color":"","overlay-opacity":"","overlay-gradient":""}},"ast-content-background-meta":{"desktop":{"background-color":"var(--ast-global-color-5)","background-image":"","background-repeat":"repeat","background-position":"center center","background-size":"auto","background-attachment":"scroll","background-type":"","background-media":"","overlay-type":"","overlay-color":"","overlay-opacity":"","overlay-gradient":""},"tablet":{"background-color":"var(--ast-global-color-5)","background-image":"","background-repeat":"repeat","background-position":"center center","background-size":"auto","background-attachment":"scroll","background-type":"","background-media":"","overlay-type":"","overlay-color":"","overlay-opacity":"","overlay-gradient":""},"mobile":{"background-color":"var(--ast-global-color-5)","background-image":"","background-repeat":"repeat","background-position":"center center","background-size":"auto","background-attachment":"scroll","background-type":"","background-media":"","overlay-type":"","overlay-color":"","overlay-opacity":"","overlay-gradient":""}},"footnotes":""},"class_list":["post-6915","page","type-page","status-publish","hentry"],"aioseo_notices":[],"_links":{"self":[{"href":"https:\/\/pagodenzelt.at\/sk\/wp-json\/wp\/v2\/pages\/6915"}],"collection":[{"href":"https:\/\/pagodenzelt.at\/sk\/wp-json\/wp\/v2\/pages"}],"about":[{"href":"https:\/\/pagodenzelt.at\/sk\/wp-json\/wp\/v2\/types\/page"}],"author":[{"embeddable":true,"href":"https:\/\/pagodenzelt.at\/sk\/wp-json\/wp\/v2\/users\/1"}],"replies":[{"embeddable":true,"href":"https:\/\/pagodenzelt.at\/sk\/wp-json\/wp\/v2\/comments?post=6915"}],"version-history":[{"count":2,"href":"https:\/\/pagodenzelt.at\/sk\/wp-json\/wp\/v2\/pages\/6915\/revisions"}],"predecessor-version":[{"id":6917,"href":"https:\/\/pagodenzelt.at\/sk\/wp-json\/wp\/v2\/pages\/6915\/revisions\/6917"}],"wp:attachment":[{"href":"https:\/\/pagodenzelt.at\/sk\/wp-json\/wp\/v2\/media?parent=6915"}],"curies":[{"name":"wp","href":"https:\/\/api.w.org\/{rel}","templated":true}]}}