{"id":6949,"date":"2023-11-10T16:45:06","date_gmt":"2023-11-10T16:45:06","guid":{"rendered":"https:\/\/pagodenzelt.at\/odtlacok\/"},"modified":"2025-05-12T04:55:53","modified_gmt":"2025-05-12T04:55:53","slug":"odtlacok","status":"publish","type":"page","link":"https:\/\/pagodenzelt.at\/sk\/odtlacok\/","title":{"rendered":"Odtla\u010dok"},"content":{"rendered":"\t\t<div data-elementor-type=\"wp-page\" data-elementor-id=\"6949\" class=\"elementor elementor-6949 elementor-4736\">\n\t\t\t\t<div class=\"elementor-element elementor-element-1269a2c e-flex e-con-boxed e-con e-parent\" data-id=\"1269a2c\" data-element_type=\"container\" data-e-type=\"container\">\n\t\t\t\t\t<div class=\"e-con-inner\">\n\t\t\t\t<div class=\"elementor-element elementor-element-dea61e8 elementor-widget elementor-widget-text-editor\" data-id=\"dea61e8\" data-element_type=\"widget\" data-e-type=\"widget\" data-widget_type=\"text-editor.default\">\n\t\t\t\t<div class=\"elementor-widget-container\">\n\t\t\t\t\t\t\t\t\t<h1 style=\"text-align: center; color: #d60404;\">Odtla\u010dok<\/h1>\n<h3 style=\"text-align: center;\">PFEFFER \u0160port a podujatia<\/h3>\n<p>Nicolas Pfeffer<\/p>\n<p>7132 Frauenkirchen<\/p>\n<p>Sch\u00fcttkastenhof 2 | Rak\u00fasko<\/p>\n<p>Tel: +43 6605051002<\/p>\n<p>E-mail: <a style=\"color: #d60404;\" href=\"mailto:info@pagodenzelt.at\">info@pagodenzelt.at<\/a><\/p>\n<p>Predmet podnikania: Obchod so \u0161portov\u00fdm tovarom, organiz\u00e1cia a sprostredkovanie podujat\u00ed a kongresov<\/p>\n<p>\u010c\u00edslo UID: ATU79014816<\/p>\n<p>\u010clen WK\u00d6, WKO Burgenland<\/p>\n<p>Obchodn\u00e9 predpisy:<\/p>\n<p><a style=\"color: #d60404;\" href=\"http:\/\/www.ris.bka.gv.at\">www.ris.bka.gv.at<\/a><\/p>\n<p>Dozorn\u00fd org\u00e1n: Okresn\u00fd \u00farad Neusiedl am See<\/p>\n<p>N\u00e1zov pr\u00e1ce: Obchod so \u0161portov\u00fdm tovarom<\/p>\n<p>Inform\u00e1cie o rie\u0161en\u00ed sporov online: Spotrebitelia maj\u00fa mo\u017enos\u0165 pod\u00e1va\u0165 s\u0165a\u017enosti na platforme E\u00da pre online rie\u0161enie sporov:<\/p>\n<p><a style=\"color: #d60404;\" href=\"https:\/\/ec.europa.eu\/odr\">https:\/\/ec.europa.eu\/odr<\/a><\/p>\n<p>S\u0165a\u017enosti m\u00f4\u017eete posiela\u0165 aj na vy\u0161\u0161ie uveden\u00fa e-mailov\u00fa adresu.<\/p>\n\t\t\t\t\t\t\t\t<\/div>\n\t\t\t\t<\/div>\n\t\t\t\t\t<\/div>\n\t\t\t\t<\/div>\n\t\t\t\t<\/div>\n\t\t","protected":false},"excerpt":{"rendered":"<p>Odtla\u010dok PFEFFER \u0160port a podujatia Nicolas Pfeffer 7132 Frauenkirchen Sch\u00fcttkastenhof 2 | Rak\u00fasko Tel: +43 6605051002 E-mail: info@pagodenzelt.at Predmet podnikania: Obchod so \u0161portov\u00fdm tovarom, organiz\u00e1cia a sprostredkovanie podujat\u00ed a kongresov \u010c\u00edslo UID: ATU79014816 \u010clen WK\u00d6, WKO Burgenland Obchodn\u00e9 predpisy: www.ris.bka.gv.at Dozorn\u00fd org\u00e1n: Okresn\u00fd \u00farad Neusiedl am See N\u00e1zov pr\u00e1ce: Obchod so \u0161portov\u00fdm tovarom Inform\u00e1cie o [&hellip;]<\/p>\n","protected":false},"author":1,"featured_media":0,"parent":0,"menu_order":0,"comment_status":"closed","ping_status":"closed","template":"","meta":{"om_disable_all_campaigns":false,"_monsterinsights_skip_tracking":false,"_monsterinsights_sitenote_active":false,"_monsterinsights_sitenote_note":"","_monsterinsights_sitenote_category":0,"site-sidebar-layout":"no-sidebar","site-content-layout":"page-builder","ast-site-content-layout":"full-width-container","site-content-style":"default","site-sidebar-style":"default","ast-global-header-display":"","ast-banner-title-visibility":"","ast-main-header-display":"","ast-hfb-above-header-display":"","ast-hfb-below-header-display":"","ast-hfb-mobile-header-display":"","site-post-title":"disabled","ast-breadcrumbs-content":"","ast-featured-img":"disabled","footer-sml-layout":"","ast-disable-related-posts":"","theme-transparent-header-meta":"","adv-header-id-meta":"","stick-header-meta":"","header-above-stick-meta":"","header-main-stick-meta":"","header-below-stick-meta":"","astra-migrate-meta-layouts":"default","ast-page-background-enabled":"default","ast-page-background-meta":{"desktop":{"background-color":"","background-image":"","background-repeat":"repeat","background-position":"center center","background-size":"auto","background-attachment":"scroll","background-type":"","background-media":"","overlay-type":"","overlay-color":"","overlay-opacity":"","overlay-gradient":""},"tablet":{"background-color":"","background-image":"","background-repeat":"repeat","background-position":"center center","background-size":"auto","background-attachment":"scroll","background-type":"","background-media":"","overlay-type":"","overlay-color":"","overlay-opacity":"","overlay-gradient":""},"mobile":{"background-color":"","background-image":"","background-repeat":"repeat","background-position":"center center","background-size":"auto","background-attachment":"scroll","background-type":"","background-media":"","overlay-type":"","overlay-color":"","overlay-opacity":"","overlay-gradient":""}},"ast-content-background-meta":{"desktop":{"background-color":"var(--ast-global-color-5)","background-image":"","background-repeat":"repeat","background-position":"center center","background-size":"auto","background-attachment":"scroll","background-type":"","background-media":"","overlay-type":"","overlay-color":"","overlay-opacity":"","overlay-gradient":""},"tablet":{"background-color":"var(--ast-global-color-5)","background-image":"","background-repeat":"repeat","background-position":"center center","background-size":"auto","background-attachment":"scroll","background-type":"","background-media":"","overlay-type":"","overlay-color":"","overlay-opacity":"","overlay-gradient":""},"mobile":{"background-color":"var(--ast-global-color-5)","background-image":"","background-repeat":"repeat","background-position":"center center","background-size":"auto","background-attachment":"scroll","background-type":"","background-media":"","overlay-type":"","overlay-color":"","overlay-opacity":"","overlay-gradient":""}},"footnotes":""},"class_list":["post-6949","page","type-page","status-publish","hentry"],"aioseo_notices":[],"_links":{"self":[{"href":"https:\/\/pagodenzelt.at\/sk\/wp-json\/wp\/v2\/pages\/6949"}],"collection":[{"href":"https:\/\/pagodenzelt.at\/sk\/wp-json\/wp\/v2\/pages"}],"about":[{"href":"https:\/\/pagodenzelt.at\/sk\/wp-json\/wp\/v2\/types\/page"}],"author":[{"embeddable":true,"href":"https:\/\/pagodenzelt.at\/sk\/wp-json\/wp\/v2\/users\/1"}],"replies":[{"embeddable":true,"href":"https:\/\/pagodenzelt.at\/sk\/wp-json\/wp\/v2\/comments?post=6949"}],"version-history":[{"count":2,"href":"https:\/\/pagodenzelt.at\/sk\/wp-json\/wp\/v2\/pages\/6949\/revisions"}],"predecessor-version":[{"id":6953,"href":"https:\/\/pagodenzelt.at\/sk\/wp-json\/wp\/v2\/pages\/6949\/revisions\/6953"}],"wp:attachment":[{"href":"https:\/\/pagodenzelt.at\/sk\/wp-json\/wp\/v2\/media?parent=6949"}],"curies":[{"name":"wp","href":"https:\/\/api.w.org\/{rel}","templated":true}]}}