{"id":7063,"date":"2023-10-30T20:01:35","date_gmt":"2023-10-30T20:01:35","guid":{"rendered":"https:\/\/pagodenzelt.at\/zasady-ochrany-osobnych-udajov-2\/"},"modified":"2025-04-17T08:32:13","modified_gmt":"2025-04-17T08:32:13","slug":"zasady-ochrany-osobnych-udajov-2","status":"publish","type":"page","link":"https:\/\/pagodenzelt.at\/sk\/zasady-ochrany-osobnych-udajov-2\/","title":{"rendered":"Z\u00e1sady ochrany osobn\u00fdch \u00fadajov"},"content":{"rendered":"\t\t<div data-elementor-type=\"wp-page\" data-elementor-id=\"7063\" class=\"elementor elementor-7063 elementor-4529\">\n\t\t\t\t<div class=\"elementor-element elementor-element-21184a8 e-flex e-con-boxed e-con e-parent\" data-id=\"21184a8\" data-element_type=\"container\" data-e-type=\"container\">\n\t\t\t\t\t<div class=\"e-con-inner\">\n\t\t\t\t<div class=\"elementor-element elementor-element-09e104d elementor-widget elementor-widget-image\" data-id=\"09e104d\" data-element_type=\"widget\" data-e-type=\"widget\" data-widget_type=\"image.default\">\n\t\t\t\t<div class=\"elementor-widget-container\">\n\t\t\t\t\t\t\t\t\t\t\t\t\t\t\t<img fetchpriority=\"high\" decoding=\"async\" width=\"1254\" height=\"350\" src=\"https:\/\/pagodenzelt.at\/wp-content\/uploads\/2023\/10\/Privacy-Policy-Security.jpg\" class=\"attachment-full size-full wp-image-5863\" alt=\"\" srcset=\"https:\/\/pagodenzelt.at\/wp-content\/uploads\/2023\/10\/Privacy-Policy-Security.jpg 1254w, https:\/\/pagodenzelt.at\/wp-content\/uploads\/2023\/10\/Privacy-Policy-Security-300x84.jpg 300w, https:\/\/pagodenzelt.at\/wp-content\/uploads\/2023\/10\/Privacy-Policy-Security-1024x286.jpg 1024w, https:\/\/pagodenzelt.at\/wp-content\/uploads\/2023\/10\/Privacy-Policy-Security-768x214.jpg 768w, https:\/\/pagodenzelt.at\/wp-content\/uploads\/2023\/10\/Privacy-Policy-Security-600x167.jpg 600w\" sizes=\"(max-width: 1254px) 100vw, 1254px\" \/>\t\t\t\t\t\t\t\t\t\t\t\t\t\t\t<\/div>\n\t\t\t\t<\/div>\n\t\t\t\t\t<\/div>\n\t\t\t\t<\/div>\n\t\t<div class=\"elementor-element elementor-element-fcd8000 e-flex e-con-boxed e-con e-parent\" data-id=\"fcd8000\" data-element_type=\"container\" data-e-type=\"container\">\n\t\t\t\t\t<div class=\"e-con-inner\">\n\t\t\t\t<div class=\"elementor-element elementor-element-90ab0f6 elementor-widget elementor-widget-text-editor\" data-id=\"90ab0f6\" data-element_type=\"widget\" data-e-type=\"widget\" data-widget_type=\"text-editor.default\">\n\t\t\t\t<div class=\"elementor-widget-container\">\n\t\t\t\t\t\t\t\t\t<h4 style=\"text-align: center;\">Politika bezpe\u010dnosti \u00fadajov \/ politika ochrany osobn\u00fdch \u00fadajov<\/h4>\n<p>My, spolo\u010dnos\u0165 Nicolas Pfeffer so s\u00eddlom Sch\u00fcttkastenhof 2, 7132 Frauenkirchen, prev\u00e1dzkujeme t\u00fato webov\u00fa str\u00e1nku pod dom\u00e9nou Pagodenzelt.at. Va\u0161e s\u00fakromie a ochrana va\u0161ich osobn\u00fdch \u00fadajov s\u00fa pre n\u00e1s mimoriadne d\u00f4le\u017eit\u00e9. Preto by sme chceli ni\u017e\u0161ie vysvetli\u0165, ako zhroma\u017e\u010fujeme, spracov\u00e1vame a chr\u00e1nime va\u0161e \u00fadaje.  <\/p>\n<h4>1. zodpovedn\u00fd org\u00e1n<\/h4>\n<p>Nicolas Pfeffer Sch\u00fcttkastenhof 2 7132 Frauenkirchen Kontakt: +43 660501002 E-mail: info@pagodenzelt.at<\/p>\n<h4><strong>2. zaznamenan\u00e9 \u00fadaje<\/strong><\/h4>\n<p>Zhroma\u017e\u010fujeme a sprac\u00favame osobn\u00e9 \u00fadaje, ktor\u00e9 n\u00e1m akt\u00edvne poskytnete, napr\u00edklad vyplnen\u00edm kontaktn\u00fdch formul\u00e1rov alebo pri objedn\u00e1van\u00ed produktov. Tieto \u00fadaje m\u00f4\u017eu zah\u0155\u0148a\u0165 va\u0161e meno, e-mailov\u00fa adresu, telef\u00f3nne \u010d\u00edslo a \u010fal\u0161ie relevantn\u00e9 inform\u00e1cie. <\/p>\n<p>Okrem toho automaticky zhroma\u017e\u010fujeme ur\u010dit\u00e9 \u00fadaje, ke\u010f nav\u0161t\u00edvite na\u0161e webov\u00e9 str\u00e1nky. Patr\u00ed sem va\u0161a IP adresa, typ prehliada\u010da, typ zariadenia, nav\u0161t\u00edven\u00e9 str\u00e1nky a \u010das pr\u00edstupu. Tieto inform\u00e1cie sa pou\u017e\u00edvaj\u00fa na zlep\u0161enie na\u0161ej webovej str\u00e1nky a anal\u00fdzu spr\u00e1vania pou\u017e\u00edvate\u013eov, ale nepou\u017e\u00edvaj\u00fa sa na identifik\u00e1ciu jednotliv\u00fdch os\u00f4b.  <\/p>\n<h4>3. pou\u017e\u00edvanie va\u0161ich \u00fadajov<\/h4>\n<p>Va\u0161e \u00fadaje pou\u017e\u00edvame na tieto \u00fa\u010dely:<\/p>\n<p>&#8211; odpoveda\u0165 na va\u0161e ot\u00e1zky a komunikova\u0165 s vami.<br \/>&#8211; Na spracovanie objedn\u00e1vok a dod\u00e1vok.<br \/>&#8211; Na zlep\u0161enie na\u0161ej webovej str\u00e1nky a na\u0161ich slu\u017eieb.<br \/>&#8211; Dodr\u017eiavanie z\u00e1konn\u00fdch povinnost\u00ed.<\/p>\n<h4>4. zverejnenie \u00fadajov<\/h4>\n<p>Va\u0161e \u00fadaje sa neposkytn\u00fa tret\u00edm stran\u00e1m, pokia\u013e to nie je nevyhnutn\u00e9 na splnenie na\u0161ich zmluvn\u00fdch povinnost\u00ed alebo na z\u00e1klade z\u00e1konn\u00fdch po\u017eiadaviek.<\/p>\n<h4>5. ukladanie va\u0161ich \u00fadajov<\/h4>\n<p>Va\u0161e \u00fadaje sa bud\u00fa uchov\u00e1va\u0165 len tak dlho, ako je to potrebn\u00e9 na vy\u0161\u0161ie uveden\u00e9 \u00fa\u010dely alebo ako to vy\u017eaduj\u00fa z\u00e1konn\u00e9 povinnosti uchov\u00e1vania.<\/p>\n<h4>6. va\u0161e pr\u00e1va<\/h4>\n<p>M\u00e1te pr\u00e1vo na inform\u00e1cie, opravu, vymazanie a obmedzenie spracovania va\u0161ich osobn\u00fdch \u00fadajov. M\u00f4\u017eete tie\u017e vznies\u0165 n\u00e1mietku proti spracovaniu va\u0161ich \u00fadajov. Ak chcete uplatni\u0165 svoje pr\u00e1va alebo ak m\u00e1te ak\u00e9ko\u013evek ot\u00e1zky t\u00fdkaj\u00face sa postupov ochrany \u00fadajov na na\u0161ej webovej lokalite, kontaktujte n\u00e1s prostredn\u00edctvom vy\u0161\u0161ie uveden\u00fdch kontaktn\u00fdch \u00fadajov.  <\/p>\n<h4>7. pr\u00e1vo na odvolanie<\/h4>\n<p>Ak sa domnievate, \u017ee boli poru\u0161en\u00e9 va\u0161e pr\u00e1va na ochranu \u00fadajov, m\u00e1te pr\u00e1vo poda\u0165 s\u0165a\u017enos\u0165 na \u00farad na ochranu \u00fadajov.<\/p>\n<h4>8. aktualiz\u00e1cie<\/h4>\n<p>Vyhradzujeme si pr\u00e1vo aktualizova\u0165 tieto z\u00e1sady ochrany osobn\u00fdch \u00fadajov pod\u013ea potreby. Pravidelne kontrolujte aktualiz\u00e1cie. <\/p>\n<p>Stav: 2. novembra 2023<\/p>\n<p>\u010eakujeme, \u017ee ste si pre\u010d\u00edtali na\u0161e z\u00e1sady ochrany osobn\u00fdch \u00fadajov. V\u00e1\u017eime si va\u0161u d\u00f4veru a urob\u00edme v\u0161etko, \u010do je v na\u0161ich sil\u00e1ch, aby sme s va\u0161imi \u00fadajmi zaobch\u00e1dzali s maxim\u00e1lnou starostlivos\u0165ou. <\/p>\n\t\t\t\t\t\t\t\t<\/div>\n\t\t\t\t<\/div>\n\t\t\t\t\t<\/div>\n\t\t\t\t<\/div>\n\t\t\t\t<\/div>\n\t\t","protected":false},"excerpt":{"rendered":"<p>Politika bezpe\u010dnosti \u00fadajov \/ politika ochrany osobn\u00fdch \u00fadajov My, spolo\u010dnos\u0165 Nicolas Pfeffer so s\u00eddlom Sch\u00fcttkastenhof 2, 7132 Frauenkirchen, prev\u00e1dzkujeme t\u00fato webov\u00fa str\u00e1nku pod dom\u00e9nou Pagodenzelt.at. Va\u0161e s\u00fakromie a ochrana va\u0161ich osobn\u00fdch \u00fadajov s\u00fa pre n\u00e1s mimoriadne d\u00f4le\u017eit\u00e9. Preto by sme chceli ni\u017e\u0161ie vysvetli\u0165, ako zhroma\u017e\u010fujeme, spracov\u00e1vame a chr\u00e1nime va\u0161e \u00fadaje. 1. zodpovedn\u00fd org\u00e1n Nicolas Pfeffer [&hellip;]<\/p>\n","protected":false},"author":1,"featured_media":0,"parent":0,"menu_order":0,"comment_status":"closed","ping_status":"closed","template":"","meta":{"om_disable_all_campaigns":false,"_monsterinsights_skip_tracking":false,"_monsterinsights_sitenote_active":false,"_monsterinsights_sitenote_note":"","_monsterinsights_sitenote_category":0,"site-sidebar-layout":"no-sidebar","site-content-layout":"page-builder","ast-site-content-layout":"full-width-container","site-content-style":"unboxed","site-sidebar-style":"unboxed","ast-global-header-display":"","ast-banner-title-visibility":"","ast-main-header-display":"","ast-hfb-above-header-display":"","ast-hfb-below-header-display":"","ast-hfb-mobile-header-display":"","site-post-title":"disabled","ast-breadcrumbs-content":"","ast-featured-img":"disabled","footer-sml-layout":"","ast-disable-related-posts":"","theme-transparent-header-meta":"","adv-header-id-meta":"","stick-header-meta":"","header-above-stick-meta":"","header-main-stick-meta":"","header-below-stick-meta":"","astra-migrate-meta-layouts":"default","ast-page-background-enabled":"default","ast-page-background-meta":{"desktop":{"background-color":"","background-image":"","background-repeat":"repeat","background-position":"center center","background-size":"auto","background-attachment":"scroll","background-type":"","background-media":"","overlay-type":"","overlay-color":"","overlay-opacity":"","overlay-gradient":""},"tablet":{"background-color":"","background-image":"","background-repeat":"repeat","background-position":"center center","background-size":"auto","background-attachment":"scroll","background-type":"","background-media":"","overlay-type":"","overlay-color":"","overlay-opacity":"","overlay-gradient":""},"mobile":{"background-color":"","background-image":"","background-repeat":"repeat","background-position":"center center","background-size":"auto","background-attachment":"scroll","background-type":"","background-media":"","overlay-type":"","overlay-color":"","overlay-opacity":"","overlay-gradient":""}},"ast-content-background-meta":{"desktop":{"background-color":"var(--ast-global-color-5)","background-image":"","background-repeat":"repeat","background-position":"center center","background-size":"auto","background-attachment":"scroll","background-type":"","background-media":"","overlay-type":"","overlay-color":"","overlay-opacity":"","overlay-gradient":""},"tablet":{"background-color":"var(--ast-global-color-5)","background-image":"","background-repeat":"repeat","background-position":"center center","background-size":"auto","background-attachment":"scroll","background-type":"","background-media":"","overlay-type":"","overlay-color":"","overlay-opacity":"","overlay-gradient":""},"mobile":{"background-color":"var(--ast-global-color-5)","background-image":"","background-repeat":"repeat","background-position":"center center","background-size":"auto","background-attachment":"scroll","background-type":"","background-media":"","overlay-type":"","overlay-color":"","overlay-opacity":"","overlay-gradient":""}},"footnotes":""},"class_list":["post-7063","page","type-page","status-publish","hentry"],"aioseo_notices":[],"_links":{"self":[{"href":"https:\/\/pagodenzelt.at\/sk\/wp-json\/wp\/v2\/pages\/7063"}],"collection":[{"href":"https:\/\/pagodenzelt.at\/sk\/wp-json\/wp\/v2\/pages"}],"about":[{"href":"https:\/\/pagodenzelt.at\/sk\/wp-json\/wp\/v2\/types\/page"}],"author":[{"embeddable":true,"href":"https:\/\/pagodenzelt.at\/sk\/wp-json\/wp\/v2\/users\/1"}],"replies":[{"embeddable":true,"href":"https:\/\/pagodenzelt.at\/sk\/wp-json\/wp\/v2\/comments?post=7063"}],"version-history":[{"count":4,"href":"https:\/\/pagodenzelt.at\/sk\/wp-json\/wp\/v2\/pages\/7063\/revisions"}],"predecessor-version":[{"id":7762,"href":"https:\/\/pagodenzelt.at\/sk\/wp-json\/wp\/v2\/pages\/7063\/revisions\/7762"}],"wp:attachment":[{"href":"https:\/\/pagodenzelt.at\/sk\/wp-json\/wp\/v2\/media?parent=7063"}],"curies":[{"name":"wp","href":"https:\/\/api.w.org\/{rel}","templated":true}]}}