{"id":7146,"date":"2023-10-27T18:23:44","date_gmt":"2023-10-27T18:23:44","guid":{"rendered":"https:\/\/pagodenzelt.at\/o-nas\/"},"modified":"2025-04-17T08:32:10","modified_gmt":"2025-04-17T08:32:10","slug":"o-nas","status":"publish","type":"page","link":"https:\/\/pagodenzelt.at\/sk\/o-nas\/","title":{"rendered":"O n\u00e1s"},"content":{"rendered":"\t\t<div data-elementor-type=\"wp-page\" data-elementor-id=\"7146\" class=\"elementor elementor-7146 elementor-35\">\n\t\t\t\t<div class=\"elementor-element elementor-element-d3165ce e-flex e-con-boxed e-con e-parent\" data-id=\"d3165ce\" data-element_type=\"container\" data-e-type=\"container\">\n\t\t\t\t\t<div class=\"e-con-inner\">\n\t\t<div class=\"elementor-element elementor-element-d2cbbf1 e-con-full e-flex elementor-invisible e-con e-child\" data-id=\"d2cbbf1\" data-element_type=\"container\" data-e-type=\"container\" data-settings=\"{&quot;animation&quot;:&quot;fadeInRight&quot;}\">\n\t\t\t\t<div class=\"elementor-element elementor-element-73f9ed4 elementor-widget elementor-widget-text-editor\" data-id=\"73f9ed4\" data-element_type=\"widget\" data-e-type=\"widget\" data-widget_type=\"text-editor.default\">\n\t\t\t\t<div class=\"elementor-widget-container\">\n\t\t\t\t\t\t\t\t\t<h3 style=\"padding-top: 30px;\">NA\u0160E <span style=\"color: #d60404;\">POSLANIE<\/span><\/h3>\nSme najlep\u0161\u00edm poskytovate\u013eom pagoda stanov v Rak\u00fasku. Na\u0161e stany zabezpe\u010dia bezpe\u010dnos\u0165 v\u00e1\u0161ho podujatia. Ako organiz\u00e1tori vlastn\u00fdch podujat\u00ed na \u0161pi\u010dkovej medzin\u00e1rodnej \u00farovni ve\u013emi dobre pozn\u00e1me v\u00fdzvy, ktor\u00e9 prin\u00e1\u0161a vietor, po\u010dasie a hor\u00fa\u010davy.    \n\nNev\u00e1hajte n\u00e1s kontaktova\u0165.  <a href=\"https:\/\/pagodenzelt.at\/sk\/kontaktujte-nas\/\" rel=\"noopener\" target=\"_blank\" style=\"color:red\">Kontaktujte n\u00e1s teraz<\/a>\n<h3>PFEFFER \u0160PORT A PODUJATIA<\/h3>\nS na\u0161ou spolo\u010dnos\u0165ou pre podujatia organizujeme ka\u017edoro\u010dne v Rak\u00fasku mno\u017estvo \u0161portov\u00fdch podujat\u00ed s najvy\u0161\u0161\u00edm trendom. Osobitne sa venujeme propag\u00e1cii okrajov\u00fdch \u0161portov. Organizovali sme napr\u00edklad turnaj Eur\u00f3pskej ligy vo Footvolley, turnaj n\u00e1rodov v BeachSocceri, profesion\u00e1lny poz\u00fdvac\u00ed turnaj v Teqballe a mnoho \u010fal\u0161\u00edch podujat\u00ed. Uvedomili sme si potrebu bezpe\u010dn\u00e9ho zastre\u0161enia so stanmi pre v\u0161etky podujatia a teraz by sme ho chceli poskytn\u00fa\u0165 aj in\u00fdm organiz\u00e1torom. \u010ci u\u017e m\u00e1te z\u00e1ujem o k\u00fapu alebo pren\u00e1jom, kontaktujte n\u00e1s.      <a href=\"https:\/\/pagodenzelt.at\/sk\/kontaktujte-nas\/\" rel=\"noopener\" target=\"_blank\" style=\"color:red\">Sp\u00fdtajte sa teraz<\/a>\t\t\t\t\t\t\t\t<\/div>\n\t\t\t\t<\/div>\n\t\t\t\t<\/div>\n\t\t<div class=\"elementor-element elementor-element-05f3fe0 e-con-full e-flex elementor-invisible e-con e-child\" data-id=\"05f3fe0\" data-element_type=\"container\" data-e-type=\"container\" data-settings=\"{&quot;animation&quot;:&quot;fadeInLeft&quot;}\">\n\t\t\t\t<div class=\"elementor-element elementor-element-fd07191 elementor-widget elementor-widget-image\" data-id=\"fd07191\" data-element_type=\"widget\" data-e-type=\"widget\" data-widget_type=\"image.default\">\n\t\t\t\t<div class=\"elementor-widget-container\">\n\t\t\t\t\t\t\t\t\t\t\t\t\t\t\t<img fetchpriority=\"high\" decoding=\"async\" width=\"677\" height=\"1024\" src=\"https:\/\/pagodenzelt.at\/wp-content\/uploads\/2023\/11\/WhatsApp-Image-2023-11-13-at-17.21.48-677x1024.jpeg\" class=\"attachment-large size-large wp-image-6105\" alt=\"\" srcset=\"https:\/\/pagodenzelt.at\/wp-content\/uploads\/2023\/11\/WhatsApp-Image-2023-11-13-at-17.21.48-677x1024.jpeg 677w, https:\/\/pagodenzelt.at\/wp-content\/uploads\/2023\/11\/WhatsApp-Image-2023-11-13-at-17.21.48-198x300.jpeg 198w, https:\/\/pagodenzelt.at\/wp-content\/uploads\/2023\/11\/WhatsApp-Image-2023-11-13-at-17.21.48-600x908.jpeg 600w, https:\/\/pagodenzelt.at\/wp-content\/uploads\/2023\/11\/WhatsApp-Image-2023-11-13-at-17.21.48.jpeg 714w\" sizes=\"(max-width: 677px) 100vw, 677px\" \/>\t\t\t\t\t\t\t\t\t\t\t\t\t\t\t<\/div>\n\t\t\t\t<\/div>\n\t\t\t\t<\/div>\n\t\t\t\t\t<\/div>\n\t\t\t\t<\/div>\n\t\t\t\t<\/div>\n\t\t","protected":false},"excerpt":{"rendered":"<p>NA\u0160E POSLANIE Sme najlep\u0161\u00edm poskytovate\u013eom pagoda stanov v Rak\u00fasku. Na\u0161e stany zabezpe\u010dia bezpe\u010dnos\u0165 v\u00e1\u0161ho podujatia. Ako organiz\u00e1tori vlastn\u00fdch podujat\u00ed na \u0161pi\u010dkovej medzin\u00e1rodnej \u00farovni ve\u013emi dobre pozn\u00e1me v\u00fdzvy, ktor\u00e9 prin\u00e1\u0161a vietor, po\u010dasie a hor\u00fa\u010davy. Nev\u00e1hajte n\u00e1s kontaktova\u0165. Kontaktujte n\u00e1s teraz PFEFFER \u0160PORT A PODUJATIA S na\u0161ou spolo\u010dnos\u0165ou pre podujatia organizujeme ka\u017edoro\u010dne v Rak\u00fasku mno\u017estvo \u0161portov\u00fdch podujat\u00ed [&hellip;]<\/p>\n","protected":false},"author":1,"featured_media":0,"parent":0,"menu_order":0,"comment_status":"closed","ping_status":"closed","template":"","meta":{"om_disable_all_campaigns":false,"_monsterinsights_skip_tracking":false,"_monsterinsights_sitenote_active":false,"_monsterinsights_sitenote_note":"","_monsterinsights_sitenote_category":0,"site-sidebar-layout":"no-sidebar","site-content-layout":"page-builder","ast-site-content-layout":"full-width-container","site-content-style":"unboxed","site-sidebar-style":"unboxed","ast-global-header-display":"","ast-banner-title-visibility":"","ast-main-header-display":"","ast-hfb-above-header-display":"","ast-hfb-below-header-display":"","ast-hfb-mobile-header-display":"","site-post-title":"disabled","ast-breadcrumbs-content":"","ast-featured-img":"disabled","footer-sml-layout":"","ast-disable-related-posts":"","theme-transparent-header-meta":"","adv-header-id-meta":"","stick-header-meta":"","header-above-stick-meta":"","header-main-stick-meta":"","header-below-stick-meta":"","astra-migrate-meta-layouts":"default","ast-page-background-enabled":"default","ast-page-background-meta":{"desktop":{"background-color":"","background-image":"","background-repeat":"repeat","background-position":"center center","background-size":"auto","background-attachment":"scroll","background-type":"","background-media":"","overlay-type":"","overlay-color":"","overlay-opacity":"","overlay-gradient":""},"tablet":{"background-color":"","background-image":"","background-repeat":"repeat","background-position":"center center","background-size":"auto","background-attachment":"scroll","background-type":"","background-media":"","overlay-type":"","overlay-color":"","overlay-opacity":"","overlay-gradient":""},"mobile":{"background-color":"","background-image":"","background-repeat":"repeat","background-position":"center center","background-size":"auto","background-attachment":"scroll","background-type":"","background-media":"","overlay-type":"","overlay-color":"","overlay-opacity":"","overlay-gradient":""}},"ast-content-background-meta":{"desktop":{"background-color":"var(--ast-global-color-5)","background-image":"","background-repeat":"repeat","background-position":"center center","background-size":"auto","background-attachment":"scroll","background-type":"","background-media":"","overlay-type":"","overlay-color":"","overlay-opacity":"","overlay-gradient":""},"tablet":{"background-color":"var(--ast-global-color-5)","background-image":"","background-repeat":"repeat","background-position":"center center","background-size":"auto","background-attachment":"scroll","background-type":"","background-media":"","overlay-type":"","overlay-color":"","overlay-opacity":"","overlay-gradient":""},"mobile":{"background-color":"var(--ast-global-color-5)","background-image":"","background-repeat":"repeat","background-position":"center center","background-size":"auto","background-attachment":"scroll","background-type":"","background-media":"","overlay-type":"","overlay-color":"","overlay-opacity":"","overlay-gradient":""}},"footnotes":""},"class_list":["post-7146","page","type-page","status-publish","hentry"],"aioseo_notices":[],"_links":{"self":[{"href":"https:\/\/pagodenzelt.at\/sk\/wp-json\/wp\/v2\/pages\/7146"}],"collection":[{"href":"https:\/\/pagodenzelt.at\/sk\/wp-json\/wp\/v2\/pages"}],"about":[{"href":"https:\/\/pagodenzelt.at\/sk\/wp-json\/wp\/v2\/types\/page"}],"author":[{"embeddable":true,"href":"https:\/\/pagodenzelt.at\/sk\/wp-json\/wp\/v2\/users\/1"}],"replies":[{"embeddable":true,"href":"https:\/\/pagodenzelt.at\/sk\/wp-json\/wp\/v2\/comments?post=7146"}],"version-history":[{"count":7,"href":"https:\/\/pagodenzelt.at\/sk\/wp-json\/wp\/v2\/pages\/7146\/revisions"}],"predecessor-version":[{"id":7760,"href":"https:\/\/pagodenzelt.at\/sk\/wp-json\/wp\/v2\/pages\/7146\/revisions\/7760"}],"wp:attachment":[{"href":"https:\/\/pagodenzelt.at\/sk\/wp-json\/wp\/v2\/media?parent=7146"}],"curies":[{"name":"wp","href":"https:\/\/api.w.org\/{rel}","templated":true}]}}