{"id":6387,"date":"2023-11-16T23:47:04","date_gmt":"2023-11-16T23:47:04","guid":{"rendered":"https:\/\/pagodenzelt.at\/product\/stan-pagoda-5x5m\/"},"modified":"2025-04-17T08:31:20","modified_gmt":"2025-04-17T08:31:20","slug":"stan-pagoda-5x5m","status":"publish","type":"product","link":"https:\/\/pagodenzelt.at\/sk\/product\/stan-pagoda-5x5m\/","title":{"rendered":"Stan Pagoda 5X5m"},"content":{"rendered":"<p>Objavte n\u00e1\u0161 v\u0161estrann\u00fd stan pagoda 5&#215;5 m &#8211; ide\u00e1lne rie\u0161enie pre takmer ka\u017ed\u00fa pr\u00edle\u017eitos\u0165! Tento stan zaujme svojou pozoruhodnou stabilitou, v\u010faka ktorej dok\u00e1\u017ee odol\u00e1va\u0165 pr\u00edrodn\u00fdm \u017eivlom a spo\u013eahlivo ochr\u00e1ni va\u0161u udalos\u0165. Okrem toho jeho elegantn\u00fd vzh\u013ead dod\u00e1 va\u0161ej udalosti sofistikovan\u00fa atmosf\u00e9ru. \u010ci u\u017e ide o trhy, ve\u013etrhy, oslavy alebo in\u00e9 \u00fa\u010dely, tento pagodov\u00fd stan pon\u00faka dokonal\u00fa kombin\u00e1ciu \u0161t\u00fdlu a pevnosti. Vyu\u017eite pr\u00edle\u017eitos\u0165 a zak\u00fapte si tento prvotriedny pagoda stan s rozmermi 5&#215;5 m e\u0161te dnes, aby ste svoje podujatia posunuli na vy\u0161\u0161iu \u00farove\u0148!<\/p>\n","protected":false},"excerpt":{"rendered":"<p>Objavte n\u00e1\u0161 v\u0161estrann\u00fd stan pagoda 5&#215;5 m &#8211; ide\u00e1lne rie\u0161enie pre takmer ka\u017ed\u00fa pr\u00edle\u017eitos\u0165! Tento stan zaujme svojou pozoruhodnou stabilitou, v\u010faka ktorej dok\u00e1\u017ee odol\u00e1va\u0165 pr\u00edrodn\u00fdm \u017eivlom a spo\u013eahlivo ochr\u00e1ni va\u0161u udalos\u0165. Okrem toho jeho elegantn\u00fd vzh\u013ead dod\u00e1 va\u0161ej udalosti sofistikovan\u00fa atmosf\u00e9ru. \u010ci u\u017e ide o trhy, ve\u013etrhy, oslavy alebo in\u00e9 \u00fa\u010dely, tento pagodov\u00fd stan pon\u00faka [&hellip;]<\/p>\n","protected":false},"featured_media":5709,"template":"","meta":{"om_disable_all_campaigns":false,"_monsterinsights_skip_tracking":false,"_monsterinsights_sitenote_active":false,"_monsterinsights_sitenote_note":"","_monsterinsights_sitenote_category":0,"site-sidebar-layout":"default","site-content-layout":"","ast-site-content-layout":"default","site-content-style":"default","site-sidebar-style":"default","ast-global-header-display":"","ast-banner-title-visibility":"","ast-main-header-display":"","ast-hfb-above-header-display":"","ast-hfb-below-header-display":"","ast-hfb-mobile-header-display":"","site-post-title":"","ast-breadcrumbs-content":"","ast-featured-img":"","footer-sml-layout":"","ast-disable-related-posts":"","theme-transparent-header-meta":"default","adv-header-id-meta":"","stick-header-meta":"","header-above-stick-meta":"","header-main-stick-meta":"","header-below-stick-meta":"","astra-migrate-meta-layouts":"default","ast-page-background-enabled":"default","ast-page-background-meta":{"desktop":{"background-color":"","background-image":"","background-repeat":"repeat","background-position":"center center","background-size":"auto","background-attachment":"scroll","background-type":"","background-media":"","overlay-type":"","overlay-color":"","overlay-opacity":"","overlay-gradient":""},"tablet":{"background-color":"","background-image":"","background-repeat":"repeat","background-position":"center center","background-size":"auto","background-attachment":"scroll","background-type":"","background-media":"","overlay-type":"","overlay-color":"","overlay-opacity":"","overlay-gradient":""},"mobile":{"background-color":"","background-image":"","background-repeat":"repeat","background-position":"center center","background-size":"auto","background-attachment":"scroll","background-type":"","background-media":"","overlay-type":"","overlay-color":"","overlay-opacity":"","overlay-gradient":""}},"ast-content-background-meta":{"desktop":{"background-color":"var(--ast-global-color-5)","background-image":"","background-repeat":"repeat","background-position":"center center","background-size":"auto","background-attachment":"scroll","background-type":"","background-media":"","overlay-type":"","overlay-color":"","overlay-opacity":"","overlay-gradient":""},"tablet":{"background-color":"var(--ast-global-color-5)","background-image":"","background-repeat":"repeat","background-position":"center center","background-size":"auto","background-attachment":"scroll","background-type":"","background-media":"","overlay-type":"","overlay-color":"","overlay-opacity":"","overlay-gradient":""},"mobile":{"background-color":"var(--ast-global-color-5)","background-image":"","background-repeat":"repeat","background-position":"center center","background-size":"auto","background-attachment":"scroll","background-type":"","background-media":"","overlay-type":"","overlay-color":"","overlay-opacity":"","overlay-gradient":""}}},"product_brand":[],"product_cat":[146],"product_tag":[147,148,149],"class_list":{"0":"post-6387","1":"product","2":"type-product","3":"status-publish","4":"has-post-thumbnail","6":"product_cat-stan-pagoda-sk","7":"product_tag-pagoda-sk","8":"product_tag-pagodatent-sk","9":"product_tag-stan-pagoda-sk","10":"desktop-align-left","11":"tablet-align-left","12":"mobile-align-left","14":"first","15":"instock","16":"featured","17":"shipping-taxable","18":"purchasable","19":"product-type-simple"},"aioseo_notices":[],"_links":{"self":[{"href":"https:\/\/pagodenzelt.at\/sk\/wp-json\/wp\/v2\/product\/6387"}],"collection":[{"href":"https:\/\/pagodenzelt.at\/sk\/wp-json\/wp\/v2\/product"}],"about":[{"href":"https:\/\/pagodenzelt.at\/sk\/wp-json\/wp\/v2\/types\/product"}],"version-history":[{"count":2,"href":"https:\/\/pagodenzelt.at\/sk\/wp-json\/wp\/v2\/product\/6387\/revisions"}],"predecessor-version":[{"id":7742,"href":"https:\/\/pagodenzelt.at\/sk\/wp-json\/wp\/v2\/product\/6387\/revisions\/7742"}],"wp:featuredmedia":[{"embeddable":true,"href":"https:\/\/pagodenzelt.at\/sk\/wp-json\/wp\/v2\/media\/5709"}],"wp:attachment":[{"href":"https:\/\/pagodenzelt.at\/sk\/wp-json\/wp\/v2\/media?parent=6387"}],"wp:term":[{"taxonomy":"product_brand","embeddable":true,"href":"https:\/\/pagodenzelt.at\/sk\/wp-json\/wp\/v2\/product_brand?post=6387"},{"taxonomy":"product_cat","embeddable":true,"href":"https:\/\/pagodenzelt.at\/sk\/wp-json\/wp\/v2\/product_cat?post=6387"},{"taxonomy":"product_tag","embeddable":true,"href":"https:\/\/pagodenzelt.at\/sk\/wp-json\/wp\/v2\/product_tag?post=6387"}],"curies":[{"name":"wp","href":"https:\/\/api.w.org\/{rel}","templated":true}]}}