{"id":7239,"date":"2023-12-11T20:27:45","date_gmt":"2023-12-11T20:27:45","guid":{"rendered":"https:\/\/pagodenzelt.at\/product\/znackovy-nafukovaci-stan\/"},"modified":"2025-04-17T08:28:56","modified_gmt":"2025-04-17T08:28:56","slug":"znackovy-nafukovaci-stan","status":"publish","type":"product","link":"https:\/\/pagodenzelt.at\/sk\/product\/znackovy-nafukovaci-stan\/","title":{"rendered":"Zna\u010dkov\u00fd nafukovac\u00ed stan"},"content":{"rendered":"<p>N\u00e1\u0161 pneumatick\u00fd nafukovac\u00ed stan je ide\u00e1lny ako \u013eahk\u00fd reklamn\u00fd prostriedok pre va\u0161e podujatie. Jeho postavenie trv\u00e1 len nieko\u013eko min\u00fat a v z\u00e1vislosti od ve\u013ekosti ho m\u00f4\u017ee postavi\u0165 jedna alebo dve osoby. K na\u0161im stanom pon\u00fakame mno\u017estvo doplnkov, ako napr\u00edklad pr\u00edstre\u0161ky  <\/p>\n<p>Ak sa chcete o v\u00fdrobku dozvedie\u0165 viac, <a style=\"color: #d60404; font-size: 18px;\" href=\"https:\/\/pagodenzelt.at\/aufblasbares-zelt-gebrandet\/\">kliknite sem<\/a><\/p>\n","protected":false},"excerpt":{"rendered":"<p>N\u00e1\u0161 pneumatick\u00fd nafukovac\u00ed stan je ide\u00e1lny ako \u013eahk\u00fd reklamn\u00fd prostriedok pre va\u0161e podujatie. Jeho postavenie trv\u00e1 len nieko\u013eko min\u00fat a v z\u00e1vislosti od ve\u013ekosti ho m\u00f4\u017ee postavi\u0165 jedna alebo dve osoby. K na\u0161im stanom pon\u00fakame mno\u017estvo doplnkov, ako napr\u00edklad pr\u00edstre\u0161ky  <\/p>\n<p>Ak sa chcete o v\u00fdrobku dozvedie\u0165 viac, <a style=\"color: #d60404; font-size: 18px;\" href=\"https:\/\/pagodenzelt.at\/aufblasbares-zelt-gebrandet\/\">kliknite sem<\/a><\/p>\n","protected":false},"featured_media":6303,"template":"","meta":{"om_disable_all_campaigns":false,"_monsterinsights_skip_tracking":false,"_monsterinsights_sitenote_active":false,"_monsterinsights_sitenote_note":"","_monsterinsights_sitenote_category":0,"site-sidebar-layout":"default","site-content-layout":"","ast-site-content-layout":"default","site-content-style":"default","site-sidebar-style":"default","ast-global-header-display":"","ast-banner-title-visibility":"","ast-main-header-display":"","ast-hfb-above-header-display":"","ast-hfb-below-header-display":"","ast-hfb-mobile-header-display":"","site-post-title":"","ast-breadcrumbs-content":"","ast-featured-img":"","footer-sml-layout":"","ast-disable-related-posts":"","theme-transparent-header-meta":"default","adv-header-id-meta":"","stick-header-meta":"","header-above-stick-meta":"","header-main-stick-meta":"","header-below-stick-meta":"","astra-migrate-meta-layouts":"default","ast-page-background-enabled":"default","ast-page-background-meta":{"desktop":{"background-color":"","background-image":"","background-repeat":"repeat","background-position":"center center","background-size":"auto","background-attachment":"scroll","background-type":"","background-media":"","overlay-type":"","overlay-color":"","overlay-opacity":"","overlay-gradient":""},"tablet":{"background-color":"","background-image":"","background-repeat":"repeat","background-position":"center center","background-size":"auto","background-attachment":"scroll","background-type":"","background-media":"","overlay-type":"","overlay-color":"","overlay-opacity":"","overlay-gradient":""},"mobile":{"background-color":"","background-image":"","background-repeat":"repeat","background-position":"center center","background-size":"auto","background-attachment":"scroll","background-type":"","background-media":"","overlay-type":"","overlay-color":"","overlay-opacity":"","overlay-gradient":""}},"ast-content-background-meta":{"desktop":{"background-color":"var(--ast-global-color-5)","background-image":"","background-repeat":"repeat","background-position":"center center","background-size":"auto","background-attachment":"scroll","background-type":"","background-media":"","overlay-type":"","overlay-color":"","overlay-opacity":"","overlay-gradient":""},"tablet":{"background-color":"var(--ast-global-color-5)","background-image":"","background-repeat":"repeat","background-position":"center center","background-size":"auto","background-attachment":"scroll","background-type":"","background-media":"","overlay-type":"","overlay-color":"","overlay-opacity":"","overlay-gradient":""},"mobile":{"background-color":"var(--ast-global-color-5)","background-image":"","background-repeat":"repeat","background-position":"center center","background-size":"auto","background-attachment":"scroll","background-type":"","background-media":"","overlay-type":"","overlay-color":"","overlay-opacity":"","overlay-gradient":""}}},"product_brand":[],"product_cat":[146],"product_tag":[148,149],"class_list":{"0":"post-7239","1":"product","2":"type-product","3":"status-publish","4":"has-post-thumbnail","6":"product_cat-stan-pagoda-sk","7":"product_tag-pagodatent-sk","8":"product_tag-stan-pagoda-sk","9":"desktop-align-left","10":"tablet-align-left","11":"mobile-align-left","13":"first","14":"instock","15":"shipping-taxable","16":"product-type-simple"},"aioseo_notices":[],"_links":{"self":[{"href":"https:\/\/pagodenzelt.at\/sk\/wp-json\/wp\/v2\/product\/7239"}],"collection":[{"href":"https:\/\/pagodenzelt.at\/sk\/wp-json\/wp\/v2\/product"}],"about":[{"href":"https:\/\/pagodenzelt.at\/sk\/wp-json\/wp\/v2\/types\/product"}],"version-history":[{"count":2,"href":"https:\/\/pagodenzelt.at\/sk\/wp-json\/wp\/v2\/product\/7239\/revisions"}],"predecessor-version":[{"id":7716,"href":"https:\/\/pagodenzelt.at\/sk\/wp-json\/wp\/v2\/product\/7239\/revisions\/7716"}],"wp:featuredmedia":[{"embeddable":true,"href":"https:\/\/pagodenzelt.at\/sk\/wp-json\/wp\/v2\/media\/6303"}],"wp:attachment":[{"href":"https:\/\/pagodenzelt.at\/sk\/wp-json\/wp\/v2\/media?parent=7239"}],"wp:term":[{"taxonomy":"product_brand","embeddable":true,"href":"https:\/\/pagodenzelt.at\/sk\/wp-json\/wp\/v2\/product_brand?post=7239"},{"taxonomy":"product_cat","embeddable":true,"href":"https:\/\/pagodenzelt.at\/sk\/wp-json\/wp\/v2\/product_cat?post=7239"},{"taxonomy":"product_tag","embeddable":true,"href":"https:\/\/pagodenzelt.at\/sk\/wp-json\/wp\/v2\/product_tag?post=7239"}],"curies":[{"name":"wp","href":"https:\/\/api.w.org\/{rel}","templated":true}]}}