{"id":6743,"date":"2023-12-11T20:05:58","date_gmt":"2023-12-11T20:05:58","guid":{"rendered":"https:\/\/pagodenzelt.at\/napihljiv-sotor-z-blagovno-znamko\/"},"modified":"2025-04-17T08:50:43","modified_gmt":"2025-04-17T08:50:43","slug":"napihljiv-sotor-z-blagovno-znamko","status":"publish","type":"page","link":"https:\/\/pagodenzelt.at\/sl\/napihljiv-sotor-z-blagovno-znamko\/","title":{"rendered":"Napihljiv \u0161otor z blagovno znamko"},"content":{"rendered":"\t\t<div data-elementor-type=\"wp-page\" data-elementor-id=\"6743\" class=\"elementor elementor-6743 elementor-5274\">\n\t\t\t\t<div class=\"elementor-element elementor-element-b22b73d e-flex e-con-boxed e-con e-parent\" data-id=\"b22b73d\" data-element_type=\"container\" data-e-type=\"container\">\n\t\t\t\t\t<div class=\"e-con-inner\">\n\t\t<div class=\"elementor-element elementor-element-f0aefd1 e-con-full e-flex e-con e-child\" data-id=\"f0aefd1\" data-element_type=\"container\" data-e-type=\"container\">\n\t\t\t\t<div class=\"elementor-element elementor-element-f53098a elementor-widget elementor-widget-image\" data-id=\"f53098a\" data-element_type=\"widget\" data-e-type=\"widget\" data-widget_type=\"image.default\">\n\t\t\t\t<div class=\"elementor-widget-container\">\n\t\t\t\t\t\t\t\t\t\t\t\t\t\t\t<img fetchpriority=\"high\" decoding=\"async\" width=\"1024\" height=\"634\" src=\"https:\/\/pagodenzelt.at\/wp-content\/uploads\/2023\/12\/WhatsApp-Image-2023-12-11-at-20.59.34-1024x634.jpeg\" class=\"attachment-large size-large wp-image-6304\" alt=\"\" srcset=\"https:\/\/pagodenzelt.at\/wp-content\/uploads\/2023\/12\/WhatsApp-Image-2023-12-11-at-20.59.34-1024x634.jpeg 1024w, https:\/\/pagodenzelt.at\/wp-content\/uploads\/2023\/12\/WhatsApp-Image-2023-12-11-at-20.59.34-300x186.jpeg 300w, https:\/\/pagodenzelt.at\/wp-content\/uploads\/2023\/12\/WhatsApp-Image-2023-12-11-at-20.59.34-768x476.jpeg 768w, https:\/\/pagodenzelt.at\/wp-content\/uploads\/2023\/12\/WhatsApp-Image-2023-12-11-at-20.59.34-600x372.jpeg 600w, https:\/\/pagodenzelt.at\/wp-content\/uploads\/2023\/12\/WhatsApp-Image-2023-12-11-at-20.59.34.jpeg 1080w\" sizes=\"(max-width: 1024px) 100vw, 1024px\" \/>\t\t\t\t\t\t\t\t\t\t\t\t\t\t\t<\/div>\n\t\t\t\t<\/div>\n\t\t\t\t<div class=\"elementor-element elementor-element-e7a2433 elementor-widget elementor-widget-image\" data-id=\"e7a2433\" data-element_type=\"widget\" data-e-type=\"widget\" data-widget_type=\"image.default\">\n\t\t\t\t<div class=\"elementor-widget-container\">\n\t\t\t\t\t\t\t\t\t\t\t\t\t\t\t<img decoding=\"async\" width=\"1000\" height=\"1000\" src=\"https:\/\/pagodenzelt.at\/wp-content\/uploads\/2023\/12\/WhatsApp-Image-2023-12-11-at-20.33.44.jpeg\" class=\"attachment-large size-large wp-image-6260\" alt=\"\" srcset=\"https:\/\/pagodenzelt.at\/wp-content\/uploads\/2023\/12\/WhatsApp-Image-2023-12-11-at-20.33.44.jpeg 1000w, https:\/\/pagodenzelt.at\/wp-content\/uploads\/2023\/12\/WhatsApp-Image-2023-12-11-at-20.33.44-300x300.jpeg 300w, https:\/\/pagodenzelt.at\/wp-content\/uploads\/2023\/12\/WhatsApp-Image-2023-12-11-at-20.33.44-150x150.jpeg 150w, https:\/\/pagodenzelt.at\/wp-content\/uploads\/2023\/12\/WhatsApp-Image-2023-12-11-at-20.33.44-768x768.jpeg 768w, https:\/\/pagodenzelt.at\/wp-content\/uploads\/2023\/12\/WhatsApp-Image-2023-12-11-at-20.33.44-600x600.jpeg 600w, https:\/\/pagodenzelt.at\/wp-content\/uploads\/2023\/12\/WhatsApp-Image-2023-12-11-at-20.33.44-100x100.jpeg 100w\" sizes=\"(max-width: 1000px) 100vw, 1000px\" \/>\t\t\t\t\t\t\t\t\t\t\t\t\t\t\t<\/div>\n\t\t\t\t<\/div>\n\t\t\t\t<div class=\"elementor-element elementor-element-35e588a elementor-widget elementor-widget-image\" data-id=\"35e588a\" data-element_type=\"widget\" data-e-type=\"widget\" data-widget_type=\"image.default\">\n\t\t\t\t<div class=\"elementor-widget-container\">\n\t\t\t\t\t\t\t\t\t\t\t\t\t\t\t<img decoding=\"async\" width=\"1000\" height=\"1000\" src=\"https:\/\/pagodenzelt.at\/wp-content\/uploads\/2023\/12\/WhatsApp-Image-2023-12-11-at-20.33.44-1.jpeg\" class=\"attachment-large size-large wp-image-6249\" alt=\"\" srcset=\"https:\/\/pagodenzelt.at\/wp-content\/uploads\/2023\/12\/WhatsApp-Image-2023-12-11-at-20.33.44-1.jpeg 1000w, https:\/\/pagodenzelt.at\/wp-content\/uploads\/2023\/12\/WhatsApp-Image-2023-12-11-at-20.33.44-1-300x300.jpeg 300w, https:\/\/pagodenzelt.at\/wp-content\/uploads\/2023\/12\/WhatsApp-Image-2023-12-11-at-20.33.44-1-150x150.jpeg 150w, https:\/\/pagodenzelt.at\/wp-content\/uploads\/2023\/12\/WhatsApp-Image-2023-12-11-at-20.33.44-1-768x768.jpeg 768w, https:\/\/pagodenzelt.at\/wp-content\/uploads\/2023\/12\/WhatsApp-Image-2023-12-11-at-20.33.44-1-600x600.jpeg 600w, https:\/\/pagodenzelt.at\/wp-content\/uploads\/2023\/12\/WhatsApp-Image-2023-12-11-at-20.33.44-1-100x100.jpeg 100w\" sizes=\"(max-width: 1000px) 100vw, 1000px\" \/>\t\t\t\t\t\t\t\t\t\t\t\t\t\t\t<\/div>\n\t\t\t\t<\/div>\n\t\t\t\t<\/div>\n\t\t<div class=\"elementor-element elementor-element-56a3c62 e-con-full e-flex e-con e-child\" data-id=\"56a3c62\" data-element_type=\"container\" data-e-type=\"container\">\n\t\t\t\t<div class=\"elementor-element elementor-element-5ee69d9 elementor-widget elementor-widget-text-editor\" data-id=\"5ee69d9\" data-element_type=\"widget\" data-e-type=\"widget\" data-widget_type=\"text-editor.default\">\n\t\t\t\t<div class=\"elementor-widget-container\">\n\t\t\t\t\t\t\t\t\t<p>Pagodenzelt.at<\/p>\n<h1 style=\"color: #d60404;\">Napihljiv \u0161otor z blagovno znamko<\/h1>\n<h5>od 2500 EUR dalje<\/h5>\n<h5>z DDV. <\/h5>\n<p>Na\u0161 pnevmatsko napihljiv \u0161otor je idealen kot lahek<br \/>ogla\u0161evalski medij za va\u0161 dogodek. Postavitev traja le nekaj minut<br \/>, glede na velikost pa ga lahko postavita ena ali dve osebi.<br \/>Za na\u0161 \u0161otor ponujamo \u0161tevilne dodatke, kot so nadstre\u0161ki. <\/p>\n\t\t\t\t\t\t\t\t<\/div>\n\t\t\t\t<\/div>\n\t\t\t\t<div class=\"elementor-element elementor-element-efe361f elementor-align-center elementor-widget elementor-widget-button\" data-id=\"efe361f\" data-element_type=\"widget\" data-e-type=\"widget\" data-widget_type=\"button.default\">\n\t\t\t\t<div class=\"elementor-widget-container\">\n\t\t\t\t\t\t\t\t\t<div class=\"elementor-button-wrapper\">\n\t\t\t\t\t<a class=\"elementor-button elementor-button-link elementor-size-lg\" href=\"https:\/\/pagodenzelt.at\/sl\/konfigurirajte-zdaj\/\">\n\t\t\t\t\t\t<span class=\"elementor-button-content-wrapper\">\n\t\t\t\t\t\t\t\t\t<span class=\"elementor-button-text\">Konfigurirajte zdaj<\/span>\n\t\t\t\t\t<\/span>\n\t\t\t\t\t<\/a>\n\t\t\t\t<\/div>\n\t\t\t\t\t\t\t\t<\/div>\n\t\t\t\t<\/div>\n\t\t\t\t<div class=\"elementor-element elementor-element-60ec167 elementor-widget elementor-widget-toggle\" data-id=\"60ec167\" data-element_type=\"widget\" data-e-type=\"widget\" data-widget_type=\"toggle.default\">\n\t\t\t\t<div class=\"elementor-widget-container\">\n\t\t\t\t\t\t\t<div class=\"elementor-toggle\">\n\t\t\t\t\t\t\t<div class=\"elementor-toggle-item\">\n\t\t\t\t\t<div id=\"elementor-tab-title-1011\" class=\"elementor-tab-title\" data-tab=\"1\" role=\"button\" aria-controls=\"elementor-tab-content-1011\" aria-expanded=\"false\">\n\t\t\t\t\t\t\t\t\t\t\t\t<span class=\"elementor-toggle-icon elementor-toggle-icon-left\" aria-hidden=\"true\">\n\t\t\t\t\t\t\t\t\t\t\t\t\t\t\t<span class=\"elementor-toggle-icon-closed\"><svg class=\"e-font-icon-svg e-fas-caret-right\" viewBox=\"0 0 192 512\" xmlns=\"http:\/\/www.w3.org\/2000\/svg\"><path d=\"M0 384.662V127.338c0-17.818 21.543-26.741 34.142-14.142l128.662 128.662c7.81 7.81 7.81 20.474 0 28.284L34.142 398.804C21.543 411.404 0 402.48 0 384.662z\"><\/path><\/svg><\/span>\n\t\t\t\t\t\t\t\t<span class=\"elementor-toggle-icon-opened\"><svg class=\"elementor-toggle-icon-opened e-font-icon-svg e-fas-caret-up\" viewBox=\"0 0 320 512\" xmlns=\"http:\/\/www.w3.org\/2000\/svg\"><path d=\"M288.662 352H31.338c-17.818 0-26.741-21.543-14.142-34.142l128.662-128.662c7.81-7.81 20.474-7.81 28.284 0l128.662 128.662c12.6 12.599 3.676 34.142-14.142 34.142z\"><\/path><\/svg><\/span>\n\t\t\t\t\t\t\t\t\t\t\t\t\t<\/span>\n\t\t\t\t\t\t\t\t\t\t\t\t<a class=\"elementor-toggle-title\" tabindex=\"0\">Obseg dobave<\/a>\n\t\t\t\t\t<\/div>\n\n\t\t\t\t\t<div id=\"elementor-tab-content-1011\" class=\"elementor-tab-content elementor-clearfix\" data-tab=\"1\" role=\"region\" aria-labelledby=\"elementor-tab-title-1011\"><p><span style=\"color:#d60404;\">Brez<\/span> skritih stro\u0161kov &#8211; pri nas dobite pnevmatski \u0161otor<br \/>\nz <span style=\"color:#d60404;\">vsemi<\/span> potrebnimi <span style=\"color:#d60404;\">komponentami<\/span> za delovanje. Na spletni strani<br \/>\nse lahko pozanimate tudi o \u0161tevilnih mo\u017enostih dodatne opreme. <\/p>\n<p>Obseg dobave:<\/p>\n<ul>\n<li>Pnevmatski \u0161otor v \u017eeleni velikosti<\/li>\n<li>Prevozna torba<\/li>\n<li>\u010crpalka za \u0161otor<\/li>\n<li>4x vre\u010de s peskom za zavarovanje \u0161otora<\/li>\n<\/ul>\n<\/div>\n\t\t\t\t<\/div>\n\t\t\t\t\t\t\t<div class=\"elementor-toggle-item\">\n\t\t\t\t\t<div id=\"elementor-tab-title-1012\" class=\"elementor-tab-title\" data-tab=\"2\" role=\"button\" aria-controls=\"elementor-tab-content-1012\" aria-expanded=\"false\">\n\t\t\t\t\t\t\t\t\t\t\t\t<span class=\"elementor-toggle-icon elementor-toggle-icon-left\" aria-hidden=\"true\">\n\t\t\t\t\t\t\t\t\t\t\t\t\t\t\t<span class=\"elementor-toggle-icon-closed\"><svg class=\"e-font-icon-svg e-fas-caret-right\" viewBox=\"0 0 192 512\" xmlns=\"http:\/\/www.w3.org\/2000\/svg\"><path d=\"M0 384.662V127.338c0-17.818 21.543-26.741 34.142-14.142l128.662 128.662c7.81 7.81 7.81 20.474 0 28.284L34.142 398.804C21.543 411.404 0 402.48 0 384.662z\"><\/path><\/svg><\/span>\n\t\t\t\t\t\t\t\t<span class=\"elementor-toggle-icon-opened\"><svg class=\"elementor-toggle-icon-opened e-font-icon-svg e-fas-caret-up\" viewBox=\"0 0 320 512\" xmlns=\"http:\/\/www.w3.org\/2000\/svg\"><path d=\"M288.662 352H31.338c-17.818 0-26.741-21.543-14.142-34.142l128.662-128.662c7.81-7.81 20.474-7.81 28.284 0l128.662 128.662c12.6 12.599 3.676 34.142-14.142 34.142z\"><\/path><\/svg><\/span>\n\t\t\t\t\t\t\t\t\t\t\t\t\t<\/span>\n\t\t\t\t\t\t\t\t\t\t\t\t<a class=\"elementor-toggle-title\" tabindex=\"0\">Mo\u017enosti opreme<\/a>\n\t\t\t\t\t<\/div>\n\n\t\t\t\t\t<div id=\"elementor-tab-content-1012\" class=\"elementor-tab-content elementor-clearfix\" data-tab=\"2\" role=\"region\" aria-labelledby=\"elementor-tab-title-1012\"><p>Na\u0161 \u0161otor ponuja \u0161tevilne mo\u017enosti opreme za popolno predstavitev va\u0161e blagovne znamke!<\/p>\n<ul>\n<li>Stranske stene<\/li>\n<li>Stranske plo\u0161\u010de z oknom<\/li>\n<li>Nadstre\u0161ek za \u0161otor<\/li>\n<li>Dodatne vre\u010de s peskom \/ varnostni elementi<\/li>\n<\/ul>\n<\/div>\n\t\t\t\t<\/div>\n\t\t\t\t\t\t\t<div class=\"elementor-toggle-item\">\n\t\t\t\t\t<div id=\"elementor-tab-title-1013\" class=\"elementor-tab-title\" data-tab=\"3\" role=\"button\" aria-controls=\"elementor-tab-content-1013\" aria-expanded=\"false\">\n\t\t\t\t\t\t\t\t\t\t\t\t<span class=\"elementor-toggle-icon elementor-toggle-icon-left\" aria-hidden=\"true\">\n\t\t\t\t\t\t\t\t\t\t\t\t\t\t\t<span class=\"elementor-toggle-icon-closed\"><svg class=\"e-font-icon-svg e-fas-caret-right\" viewBox=\"0 0 192 512\" xmlns=\"http:\/\/www.w3.org\/2000\/svg\"><path d=\"M0 384.662V127.338c0-17.818 21.543-26.741 34.142-14.142l128.662 128.662c7.81 7.81 7.81 20.474 0 28.284L34.142 398.804C21.543 411.404 0 402.48 0 384.662z\"><\/path><\/svg><\/span>\n\t\t\t\t\t\t\t\t<span class=\"elementor-toggle-icon-opened\"><svg class=\"elementor-toggle-icon-opened e-font-icon-svg e-fas-caret-up\" viewBox=\"0 0 320 512\" xmlns=\"http:\/\/www.w3.org\/2000\/svg\"><path d=\"M288.662 352H31.338c-17.818 0-26.741-21.543-14.142-34.142l128.662-128.662c7.81-7.81 20.474-7.81 28.284 0l128.662 128.662c12.6 12.599 3.676 34.142-14.142 34.142z\"><\/path><\/svg><\/span>\n\t\t\t\t\t\t\t\t\t\t\t\t\t<\/span>\n\t\t\t\t\t\t\t\t\t\t\t\t<a class=\"elementor-toggle-title\" tabindex=\"0\">Tehni\u010dni podatki<\/a>\n\t\t\t\t\t<\/div>\n\n\t\t\t\t\t<div id=\"elementor-tab-content-1013\" class=\"elementor-tab-content elementor-clearfix\" data-tab=\"3\" role=\"region\" aria-labelledby=\"elementor-tab-title-1013\"><p>Material: Termoplasti\u010dni poliuretan, visoka odpornost na trganje Delovanje: Brez neprekinjenega puhala Te\u017ea: 10 kg za 3x3m, 15 kg za 4x4m<\/p>\n<\/div>\n\t\t\t\t<\/div>\n\t\t\t\t\t\t\t<div class=\"elementor-toggle-item\">\n\t\t\t\t\t<div id=\"elementor-tab-title-1014\" class=\"elementor-tab-title\" data-tab=\"4\" role=\"button\" aria-controls=\"elementor-tab-content-1014\" aria-expanded=\"false\">\n\t\t\t\t\t\t\t\t\t\t\t\t<span class=\"elementor-toggle-icon elementor-toggle-icon-left\" aria-hidden=\"true\">\n\t\t\t\t\t\t\t\t\t\t\t\t\t\t\t<span class=\"elementor-toggle-icon-closed\"><svg class=\"e-font-icon-svg e-fas-caret-right\" viewBox=\"0 0 192 512\" xmlns=\"http:\/\/www.w3.org\/2000\/svg\"><path d=\"M0 384.662V127.338c0-17.818 21.543-26.741 34.142-14.142l128.662 128.662c7.81 7.81 7.81 20.474 0 28.284L34.142 398.804C21.543 411.404 0 402.48 0 384.662z\"><\/path><\/svg><\/span>\n\t\t\t\t\t\t\t\t<span class=\"elementor-toggle-icon-opened\"><svg class=\"elementor-toggle-icon-opened e-font-icon-svg e-fas-caret-up\" viewBox=\"0 0 320 512\" xmlns=\"http:\/\/www.w3.org\/2000\/svg\"><path d=\"M288.662 352H31.338c-17.818 0-26.741-21.543-14.142-34.142l128.662-128.662c7.81-7.81 20.474-7.81 28.284 0l128.662 128.662c12.6 12.599 3.676 34.142-14.142 34.142z\"><\/path><\/svg><\/span>\n\t\t\t\t\t\t\t\t\t\t\t\t\t<\/span>\n\t\t\t\t\t\t\t\t\t\t\t\t<a class=\"elementor-toggle-title\" tabindex=\"0\">Dostava<\/a>\n\t\t\t\t\t<\/div>\n\n\t\t\t\t\t<div id=\"elementor-tab-content-1014\" class=\"elementor-tab-content elementor-clearfix\" data-tab=\"4\" role=\"region\" aria-labelledby=\"elementor-tab-title-1014\"><p>Pnevmatski \u0161otor je prilagojen za<br \/>. Za trenutni \u010das odpreme nas vpra\u0161ajte na<br \/>. Kontaktirajte nas  <\/p>\n<\/div>\n\t\t\t\t<\/div>\n\t\t\t\t\t\t\t<div class=\"elementor-toggle-item\">\n\t\t\t\t\t<div id=\"elementor-tab-title-1015\" class=\"elementor-tab-title\" data-tab=\"5\" role=\"button\" aria-controls=\"elementor-tab-content-1015\" aria-expanded=\"false\">\n\t\t\t\t\t\t\t\t\t\t\t\t<span class=\"elementor-toggle-icon elementor-toggle-icon-left\" aria-hidden=\"true\">\n\t\t\t\t\t\t\t\t\t\t\t\t\t\t\t<span class=\"elementor-toggle-icon-closed\"><svg class=\"e-font-icon-svg e-fas-caret-right\" viewBox=\"0 0 192 512\" xmlns=\"http:\/\/www.w3.org\/2000\/svg\"><path d=\"M0 384.662V127.338c0-17.818 21.543-26.741 34.142-14.142l128.662 128.662c7.81 7.81 7.81 20.474 0 28.284L34.142 398.804C21.543 411.404 0 402.48 0 384.662z\"><\/path><\/svg><\/span>\n\t\t\t\t\t\t\t\t<span class=\"elementor-toggle-icon-opened\"><svg class=\"elementor-toggle-icon-opened e-font-icon-svg e-fas-caret-up\" viewBox=\"0 0 320 512\" xmlns=\"http:\/\/www.w3.org\/2000\/svg\"><path d=\"M288.662 352H31.338c-17.818 0-26.741-21.543-14.142-34.142l128.662-128.662c7.81-7.81 20.474-7.81 28.284 0l128.662 128.662c12.6 12.599 3.676 34.142-14.142 34.142z\"><\/path><\/svg><\/span>\n\t\t\t\t\t\t\t\t\t\t\t\t\t<\/span>\n\t\t\t\t\t\t\t\t\t\t\t\t<a class=\"elementor-toggle-title\" tabindex=\"0\">Varnostna navodila<\/a>\n\t\t\t\t\t<\/div>\n\n\t\t\t\t\t<div id=\"elementor-tab-content-1015\" class=\"elementor-tab-content elementor-clearfix\" data-tab=\"5\" role=\"region\" aria-labelledby=\"elementor-tab-title-1015\"><ul>\n<li>V primeru<br \/>\nmo\u010dnega vetra ali nevihte je treba pnevmatski \u0161otor razstaviti<br \/>\n.<\/li>\n<li>Pnevmatski \u0161otor ni primeren za<br \/>\nstalno uporabo na prostem.<\/li>\n<li>Pnevmatski \u0161otor ni testiran za<br \/>\nobremenitve zaradi vetra in snega.<\/li>\n<\/ul>\n<p>-&gt; \u0160otori za uporabo tudi v neugodnih vremenskih razmerah<br \/>\n<br \/>Pogoji: <a href=\"https:\/\/pagodenzelt.at\/sl\/nasi-sotori-pagoda\/\" style=\"color:#d60404;\">Na\u0161i \u0161otori pagoda<\/a><\/p>\n<\/div>\n\t\t\t\t<\/div>\n\t\t\t\t\t\t\t\t<\/div>\n\t\t\t\t\t\t<\/div>\n\t\t\t\t<\/div>\n\t\t\t\t<\/div>\n\t\t\t\t\t<\/div>\n\t\t\t\t<\/div>\n\t\t\t\t<\/div>\n\t\t","protected":false},"excerpt":{"rendered":"<p>Pagodenzelt.at Napihljiv \u0161otor z blagovno znamko od 2500 EUR dalje z DDV. Na\u0161 pnevmatsko napihljiv \u0161otor je idealen kot lahekogla\u0161evalski medij za va\u0161 dogodek. Postavitev traja le nekaj minut, glede na velikost pa ga lahko postavita ena ali dve osebi.Za na\u0161 \u0161otor ponujamo \u0161tevilne dodatke, kot so nadstre\u0161ki. Konfigurirajte zdaj Obseg dobave Brez skritih stro\u0161kov [&hellip;]<\/p>\n","protected":false},"author":1,"featured_media":0,"parent":0,"menu_order":0,"comment_status":"closed","ping_status":"closed","template":"","meta":{"om_disable_all_campaigns":false,"_monsterinsights_skip_tracking":false,"_monsterinsights_sitenote_active":false,"_monsterinsights_sitenote_note":"","_monsterinsights_sitenote_category":0,"site-sidebar-layout":"no-sidebar","site-content-layout":"page-builder","ast-site-content-layout":"full-width-container","site-content-style":"default","site-sidebar-style":"default","ast-global-header-display":"","ast-banner-title-visibility":"","ast-main-header-display":"","ast-hfb-above-header-display":"","ast-hfb-below-header-display":"","ast-hfb-mobile-header-display":"","site-post-title":"disabled","ast-breadcrumbs-content":"","ast-featured-img":"disabled","footer-sml-layout":"","ast-disable-related-posts":"","theme-transparent-header-meta":"","adv-header-id-meta":"","stick-header-meta":"","header-above-stick-meta":"","header-main-stick-meta":"","header-below-stick-meta":"","astra-migrate-meta-layouts":"default","ast-page-background-enabled":"default","ast-page-background-meta":{"desktop":{"background-color":"","background-image":"","background-repeat":"repeat","background-position":"center center","background-size":"auto","background-attachment":"scroll","background-type":"","background-media":"","overlay-type":"","overlay-color":"","overlay-opacity":"","overlay-gradient":""},"tablet":{"background-color":"","background-image":"","background-repeat":"repeat","background-position":"center center","background-size":"auto","background-attachment":"scroll","background-type":"","background-media":"","overlay-type":"","overlay-color":"","overlay-opacity":"","overlay-gradient":""},"mobile":{"background-color":"","background-image":"","background-repeat":"repeat","background-position":"center center","background-size":"auto","background-attachment":"scroll","background-type":"","background-media":"","overlay-type":"","overlay-color":"","overlay-opacity":"","overlay-gradient":""}},"ast-content-background-meta":{"desktop":{"background-color":"var(--ast-global-color-5)","background-image":"","background-repeat":"repeat","background-position":"center center","background-size":"auto","background-attachment":"scroll","background-type":"","background-media":"","overlay-type":"","overlay-color":"","overlay-opacity":"","overlay-gradient":""},"tablet":{"background-color":"var(--ast-global-color-5)","background-image":"","background-repeat":"repeat","background-position":"center center","background-size":"auto","background-attachment":"scroll","background-type":"","background-media":"","overlay-type":"","overlay-color":"","overlay-opacity":"","overlay-gradient":""},"mobile":{"background-color":"var(--ast-global-color-5)","background-image":"","background-repeat":"repeat","background-position":"center center","background-size":"auto","background-attachment":"scroll","background-type":"","background-media":"","overlay-type":"","overlay-color":"","overlay-opacity":"","overlay-gradient":""}},"footnotes":""},"class_list":["post-6743","page","type-page","status-publish","hentry"],"aioseo_notices":[],"_links":{"self":[{"href":"https:\/\/pagodenzelt.at\/sl\/wp-json\/wp\/v2\/pages\/6743"}],"collection":[{"href":"https:\/\/pagodenzelt.at\/sl\/wp-json\/wp\/v2\/pages"}],"about":[{"href":"https:\/\/pagodenzelt.at\/sl\/wp-json\/wp\/v2\/types\/page"}],"author":[{"embeddable":true,"href":"https:\/\/pagodenzelt.at\/sl\/wp-json\/wp\/v2\/users\/1"}],"replies":[{"embeddable":true,"href":"https:\/\/pagodenzelt.at\/sl\/wp-json\/wp\/v2\/comments?post=6743"}],"version-history":[{"count":4,"href":"https:\/\/pagodenzelt.at\/sl\/wp-json\/wp\/v2\/pages\/6743\/revisions"}],"predecessor-version":[{"id":7787,"href":"https:\/\/pagodenzelt.at\/sl\/wp-json\/wp\/v2\/pages\/6743\/revisions\/7787"}],"wp:attachment":[{"href":"https:\/\/pagodenzelt.at\/sl\/wp-json\/wp\/v2\/media?parent=6743"}],"curies":[{"name":"wp","href":"https:\/\/api.w.org\/{rel}","templated":true}]}}