{"id":6943,"date":"2023-11-10T16:45:06","date_gmt":"2023-11-10T16:45:06","guid":{"rendered":"https:\/\/pagodenzelt.at\/odtis\/"},"modified":"2025-05-12T04:55:58","modified_gmt":"2025-05-12T04:55:58","slug":"odtis","status":"publish","type":"page","link":"https:\/\/pagodenzelt.at\/sl\/odtis\/","title":{"rendered":"Odtis"},"content":{"rendered":"\t\t<div data-elementor-type=\"wp-page\" data-elementor-id=\"6943\" class=\"elementor elementor-6943 elementor-4736\">\n\t\t\t\t<div class=\"elementor-element elementor-element-1269a2c e-flex e-con-boxed e-con e-parent\" data-id=\"1269a2c\" data-element_type=\"container\" data-e-type=\"container\">\n\t\t\t\t\t<div class=\"e-con-inner\">\n\t\t\t\t<div class=\"elementor-element elementor-element-dea61e8 elementor-widget elementor-widget-text-editor\" data-id=\"dea61e8\" data-element_type=\"widget\" data-e-type=\"widget\" data-widget_type=\"text-editor.default\">\n\t\t\t\t<div class=\"elementor-widget-container\">\n\t\t\t\t\t\t\t\t\t<h1 style=\"text-align: center; color: #d60404;\">Odtis<\/h1>\n<h3 style=\"text-align: center;\">PFEFFER \u0160port in dogodki<\/h3>\n<p>Nicolas Pfeffer<\/p>\n<p>7132 Frauenkirchen<\/p>\n<p>Sch\u00fcttkastenhof 2 | Avstrija<\/p>\n<p>Tel: +43 6605051002<\/p>\n<p>E-naslov: <a style=\"color: #d60404;\" href=\"mailto:info@pagodenzelt.at\">info@pagodenzelt.at<\/a><\/p>\n<p>Poslovni namen: Trgovina s \u0161portnimi izdelki, organizacija in posredovanje prireditev in kongresov<\/p>\n<p>\u0160tevilka UID: ATU79014816<\/p>\n<p>\u010clan WK\u00d6, WKO Gradi\u0161\u010danska<\/p>\n<p>Trgovinski predpisi:<\/p>\n<p><a style=\"color: #d60404;\" href=\"http:\/\/www.ris.bka.gv.at\">www.ris.bka.gv.at<\/a><\/p>\n<p>Nadzorni organ: Okro\u017eni organ Neusiedl am See<\/p>\n<p>Naziv delovnega mesta: Trgovina s \u0161portnimi izdelki<\/p>\n<p>Informacije o spletnem re\u0161evanju sporov: Potro\u0161niki imajo mo\u017enost vlo\u017eiti prito\u017ebo na platformi EU za spletno re\u0161evanje sporov:<\/p>\n<p><a style=\"color: #d60404;\" href=\"https:\/\/ec.europa.eu\/odr\">https:\/\/ec.europa.eu\/odr<\/a><\/p>\n<p>Morebitne prito\u017ebe lahko po\u0161ljete tudi na zgoraj navedeni e-po\u0161tni naslov.<\/p>\n\t\t\t\t\t\t\t\t<\/div>\n\t\t\t\t<\/div>\n\t\t\t\t\t<\/div>\n\t\t\t\t<\/div>\n\t\t\t\t<\/div>\n\t\t","protected":false},"excerpt":{"rendered":"<p>Odtis PFEFFER \u0160port in dogodki Nicolas Pfeffer 7132 Frauenkirchen Sch\u00fcttkastenhof 2 | Avstrija Tel: +43 6605051002 E-naslov: info@pagodenzelt.at Poslovni namen: Trgovina s \u0161portnimi izdelki, organizacija in posredovanje prireditev in kongresov \u0160tevilka UID: ATU79014816 \u010clan WK\u00d6, WKO Gradi\u0161\u010danska Trgovinski predpisi: www.ris.bka.gv.at Nadzorni organ: Okro\u017eni organ Neusiedl am See Naziv delovnega mesta: Trgovina s \u0161portnimi izdelki Informacije [&hellip;]<\/p>\n","protected":false},"author":1,"featured_media":0,"parent":0,"menu_order":0,"comment_status":"closed","ping_status":"closed","template":"","meta":{"om_disable_all_campaigns":false,"_monsterinsights_skip_tracking":false,"_monsterinsights_sitenote_active":false,"_monsterinsights_sitenote_note":"","_monsterinsights_sitenote_category":0,"site-sidebar-layout":"no-sidebar","site-content-layout":"page-builder","ast-site-content-layout":"full-width-container","site-content-style":"default","site-sidebar-style":"default","ast-global-header-display":"","ast-banner-title-visibility":"","ast-main-header-display":"","ast-hfb-above-header-display":"","ast-hfb-below-header-display":"","ast-hfb-mobile-header-display":"","site-post-title":"disabled","ast-breadcrumbs-content":"","ast-featured-img":"disabled","footer-sml-layout":"","ast-disable-related-posts":"","theme-transparent-header-meta":"","adv-header-id-meta":"","stick-header-meta":"","header-above-stick-meta":"","header-main-stick-meta":"","header-below-stick-meta":"","astra-migrate-meta-layouts":"default","ast-page-background-enabled":"default","ast-page-background-meta":{"desktop":{"background-color":"","background-image":"","background-repeat":"repeat","background-position":"center center","background-size":"auto","background-attachment":"scroll","background-type":"","background-media":"","overlay-type":"","overlay-color":"","overlay-opacity":"","overlay-gradient":""},"tablet":{"background-color":"","background-image":"","background-repeat":"repeat","background-position":"center center","background-size":"auto","background-attachment":"scroll","background-type":"","background-media":"","overlay-type":"","overlay-color":"","overlay-opacity":"","overlay-gradient":""},"mobile":{"background-color":"","background-image":"","background-repeat":"repeat","background-position":"center center","background-size":"auto","background-attachment":"scroll","background-type":"","background-media":"","overlay-type":"","overlay-color":"","overlay-opacity":"","overlay-gradient":""}},"ast-content-background-meta":{"desktop":{"background-color":"var(--ast-global-color-5)","background-image":"","background-repeat":"repeat","background-position":"center center","background-size":"auto","background-attachment":"scroll","background-type":"","background-media":"","overlay-type":"","overlay-color":"","overlay-opacity":"","overlay-gradient":""},"tablet":{"background-color":"var(--ast-global-color-5)","background-image":"","background-repeat":"repeat","background-position":"center center","background-size":"auto","background-attachment":"scroll","background-type":"","background-media":"","overlay-type":"","overlay-color":"","overlay-opacity":"","overlay-gradient":""},"mobile":{"background-color":"var(--ast-global-color-5)","background-image":"","background-repeat":"repeat","background-position":"center center","background-size":"auto","background-attachment":"scroll","background-type":"","background-media":"","overlay-type":"","overlay-color":"","overlay-opacity":"","overlay-gradient":""}},"footnotes":""},"class_list":["post-6943","page","type-page","status-publish","hentry"],"aioseo_notices":[],"_links":{"self":[{"href":"https:\/\/pagodenzelt.at\/sl\/wp-json\/wp\/v2\/pages\/6943"}],"collection":[{"href":"https:\/\/pagodenzelt.at\/sl\/wp-json\/wp\/v2\/pages"}],"about":[{"href":"https:\/\/pagodenzelt.at\/sl\/wp-json\/wp\/v2\/types\/page"}],"author":[{"embeddable":true,"href":"https:\/\/pagodenzelt.at\/sl\/wp-json\/wp\/v2\/users\/1"}],"replies":[{"embeddable":true,"href":"https:\/\/pagodenzelt.at\/sl\/wp-json\/wp\/v2\/comments?post=6943"}],"version-history":[{"count":2,"href":"https:\/\/pagodenzelt.at\/sl\/wp-json\/wp\/v2\/pages\/6943\/revisions"}],"predecessor-version":[{"id":6947,"href":"https:\/\/pagodenzelt.at\/sl\/wp-json\/wp\/v2\/pages\/6943\/revisions\/6947"}],"wp:attachment":[{"href":"https:\/\/pagodenzelt.at\/sl\/wp-json\/wp\/v2\/media?parent=6943"}],"curies":[{"name":"wp","href":"https:\/\/api.w.org\/{rel}","templated":true}]}}