{"id":7055,"date":"2023-10-30T20:01:35","date_gmt":"2023-10-30T20:01:35","guid":{"rendered":"https:\/\/pagodenzelt.at\/pravilnik-o-zasebnosti\/"},"modified":"2025-04-17T08:32:18","modified_gmt":"2025-04-17T08:32:18","slug":"pravilnik-o-zasebnosti","status":"publish","type":"page","link":"https:\/\/pagodenzelt.at\/sl\/pravilnik-o-zasebnosti\/","title":{"rendered":"Pravilnik o zasebnosti"},"content":{"rendered":"\t\t<div data-elementor-type=\"wp-page\" data-elementor-id=\"7055\" class=\"elementor elementor-7055 elementor-4529\">\n\t\t\t\t<div class=\"elementor-element elementor-element-21184a8 e-flex e-con-boxed e-con e-parent\" data-id=\"21184a8\" data-element_type=\"container\" data-e-type=\"container\">\n\t\t\t\t\t<div class=\"e-con-inner\">\n\t\t\t\t<div class=\"elementor-element elementor-element-09e104d elementor-widget elementor-widget-image\" data-id=\"09e104d\" data-element_type=\"widget\" data-e-type=\"widget\" data-widget_type=\"image.default\">\n\t\t\t\t<div class=\"elementor-widget-container\">\n\t\t\t\t\t\t\t\t\t\t\t\t\t\t\t<img fetchpriority=\"high\" decoding=\"async\" width=\"1254\" height=\"350\" src=\"https:\/\/pagodenzelt.at\/wp-content\/uploads\/2023\/10\/Privacy-Policy-Security.jpg\" class=\"attachment-full size-full wp-image-5864\" alt=\"\" srcset=\"https:\/\/pagodenzelt.at\/wp-content\/uploads\/2023\/10\/Privacy-Policy-Security.jpg 1254w, https:\/\/pagodenzelt.at\/wp-content\/uploads\/2023\/10\/Privacy-Policy-Security-300x84.jpg 300w, https:\/\/pagodenzelt.at\/wp-content\/uploads\/2023\/10\/Privacy-Policy-Security-1024x286.jpg 1024w, https:\/\/pagodenzelt.at\/wp-content\/uploads\/2023\/10\/Privacy-Policy-Security-768x214.jpg 768w, https:\/\/pagodenzelt.at\/wp-content\/uploads\/2023\/10\/Privacy-Policy-Security-600x167.jpg 600w\" sizes=\"(max-width: 1254px) 100vw, 1254px\" \/>\t\t\t\t\t\t\t\t\t\t\t\t\t\t\t<\/div>\n\t\t\t\t<\/div>\n\t\t\t\t\t<\/div>\n\t\t\t\t<\/div>\n\t\t<div class=\"elementor-element elementor-element-fcd8000 e-flex e-con-boxed e-con e-parent\" data-id=\"fcd8000\" data-element_type=\"container\" data-e-type=\"container\">\n\t\t\t\t\t<div class=\"e-con-inner\">\n\t\t\t\t<div class=\"elementor-element elementor-element-90ab0f6 elementor-widget elementor-widget-text-editor\" data-id=\"90ab0f6\" data-element_type=\"widget\" data-e-type=\"widget\" data-widget_type=\"text-editor.default\">\n\t\t\t\t<div class=\"elementor-widget-container\">\n\t\t\t\t\t\t\t\t\t<h4 style=\"text-align: center;\">Pravilnik o varnosti podatkov \/ pravilnik o zasebnosti<\/h4>\n<p>Mi, podjetje Nicolas Pfeffer s sede\u017eem v Sch\u00fcttkastenhof 2, 7132 Frauenkirchen, upravljamo spletno stran pod domeno Pagodenzelt.at. Va\u0161a zasebnost in varstvo va\u0161ih osebnih podatkov sta nam izjemno pomembna. Zato \u017eelimo v nadaljevanju pojasniti, kako zbiramo, obdelujemo in varujemo va\u0161e podatke.  <\/p>\n<h4>1. odgovorni organ<\/h4>\n<p>Nicolas Pfeffer Sch\u00fcttkastenhof 2 7132 Frauenkirchen Kontakt: +43 660501002 E-mail: info@pagodenzelt.at<\/p>\n<h4><strong>2. zabele\u017eeni podatki<\/strong><\/h4>\n<p>Zbiramo in obdelujemo osebne podatke, ki nam jih aktivno posredujete, na primer z izpolnjevanjem kontaktnih obrazcev ali naro\u010danjem izdelkov. Ti podatki lahko vklju\u010dujejo va\u0161e ime, e-po\u0161tni naslov, telefonsko \u0161tevilko in druge ustrezne informacije. <\/p>\n<p>Poleg tega samodejno zbiramo dolo\u010dene podatke, ko obi\u0161\u010dete na\u0161e spletno mesto. To vklju\u010duje va\u0161 naslov IP, vrsto brskalnika, vrsto naprave, obiskane strani in \u010das dostopa. Ti podatki se uporabljajo za izbolj\u0161anje na\u0161ega spletnega mesta in analizo vedenja uporabnikov, vendar se ne uporabljajo za identifikacijo posameznih oseb.  <\/p>\n<h4>3. uporaba va\u0161ih podatkov<\/h4>\n<p>Va\u0161e podatke uporabljamo za naslednje namene:<\/p>\n<p>&#8211; za odgovarjanje na va\u0161a vpra\u0161anja in komuniciranje z vami.<br \/>&#8211; za obdelavo naro\u010dil in dostavo.<br \/>&#8211; za izbolj\u0161anje na\u0161ega spletnega mesta in na\u0161ih storitev.<br \/>&#8211; za izpolnjevanje zakonskih obveznosti.<\/p>\n<h4>4. razkritje podatkov<\/h4>\n<p>Va\u0161ih podatkov ne bomo posredovali tretjim osebam, razen \u010de je to potrebno za izpolnjevanje na\u0161ih pogodbenih obveznosti ali zaradi zakonskih zahtev.<\/p>\n<h4>5. shranjevanje va\u0161ih podatkov<\/h4>\n<p>Va\u0161i podatki bodo shranjeni le toliko \u010dasa, kolikor je potrebno za zgoraj omenjene namene ali kolikor to zahtevajo zakonske obveznosti hrambe.<\/p>\n<h4>6. va\u0161e pravice<\/h4>\n<p>Imate pravico do obve\u0161\u010denosti, popravka, izbrisa in omejitve obdelave va\u0161ih osebnih podatkov. Prav tako lahko ugovarjate obdelavi svojih podatkov. \u010ce \u017eelite uveljavljati svoje pravice ali imate kakr\u0161na koli vpra\u0161anja o praksah varstva podatkov na na\u0161em spletnem mestu, se obrnite na nas z zgoraj navedenimi kontaktnimi podatki.  <\/p>\n<h4>7. pravica do prito\u017ebe<\/h4>\n<p>\u010ce menite, da so bile va\u0161e pravice do varstva podatkov kr\u0161ene, imate pravico vlo\u017eiti prito\u017ebo pri organu za varstvo podatkov.<\/p>\n<h4>8. posodobitve<\/h4>\n<p>Pridr\u017eujemo si pravico, da ta pravilnik o zasebnosti po potrebi posodobimo. Prosimo, da redno preverjate posodobitve. <\/p>\n<p>Status: 2. november 2023<\/p>\n<p>Zahvaljujemo se vam, da ste prebrali na\u0161 pravilnik o zasebnosti. Cenimo va\u0161e zaupanje in storili bomo vse, kar je v na\u0161i mo\u010di, da bomo z va\u0161imi podatki ravnali z najve\u010djo skrbnostjo. <\/p>\n\t\t\t\t\t\t\t\t<\/div>\n\t\t\t\t<\/div>\n\t\t\t\t\t<\/div>\n\t\t\t\t<\/div>\n\t\t\t\t<\/div>\n\t\t","protected":false},"excerpt":{"rendered":"<p>Pravilnik o varnosti podatkov \/ pravilnik o zasebnosti Mi, podjetje Nicolas Pfeffer s sede\u017eem v Sch\u00fcttkastenhof 2, 7132 Frauenkirchen, upravljamo spletno stran pod domeno Pagodenzelt.at. Va\u0161a zasebnost in varstvo va\u0161ih osebnih podatkov sta nam izjemno pomembna. Zato \u017eelimo v nadaljevanju pojasniti, kako zbiramo, obdelujemo in varujemo va\u0161e podatke. 1. odgovorni organ Nicolas Pfeffer Sch\u00fcttkastenhof 2 [&hellip;]<\/p>\n","protected":false},"author":1,"featured_media":0,"parent":0,"menu_order":0,"comment_status":"closed","ping_status":"closed","template":"","meta":{"om_disable_all_campaigns":false,"_monsterinsights_skip_tracking":false,"_monsterinsights_sitenote_active":false,"_monsterinsights_sitenote_note":"","_monsterinsights_sitenote_category":0,"site-sidebar-layout":"no-sidebar","site-content-layout":"page-builder","ast-site-content-layout":"full-width-container","site-content-style":"unboxed","site-sidebar-style":"unboxed","ast-global-header-display":"","ast-banner-title-visibility":"","ast-main-header-display":"","ast-hfb-above-header-display":"","ast-hfb-below-header-display":"","ast-hfb-mobile-header-display":"","site-post-title":"disabled","ast-breadcrumbs-content":"","ast-featured-img":"disabled","footer-sml-layout":"","ast-disable-related-posts":"","theme-transparent-header-meta":"","adv-header-id-meta":"","stick-header-meta":"","header-above-stick-meta":"","header-main-stick-meta":"","header-below-stick-meta":"","astra-migrate-meta-layouts":"default","ast-page-background-enabled":"default","ast-page-background-meta":{"desktop":{"background-color":"","background-image":"","background-repeat":"repeat","background-position":"center center","background-size":"auto","background-attachment":"scroll","background-type":"","background-media":"","overlay-type":"","overlay-color":"","overlay-opacity":"","overlay-gradient":""},"tablet":{"background-color":"","background-image":"","background-repeat":"repeat","background-position":"center center","background-size":"auto","background-attachment":"scroll","background-type":"","background-media":"","overlay-type":"","overlay-color":"","overlay-opacity":"","overlay-gradient":""},"mobile":{"background-color":"","background-image":"","background-repeat":"repeat","background-position":"center center","background-size":"auto","background-attachment":"scroll","background-type":"","background-media":"","overlay-type":"","overlay-color":"","overlay-opacity":"","overlay-gradient":""}},"ast-content-background-meta":{"desktop":{"background-color":"var(--ast-global-color-5)","background-image":"","background-repeat":"repeat","background-position":"center center","background-size":"auto","background-attachment":"scroll","background-type":"","background-media":"","overlay-type":"","overlay-color":"","overlay-opacity":"","overlay-gradient":""},"tablet":{"background-color":"var(--ast-global-color-5)","background-image":"","background-repeat":"repeat","background-position":"center center","background-size":"auto","background-attachment":"scroll","background-type":"","background-media":"","overlay-type":"","overlay-color":"","overlay-opacity":"","overlay-gradient":""},"mobile":{"background-color":"var(--ast-global-color-5)","background-image":"","background-repeat":"repeat","background-position":"center center","background-size":"auto","background-attachment":"scroll","background-type":"","background-media":"","overlay-type":"","overlay-color":"","overlay-opacity":"","overlay-gradient":""}},"footnotes":""},"class_list":["post-7055","page","type-page","status-publish","hentry"],"aioseo_notices":[],"_links":{"self":[{"href":"https:\/\/pagodenzelt.at\/sl\/wp-json\/wp\/v2\/pages\/7055"}],"collection":[{"href":"https:\/\/pagodenzelt.at\/sl\/wp-json\/wp\/v2\/pages"}],"about":[{"href":"https:\/\/pagodenzelt.at\/sl\/wp-json\/wp\/v2\/types\/page"}],"author":[{"embeddable":true,"href":"https:\/\/pagodenzelt.at\/sl\/wp-json\/wp\/v2\/users\/1"}],"replies":[{"embeddable":true,"href":"https:\/\/pagodenzelt.at\/sl\/wp-json\/wp\/v2\/comments?post=7055"}],"version-history":[{"count":4,"href":"https:\/\/pagodenzelt.at\/sl\/wp-json\/wp\/v2\/pages\/7055\/revisions"}],"predecessor-version":[{"id":7768,"href":"https:\/\/pagodenzelt.at\/sl\/wp-json\/wp\/v2\/pages\/7055\/revisions\/7768"}],"wp:attachment":[{"href":"https:\/\/pagodenzelt.at\/sl\/wp-json\/wp\/v2\/media?parent=7055"}],"curies":[{"name":"wp","href":"https:\/\/api.w.org\/{rel}","templated":true}]}}