{"id":7174,"date":"2023-10-27T18:23:44","date_gmt":"2023-10-27T18:23:44","guid":{"rendered":"https:\/\/pagodenzelt.at\/o-nas\/"},"modified":"2025-04-17T08:30:43","modified_gmt":"2025-04-17T08:30:43","slug":"o-nas","status":"publish","type":"page","link":"https:\/\/pagodenzelt.at\/sl\/o-nas\/","title":{"rendered":"O nas"},"content":{"rendered":"\t\t<div data-elementor-type=\"wp-page\" data-elementor-id=\"7174\" class=\"elementor elementor-7174 elementor-35\">\n\t\t\t\t<div class=\"elementor-element elementor-element-d3165ce e-flex e-con-boxed e-con e-parent\" data-id=\"d3165ce\" data-element_type=\"container\" data-e-type=\"container\">\n\t\t\t\t\t<div class=\"e-con-inner\">\n\t\t<div class=\"elementor-element elementor-element-d2cbbf1 e-con-full e-flex elementor-invisible e-con e-child\" data-id=\"d2cbbf1\" data-element_type=\"container\" data-e-type=\"container\" data-settings=\"{&quot;animation&quot;:&quot;fadeInRight&quot;}\">\n\t\t\t\t<div class=\"elementor-element elementor-element-73f9ed4 elementor-widget elementor-widget-text-editor\" data-id=\"73f9ed4\" data-element_type=\"widget\" data-e-type=\"widget\" data-widget_type=\"text-editor.default\">\n\t\t\t\t<div class=\"elementor-widget-container\">\n\t\t\t\t\t\t\t\t\t<h3 style=\"padding-top: 30px;\">NA\u0160E <span style=\"color: #d60404;\">POSLANSTVO<\/span><\/h3>\nUveljavljamo se kot najbolj\u0161i ponudnik \u0161otorov pagoda v Avstriji. Na\u0161i \u0161otori zagotavljajo varnost va\u0161ega dogodka. Kot organizatorji lastnih prireditev na vrhunski mednarodni ravni dobro poznamo izzive, ki jih prina\u0161ajo veter, vreme in vro\u010dina.    \n\nNe oklevajte in stopite v stik z nami.  <a href=\"https:\/\/pagodenzelt.at\/sl\/pisite-nam\/\" rel=\"noopener\" target=\"_blank\" style=\"color:red\">Stopite v stik zdaj<\/a>\n<h3>PFEFFER \u0160PORT IN DOGODKI<\/h3>\nZ na\u0161im podjetjem za prireditve vsako leto organiziramo \u0161tevilne vrhunske \u0161portne dogodke v Avstriji. Posebno skrb namenjamo promociji obrobnih \u0161portov. Tako smo na primer organizirali turnir evropske lige Footvolley, turnir narodov v BeachSoccerju, vabilni turnir profesionalnega teqballa in \u0161tevilne druge dogodke. Spoznali smo potrebo po varni strehi s \u0161otori za vse prireditve in zdaj bi to radi zagotovili tudi drugim organizatorjem. Ne glede na to, ali vas zanima nakup ali najem, se obrnite na nas.      <a href=\"https:\/\/pagodenzelt.at\/sl\/pisite-nam\/\" rel=\"noopener\" target=\"_blank\" style=\"color:red\">Povpra\u0161ajte zdaj<\/a>\t\t\t\t\t\t\t\t<\/div>\n\t\t\t\t<\/div>\n\t\t\t\t<\/div>\n\t\t<div class=\"elementor-element elementor-element-05f3fe0 e-con-full e-flex elementor-invisible e-con e-child\" data-id=\"05f3fe0\" data-element_type=\"container\" data-e-type=\"container\" data-settings=\"{&quot;animation&quot;:&quot;fadeInLeft&quot;}\">\n\t\t\t\t<div class=\"elementor-element elementor-element-fd07191 elementor-widget elementor-widget-image\" data-id=\"fd07191\" data-element_type=\"widget\" data-e-type=\"widget\" data-widget_type=\"image.default\">\n\t\t\t\t<div class=\"elementor-widget-container\">\n\t\t\t\t\t\t\t\t\t\t\t\t\t\t\t<img fetchpriority=\"high\" decoding=\"async\" width=\"677\" height=\"1024\" src=\"https:\/\/pagodenzelt.at\/wp-content\/uploads\/2023\/11\/WhatsApp-Image-2023-11-13-at-17.21.48-677x1024.jpeg\" class=\"attachment-large size-large wp-image-6106\" alt=\"\" srcset=\"https:\/\/pagodenzelt.at\/wp-content\/uploads\/2023\/11\/WhatsApp-Image-2023-11-13-at-17.21.48-677x1024.jpeg 677w, https:\/\/pagodenzelt.at\/wp-content\/uploads\/2023\/11\/WhatsApp-Image-2023-11-13-at-17.21.48-198x300.jpeg 198w, https:\/\/pagodenzelt.at\/wp-content\/uploads\/2023\/11\/WhatsApp-Image-2023-11-13-at-17.21.48-600x908.jpeg 600w, https:\/\/pagodenzelt.at\/wp-content\/uploads\/2023\/11\/WhatsApp-Image-2023-11-13-at-17.21.48.jpeg 714w\" sizes=\"(max-width: 677px) 100vw, 677px\" \/>\t\t\t\t\t\t\t\t\t\t\t\t\t\t\t<\/div>\n\t\t\t\t<\/div>\n\t\t\t\t<\/div>\n\t\t\t\t\t<\/div>\n\t\t\t\t<\/div>\n\t\t\t\t<\/div>\n\t\t","protected":false},"excerpt":{"rendered":"<p>NA\u0160E POSLANSTVO Uveljavljamo se kot najbolj\u0161i ponudnik \u0161otorov pagoda v Avstriji. Na\u0161i \u0161otori zagotavljajo varnost va\u0161ega dogodka. Kot organizatorji lastnih prireditev na vrhunski mednarodni ravni dobro poznamo izzive, ki jih prina\u0161ajo veter, vreme in vro\u010dina. Ne oklevajte in stopite v stik z nami. Stopite v stik zdaj PFEFFER \u0160PORT IN DOGODKI Z na\u0161im podjetjem za [&hellip;]<\/p>\n","protected":false},"author":1,"featured_media":0,"parent":0,"menu_order":0,"comment_status":"closed","ping_status":"closed","template":"","meta":{"om_disable_all_campaigns":false,"_monsterinsights_skip_tracking":false,"_monsterinsights_sitenote_active":false,"_monsterinsights_sitenote_note":"","_monsterinsights_sitenote_category":0,"site-sidebar-layout":"no-sidebar","site-content-layout":"page-builder","ast-site-content-layout":"full-width-container","site-content-style":"unboxed","site-sidebar-style":"unboxed","ast-global-header-display":"","ast-banner-title-visibility":"","ast-main-header-display":"","ast-hfb-above-header-display":"","ast-hfb-below-header-display":"","ast-hfb-mobile-header-display":"","site-post-title":"disabled","ast-breadcrumbs-content":"","ast-featured-img":"disabled","footer-sml-layout":"","ast-disable-related-posts":"","theme-transparent-header-meta":"","adv-header-id-meta":"","stick-header-meta":"","header-above-stick-meta":"","header-main-stick-meta":"","header-below-stick-meta":"","astra-migrate-meta-layouts":"default","ast-page-background-enabled":"default","ast-page-background-meta":{"desktop":{"background-color":"","background-image":"","background-repeat":"repeat","background-position":"center center","background-size":"auto","background-attachment":"scroll","background-type":"","background-media":"","overlay-type":"","overlay-color":"","overlay-opacity":"","overlay-gradient":""},"tablet":{"background-color":"","background-image":"","background-repeat":"repeat","background-position":"center center","background-size":"auto","background-attachment":"scroll","background-type":"","background-media":"","overlay-type":"","overlay-color":"","overlay-opacity":"","overlay-gradient":""},"mobile":{"background-color":"","background-image":"","background-repeat":"repeat","background-position":"center center","background-size":"auto","background-attachment":"scroll","background-type":"","background-media":"","overlay-type":"","overlay-color":"","overlay-opacity":"","overlay-gradient":""}},"ast-content-background-meta":{"desktop":{"background-color":"var(--ast-global-color-5)","background-image":"","background-repeat":"repeat","background-position":"center center","background-size":"auto","background-attachment":"scroll","background-type":"","background-media":"","overlay-type":"","overlay-color":"","overlay-opacity":"","overlay-gradient":""},"tablet":{"background-color":"var(--ast-global-color-5)","background-image":"","background-repeat":"repeat","background-position":"center center","background-size":"auto","background-attachment":"scroll","background-type":"","background-media":"","overlay-type":"","overlay-color":"","overlay-opacity":"","overlay-gradient":""},"mobile":{"background-color":"var(--ast-global-color-5)","background-image":"","background-repeat":"repeat","background-position":"center center","background-size":"auto","background-attachment":"scroll","background-type":"","background-media":"","overlay-type":"","overlay-color":"","overlay-opacity":"","overlay-gradient":""}},"footnotes":""},"class_list":["post-7174","page","type-page","status-publish","hentry"],"aioseo_notices":[],"_links":{"self":[{"href":"https:\/\/pagodenzelt.at\/sl\/wp-json\/wp\/v2\/pages\/7174"}],"collection":[{"href":"https:\/\/pagodenzelt.at\/sl\/wp-json\/wp\/v2\/pages"}],"about":[{"href":"https:\/\/pagodenzelt.at\/sl\/wp-json\/wp\/v2\/types\/page"}],"author":[{"embeddable":true,"href":"https:\/\/pagodenzelt.at\/sl\/wp-json\/wp\/v2\/users\/1"}],"replies":[{"embeddable":true,"href":"https:\/\/pagodenzelt.at\/sl\/wp-json\/wp\/v2\/comments?post=7174"}],"version-history":[{"count":6,"href":"https:\/\/pagodenzelt.at\/sl\/wp-json\/wp\/v2\/pages\/7174\/revisions"}],"predecessor-version":[{"id":7733,"href":"https:\/\/pagodenzelt.at\/sl\/wp-json\/wp\/v2\/pages\/7174\/revisions\/7733"}],"wp:attachment":[{"href":"https:\/\/pagodenzelt.at\/sl\/wp-json\/wp\/v2\/media?parent=7174"}],"curies":[{"name":"wp","href":"https:\/\/api.w.org\/{rel}","templated":true}]}}