{"id":6383,"date":"2023-11-16T23:47:04","date_gmt":"2023-11-16T23:47:04","guid":{"rendered":"https:\/\/pagodenzelt.at\/product\/sotor-pagoda-5x5m\/"},"modified":"2025-04-17T08:31:50","modified_gmt":"2025-04-17T08:31:50","slug":"sotor-pagoda-5x5m","status":"publish","type":"product","link":"https:\/\/pagodenzelt.at\/sl\/product\/sotor-pagoda-5x5m\/","title":{"rendered":"\u0160otor Pagoda 5X5m"},"content":{"rendered":"<p>Odkrijte na\u0161 vsestranski \u0161otor pagoda 5&#215;5 m &#8211; idealna re\u0161itev za skoraj vsako prilo\u017enost! Ta \u0161otor navdu\u0161uje z izjemno stabilnostjo, kar pomeni, da se lahko upre elementom in zanesljivo za\u0161\u010diti va\u0161 dogodek. Poleg tega s svojim elegantnim videzom va\u0161emu dogodku daje prefinjeno vzdu\u0161je. Za tr\u017enice, sejme, praznovanja ali druge namene ta \u0161otor pagoda ponuja popolno kombinacijo sloga in trdnosti. Izkoristite prilo\u017enost in \u0161e danes kupite ta prvovrstni \u0161otor pagoda 5&#215;5 m ter svoje dogodke dvignite na vi\u0161jo raven!<\/p>\n","protected":false},"excerpt":{"rendered":"<p>Odkrijte na\u0161 vsestranski \u0161otor pagoda 5&#215;5 m &#8211; idealna re\u0161itev za skoraj vsako prilo\u017enost! Ta \u0161otor navdu\u0161uje z izjemno stabilnostjo, kar pomeni, da se lahko upre elementom in zanesljivo za\u0161\u010diti va\u0161 dogodek. Poleg tega s svojim elegantnim videzom va\u0161emu dogodku daje prefinjeno vzdu\u0161je. Za tr\u017enice, sejme, praznovanja ali druge namene ta \u0161otor pagoda ponuja popolno [&hellip;]<\/p>\n","protected":false},"featured_media":5710,"template":"","meta":{"om_disable_all_campaigns":false,"_monsterinsights_skip_tracking":false,"_monsterinsights_sitenote_active":false,"_monsterinsights_sitenote_note":"","_monsterinsights_sitenote_category":0,"site-sidebar-layout":"default","site-content-layout":"","ast-site-content-layout":"default","site-content-style":"default","site-sidebar-style":"default","ast-global-header-display":"","ast-banner-title-visibility":"","ast-main-header-display":"","ast-hfb-above-header-display":"","ast-hfb-below-header-display":"","ast-hfb-mobile-header-display":"","site-post-title":"","ast-breadcrumbs-content":"","ast-featured-img":"","footer-sml-layout":"","ast-disable-related-posts":"","theme-transparent-header-meta":"default","adv-header-id-meta":"","stick-header-meta":"","header-above-stick-meta":"","header-main-stick-meta":"","header-below-stick-meta":"","astra-migrate-meta-layouts":"default","ast-page-background-enabled":"default","ast-page-background-meta":{"desktop":{"background-color":"","background-image":"","background-repeat":"repeat","background-position":"center center","background-size":"auto","background-attachment":"scroll","background-type":"","background-media":"","overlay-type":"","overlay-color":"","overlay-opacity":"","overlay-gradient":""},"tablet":{"background-color":"","background-image":"","background-repeat":"repeat","background-position":"center center","background-size":"auto","background-attachment":"scroll","background-type":"","background-media":"","overlay-type":"","overlay-color":"","overlay-opacity":"","overlay-gradient":""},"mobile":{"background-color":"","background-image":"","background-repeat":"repeat","background-position":"center center","background-size":"auto","background-attachment":"scroll","background-type":"","background-media":"","overlay-type":"","overlay-color":"","overlay-opacity":"","overlay-gradient":""}},"ast-content-background-meta":{"desktop":{"background-color":"var(--ast-global-color-5)","background-image":"","background-repeat":"repeat","background-position":"center center","background-size":"auto","background-attachment":"scroll","background-type":"","background-media":"","overlay-type":"","overlay-color":"","overlay-opacity":"","overlay-gradient":""},"tablet":{"background-color":"var(--ast-global-color-5)","background-image":"","background-repeat":"repeat","background-position":"center center","background-size":"auto","background-attachment":"scroll","background-type":"","background-media":"","overlay-type":"","overlay-color":"","overlay-opacity":"","overlay-gradient":""},"mobile":{"background-color":"var(--ast-global-color-5)","background-image":"","background-repeat":"repeat","background-position":"center center","background-size":"auto","background-attachment":"scroll","background-type":"","background-media":"","overlay-type":"","overlay-color":"","overlay-opacity":"","overlay-gradient":""}}},"product_brand":[],"product_cat":[139],"product_tag":[140,141,142],"class_list":{"0":"post-6383","1":"product","2":"type-product","3":"status-publish","4":"has-post-thumbnail","6":"product_cat-sotor-pagoda","7":"product_tag-pagoda-sl","8":"product_tag-pagodatent-sl","9":"product_tag-sotor-pagoda","10":"desktop-align-left","11":"tablet-align-left","12":"mobile-align-left","14":"first","15":"instock","16":"featured","17":"shipping-taxable","18":"purchasable","19":"product-type-simple"},"aioseo_notices":[],"_links":{"self":[{"href":"https:\/\/pagodenzelt.at\/sl\/wp-json\/wp\/v2\/product\/6383"}],"collection":[{"href":"https:\/\/pagodenzelt.at\/sl\/wp-json\/wp\/v2\/product"}],"about":[{"href":"https:\/\/pagodenzelt.at\/sl\/wp-json\/wp\/v2\/types\/product"}],"version-history":[{"count":2,"href":"https:\/\/pagodenzelt.at\/sl\/wp-json\/wp\/v2\/product\/6383\/revisions"}],"predecessor-version":[{"id":7752,"href":"https:\/\/pagodenzelt.at\/sl\/wp-json\/wp\/v2\/product\/6383\/revisions\/7752"}],"wp:featuredmedia":[{"embeddable":true,"href":"https:\/\/pagodenzelt.at\/sl\/wp-json\/wp\/v2\/media\/5710"}],"wp:attachment":[{"href":"https:\/\/pagodenzelt.at\/sl\/wp-json\/wp\/v2\/media?parent=6383"}],"wp:term":[{"taxonomy":"product_brand","embeddable":true,"href":"https:\/\/pagodenzelt.at\/sl\/wp-json\/wp\/v2\/product_brand?post=6383"},{"taxonomy":"product_cat","embeddable":true,"href":"https:\/\/pagodenzelt.at\/sl\/wp-json\/wp\/v2\/product_cat?post=6383"},{"taxonomy":"product_tag","embeddable":true,"href":"https:\/\/pagodenzelt.at\/sl\/wp-json\/wp\/v2\/product_tag?post=6383"}],"curies":[{"name":"wp","href":"https:\/\/api.w.org\/{rel}","templated":true}]}}