{"id":7235,"date":"2023-12-11T20:27:45","date_gmt":"2023-12-11T20:27:45","guid":{"rendered":"https:\/\/pagodenzelt.at\/product\/napihljiv-sotor-z-blagovno-znamko\/"},"modified":"2025-04-17T08:28:58","modified_gmt":"2025-04-17T08:28:58","slug":"napihljiv-sotor-z-blagovno-znamko","status":"publish","type":"product","link":"https:\/\/pagodenzelt.at\/sl\/product\/napihljiv-sotor-z-blagovno-znamko\/","title":{"rendered":"Napihljiv \u0161otor z blagovno znamko"},"content":{"rendered":"<p>Na\u0161 pnevmatski napihljivi \u0161otor je idealen kot lahek ogla\u0161evalski medij za va\u0161 dogodek. Postavitev traja le nekaj minut, glede na velikost pa ga lahko postavita ena ali dve osebi. Za na\u0161 \u0161otor ponujamo \u0161tevilne dodatke, kot so nadstre\u0161ki  <\/p>\n<p>\u010ce \u017eelite podrobneje spoznati izdelek, <a style=\"color: #d60404; font-size: 18px;\" href=\"https:\/\/pagodenzelt.at\/aufblasbares-zelt-gebrandet\/\">kliknite tukaj<\/a><\/p>\n","protected":false},"excerpt":{"rendered":"<p>Na\u0161 pnevmatski napihljivi \u0161otor je idealen kot lahek ogla\u0161evalski medij za va\u0161 dogodek. Postavitev traja le nekaj minut, glede na velikost pa ga lahko postavita ena ali dve osebi. Za na\u0161 \u0161otor ponujamo \u0161tevilne dodatke, kot so nadstre\u0161ki  <\/p>\n<p>\u010ce \u017eelite podrobneje spoznati izdelek, <a style=\"color: #d60404; font-size: 18px;\" href=\"https:\/\/pagodenzelt.at\/aufblasbares-zelt-gebrandet\/\">kliknite tukaj<\/a><\/p>\n","protected":false},"featured_media":6304,"template":"","meta":{"om_disable_all_campaigns":false,"_monsterinsights_skip_tracking":false,"_monsterinsights_sitenote_active":false,"_monsterinsights_sitenote_note":"","_monsterinsights_sitenote_category":0,"site-sidebar-layout":"default","site-content-layout":"","ast-site-content-layout":"default","site-content-style":"default","site-sidebar-style":"default","ast-global-header-display":"","ast-banner-title-visibility":"","ast-main-header-display":"","ast-hfb-above-header-display":"","ast-hfb-below-header-display":"","ast-hfb-mobile-header-display":"","site-post-title":"","ast-breadcrumbs-content":"","ast-featured-img":"","footer-sml-layout":"","ast-disable-related-posts":"","theme-transparent-header-meta":"default","adv-header-id-meta":"","stick-header-meta":"","header-above-stick-meta":"","header-main-stick-meta":"","header-below-stick-meta":"","astra-migrate-meta-layouts":"default","ast-page-background-enabled":"default","ast-page-background-meta":{"desktop":{"background-color":"","background-image":"","background-repeat":"repeat","background-position":"center center","background-size":"auto","background-attachment":"scroll","background-type":"","background-media":"","overlay-type":"","overlay-color":"","overlay-opacity":"","overlay-gradient":""},"tablet":{"background-color":"","background-image":"","background-repeat":"repeat","background-position":"center center","background-size":"auto","background-attachment":"scroll","background-type":"","background-media":"","overlay-type":"","overlay-color":"","overlay-opacity":"","overlay-gradient":""},"mobile":{"background-color":"","background-image":"","background-repeat":"repeat","background-position":"center center","background-size":"auto","background-attachment":"scroll","background-type":"","background-media":"","overlay-type":"","overlay-color":"","overlay-opacity":"","overlay-gradient":""}},"ast-content-background-meta":{"desktop":{"background-color":"var(--ast-global-color-5)","background-image":"","background-repeat":"repeat","background-position":"center center","background-size":"auto","background-attachment":"scroll","background-type":"","background-media":"","overlay-type":"","overlay-color":"","overlay-opacity":"","overlay-gradient":""},"tablet":{"background-color":"var(--ast-global-color-5)","background-image":"","background-repeat":"repeat","background-position":"center center","background-size":"auto","background-attachment":"scroll","background-type":"","background-media":"","overlay-type":"","overlay-color":"","overlay-opacity":"","overlay-gradient":""},"mobile":{"background-color":"var(--ast-global-color-5)","background-image":"","background-repeat":"repeat","background-position":"center center","background-size":"auto","background-attachment":"scroll","background-type":"","background-media":"","overlay-type":"","overlay-color":"","overlay-opacity":"","overlay-gradient":""}}},"product_brand":[],"product_cat":[139],"product_tag":[141,142],"class_list":{"0":"post-7235","1":"product","2":"type-product","3":"status-publish","4":"has-post-thumbnail","6":"product_cat-sotor-pagoda","7":"product_tag-pagodatent-sl","8":"product_tag-sotor-pagoda","9":"desktop-align-left","10":"tablet-align-left","11":"mobile-align-left","13":"first","14":"instock","15":"shipping-taxable","16":"product-type-simple"},"aioseo_notices":[],"_links":{"self":[{"href":"https:\/\/pagodenzelt.at\/sl\/wp-json\/wp\/v2\/product\/7235"}],"collection":[{"href":"https:\/\/pagodenzelt.at\/sl\/wp-json\/wp\/v2\/product"}],"about":[{"href":"https:\/\/pagodenzelt.at\/sl\/wp-json\/wp\/v2\/types\/product"}],"version-history":[{"count":2,"href":"https:\/\/pagodenzelt.at\/sl\/wp-json\/wp\/v2\/product\/7235\/revisions"}],"predecessor-version":[{"id":7717,"href":"https:\/\/pagodenzelt.at\/sl\/wp-json\/wp\/v2\/product\/7235\/revisions\/7717"}],"wp:featuredmedia":[{"embeddable":true,"href":"https:\/\/pagodenzelt.at\/sl\/wp-json\/wp\/v2\/media\/6304"}],"wp:attachment":[{"href":"https:\/\/pagodenzelt.at\/sl\/wp-json\/wp\/v2\/media?parent=7235"}],"wp:term":[{"taxonomy":"product_brand","embeddable":true,"href":"https:\/\/pagodenzelt.at\/sl\/wp-json\/wp\/v2\/product_brand?post=7235"},{"taxonomy":"product_cat","embeddable":true,"href":"https:\/\/pagodenzelt.at\/sl\/wp-json\/wp\/v2\/product_cat?post=7235"},{"taxonomy":"product_tag","embeddable":true,"href":"https:\/\/pagodenzelt.at\/sl\/wp-json\/wp\/v2\/product_tag?post=7235"}],"curies":[{"name":"wp","href":"https:\/\/api.w.org\/{rel}","templated":true}]}}