{"id":7256,"date":"2023-12-11T20:30:43","date_gmt":"2023-12-11T20:30:43","guid":{"rendered":"https:\/\/pagodenzelt.at\/product\/sotor-pagoda-5x5m-blagovne-znamke\/"},"modified":"2024-08-28T07:21:10","modified_gmt":"2024-08-28T07:21:10","slug":"sotor-pagoda-5x5m-blagovne-znamke","status":"publish","type":"product","link":"https:\/\/pagodenzelt.at\/sl\/product\/sotor-pagoda-5x5m-blagovne-znamke\/","title":{"rendered":"\u0160otor Pagoda 5x5m blagovne znamke"},"content":{"rendered":"<p>Na\u0161 elegantni \u0161otor pagoda je popoln ogla\u0161evalski medij za va\u0161o blagovno znamko na va\u0161ih dogodkih.<br \/>\nZaradi visoke dvokapne strehe je va\u0161 logotip prepoznaven \u017ee od dale\u010d.<br \/>\nLastnosti standardne razli\u010dice \u0161otora pagoda so seveda ohranjene!<br \/>\n\u010ce \u017eelite izvedeti podrobnosti o izdelku, <a style=\"color: #d60404; font-size: 18px;\" href=\"https:\/\/pagodenzelt.at\/sl\/?page_id=6784\">kliknite tukaj<\/a> Za prilagajanje tega \u0161otora obi\u0161\u010dite <a style=\"color: #d60404; font-size: 18px;\" href=\"https:\/\/pagodenzelt.at\/sl\/?page_id=6824\">tukaj<\/a><\/p>\n","protected":false},"excerpt":{"rendered":"<p>Na\u0161 elegantni \u0161otor pagoda je popoln ogla\u0161evalski medij za va\u0161o blagovno znamko na va\u0161ih dogodkih.<br \/>\nZaradi visoke dvokapne strehe je va\u0161 logotip prepoznaven \u017ee od dale\u010d.<br \/>\nLastnosti standardne razli\u010dice \u0161otora pagoda so seveda ohranjene!<br \/>\n\u010ce \u017eelite izvedeti podrobnosti o izdelku, <a style=\"color: #d60404; font-size: 18px;\" href=\"https:\/\/pagodenzelt.at\/pagodenzelt-5x5m-gebrandet\/\">kliknite tukaj<\/a> Za prilagajanje tega \u0161otora obi\u0161\u010dite <a style=\"color: #d60404; font-size: 18px;\" href=\"https:\/\/pagodenzelt.at\/jetzt-konfigurieren\/\">tukaj<\/a>   <\/p>\n","protected":false},"featured_media":5242,"template":"","meta":{"om_disable_all_campaigns":false,"_monsterinsights_skip_tracking":false,"_monsterinsights_sitenote_active":false,"_monsterinsights_sitenote_note":"","_monsterinsights_sitenote_category":0,"site-sidebar-layout":"default","site-content-layout":"","ast-site-content-layout":"default","site-content-style":"default","site-sidebar-style":"default","ast-global-header-display":"","ast-banner-title-visibility":"","ast-main-header-display":"","ast-hfb-above-header-display":"","ast-hfb-below-header-display":"","ast-hfb-mobile-header-display":"","site-post-title":"","ast-breadcrumbs-content":"","ast-featured-img":"","footer-sml-layout":"","ast-disable-related-posts":"","theme-transparent-header-meta":"default","adv-header-id-meta":"","stick-header-meta":"","header-above-stick-meta":"","header-main-stick-meta":"","header-below-stick-meta":"","astra-migrate-meta-layouts":"default","ast-page-background-enabled":"default","ast-page-background-meta":{"desktop":{"background-color":"","background-image":"","background-repeat":"repeat","background-position":"center center","background-size":"auto","background-attachment":"scroll","background-type":"","background-media":"","overlay-type":"","overlay-color":"","overlay-opacity":"","overlay-gradient":""},"tablet":{"background-color":"","background-image":"","background-repeat":"repeat","background-position":"center center","background-size":"auto","background-attachment":"scroll","background-type":"","background-media":"","overlay-type":"","overlay-color":"","overlay-opacity":"","overlay-gradient":""},"mobile":{"background-color":"","background-image":"","background-repeat":"repeat","background-position":"center center","background-size":"auto","background-attachment":"scroll","background-type":"","background-media":"","overlay-type":"","overlay-color":"","overlay-opacity":"","overlay-gradient":""}},"ast-content-background-meta":{"desktop":{"background-color":"var(--ast-global-color-5)","background-image":"","background-repeat":"repeat","background-position":"center center","background-size":"auto","background-attachment":"scroll","background-type":"","background-media":"","overlay-type":"","overlay-color":"","overlay-opacity":"","overlay-gradient":""},"tablet":{"background-color":"var(--ast-global-color-5)","background-image":"","background-repeat":"repeat","background-position":"center center","background-size":"auto","background-attachment":"scroll","background-type":"","background-media":"","overlay-type":"","overlay-color":"","overlay-opacity":"","overlay-gradient":""},"mobile":{"background-color":"var(--ast-global-color-5)","background-image":"","background-repeat":"repeat","background-position":"center center","background-size":"auto","background-attachment":"scroll","background-type":"","background-media":"","overlay-type":"","overlay-color":"","overlay-opacity":"","overlay-gradient":""}}},"product_brand":[],"product_cat":[139],"product_tag":[142,168],"class_list":{"0":"post-7256","1":"product","2":"type-product","3":"status-publish","4":"has-post-thumbnail","6":"product_cat-sotor-pagoda","7":"product_tag-sotor-pagoda","8":"product_tag-sotori-pagoda","9":"desktop-align-left","10":"tablet-align-left","11":"mobile-align-left","13":"first","14":"instock","15":"shipping-taxable","16":"purchasable","17":"product-type-simple"},"aioseo_notices":[],"_links":{"self":[{"href":"https:\/\/pagodenzelt.at\/sl\/wp-json\/wp\/v2\/product\/7256"}],"collection":[{"href":"https:\/\/pagodenzelt.at\/sl\/wp-json\/wp\/v2\/product"}],"about":[{"href":"https:\/\/pagodenzelt.at\/sl\/wp-json\/wp\/v2\/types\/product"}],"version-history":[{"count":1,"href":"https:\/\/pagodenzelt.at\/sl\/wp-json\/wp\/v2\/product\/7256\/revisions"}],"predecessor-version":[{"id":7258,"href":"https:\/\/pagodenzelt.at\/sl\/wp-json\/wp\/v2\/product\/7256\/revisions\/7258"}],"wp:featuredmedia":[{"embeddable":true,"href":"https:\/\/pagodenzelt.at\/sl\/wp-json\/wp\/v2\/media\/5242"}],"wp:attachment":[{"href":"https:\/\/pagodenzelt.at\/sl\/wp-json\/wp\/v2\/media?parent=7256"}],"wp:term":[{"taxonomy":"product_brand","embeddable":true,"href":"https:\/\/pagodenzelt.at\/sl\/wp-json\/wp\/v2\/product_brand?post=7256"},{"taxonomy":"product_cat","embeddable":true,"href":"https:\/\/pagodenzelt.at\/sl\/wp-json\/wp\/v2\/product_cat?post=7256"},{"taxonomy":"product_tag","embeddable":true,"href":"https:\/\/pagodenzelt.at\/sl\/wp-json\/wp\/v2\/product_tag?post=7256"}],"curies":[{"name":"wp","href":"https:\/\/api.w.org\/{rel}","templated":true}]}}